{"id":5956,"date":"2020-09-07T18:19:07","date_gmt":"2020-09-07T18:19:07","guid":{"rendered":"https:\/\/miurio.com\/product-page\/sudamega-toetaja-est-telefoni-taustapilt\/"},"modified":"2020-09-07T18:19:07","modified_gmt":"2020-09-07T18:19:07","slug":"sudamega-toetaja-est-telefoni-taustapilt","status":"publish","type":"product","link":"https:\/\/miurio.com\/ru\/product-page\/sudamega-toetaja-est-telefoni-taustapilt\/","title":{"rendered":"&#171;S\u00dcDAMEGA TOETAJA&#187; EST telefoni taustapilt"},"content":{"rendered":"<p>Iga Sinu ostuga kogume raha Hille T\u00e4navsuu v\u00e4hifondile &#171;Kingitud\u00a0Elu!&#187;<\/p>\n<p>Iga annetatud 5\u20ac ostu eest, annetatakse 4\u20ac fondile, \u00fclej\u00e4\u00e4nud &#8212; hetegevuskampaania finantseerimisele.<\/p>\n<p>&nbsp;<\/p>\n<p>NB! Kui soovid annetada rohkem, kui 5\u20ac (nt 10\u20ac, 15\u20ac, 20\u20ac, 25\u20ac jne) &#8212; osta korraga mitu telefoni taustapilti.<\/p>\n<p>AIT\u00c4H SULLE ARMASTUSE JA HOOLIVUSE EEST!<\/p>\n<p>&nbsp;<\/p>\n<p>&#171;Kingitud elu&#187; on \u00f5lek\u00f5rs v\u00e4hihaigetele, keda ei saa aidata Eesti Haigekassa. Fond aitab rahastada h\u00e4davajalikku ravi, kinkides lootuse ja v\u00f5imaluse kauem t\u00e4isv\u00e4\u00e4rtuslikult elada v\u00f5i koguni terveneda.<\/p>\n<hr \/>\n<h2>FILE SIZE<\/h2>\n<p>1080x1920px<\/p>\n<hr \/>\n","protected":false},"excerpt":{"rendered":"<p>Iga Sinu ostuga kogume raha Hille T\u00e4navsuu v\u00e4hifondile &#171;Kingitud\u00a0Elu!&#187; Iga annetatud 5\u20ac ostu eest, annetatakse 4\u20ac fondile, \u00fclej\u00e4\u00e4nud &#8212; hetegevuskampaania finantseerimisele. &nbsp; NB! Kui soovid annetada rohkem, kui 5\u20ac (nt&hellip;<\/p>\n","protected":false},"featured_media":5959,"comment_status":"closed","ping_status":"closed","template":"","meta":{"inline_featured_image":false,"_monsterinsights_skip_tracking":false,"_monsterinsights_sitenote_active":false,"_monsterinsights_sitenote_note":"","_monsterinsights_sitenote_category":0,"_vp_format_video_url":"","_vp_image_focal_point":[]},"product_brand":[],"product_cat":[262],"product_tag":[],"class_list":{"0":"post-5956","1":"product","2":"type-product","3":"status-publish","4":"has-post-thumbnail","6":"product_cat-262","8":"first","9":"instock","10":"downloadable","11":"shipping-taxable","12":"purchasable","13":"product-type-simple"},"yoast_head":"<!-- This site is optimized with the Yoast SEO plugin v27.2 - https:\/\/yoast.com\/product\/yoast-seo-wordpress\/ -->\n<title>&quot;S\u00dcDAMEGA TOETAJA&quot; EST telefoni taustapilt - Miurio Design Studio<\/title>\n<meta name=\"robots\" content=\"index, follow, max-snippet:-1, max-image-preview:large, max-video-preview:-1\" \/>\n<link rel=\"canonical\" href=\"https:\/\/miurio.com\/ru\/product-page\/sudamega-toetaja-est-telefoni-taustapilt\/\" \/>\n<meta property=\"og:locale\" content=\"ru_RU\" \/>\n<meta property=\"og:type\" content=\"article\" \/>\n<meta property=\"og:title\" content=\"&quot;S\u00dcDAMEGA TOETAJA&quot; EST telefoni taustapilt - Miurio Design Studio\" \/>\n<meta property=\"og:description\" content=\"Iga Sinu ostuga kogume raha Hille T\u00e4navsuu v\u00e4hifondile &#171;Kingitud\u00a0Elu!&#187; Iga annetatud 5\u20ac ostu eest, annetatakse 4\u20ac fondile, \u00fclej\u00e4\u00e4nud &#8212; hetegevuskampaania finantseerimisele. &nbsp; NB! Kui soovid annetada rohkem, kui 5\u20ac (nt&hellip;\" \/>\n<meta property=\"og:url\" content=\"https:\/\/miurio.com\/ru\/product-page\/sudamega-toetaja-est-telefoni-taustapilt\/\" \/>\n<meta property=\"og:site_name\" content=\"Miurio Design Studio\" \/>\n<meta property=\"article:publisher\" content=\"http:\/\/www.facebook.com\/miuriodecor\" \/>\n<meta property=\"og:image\" content=\"https:\/\/miurio.com\/wp-content\/uploads\/2020\/09\/864a2f_53ef9fa5ad764cdabe99329b304f1313mv2.jpg\" \/>\n\t<meta property=\"og:image:width\" content=\"1014\" \/>\n\t<meta property=\"og:image:height\" content=\"1014\" \/>\n\t<meta property=\"og:image:type\" content=\"image\/jpeg\" \/>\n<meta name=\"twitter:card\" content=\"summary_large_image\" \/>\n<script type=\"application\/ld+json\" class=\"yoast-schema-graph\">{\"@context\":\"https:\/\/schema.org\",\"@graph\":[{\"@type\":\"WebPage\",\"@id\":\"https:\/\/miurio.com\/ru\/product-page\/sudamega-toetaja-est-telefoni-taustapilt\/\",\"url\":\"https:\/\/miurio.com\/ru\/product-page\/sudamega-toetaja-est-telefoni-taustapilt\/\",\"name\":\"\\\"S\u00dcDAMEGA TOETAJA\\\" EST telefoni taustapilt - Miurio Design Studio\",\"isPartOf\":{\"@id\":\"https:\/\/miurio.com\/ru\/#website\"},\"primaryImageOfPage\":{\"@id\":\"https:\/\/miurio.com\/ru\/product-page\/sudamega-toetaja-est-telefoni-taustapilt\/#primaryimage\"},\"image\":{\"@id\":\"https:\/\/miurio.com\/ru\/product-page\/sudamega-toetaja-est-telefoni-taustapilt\/#primaryimage\"},\"thumbnailUrl\":\"https:\/\/miurio.com\/wp-content\/uploads\/2020\/09\/864a2f_53ef9fa5ad764cdabe99329b304f1313mv2.jpg\",\"datePublished\":\"2020-09-07T18:19:07+00:00\",\"breadcrumb\":{\"@id\":\"https:\/\/miurio.com\/ru\/product-page\/sudamega-toetaja-est-telefoni-taustapilt\/#breadcrumb\"},\"inLanguage\":\"ru-RU\",\"potentialAction\":[{\"@type\":\"ReadAction\",\"target\":[\"https:\/\/miurio.com\/ru\/product-page\/sudamega-toetaja-est-telefoni-taustapilt\/\"]}]},{\"@type\":\"ImageObject\",\"inLanguage\":\"ru-RU\",\"@id\":\"https:\/\/miurio.com\/ru\/product-page\/sudamega-toetaja-est-telefoni-taustapilt\/#primaryimage\",\"url\":\"https:\/\/miurio.com\/wp-content\/uploads\/2020\/09\/864a2f_53ef9fa5ad764cdabe99329b304f1313mv2.jpg\",\"contentUrl\":\"https:\/\/miurio.com\/wp-content\/uploads\/2020\/09\/864a2f_53ef9fa5ad764cdabe99329b304f1313mv2.jpg\",\"width\":1014,\"height\":1014},{\"@type\":\"BreadcrumbList\",\"@id\":\"https:\/\/miurio.com\/ru\/product-page\/sudamega-toetaja-est-telefoni-taustapilt\/#breadcrumb\",\"itemListElement\":[{\"@type\":\"ListItem\",\"position\":1,\"name\":\"Home\",\"item\":\"https:\/\/miurio.com\/ru\/\"},{\"@type\":\"ListItem\",\"position\":2,\"name\":\"\u041c\u0430\u0433\u0430\u0437\u0438\u043d\",\"item\":\"https:\/\/miurio.com\/ru\/%d0%bc%d0%b0%d0%b3%d0%b0%d0%b7%d0%b8%d0%bd\/\"},{\"@type\":\"ListItem\",\"position\":3,\"name\":\"&#171;S\u00dcDAMEGA TOETAJA&#187; EST telefoni taustapilt\"}]},{\"@type\":\"WebSite\",\"@id\":\"https:\/\/miurio.com\/ru\/#website\",\"url\":\"https:\/\/miurio.com\/ru\/\",\"name\":\"Miurio Design Studio\",\"description\":\"MIURIO design studio website and e-shop\",\"publisher\":{\"@id\":\"https:\/\/miurio.com\/ru\/#organization\"},\"potentialAction\":[{\"@type\":\"SearchAction\",\"target\":{\"@type\":\"EntryPoint\",\"urlTemplate\":\"https:\/\/miurio.com\/ru\/?s={search_term_string}\"},\"query-input\":{\"@type\":\"PropertyValueSpecification\",\"valueRequired\":true,\"valueName\":\"search_term_string\"}}],\"inLanguage\":\"ru-RU\"},{\"@type\":\"Organization\",\"@id\":\"https:\/\/miurio.com\/ru\/#organization\",\"name\":\"MIURIO DECOR O\u00dc\",\"url\":\"https:\/\/miurio.com\/ru\/\",\"logo\":{\"@type\":\"ImageObject\",\"inLanguage\":\"ru-RU\",\"@id\":\"https:\/\/miurio.com\/ru\/#\/schema\/logo\/image\/\",\"url\":\"https:\/\/miurio.com\/wp-content\/uploads\/2021\/08\/MIURIO-new-logo-3.png\",\"contentUrl\":\"https:\/\/miurio.com\/wp-content\/uploads\/2021\/08\/MIURIO-new-logo-3.png\",\"width\":1500,\"height\":1500,\"caption\":\"MIURIO DECOR O\u00dc\"},\"image\":{\"@id\":\"https:\/\/miurio.com\/ru\/#\/schema\/logo\/image\/\"},\"sameAs\":[\"http:\/\/www.facebook.com\/miuriodecor\",\"https:\/\/instagram.com\/miurio_textiles\",\"https:\/\/www.pinterest.com\/miuriodecor\"]}]}<\/script>\n<!-- \/ Yoast SEO plugin. -->","yoast_head_json":{"title":"\"S\u00dcDAMEGA TOETAJA\" EST telefoni taustapilt - Miurio Design Studio","robots":{"index":"index","follow":"follow","max-snippet":"max-snippet:-1","max-image-preview":"max-image-preview:large","max-video-preview":"max-video-preview:-1"},"canonical":"https:\/\/miurio.com\/ru\/product-page\/sudamega-toetaja-est-telefoni-taustapilt\/","og_locale":"ru_RU","og_type":"article","og_title":"\"S\u00dcDAMEGA TOETAJA\" EST telefoni taustapilt - Miurio Design Studio","og_description":"Iga Sinu ostuga kogume raha Hille T\u00e4navsuu v\u00e4hifondile &#171;Kingitud\u00a0Elu!&#187; Iga annetatud 5\u20ac ostu eest, annetatakse 4\u20ac fondile, \u00fclej\u00e4\u00e4nud &#8212; hetegevuskampaania finantseerimisele. &nbsp; NB! Kui soovid annetada rohkem, kui 5\u20ac (nt&hellip;","og_url":"https:\/\/miurio.com\/ru\/product-page\/sudamega-toetaja-est-telefoni-taustapilt\/","og_site_name":"Miurio Design Studio","article_publisher":"http:\/\/www.facebook.com\/miuriodecor","og_image":[{"width":1014,"height":1014,"url":"https:\/\/miurio.com\/wp-content\/uploads\/2020\/09\/864a2f_53ef9fa5ad764cdabe99329b304f1313mv2.jpg","type":"image\/jpeg"}],"twitter_card":"summary_large_image","schema":{"@context":"https:\/\/schema.org","@graph":[{"@type":"WebPage","@id":"https:\/\/miurio.com\/ru\/product-page\/sudamega-toetaja-est-telefoni-taustapilt\/","url":"https:\/\/miurio.com\/ru\/product-page\/sudamega-toetaja-est-telefoni-taustapilt\/","name":"\"S\u00dcDAMEGA TOETAJA\" EST telefoni taustapilt - Miurio Design Studio","isPartOf":{"@id":"https:\/\/miurio.com\/ru\/#website"},"primaryImageOfPage":{"@id":"https:\/\/miurio.com\/ru\/product-page\/sudamega-toetaja-est-telefoni-taustapilt\/#primaryimage"},"image":{"@id":"https:\/\/miurio.com\/ru\/product-page\/sudamega-toetaja-est-telefoni-taustapilt\/#primaryimage"},"thumbnailUrl":"https:\/\/miurio.com\/wp-content\/uploads\/2020\/09\/864a2f_53ef9fa5ad764cdabe99329b304f1313mv2.jpg","datePublished":"2020-09-07T18:19:07+00:00","breadcrumb":{"@id":"https:\/\/miurio.com\/ru\/product-page\/sudamega-toetaja-est-telefoni-taustapilt\/#breadcrumb"},"inLanguage":"ru-RU","potentialAction":[{"@type":"ReadAction","target":["https:\/\/miurio.com\/ru\/product-page\/sudamega-toetaja-est-telefoni-taustapilt\/"]}]},{"@type":"ImageObject","inLanguage":"ru-RU","@id":"https:\/\/miurio.com\/ru\/product-page\/sudamega-toetaja-est-telefoni-taustapilt\/#primaryimage","url":"https:\/\/miurio.com\/wp-content\/uploads\/2020\/09\/864a2f_53ef9fa5ad764cdabe99329b304f1313mv2.jpg","contentUrl":"https:\/\/miurio.com\/wp-content\/uploads\/2020\/09\/864a2f_53ef9fa5ad764cdabe99329b304f1313mv2.jpg","width":1014,"height":1014},{"@type":"BreadcrumbList","@id":"https:\/\/miurio.com\/ru\/product-page\/sudamega-toetaja-est-telefoni-taustapilt\/#breadcrumb","itemListElement":[{"@type":"ListItem","position":1,"name":"Home","item":"https:\/\/miurio.com\/ru\/"},{"@type":"ListItem","position":2,"name":"\u041c\u0430\u0433\u0430\u0437\u0438\u043d","item":"https:\/\/miurio.com\/ru\/%d0%bc%d0%b0%d0%b3%d0%b0%d0%b7%d0%b8%d0%bd\/"},{"@type":"ListItem","position":3,"name":"&#171;S\u00dcDAMEGA TOETAJA&#187; EST telefoni taustapilt"}]},{"@type":"WebSite","@id":"https:\/\/miurio.com\/ru\/#website","url":"https:\/\/miurio.com\/ru\/","name":"Miurio Design Studio","description":"MIURIO design studio website and e-shop","publisher":{"@id":"https:\/\/miurio.com\/ru\/#organization"},"potentialAction":[{"@type":"SearchAction","target":{"@type":"EntryPoint","urlTemplate":"https:\/\/miurio.com\/ru\/?s={search_term_string}"},"query-input":{"@type":"PropertyValueSpecification","valueRequired":true,"valueName":"search_term_string"}}],"inLanguage":"ru-RU"},{"@type":"Organization","@id":"https:\/\/miurio.com\/ru\/#organization","name":"MIURIO DECOR O\u00dc","url":"https:\/\/miurio.com\/ru\/","logo":{"@type":"ImageObject","inLanguage":"ru-RU","@id":"https:\/\/miurio.com\/ru\/#\/schema\/logo\/image\/","url":"https:\/\/miurio.com\/wp-content\/uploads\/2021\/08\/MIURIO-new-logo-3.png","contentUrl":"https:\/\/miurio.com\/wp-content\/uploads\/2021\/08\/MIURIO-new-logo-3.png","width":1500,"height":1500,"caption":"MIURIO DECOR O\u00dc"},"image":{"@id":"https:\/\/miurio.com\/ru\/#\/schema\/logo\/image\/"},"sameAs":["http:\/\/www.facebook.com\/miuriodecor","https:\/\/instagram.com\/miurio_textiles","https:\/\/www.pinterest.com\/miuriodecor"]}]}},"_links":{"self":[{"href":"https:\/\/miurio.com\/ru\/wp-json\/wp\/v2\/product\/5956","targetHints":{"allow":["GET"]}}],"collection":[{"href":"https:\/\/miurio.com\/ru\/wp-json\/wp\/v2\/product"}],"about":[{"href":"https:\/\/miurio.com\/ru\/wp-json\/wp\/v2\/types\/product"}],"replies":[{"embeddable":true,"href":"https:\/\/miurio.com\/ru\/wp-json\/wp\/v2\/comments?post=5956"}],"wp:featuredmedia":[{"embeddable":true,"href":"https:\/\/miurio.com\/ru\/wp-json\/wp\/v2\/media\/5959"}],"wp:attachment":[{"href":"https:\/\/miurio.com\/ru\/wp-json\/wp\/v2\/media?parent=5956"}],"wp:term":[{"taxonomy":"product_brand","embeddable":true,"href":"https:\/\/miurio.com\/ru\/wp-json\/wp\/v2\/product_brand?post=5956"},{"taxonomy":"product_cat","embeddable":true,"href":"https:\/\/miurio.com\/ru\/wp-json\/wp\/v2\/product_cat?post=5956"},{"taxonomy":"product_tag","embeddable":true,"href":"https:\/\/miurio.com\/ru\/wp-json\/wp\/v2\/product_tag?post=5956"}],"curies":[{"name":"wp","href":"https:\/\/api.w.org\/{rel}","templated":true}]}}