{"id":9686,"date":"2022-05-31T10:22:55","date_gmt":"2022-05-31T10:22:55","guid":{"rendered":"https:\/\/miurio.com\/?post_type=product&#038;p=9686"},"modified":"2026-02-09T15:29:03","modified_gmt":"2026-02-09T15:29:03","slug":"happy-turtles-scarf-siidiratik","status":"publish","type":"product","link":"https:\/\/miurio.com\/et\/toode\/happy-turtles-scarf-siidiratik\/","title":{"rendered":"HAPPY TURTLES SIIDIR\u00c4TIK"},"content":{"rendered":"<p><span style=\"font-size: 1.125rem;\">HAPPY TURTLES siidir\u00e4tik on meie uusim lisand kevadsuvistesse aksessuaaridesse. Kilpkonnad s\u00fcmboliseerivad rahu, tervenemist, pikaealisust ja transformatsiooni. R\u00e4tiku disain on heledates pastelsetes v\u00e4rvitoonides. Ideaalne kaela \u00fcmber sidumiseks v\u00f5i peas kandmiseks Audrey Hepburni stiilis.<\/span><\/p>\n<p>Mustri on disaininud Viktoria Braginskaja. R\u00e4tik on tr\u00fckitud kergele crepe de chine siidikangale.<\/p>\n<p>Meie kangastel ja printimistintidel on OEKO-TEX sertifikaadid.<br \/>\nM\u00fc\u00fcakse piiratud kollektsioonina.<br \/>\nDigitr\u00fckk. K\u00e4sitsi palistatud.<br \/>\nPakendatud kinkekarpi.<\/p>\n<hr \/>\n<h2>SUURUS<\/h2>\n<p>90X90CM<\/p>\n<h2>MATERJAL<\/h2>\n<p>100% \u00a0CREPE DE CHINE SIID<\/p>\n<h2>HOOLDUS<\/h2>\n<p>KEEMILINE PUHASTUS<\/p>\n<hr \/>\n","protected":false},"excerpt":{"rendered":"<p>HAPPY TURTLES siidir\u00e4tik on meie uusim lisand kevadsuvistesse aksessuaaridesse. Kilpkonnad s\u00fcmboliseerivad rahu, tervenemist, pikaealisust ja transformatsiooni. R\u00e4tiku disain on heledates pastelsetes v\u00e4rvitoonides. Ideaalne kaela \u00fcmber sidumiseks v\u00f5i peas kandmiseks Audrey&hellip;<\/p>\n","protected":false},"featured_media":9701,"comment_status":"closed","ping_status":"closed","template":"","meta":{"inline_featured_image":false,"_monsterinsights_skip_tracking":false,"_monsterinsights_sitenote_active":false,"_monsterinsights_sitenote_note":"","_monsterinsights_sitenote_category":0,"_vp_format_video_url":"","_vp_image_focal_point":[]},"product_brand":[],"product_cat":[177,176],"product_tag":[153],"class_list":{"0":"post-9686","1":"product","2":"type-product","3":"status-publish","4":"has-post-thumbnail","6":"product_cat-siidiratikud","7":"product_cat-siidist-ja-villased-aksessuaarid","8":"product_tag-miurio-aksessuaarid","9":"pa_collection-naiste-siidiratikud","11":"first","12":"instock","13":"shipping-taxable","14":"purchasable","15":"product-type-simple"},"yoast_head":"<!-- This site is optimized with the Yoast SEO plugin v27.2 - https:\/\/yoast.com\/product\/yoast-seo-wordpress\/ -->\n<title>HAPPY TURTLES SIIDIR\u00c4TIK - Miurio Design Studio<\/title>\n<meta name=\"robots\" content=\"index, follow, max-snippet:-1, max-image-preview:large, max-video-preview:-1\" \/>\n<link rel=\"canonical\" href=\"https:\/\/miurio.com\/et\/toode\/happy-turtles-scarf-siidiratik\/\" \/>\n<meta property=\"og:locale\" content=\"et_EE\" \/>\n<meta property=\"og:type\" content=\"article\" \/>\n<meta property=\"og:title\" content=\"HAPPY TURTLES SIIDIR\u00c4TIK - Miurio Design Studio\" \/>\n<meta property=\"og:description\" content=\"HAPPY TURTLES siidir\u00e4tik on meie uusim lisand kevadsuvistesse aksessuaaridesse. Kilpkonnad s\u00fcmboliseerivad rahu, tervenemist, pikaealisust ja transformatsiooni. R\u00e4tiku disain on heledates pastelsetes v\u00e4rvitoonides. Ideaalne kaela \u00fcmber sidumiseks v\u00f5i peas kandmiseks Audrey&hellip;\" \/>\n<meta property=\"og:url\" content=\"https:\/\/miurio.com\/et\/toode\/happy-turtles-scarf-siidiratik\/\" \/>\n<meta property=\"og:site_name\" content=\"Miurio Design Studio\" \/>\n<meta property=\"article:publisher\" content=\"http:\/\/www.facebook.com\/miuriodecor\" \/>\n<meta property=\"article:modified_time\" content=\"2026-02-09T15:29:03+00:00\" \/>\n<meta property=\"og:image\" content=\"https:\/\/miurio.com\/wp-content\/uploads\/2022\/05\/Screenshot-2022-05-31-at-11.44.06.png\" \/>\n\t<meta property=\"og:image:width\" content=\"1112\" \/>\n\t<meta property=\"og:image:height\" content=\"1114\" \/>\n\t<meta property=\"og:image:type\" content=\"image\/png\" \/>\n<meta name=\"twitter:card\" content=\"summary_large_image\" \/>\n<meta name=\"twitter:label1\" content=\"Est. reading time\" \/>\n\t<meta name=\"twitter:data1\" content=\"1 minut\" \/>\n<script type=\"application\/ld+json\" class=\"yoast-schema-graph\">{\"@context\":\"https:\/\/schema.org\",\"@graph\":[{\"@type\":\"WebPage\",\"@id\":\"https:\/\/miurio.com\/et\/toode\/happy-turtles-scarf-siidiratik\/\",\"url\":\"https:\/\/miurio.com\/et\/toode\/happy-turtles-scarf-siidiratik\/\",\"name\":\"HAPPY TURTLES SIIDIR\u00c4TIK - Miurio Design Studio\",\"isPartOf\":{\"@id\":\"https:\/\/miurio.com\/et\/#website\"},\"primaryImageOfPage\":{\"@id\":\"https:\/\/miurio.com\/et\/toode\/happy-turtles-scarf-siidiratik\/#primaryimage\"},\"image\":{\"@id\":\"https:\/\/miurio.com\/et\/toode\/happy-turtles-scarf-siidiratik\/#primaryimage\"},\"thumbnailUrl\":\"https:\/\/miurio.com\/wp-content\/uploads\/2022\/05\/Screenshot-2022-05-31-at-11.44.06.png\",\"datePublished\":\"2022-05-31T10:22:55+00:00\",\"dateModified\":\"2026-02-09T15:29:03+00:00\",\"breadcrumb\":{\"@id\":\"https:\/\/miurio.com\/et\/toode\/happy-turtles-scarf-siidiratik\/#breadcrumb\"},\"inLanguage\":\"et\",\"potentialAction\":[{\"@type\":\"ReadAction\",\"target\":[\"https:\/\/miurio.com\/et\/toode\/happy-turtles-scarf-siidiratik\/\"]}]},{\"@type\":\"ImageObject\",\"inLanguage\":\"et\",\"@id\":\"https:\/\/miurio.com\/et\/toode\/happy-turtles-scarf-siidiratik\/#primaryimage\",\"url\":\"https:\/\/miurio.com\/wp-content\/uploads\/2022\/05\/Screenshot-2022-05-31-at-11.44.06.png\",\"contentUrl\":\"https:\/\/miurio.com\/wp-content\/uploads\/2022\/05\/Screenshot-2022-05-31-at-11.44.06.png\",\"width\":1112,\"height\":1114},{\"@type\":\"BreadcrumbList\",\"@id\":\"https:\/\/miurio.com\/et\/toode\/happy-turtles-scarf-siidiratik\/#breadcrumb\",\"itemListElement\":[{\"@type\":\"ListItem\",\"position\":1,\"name\":\"Home\",\"item\":\"https:\/\/miurio.com\/et\/\"},{\"@type\":\"ListItem\",\"position\":2,\"name\":\"Pood\",\"item\":\"https:\/\/miurio.com\/et\/pood\/\"},{\"@type\":\"ListItem\",\"position\":3,\"name\":\"HAPPY TURTLES SIIDIR\u00c4TIK\"}]},{\"@type\":\"WebSite\",\"@id\":\"https:\/\/miurio.com\/et\/#website\",\"url\":\"https:\/\/miurio.com\/et\/\",\"name\":\"Miurio Design Studio\",\"description\":\"MIURIO design studio website and e-shop\",\"publisher\":{\"@id\":\"https:\/\/miurio.com\/et\/#organization\"},\"potentialAction\":[{\"@type\":\"SearchAction\",\"target\":{\"@type\":\"EntryPoint\",\"urlTemplate\":\"https:\/\/miurio.com\/et\/?s={search_term_string}\"},\"query-input\":{\"@type\":\"PropertyValueSpecification\",\"valueRequired\":true,\"valueName\":\"search_term_string\"}}],\"inLanguage\":\"et\"},{\"@type\":\"Organization\",\"@id\":\"https:\/\/miurio.com\/et\/#organization\",\"name\":\"MIURIO DECOR O\u00dc\",\"url\":\"https:\/\/miurio.com\/et\/\",\"logo\":{\"@type\":\"ImageObject\",\"inLanguage\":\"et\",\"@id\":\"https:\/\/miurio.com\/et\/#\/schema\/logo\/image\/\",\"url\":\"https:\/\/miurio.com\/wp-content\/uploads\/2021\/08\/MIURIO-new-logo-3.png\",\"contentUrl\":\"https:\/\/miurio.com\/wp-content\/uploads\/2021\/08\/MIURIO-new-logo-3.png\",\"width\":1500,\"height\":1500,\"caption\":\"MIURIO DECOR O\u00dc\"},\"image\":{\"@id\":\"https:\/\/miurio.com\/et\/#\/schema\/logo\/image\/\"},\"sameAs\":[\"http:\/\/www.facebook.com\/miuriodecor\",\"https:\/\/instagram.com\/miurio_textiles\",\"https:\/\/www.pinterest.com\/miuriodecor\"]}]}<\/script>\n<!-- \/ Yoast SEO plugin. -->","yoast_head_json":{"title":"HAPPY TURTLES SIIDIR\u00c4TIK - Miurio Design Studio","robots":{"index":"index","follow":"follow","max-snippet":"max-snippet:-1","max-image-preview":"max-image-preview:large","max-video-preview":"max-video-preview:-1"},"canonical":"https:\/\/miurio.com\/et\/toode\/happy-turtles-scarf-siidiratik\/","og_locale":"et_EE","og_type":"article","og_title":"HAPPY TURTLES SIIDIR\u00c4TIK - Miurio Design Studio","og_description":"HAPPY TURTLES siidir\u00e4tik on meie uusim lisand kevadsuvistesse aksessuaaridesse. Kilpkonnad s\u00fcmboliseerivad rahu, tervenemist, pikaealisust ja transformatsiooni. R\u00e4tiku disain on heledates pastelsetes v\u00e4rvitoonides. Ideaalne kaela \u00fcmber sidumiseks v\u00f5i peas kandmiseks Audrey&hellip;","og_url":"https:\/\/miurio.com\/et\/toode\/happy-turtles-scarf-siidiratik\/","og_site_name":"Miurio Design Studio","article_publisher":"http:\/\/www.facebook.com\/miuriodecor","article_modified_time":"2026-02-09T15:29:03+00:00","og_image":[{"width":1112,"height":1114,"url":"https:\/\/miurio.com\/wp-content\/uploads\/2022\/05\/Screenshot-2022-05-31-at-11.44.06.png","type":"image\/png"}],"twitter_card":"summary_large_image","twitter_misc":{"Est. reading time":"1 minut"},"schema":{"@context":"https:\/\/schema.org","@graph":[{"@type":"WebPage","@id":"https:\/\/miurio.com\/et\/toode\/happy-turtles-scarf-siidiratik\/","url":"https:\/\/miurio.com\/et\/toode\/happy-turtles-scarf-siidiratik\/","name":"HAPPY TURTLES SIIDIR\u00c4TIK - Miurio Design Studio","isPartOf":{"@id":"https:\/\/miurio.com\/et\/#website"},"primaryImageOfPage":{"@id":"https:\/\/miurio.com\/et\/toode\/happy-turtles-scarf-siidiratik\/#primaryimage"},"image":{"@id":"https:\/\/miurio.com\/et\/toode\/happy-turtles-scarf-siidiratik\/#primaryimage"},"thumbnailUrl":"https:\/\/miurio.com\/wp-content\/uploads\/2022\/05\/Screenshot-2022-05-31-at-11.44.06.png","datePublished":"2022-05-31T10:22:55+00:00","dateModified":"2026-02-09T15:29:03+00:00","breadcrumb":{"@id":"https:\/\/miurio.com\/et\/toode\/happy-turtles-scarf-siidiratik\/#breadcrumb"},"inLanguage":"et","potentialAction":[{"@type":"ReadAction","target":["https:\/\/miurio.com\/et\/toode\/happy-turtles-scarf-siidiratik\/"]}]},{"@type":"ImageObject","inLanguage":"et","@id":"https:\/\/miurio.com\/et\/toode\/happy-turtles-scarf-siidiratik\/#primaryimage","url":"https:\/\/miurio.com\/wp-content\/uploads\/2022\/05\/Screenshot-2022-05-31-at-11.44.06.png","contentUrl":"https:\/\/miurio.com\/wp-content\/uploads\/2022\/05\/Screenshot-2022-05-31-at-11.44.06.png","width":1112,"height":1114},{"@type":"BreadcrumbList","@id":"https:\/\/miurio.com\/et\/toode\/happy-turtles-scarf-siidiratik\/#breadcrumb","itemListElement":[{"@type":"ListItem","position":1,"name":"Home","item":"https:\/\/miurio.com\/et\/"},{"@type":"ListItem","position":2,"name":"Pood","item":"https:\/\/miurio.com\/et\/pood\/"},{"@type":"ListItem","position":3,"name":"HAPPY TURTLES SIIDIR\u00c4TIK"}]},{"@type":"WebSite","@id":"https:\/\/miurio.com\/et\/#website","url":"https:\/\/miurio.com\/et\/","name":"Miurio Design Studio","description":"MIURIO design studio website and e-shop","publisher":{"@id":"https:\/\/miurio.com\/et\/#organization"},"potentialAction":[{"@type":"SearchAction","target":{"@type":"EntryPoint","urlTemplate":"https:\/\/miurio.com\/et\/?s={search_term_string}"},"query-input":{"@type":"PropertyValueSpecification","valueRequired":true,"valueName":"search_term_string"}}],"inLanguage":"et"},{"@type":"Organization","@id":"https:\/\/miurio.com\/et\/#organization","name":"MIURIO DECOR O\u00dc","url":"https:\/\/miurio.com\/et\/","logo":{"@type":"ImageObject","inLanguage":"et","@id":"https:\/\/miurio.com\/et\/#\/schema\/logo\/image\/","url":"https:\/\/miurio.com\/wp-content\/uploads\/2021\/08\/MIURIO-new-logo-3.png","contentUrl":"https:\/\/miurio.com\/wp-content\/uploads\/2021\/08\/MIURIO-new-logo-3.png","width":1500,"height":1500,"caption":"MIURIO DECOR O\u00dc"},"image":{"@id":"https:\/\/miurio.com\/et\/#\/schema\/logo\/image\/"},"sameAs":["http:\/\/www.facebook.com\/miuriodecor","https:\/\/instagram.com\/miurio_textiles","https:\/\/www.pinterest.com\/miuriodecor"]}]}},"_links":{"self":[{"href":"https:\/\/miurio.com\/et\/wp-json\/wp\/v2\/product\/9686","targetHints":{"allow":["GET"]}}],"collection":[{"href":"https:\/\/miurio.com\/et\/wp-json\/wp\/v2\/product"}],"about":[{"href":"https:\/\/miurio.com\/et\/wp-json\/wp\/v2\/types\/product"}],"replies":[{"embeddable":true,"href":"https:\/\/miurio.com\/et\/wp-json\/wp\/v2\/comments?post=9686"}],"wp:featuredmedia":[{"embeddable":true,"href":"https:\/\/miurio.com\/et\/wp-json\/wp\/v2\/media\/9701"}],"wp:attachment":[{"href":"https:\/\/miurio.com\/et\/wp-json\/wp\/v2\/media?parent=9686"}],"wp:term":[{"taxonomy":"product_brand","embeddable":true,"href":"https:\/\/miurio.com\/et\/wp-json\/wp\/v2\/product_brand?post=9686"},{"taxonomy":"product_cat","embeddable":true,"href":"https:\/\/miurio.com\/et\/wp-json\/wp\/v2\/product_cat?post=9686"},{"taxonomy":"product_tag","embeddable":true,"href":"https:\/\/miurio.com\/et\/wp-json\/wp\/v2\/product_tag?post=9686"}],"curies":[{"name":"wp","href":"https:\/\/api.w.org\/{rel}","templated":true}]}}