{"id":8500,"date":"2023-02-19T14:55:06","date_gmt":"2023-02-19T14:55:06","guid":{"rendered":"https:\/\/miurio.com\/?post_type=product&#038;p=8500"},"modified":"2023-07-26T13:07:56","modified_gmt":"2023-07-26T13:07:56","slug":"me-armastame-eestit-vaike-siidiratik","status":"publish","type":"product","link":"https:\/\/miurio.com\/et\/toode\/me-armastame-eestit-vaike-siidiratik\/","title":{"rendered":"ME \u2764 EESTIT V\u00c4IKE SIIDIR\u00c4TIK"},"content":{"rendered":"<p>MINA \u2764 EESTIT siidir\u00e4tik on meie austusavaldus Eesti iseseisvusp\u00e4evale ja armastuse v\u00e4ljendus oma kodumaa vastu. R\u00e4tikul on kujutatud moonid, rukkililled, nisu ja mesilased. V\u00e4ike t\u00e4iendus suuremale r\u00e4tiku versioonile suuruses 65x65cm. Sobib h\u00e4sti edevatele naistele v\u00f5i meestele ilur\u00e4tikuna taskus kandmiseks; kaela- v\u00f5i juusteaksessuaariks noortele t\u00fcdrukutele ja t\u00fctarlastele. Lisab Sinu riietusele pidulikku meeleolu.<\/p>\n<p><strong>See on HEATEGEVUSTOODE. Selle r\u00e4tiku ostmisel annetame igalt ostult 5 \u20ac Hille T\u00e4navsuu v\u00e4hiravifondile &#8220;Kingitud Elu&#8221;. V\u00e4hiravi tugifondi missiooniks on aidata v\u00e4hihaigeid, finantseerides kaasaaegsete ravimite v\u00f5i raviprotseduuride ostu.<\/strong><\/p>\n<p>R\u00e4tiku disainer: Rita Assor.<\/p>\n<p>Meie kangastel ja tr\u00fckiv\u00e4rvidel on OEKO-TEX sertifikaat.<\/p>\n<p>M\u00fc\u00fcakse piiratud kollektsioonina.Digitr\u00fckk. K\u00e4sitsi palistatud.<br \/>\nPakendatud kinkekarpi.<\/p>\n<hr \/>\n<h2>SUURUS<\/h2>\n<p>40X40CM<\/p>\n<h2>MATERJAL<\/h2>\n<p>100% \u00a0TWILLSIID<\/p>\n<h2>HOOLDUS<\/h2>\n<p>KEEMILINE PUHASTUS<\/p>\n<hr \/>\n","protected":false},"excerpt":{"rendered":"<p>MINA \u2764 EESTIT siidir\u00e4tik on meie austusavaldus Eesti iseseisvusp\u00e4evale ja armastuse v\u00e4ljendus oma kodumaa vastu. R\u00e4tikul on kujutatud moonid, rukkililled, nisu ja mesilased. V\u00e4ike t\u00e4iendus suuremale r\u00e4tiku versioonile suuruses 65x65cm.&hellip;<\/p>\n","protected":false},"featured_media":8506,"comment_status":"closed","ping_status":"closed","template":"","meta":{"inline_featured_image":false,"_monsterinsights_skip_tracking":false,"_monsterinsights_sitenote_active":false,"_monsterinsights_sitenote_note":"","_monsterinsights_sitenote_category":0,"_vp_format_video_url":"","_vp_image_focal_point":[]},"product_brand":[],"product_cat":[177,176],"product_tag":[],"class_list":{"0":"post-8500","1":"product","2":"type-product","3":"status-publish","4":"has-post-thumbnail","6":"product_cat-siidiratikud","7":"product_cat-siidist-ja-villased-aksessuaarid","9":"first","10":"instock","11":"shipping-taxable","12":"purchasable","13":"product-type-simple"},"yoast_head":"<!-- This site is optimized with the Yoast SEO plugin v27.2 - https:\/\/yoast.com\/product\/yoast-seo-wordpress\/ -->\n<title>ME \u2764 EESTIT V\u00c4IKE SIIDIR\u00c4TIK - Miurio Design Studio<\/title>\n<meta name=\"robots\" content=\"index, follow, max-snippet:-1, max-image-preview:large, max-video-preview:-1\" \/>\n<link rel=\"canonical\" href=\"https:\/\/miurio.com\/et\/toode\/me-armastame-eestit-vaike-siidiratik\/\" \/>\n<meta property=\"og:locale\" content=\"et_EE\" \/>\n<meta property=\"og:type\" content=\"article\" \/>\n<meta property=\"og:title\" content=\"ME \u2764 EESTIT V\u00c4IKE SIIDIR\u00c4TIK - Miurio Design Studio\" \/>\n<meta property=\"og:description\" content=\"MINA \u2764 EESTIT siidir\u00e4tik on meie austusavaldus Eesti iseseisvusp\u00e4evale ja armastuse v\u00e4ljendus oma kodumaa vastu. R\u00e4tikul on kujutatud moonid, rukkililled, nisu ja mesilased. V\u00e4ike t\u00e4iendus suuremale r\u00e4tiku versioonile suuruses 65x65cm.&hellip;\" \/>\n<meta property=\"og:url\" content=\"https:\/\/miurio.com\/et\/toode\/me-armastame-eestit-vaike-siidiratik\/\" \/>\n<meta property=\"og:site_name\" content=\"Miurio Design Studio\" \/>\n<meta property=\"article:publisher\" content=\"http:\/\/www.facebook.com\/miuriodecor\" \/>\n<meta property=\"article:modified_time\" content=\"2023-07-26T13:07:56+00:00\" \/>\n<meta property=\"og:image\" content=\"https:\/\/miurio.com\/wp-content\/uploads\/2021\/02\/IMG_5846-scaled.jpg\" \/>\n\t<meta property=\"og:image:width\" content=\"3840\" \/>\n\t<meta property=\"og:image:height\" content=\"3840\" \/>\n\t<meta property=\"og:image:type\" content=\"image\/jpeg\" \/>\n<meta name=\"twitter:card\" content=\"summary_large_image\" \/>\n<meta name=\"twitter:label1\" content=\"Est. reading time\" \/>\n\t<meta name=\"twitter:data1\" content=\"1 minut\" \/>\n<script type=\"application\/ld+json\" class=\"yoast-schema-graph\">{\"@context\":\"https:\/\/schema.org\",\"@graph\":[{\"@type\":\"WebPage\",\"@id\":\"https:\/\/miurio.com\/et\/toode\/me-armastame-eestit-vaike-siidiratik\/\",\"url\":\"https:\/\/miurio.com\/et\/toode\/me-armastame-eestit-vaike-siidiratik\/\",\"name\":\"ME \u2764 EESTIT V\u00c4IKE SIIDIR\u00c4TIK - Miurio Design Studio\",\"isPartOf\":{\"@id\":\"https:\/\/miurio.com\/et\/#website\"},\"primaryImageOfPage\":{\"@id\":\"https:\/\/miurio.com\/et\/toode\/me-armastame-eestit-vaike-siidiratik\/#primaryimage\"},\"image\":{\"@id\":\"https:\/\/miurio.com\/et\/toode\/me-armastame-eestit-vaike-siidiratik\/#primaryimage\"},\"thumbnailUrl\":\"https:\/\/miurio.com\/wp-content\/uploads\/2021\/02\/IMG_5846-scaled.jpg\",\"datePublished\":\"2023-02-19T14:55:06+00:00\",\"dateModified\":\"2023-07-26T13:07:56+00:00\",\"breadcrumb\":{\"@id\":\"https:\/\/miurio.com\/et\/toode\/me-armastame-eestit-vaike-siidiratik\/#breadcrumb\"},\"inLanguage\":\"et\",\"potentialAction\":[{\"@type\":\"ReadAction\",\"target\":[\"https:\/\/miurio.com\/et\/toode\/me-armastame-eestit-vaike-siidiratik\/\"]}]},{\"@type\":\"ImageObject\",\"inLanguage\":\"et\",\"@id\":\"https:\/\/miurio.com\/et\/toode\/me-armastame-eestit-vaike-siidiratik\/#primaryimage\",\"url\":\"https:\/\/miurio.com\/wp-content\/uploads\/2021\/02\/IMG_5846-scaled.jpg\",\"contentUrl\":\"https:\/\/miurio.com\/wp-content\/uploads\/2021\/02\/IMG_5846-scaled.jpg\",\"width\":3840,\"height\":3840},{\"@type\":\"BreadcrumbList\",\"@id\":\"https:\/\/miurio.com\/et\/toode\/me-armastame-eestit-vaike-siidiratik\/#breadcrumb\",\"itemListElement\":[{\"@type\":\"ListItem\",\"position\":1,\"name\":\"Home\",\"item\":\"https:\/\/miurio.com\/et\/\"},{\"@type\":\"ListItem\",\"position\":2,\"name\":\"Pood\",\"item\":\"https:\/\/miurio.com\/et\/pood\/\"},{\"@type\":\"ListItem\",\"position\":3,\"name\":\"ME \u2764 EESTIT V\u00c4IKE SIIDIR\u00c4TIK\"}]},{\"@type\":\"WebSite\",\"@id\":\"https:\/\/miurio.com\/et\/#website\",\"url\":\"https:\/\/miurio.com\/et\/\",\"name\":\"Miurio Design Studio\",\"description\":\"MIURIO design studio website and e-shop\",\"publisher\":{\"@id\":\"https:\/\/miurio.com\/et\/#organization\"},\"potentialAction\":[{\"@type\":\"SearchAction\",\"target\":{\"@type\":\"EntryPoint\",\"urlTemplate\":\"https:\/\/miurio.com\/et\/?s={search_term_string}\"},\"query-input\":{\"@type\":\"PropertyValueSpecification\",\"valueRequired\":true,\"valueName\":\"search_term_string\"}}],\"inLanguage\":\"et\"},{\"@type\":\"Organization\",\"@id\":\"https:\/\/miurio.com\/et\/#organization\",\"name\":\"MIURIO DECOR O\u00dc\",\"url\":\"https:\/\/miurio.com\/et\/\",\"logo\":{\"@type\":\"ImageObject\",\"inLanguage\":\"et\",\"@id\":\"https:\/\/miurio.com\/et\/#\/schema\/logo\/image\/\",\"url\":\"https:\/\/miurio.com\/wp-content\/uploads\/2021\/08\/MIURIO-new-logo-3.png\",\"contentUrl\":\"https:\/\/miurio.com\/wp-content\/uploads\/2021\/08\/MIURIO-new-logo-3.png\",\"width\":1500,\"height\":1500,\"caption\":\"MIURIO DECOR O\u00dc\"},\"image\":{\"@id\":\"https:\/\/miurio.com\/et\/#\/schema\/logo\/image\/\"},\"sameAs\":[\"http:\/\/www.facebook.com\/miuriodecor\",\"https:\/\/instagram.com\/miurio_textiles\",\"https:\/\/www.pinterest.com\/miuriodecor\"]}]}<\/script>\n<!-- \/ Yoast SEO plugin. -->","yoast_head_json":{"title":"ME \u2764 EESTIT V\u00c4IKE SIIDIR\u00c4TIK - Miurio Design Studio","robots":{"index":"index","follow":"follow","max-snippet":"max-snippet:-1","max-image-preview":"max-image-preview:large","max-video-preview":"max-video-preview:-1"},"canonical":"https:\/\/miurio.com\/et\/toode\/me-armastame-eestit-vaike-siidiratik\/","og_locale":"et_EE","og_type":"article","og_title":"ME \u2764 EESTIT V\u00c4IKE SIIDIR\u00c4TIK - Miurio Design Studio","og_description":"MINA \u2764 EESTIT siidir\u00e4tik on meie austusavaldus Eesti iseseisvusp\u00e4evale ja armastuse v\u00e4ljendus oma kodumaa vastu. R\u00e4tikul on kujutatud moonid, rukkililled, nisu ja mesilased. V\u00e4ike t\u00e4iendus suuremale r\u00e4tiku versioonile suuruses 65x65cm.&hellip;","og_url":"https:\/\/miurio.com\/et\/toode\/me-armastame-eestit-vaike-siidiratik\/","og_site_name":"Miurio Design Studio","article_publisher":"http:\/\/www.facebook.com\/miuriodecor","article_modified_time":"2023-07-26T13:07:56+00:00","og_image":[{"width":3840,"height":3840,"url":"https:\/\/miurio.com\/wp-content\/uploads\/2021\/02\/IMG_5846-scaled.jpg","type":"image\/jpeg"}],"twitter_card":"summary_large_image","twitter_misc":{"Est. reading time":"1 minut"},"schema":{"@context":"https:\/\/schema.org","@graph":[{"@type":"WebPage","@id":"https:\/\/miurio.com\/et\/toode\/me-armastame-eestit-vaike-siidiratik\/","url":"https:\/\/miurio.com\/et\/toode\/me-armastame-eestit-vaike-siidiratik\/","name":"ME \u2764 EESTIT V\u00c4IKE SIIDIR\u00c4TIK - Miurio Design Studio","isPartOf":{"@id":"https:\/\/miurio.com\/et\/#website"},"primaryImageOfPage":{"@id":"https:\/\/miurio.com\/et\/toode\/me-armastame-eestit-vaike-siidiratik\/#primaryimage"},"image":{"@id":"https:\/\/miurio.com\/et\/toode\/me-armastame-eestit-vaike-siidiratik\/#primaryimage"},"thumbnailUrl":"https:\/\/miurio.com\/wp-content\/uploads\/2021\/02\/IMG_5846-scaled.jpg","datePublished":"2023-02-19T14:55:06+00:00","dateModified":"2023-07-26T13:07:56+00:00","breadcrumb":{"@id":"https:\/\/miurio.com\/et\/toode\/me-armastame-eestit-vaike-siidiratik\/#breadcrumb"},"inLanguage":"et","potentialAction":[{"@type":"ReadAction","target":["https:\/\/miurio.com\/et\/toode\/me-armastame-eestit-vaike-siidiratik\/"]}]},{"@type":"ImageObject","inLanguage":"et","@id":"https:\/\/miurio.com\/et\/toode\/me-armastame-eestit-vaike-siidiratik\/#primaryimage","url":"https:\/\/miurio.com\/wp-content\/uploads\/2021\/02\/IMG_5846-scaled.jpg","contentUrl":"https:\/\/miurio.com\/wp-content\/uploads\/2021\/02\/IMG_5846-scaled.jpg","width":3840,"height":3840},{"@type":"BreadcrumbList","@id":"https:\/\/miurio.com\/et\/toode\/me-armastame-eestit-vaike-siidiratik\/#breadcrumb","itemListElement":[{"@type":"ListItem","position":1,"name":"Home","item":"https:\/\/miurio.com\/et\/"},{"@type":"ListItem","position":2,"name":"Pood","item":"https:\/\/miurio.com\/et\/pood\/"},{"@type":"ListItem","position":3,"name":"ME \u2764 EESTIT V\u00c4IKE SIIDIR\u00c4TIK"}]},{"@type":"WebSite","@id":"https:\/\/miurio.com\/et\/#website","url":"https:\/\/miurio.com\/et\/","name":"Miurio Design Studio","description":"MIURIO design studio website and e-shop","publisher":{"@id":"https:\/\/miurio.com\/et\/#organization"},"potentialAction":[{"@type":"SearchAction","target":{"@type":"EntryPoint","urlTemplate":"https:\/\/miurio.com\/et\/?s={search_term_string}"},"query-input":{"@type":"PropertyValueSpecification","valueRequired":true,"valueName":"search_term_string"}}],"inLanguage":"et"},{"@type":"Organization","@id":"https:\/\/miurio.com\/et\/#organization","name":"MIURIO DECOR O\u00dc","url":"https:\/\/miurio.com\/et\/","logo":{"@type":"ImageObject","inLanguage":"et","@id":"https:\/\/miurio.com\/et\/#\/schema\/logo\/image\/","url":"https:\/\/miurio.com\/wp-content\/uploads\/2021\/08\/MIURIO-new-logo-3.png","contentUrl":"https:\/\/miurio.com\/wp-content\/uploads\/2021\/08\/MIURIO-new-logo-3.png","width":1500,"height":1500,"caption":"MIURIO DECOR O\u00dc"},"image":{"@id":"https:\/\/miurio.com\/et\/#\/schema\/logo\/image\/"},"sameAs":["http:\/\/www.facebook.com\/miuriodecor","https:\/\/instagram.com\/miurio_textiles","https:\/\/www.pinterest.com\/miuriodecor"]}]}},"_links":{"self":[{"href":"https:\/\/miurio.com\/et\/wp-json\/wp\/v2\/product\/8500","targetHints":{"allow":["GET"]}}],"collection":[{"href":"https:\/\/miurio.com\/et\/wp-json\/wp\/v2\/product"}],"about":[{"href":"https:\/\/miurio.com\/et\/wp-json\/wp\/v2\/types\/product"}],"replies":[{"embeddable":true,"href":"https:\/\/miurio.com\/et\/wp-json\/wp\/v2\/comments?post=8500"}],"wp:featuredmedia":[{"embeddable":true,"href":"https:\/\/miurio.com\/et\/wp-json\/wp\/v2\/media\/8506"}],"wp:attachment":[{"href":"https:\/\/miurio.com\/et\/wp-json\/wp\/v2\/media?parent=8500"}],"wp:term":[{"taxonomy":"product_brand","embeddable":true,"href":"https:\/\/miurio.com\/et\/wp-json\/wp\/v2\/product_brand?post=8500"},{"taxonomy":"product_cat","embeddable":true,"href":"https:\/\/miurio.com\/et\/wp-json\/wp\/v2\/product_cat?post=8500"},{"taxonomy":"product_tag","embeddable":true,"href":"https:\/\/miurio.com\/et\/wp-json\/wp\/v2\/product_tag?post=8500"}],"curies":[{"name":"wp","href":"https:\/\/api.w.org\/{rel}","templated":true}]}}