{"id":8305,"date":"2020-09-03T17:18:21","date_gmt":"2020-12-03T17:18:21","guid":{"rendered":"https:\/\/miurio.com\/?post_type=product&#038;p=8305"},"modified":"2020-12-03T17:25:54","modified_gmt":"2020-12-03T17:25:54","slug":"manali-menthol-black-dhurry-vaip","status":"publish","type":"product","link":"https:\/\/miurio.com\/et\/toode\/manali-menthol-black-dhurry-vaip\/","title":{"rendered":"MANALI MENTHOL BLACK DHURRY VAIP"},"content":{"rendered":"<p>MIURIO vaibakollektsiooni on lisandunud traditsioonilised k\u00e4sitsikootud villased vaibad.<\/p>\n<p>Need geomeetrilise mustriga, kerged ja kaunid k\u00e4sitsikootud vaibad, mis on toodetud Indias, on valmistatud looduslikest kiududest (st villast, puuvillast). Need on vastupidavad ja sobivad h\u00e4sti elutubadesse, magamistubadesse v\u00f5i koridori. Dhurry vaipa saab lihtsalt \u00fcmber p\u00f6\u00f6rata, kui see on m\u00e4\u00e4rdunud v\u00f5i plekine, kuna selle kvaliteet on m\u00f5lemalt poolt identne. Lemmiklooma l\u00f5ngast valmistatud vaibad (v\u00f5imalik valida) sobivad kasutamiseks v\u00e4listingimustes nagu terrass v\u00f5i sise\u00f5u.<\/p>\n<p>Vill on looduslik tekstiilkiud ja vaipade valmistamiseks \u00fcks n\u00f5utumaid materjale. Villased vaibad on v\u00e4ga vastupidavad ja suudavad suurep\u00e4raselt vastu panna igap\u00e4evase kasutamise kulumisele. Villal on loomulikult mustust h\u00fclgav toime ja seda on lihtne puhtana hoida. See on ka leegikindel ja s\u00e4ilitab iseloomulikult kuju.<\/p>\n<p>Vaibakavandi erinevad v\u00e4rvilahendused vastavalt eritellimusele. Palun tutvuge vaiban\u00e4idisega meie stuudios.<\/p>\n<p>Teised suurused on saadaval soovi korral.<\/p>\n<p>See on k\u00e4sitsikootud vaip. Kootud Uus-Meremaa parimast meriinovillast ja puuvillast.<\/p>\n<p>K\u00e4sitsi valmistatud Indias. Tootmis- ja tarneaeg 4-5 n\u00e4dalat p\u00e4rast tellimuse l\u00f5plikku kinnitamist.<\/p>\n<p>Saadaval kohaletoimetamiseks 3-5 p\u00e4eva jooksul.<\/p>\n<p>Traditsiooniline geomeetriline kujundus, v\u00e4rvitooni kohandanud Rita Assor (Tallinn, Eesti)<\/p>\n<hr \/>\n<h2>TOOTEKIRJELDUS<\/h2>\n<p>W: 140 cm\u00a0x H: 200 cm<\/p>\n<p>W: 200 cm\u00a0x H: 300 cm<\/p>\n<p>&nbsp;<\/p>\n<p>Paksus: ca 5mm<\/p>\n<h2>MATERJAL<\/h2>\n<p>90% UUS MEREMAA MERIINOVILL<\/p>\n<p>10% PUUVILL<\/p>\n<h2>HOOLDUS<\/h2>\n<div class=\"page\" title=\"Page 2\">\n<div class=\"section\">\n<div class=\"layoutArea\">\n<div class=\"column\">\n<p>Hoida eemal liigniiskusest. Otsese p\u00e4ikesevalguse k\u00e4es olevad vaibad aja jooksul tuhmuvad, p\u00f6\u00f6rake vaipa. Pleki esmaseks t\u00f6\u00f6tluseks kasutage valget kangat\u00fckki. Vajadusel kasutage professionaalset vaibapuhastamist.<\/p>\n<\/div>\n<\/div>\n<\/div>\n<\/div>\n<hr \/>\n","protected":false},"excerpt":{"rendered":"<p>MIURIO vaibakollektsiooni on lisandunud traditsioonilised k\u00e4sitsikootud villased vaibad. Need geomeetrilise mustriga, kerged ja kaunid k\u00e4sitsikootud vaibad, mis on toodetud Indias, on valmistatud looduslikest kiududest (st villast, puuvillast). Need on vastupidavad&hellip;<\/p>\n","protected":false},"featured_media":8186,"comment_status":"closed","ping_status":"closed","template":"","meta":{"inline_featured_image":false,"_monsterinsights_skip_tracking":false,"_monsterinsights_sitenote_active":false,"_monsterinsights_sitenote_note":"","_monsterinsights_sitenote_category":0,"_vp_format_video_url":"","_vp_image_focal_point":[]},"product_brand":[],"product_cat":[173,150],"product_tag":[144],"class_list":{"0":"post-8305","1":"product","2":"type-product","3":"status-publish","4":"has-post-thumbnail","6":"product_cat-vaibad","7":"product_cat-sisustustooted","8":"product_tag-kodu-dekoor","9":"product_shipping_class-vaipade-tarne","10":"pa_collection-dhurry-rug-kollektsioon","11":"pa_collection-vaibakollektsioon","12":"pa_other-sizes-140cmx200cm-et","13":"pa_other-sizes-200cmx300cm-et","15":"first","16":"instock","17":"shipping-taxable","18":"purchasable","19":"product-type-variable"},"yoast_head":"<!-- This site is optimized with the Yoast SEO plugin v27.2 - https:\/\/yoast.com\/product\/yoast-seo-wordpress\/ -->\n<title>MANALI MENTHOL BLACK DHURRY VAIP - Miurio Design Studio<\/title>\n<meta name=\"description\" content=\"Kerged ja kaunid villased k\u00e4sitsikootud dhurrie vaibad MIURIO uuest vaibakollektsioonist. Naturaalsetest kiududest.\" \/>\n<meta name=\"robots\" content=\"index, follow, max-snippet:-1, max-image-preview:large, max-video-preview:-1\" \/>\n<link rel=\"canonical\" href=\"https:\/\/miurio.com\/et\/toode\/manali-menthol-black-dhurry-vaip\/\" \/>\n<meta property=\"og:locale\" content=\"et_EE\" \/>\n<meta property=\"og:type\" content=\"article\" \/>\n<meta property=\"og:title\" content=\"MANALI MENTHOL BLACK DHURRY VAIP - Miurio Design Studio\" \/>\n<meta property=\"og:description\" content=\"Kerged ja kaunid villased k\u00e4sitsikootud dhurrie vaibad MIURIO uuest vaibakollektsioonist. Naturaalsetest kiududest.\" \/>\n<meta property=\"og:url\" content=\"https:\/\/miurio.com\/et\/toode\/manali-menthol-black-dhurry-vaip\/\" \/>\n<meta property=\"og:site_name\" content=\"Miurio Design Studio\" \/>\n<meta property=\"article:publisher\" content=\"http:\/\/www.facebook.com\/miuriodecor\" \/>\n<meta property=\"article:modified_time\" content=\"2020-12-03T17:25:54+00:00\" \/>\n<meta property=\"og:image\" content=\"https:\/\/miurio.com\/wp-content\/uploads\/2020\/12\/MANALI-menthol-black-white-dhurry.jpg\" \/>\n\t<meta property=\"og:image:width\" content=\"1720\" \/>\n\t<meta property=\"og:image:height\" content=\"1659\" \/>\n\t<meta property=\"og:image:type\" content=\"image\/jpeg\" \/>\n<meta name=\"twitter:card\" content=\"summary_large_image\" \/>\n<meta name=\"twitter:label1\" content=\"Est. reading time\" \/>\n\t<meta name=\"twitter:data1\" content=\"1 minut\" \/>\n<script type=\"application\/ld+json\" class=\"yoast-schema-graph\">{\"@context\":\"https:\/\/schema.org\",\"@graph\":[{\"@type\":\"WebPage\",\"@id\":\"https:\/\/miurio.com\/et\/toode\/manali-menthol-black-dhurry-vaip\/\",\"url\":\"https:\/\/miurio.com\/et\/toode\/manali-menthol-black-dhurry-vaip\/\",\"name\":\"MANALI MENTHOL BLACK DHURRY VAIP - Miurio Design Studio\",\"isPartOf\":{\"@id\":\"https:\/\/miurio.com\/et\/#website\"},\"primaryImageOfPage\":{\"@id\":\"https:\/\/miurio.com\/et\/toode\/manali-menthol-black-dhurry-vaip\/#primaryimage\"},\"image\":{\"@id\":\"https:\/\/miurio.com\/et\/toode\/manali-menthol-black-dhurry-vaip\/#primaryimage\"},\"thumbnailUrl\":\"https:\/\/miurio.com\/wp-content\/uploads\/2020\/12\/MANALI-menthol-black-white-dhurry.jpg\",\"datePublished\":\"2020-12-03T17:18:21+00:00\",\"dateModified\":\"2020-12-03T17:25:54+00:00\",\"description\":\"Kerged ja kaunid villased k\u00e4sitsikootud dhurrie vaibad MIURIO uuest vaibakollektsioonist. Naturaalsetest kiududest.\",\"breadcrumb\":{\"@id\":\"https:\/\/miurio.com\/et\/toode\/manali-menthol-black-dhurry-vaip\/#breadcrumb\"},\"inLanguage\":\"et\",\"potentialAction\":[{\"@type\":\"ReadAction\",\"target\":[\"https:\/\/miurio.com\/et\/toode\/manali-menthol-black-dhurry-vaip\/\"]}]},{\"@type\":\"ImageObject\",\"inLanguage\":\"et\",\"@id\":\"https:\/\/miurio.com\/et\/toode\/manali-menthol-black-dhurry-vaip\/#primaryimage\",\"url\":\"https:\/\/miurio.com\/wp-content\/uploads\/2020\/12\/MANALI-menthol-black-white-dhurry.jpg\",\"contentUrl\":\"https:\/\/miurio.com\/wp-content\/uploads\/2020\/12\/MANALI-menthol-black-white-dhurry.jpg\",\"width\":1720,\"height\":1659},{\"@type\":\"BreadcrumbList\",\"@id\":\"https:\/\/miurio.com\/et\/toode\/manali-menthol-black-dhurry-vaip\/#breadcrumb\",\"itemListElement\":[{\"@type\":\"ListItem\",\"position\":1,\"name\":\"Home\",\"item\":\"https:\/\/miurio.com\/et\/\"},{\"@type\":\"ListItem\",\"position\":2,\"name\":\"Pood\",\"item\":\"https:\/\/miurio.com\/et\/pood\/\"},{\"@type\":\"ListItem\",\"position\":3,\"name\":\"MANALI MENTHOL BLACK DHURRY VAIP\"}]},{\"@type\":\"WebSite\",\"@id\":\"https:\/\/miurio.com\/et\/#website\",\"url\":\"https:\/\/miurio.com\/et\/\",\"name\":\"Miurio Design Studio\",\"description\":\"MIURIO design studio website and e-shop\",\"publisher\":{\"@id\":\"https:\/\/miurio.com\/et\/#organization\"},\"potentialAction\":[{\"@type\":\"SearchAction\",\"target\":{\"@type\":\"EntryPoint\",\"urlTemplate\":\"https:\/\/miurio.com\/et\/?s={search_term_string}\"},\"query-input\":{\"@type\":\"PropertyValueSpecification\",\"valueRequired\":true,\"valueName\":\"search_term_string\"}}],\"inLanguage\":\"et\"},{\"@type\":\"Organization\",\"@id\":\"https:\/\/miurio.com\/et\/#organization\",\"name\":\"MIURIO DECOR O\u00dc\",\"url\":\"https:\/\/miurio.com\/et\/\",\"logo\":{\"@type\":\"ImageObject\",\"inLanguage\":\"et\",\"@id\":\"https:\/\/miurio.com\/et\/#\/schema\/logo\/image\/\",\"url\":\"https:\/\/miurio.com\/wp-content\/uploads\/2021\/08\/MIURIO-new-logo-3.png\",\"contentUrl\":\"https:\/\/miurio.com\/wp-content\/uploads\/2021\/08\/MIURIO-new-logo-3.png\",\"width\":1500,\"height\":1500,\"caption\":\"MIURIO DECOR O\u00dc\"},\"image\":{\"@id\":\"https:\/\/miurio.com\/et\/#\/schema\/logo\/image\/\"},\"sameAs\":[\"http:\/\/www.facebook.com\/miuriodecor\",\"https:\/\/instagram.com\/miurio_textiles\",\"https:\/\/www.pinterest.com\/miuriodecor\"]}]}<\/script>\n<!-- \/ Yoast SEO plugin. -->","yoast_head_json":{"title":"MANALI MENTHOL BLACK DHURRY VAIP - Miurio Design Studio","description":"Kerged ja kaunid villased k\u00e4sitsikootud dhurrie vaibad MIURIO uuest vaibakollektsioonist. Naturaalsetest kiududest.","robots":{"index":"index","follow":"follow","max-snippet":"max-snippet:-1","max-image-preview":"max-image-preview:large","max-video-preview":"max-video-preview:-1"},"canonical":"https:\/\/miurio.com\/et\/toode\/manali-menthol-black-dhurry-vaip\/","og_locale":"et_EE","og_type":"article","og_title":"MANALI MENTHOL BLACK DHURRY VAIP - Miurio Design Studio","og_description":"Kerged ja kaunid villased k\u00e4sitsikootud dhurrie vaibad MIURIO uuest vaibakollektsioonist. Naturaalsetest kiududest.","og_url":"https:\/\/miurio.com\/et\/toode\/manali-menthol-black-dhurry-vaip\/","og_site_name":"Miurio Design Studio","article_publisher":"http:\/\/www.facebook.com\/miuriodecor","article_modified_time":"2020-12-03T17:25:54+00:00","og_image":[{"width":1720,"height":1659,"url":"https:\/\/miurio.com\/wp-content\/uploads\/2020\/12\/MANALI-menthol-black-white-dhurry.jpg","type":"image\/jpeg"}],"twitter_card":"summary_large_image","twitter_misc":{"Est. reading time":"1 minut"},"schema":{"@context":"https:\/\/schema.org","@graph":[{"@type":"WebPage","@id":"https:\/\/miurio.com\/et\/toode\/manali-menthol-black-dhurry-vaip\/","url":"https:\/\/miurio.com\/et\/toode\/manali-menthol-black-dhurry-vaip\/","name":"MANALI MENTHOL BLACK DHURRY VAIP - Miurio Design Studio","isPartOf":{"@id":"https:\/\/miurio.com\/et\/#website"},"primaryImageOfPage":{"@id":"https:\/\/miurio.com\/et\/toode\/manali-menthol-black-dhurry-vaip\/#primaryimage"},"image":{"@id":"https:\/\/miurio.com\/et\/toode\/manali-menthol-black-dhurry-vaip\/#primaryimage"},"thumbnailUrl":"https:\/\/miurio.com\/wp-content\/uploads\/2020\/12\/MANALI-menthol-black-white-dhurry.jpg","datePublished":"2020-12-03T17:18:21+00:00","dateModified":"2020-12-03T17:25:54+00:00","description":"Kerged ja kaunid villased k\u00e4sitsikootud dhurrie vaibad MIURIO uuest vaibakollektsioonist. Naturaalsetest kiududest.","breadcrumb":{"@id":"https:\/\/miurio.com\/et\/toode\/manali-menthol-black-dhurry-vaip\/#breadcrumb"},"inLanguage":"et","potentialAction":[{"@type":"ReadAction","target":["https:\/\/miurio.com\/et\/toode\/manali-menthol-black-dhurry-vaip\/"]}]},{"@type":"ImageObject","inLanguage":"et","@id":"https:\/\/miurio.com\/et\/toode\/manali-menthol-black-dhurry-vaip\/#primaryimage","url":"https:\/\/miurio.com\/wp-content\/uploads\/2020\/12\/MANALI-menthol-black-white-dhurry.jpg","contentUrl":"https:\/\/miurio.com\/wp-content\/uploads\/2020\/12\/MANALI-menthol-black-white-dhurry.jpg","width":1720,"height":1659},{"@type":"BreadcrumbList","@id":"https:\/\/miurio.com\/et\/toode\/manali-menthol-black-dhurry-vaip\/#breadcrumb","itemListElement":[{"@type":"ListItem","position":1,"name":"Home","item":"https:\/\/miurio.com\/et\/"},{"@type":"ListItem","position":2,"name":"Pood","item":"https:\/\/miurio.com\/et\/pood\/"},{"@type":"ListItem","position":3,"name":"MANALI MENTHOL BLACK DHURRY VAIP"}]},{"@type":"WebSite","@id":"https:\/\/miurio.com\/et\/#website","url":"https:\/\/miurio.com\/et\/","name":"Miurio Design Studio","description":"MIURIO design studio website and e-shop","publisher":{"@id":"https:\/\/miurio.com\/et\/#organization"},"potentialAction":[{"@type":"SearchAction","target":{"@type":"EntryPoint","urlTemplate":"https:\/\/miurio.com\/et\/?s={search_term_string}"},"query-input":{"@type":"PropertyValueSpecification","valueRequired":true,"valueName":"search_term_string"}}],"inLanguage":"et"},{"@type":"Organization","@id":"https:\/\/miurio.com\/et\/#organization","name":"MIURIO DECOR O\u00dc","url":"https:\/\/miurio.com\/et\/","logo":{"@type":"ImageObject","inLanguage":"et","@id":"https:\/\/miurio.com\/et\/#\/schema\/logo\/image\/","url":"https:\/\/miurio.com\/wp-content\/uploads\/2021\/08\/MIURIO-new-logo-3.png","contentUrl":"https:\/\/miurio.com\/wp-content\/uploads\/2021\/08\/MIURIO-new-logo-3.png","width":1500,"height":1500,"caption":"MIURIO DECOR O\u00dc"},"image":{"@id":"https:\/\/miurio.com\/et\/#\/schema\/logo\/image\/"},"sameAs":["http:\/\/www.facebook.com\/miuriodecor","https:\/\/instagram.com\/miurio_textiles","https:\/\/www.pinterest.com\/miuriodecor"]}]}},"_links":{"self":[{"href":"https:\/\/miurio.com\/et\/wp-json\/wp\/v2\/product\/8305","targetHints":{"allow":["GET"]}}],"collection":[{"href":"https:\/\/miurio.com\/et\/wp-json\/wp\/v2\/product"}],"about":[{"href":"https:\/\/miurio.com\/et\/wp-json\/wp\/v2\/types\/product"}],"replies":[{"embeddable":true,"href":"https:\/\/miurio.com\/et\/wp-json\/wp\/v2\/comments?post=8305"}],"wp:featuredmedia":[{"embeddable":true,"href":"https:\/\/miurio.com\/et\/wp-json\/wp\/v2\/media\/8186"}],"wp:attachment":[{"href":"https:\/\/miurio.com\/et\/wp-json\/wp\/v2\/media?parent=8305"}],"wp:term":[{"taxonomy":"product_brand","embeddable":true,"href":"https:\/\/miurio.com\/et\/wp-json\/wp\/v2\/product_brand?post=8305"},{"taxonomy":"product_cat","embeddable":true,"href":"https:\/\/miurio.com\/et\/wp-json\/wp\/v2\/product_cat?post=8305"},{"taxonomy":"product_tag","embeddable":true,"href":"https:\/\/miurio.com\/et\/wp-json\/wp\/v2\/product_tag?post=8305"}],"curies":[{"name":"wp","href":"https:\/\/api.w.org\/{rel}","templated":true}]}}