{"id":4220,"date":"2020-08-27T12:17:24","date_gmt":"2020-09-12T12:05:51","guid":{"rendered":"https:\/\/miurio.com\/product-page\/squared-red-iluratik\/"},"modified":"2025-01-22T15:59:18","modified_gmt":"2025-01-22T15:59:18","slug":"squared-red-iluratik","status":"publish","type":"product","link":"https:\/\/miurio.com\/et\/toode\/squared-red-iluratik\/","title":{"rendered":"SQUARED RED ILUR\u00c4TIK"},"content":{"rendered":"<p>VIIMAKS OMETI! Siidist aksessuaar meestele!<br \/>\nTutvustame teile elevusega oma uut meeste siidist kaheteistk\u00fcmne eri mustriga taskur\u00e4ttide kollektsiooni.<br \/>\nSQUARED RED ILUR\u00c4TIK on klassikaline pilkup\u00fc\u00fcdva punast, sinist ja kollast tooni ruudumustriga. See on t\u00e4iuslik meeste aksessuaar enda moekaks v\u00e4ljendamiseks.<br \/>\nNB! R\u00c4TTI SAAB KOHANDADA, LISADES MASINTIKITUD NIMET\u00c4HED (+5 \u20ac).<br \/>\nTee valik rippmen\u00fc\u00fcst.<br \/>\nMustri on disaininud Rita Assor.<br \/>\nMeie kangastel ja printimistintidel on OEKO-TEX sertifikaadid.<br \/>\nM\u00fc\u00fcakse piiratud kollektsioonina.<br \/>\nDigitr\u00fckk. K\u00e4sitsi palistatud.<br \/>\nPakendatud kinkekarpi.<\/p>\n<hr \/>\n<h2>SUURUS<\/h2>\n<p>40X40CM<\/p>\n<h2>MATERJAL<\/h2>\n<p>100% \u00a0TWILLSIID<\/p>\n<h2>HOOLDUS<\/h2>\n<p>KEEMILINE PUHASTUS<\/p>\n<hr \/>\n","protected":false},"excerpt":{"rendered":"<p>VIIMAKS OMETI! Siidist aksessuaar meestele! Tutvustame teile elevusega oma uut meeste siidist kaheteistk\u00fcmne eri mustriga taskur\u00e4ttide kollektsiooni. SQUARED RED ILUR\u00c4TIK on klassikaline pilkup\u00fc\u00fcdva punast, sinist ja kollast tooni ruudumustriga. See&hellip;<\/p>\n","protected":false},"featured_media":1523,"comment_status":"closed","ping_status":"closed","template":"","meta":{"inline_featured_image":false,"_monsterinsights_skip_tracking":false,"_monsterinsights_sitenote_active":false,"_monsterinsights_sitenote_note":"","_monsterinsights_sitenote_category":0,"_vp_format_video_url":"","_vp_image_focal_point":[]},"product_brand":[],"product_cat":[175,176],"product_tag":[153],"class_list":{"0":"post-4220","1":"product","2":"type-product","3":"status-publish","4":"has-post-thumbnail","6":"product_cat-iluratikud","7":"product_cat-siidist-ja-villased-aksessuaarid","8":"product_tag-miurio-aksessuaarid","9":"pa_collection-meeste-iluratikud","10":"pa_embroidered-initials-ilma-tikandita","11":"pa_embroidered-initials-masintikand-viskoosniidiga","13":"first","14":"instock","15":"shipping-taxable","16":"purchasable","17":"product-type-variable"},"yoast_head":"<!-- This site is optimized with the Yoast SEO plugin v27.2 - https:\/\/yoast.com\/product\/yoast-seo-wordpress\/ -->\n<title>SQUARED RED ILUR\u00c4TIK - Miurio Design Studio<\/title>\n<meta name=\"robots\" content=\"index, follow, max-snippet:-1, max-image-preview:large, max-video-preview:-1\" \/>\n<link rel=\"canonical\" href=\"https:\/\/miurio.com\/et\/toode\/squared-red-iluratik\/\" \/>\n<meta property=\"og:locale\" content=\"et_EE\" \/>\n<meta property=\"og:type\" content=\"article\" \/>\n<meta property=\"og:title\" content=\"SQUARED RED ILUR\u00c4TIK - Miurio Design Studio\" \/>\n<meta property=\"og:description\" content=\"VIIMAKS OMETI! Siidist aksessuaar meestele! Tutvustame teile elevusega oma uut meeste siidist kaheteistk\u00fcmne eri mustriga taskur\u00e4ttide kollektsiooni. SQUARED RED ILUR\u00c4TIK on klassikaline pilkup\u00fc\u00fcdva punast, sinist ja kollast tooni ruudumustriga. See&hellip;\" \/>\n<meta property=\"og:url\" content=\"https:\/\/miurio.com\/et\/toode\/squared-red-iluratik\/\" \/>\n<meta property=\"og:site_name\" content=\"Miurio Design Studio\" \/>\n<meta property=\"article:publisher\" content=\"http:\/\/www.facebook.com\/miuriodecor\" \/>\n<meta property=\"article:modified_time\" content=\"2025-01-22T15:59:18+00:00\" \/>\n<meta property=\"og:image\" content=\"https:\/\/miurio.com\/wp-content\/uploads\/2020\/08\/864a2f_f486b11a88de4697b1efbbe1a97eeff5mv2_d_5079_5079_s_4_2-scaled.jpg\" \/>\n\t<meta property=\"og:image:width\" content=\"3840\" \/>\n\t<meta property=\"og:image:height\" content=\"3840\" \/>\n\t<meta property=\"og:image:type\" content=\"image\/jpeg\" \/>\n<meta name=\"twitter:card\" content=\"summary_large_image\" \/>\n<script type=\"application\/ld+json\" class=\"yoast-schema-graph\">{\"@context\":\"https:\/\/schema.org\",\"@graph\":[{\"@type\":\"WebPage\",\"@id\":\"https:\/\/miurio.com\/et\/toode\/squared-red-iluratik\/\",\"url\":\"https:\/\/miurio.com\/et\/toode\/squared-red-iluratik\/\",\"name\":\"SQUARED RED ILUR\u00c4TIK - Miurio Design Studio\",\"isPartOf\":{\"@id\":\"https:\/\/miurio.com\/et\/#website\"},\"primaryImageOfPage\":{\"@id\":\"https:\/\/miurio.com\/et\/toode\/squared-red-iluratik\/#primaryimage\"},\"image\":{\"@id\":\"https:\/\/miurio.com\/et\/toode\/squared-red-iluratik\/#primaryimage\"},\"thumbnailUrl\":\"https:\/\/miurio.com\/wp-content\/uploads\/2020\/08\/864a2f_f486b11a88de4697b1efbbe1a97eeff5mv2_d_5079_5079_s_4_2-scaled.jpg\",\"datePublished\":\"2020-09-12T12:05:51+00:00\",\"dateModified\":\"2025-01-22T15:59:18+00:00\",\"breadcrumb\":{\"@id\":\"https:\/\/miurio.com\/et\/toode\/squared-red-iluratik\/#breadcrumb\"},\"inLanguage\":\"et\",\"potentialAction\":[{\"@type\":\"ReadAction\",\"target\":[\"https:\/\/miurio.com\/et\/toode\/squared-red-iluratik\/\"]}]},{\"@type\":\"ImageObject\",\"inLanguage\":\"et\",\"@id\":\"https:\/\/miurio.com\/et\/toode\/squared-red-iluratik\/#primaryimage\",\"url\":\"https:\/\/miurio.com\/wp-content\/uploads\/2020\/08\/864a2f_f486b11a88de4697b1efbbe1a97eeff5mv2_d_5079_5079_s_4_2-scaled.jpg\",\"contentUrl\":\"https:\/\/miurio.com\/wp-content\/uploads\/2020\/08\/864a2f_f486b11a88de4697b1efbbe1a97eeff5mv2_d_5079_5079_s_4_2-scaled.jpg\",\"width\":3840,\"height\":3840},{\"@type\":\"BreadcrumbList\",\"@id\":\"https:\/\/miurio.com\/et\/toode\/squared-red-iluratik\/#breadcrumb\",\"itemListElement\":[{\"@type\":\"ListItem\",\"position\":1,\"name\":\"Home\",\"item\":\"https:\/\/miurio.com\/et\/\"},{\"@type\":\"ListItem\",\"position\":2,\"name\":\"Pood\",\"item\":\"https:\/\/miurio.com\/et\/pood\/\"},{\"@type\":\"ListItem\",\"position\":3,\"name\":\"SQUARED RED ILUR\u00c4TIK\"}]},{\"@type\":\"WebSite\",\"@id\":\"https:\/\/miurio.com\/et\/#website\",\"url\":\"https:\/\/miurio.com\/et\/\",\"name\":\"Miurio Design Studio\",\"description\":\"MIURIO design studio website and e-shop\",\"publisher\":{\"@id\":\"https:\/\/miurio.com\/et\/#organization\"},\"potentialAction\":[{\"@type\":\"SearchAction\",\"target\":{\"@type\":\"EntryPoint\",\"urlTemplate\":\"https:\/\/miurio.com\/et\/?s={search_term_string}\"},\"query-input\":{\"@type\":\"PropertyValueSpecification\",\"valueRequired\":true,\"valueName\":\"search_term_string\"}}],\"inLanguage\":\"et\"},{\"@type\":\"Organization\",\"@id\":\"https:\/\/miurio.com\/et\/#organization\",\"name\":\"MIURIO DECOR O\u00dc\",\"url\":\"https:\/\/miurio.com\/et\/\",\"logo\":{\"@type\":\"ImageObject\",\"inLanguage\":\"et\",\"@id\":\"https:\/\/miurio.com\/et\/#\/schema\/logo\/image\/\",\"url\":\"https:\/\/miurio.com\/wp-content\/uploads\/2021\/08\/MIURIO-new-logo-3.png\",\"contentUrl\":\"https:\/\/miurio.com\/wp-content\/uploads\/2021\/08\/MIURIO-new-logo-3.png\",\"width\":1500,\"height\":1500,\"caption\":\"MIURIO DECOR O\u00dc\"},\"image\":{\"@id\":\"https:\/\/miurio.com\/et\/#\/schema\/logo\/image\/\"},\"sameAs\":[\"http:\/\/www.facebook.com\/miuriodecor\",\"https:\/\/instagram.com\/miurio_textiles\",\"https:\/\/www.pinterest.com\/miuriodecor\"]}]}<\/script>\n<!-- \/ Yoast SEO plugin. -->","yoast_head_json":{"title":"SQUARED RED ILUR\u00c4TIK - Miurio Design Studio","robots":{"index":"index","follow":"follow","max-snippet":"max-snippet:-1","max-image-preview":"max-image-preview:large","max-video-preview":"max-video-preview:-1"},"canonical":"https:\/\/miurio.com\/et\/toode\/squared-red-iluratik\/","og_locale":"et_EE","og_type":"article","og_title":"SQUARED RED ILUR\u00c4TIK - Miurio Design Studio","og_description":"VIIMAKS OMETI! Siidist aksessuaar meestele! Tutvustame teile elevusega oma uut meeste siidist kaheteistk\u00fcmne eri mustriga taskur\u00e4ttide kollektsiooni. SQUARED RED ILUR\u00c4TIK on klassikaline pilkup\u00fc\u00fcdva punast, sinist ja kollast tooni ruudumustriga. See&hellip;","og_url":"https:\/\/miurio.com\/et\/toode\/squared-red-iluratik\/","og_site_name":"Miurio Design Studio","article_publisher":"http:\/\/www.facebook.com\/miuriodecor","article_modified_time":"2025-01-22T15:59:18+00:00","og_image":[{"width":3840,"height":3840,"url":"https:\/\/miurio.com\/wp-content\/uploads\/2020\/08\/864a2f_f486b11a88de4697b1efbbe1a97eeff5mv2_d_5079_5079_s_4_2-scaled.jpg","type":"image\/jpeg"}],"twitter_card":"summary_large_image","schema":{"@context":"https:\/\/schema.org","@graph":[{"@type":"WebPage","@id":"https:\/\/miurio.com\/et\/toode\/squared-red-iluratik\/","url":"https:\/\/miurio.com\/et\/toode\/squared-red-iluratik\/","name":"SQUARED RED ILUR\u00c4TIK - Miurio Design Studio","isPartOf":{"@id":"https:\/\/miurio.com\/et\/#website"},"primaryImageOfPage":{"@id":"https:\/\/miurio.com\/et\/toode\/squared-red-iluratik\/#primaryimage"},"image":{"@id":"https:\/\/miurio.com\/et\/toode\/squared-red-iluratik\/#primaryimage"},"thumbnailUrl":"https:\/\/miurio.com\/wp-content\/uploads\/2020\/08\/864a2f_f486b11a88de4697b1efbbe1a97eeff5mv2_d_5079_5079_s_4_2-scaled.jpg","datePublished":"2020-09-12T12:05:51+00:00","dateModified":"2025-01-22T15:59:18+00:00","breadcrumb":{"@id":"https:\/\/miurio.com\/et\/toode\/squared-red-iluratik\/#breadcrumb"},"inLanguage":"et","potentialAction":[{"@type":"ReadAction","target":["https:\/\/miurio.com\/et\/toode\/squared-red-iluratik\/"]}]},{"@type":"ImageObject","inLanguage":"et","@id":"https:\/\/miurio.com\/et\/toode\/squared-red-iluratik\/#primaryimage","url":"https:\/\/miurio.com\/wp-content\/uploads\/2020\/08\/864a2f_f486b11a88de4697b1efbbe1a97eeff5mv2_d_5079_5079_s_4_2-scaled.jpg","contentUrl":"https:\/\/miurio.com\/wp-content\/uploads\/2020\/08\/864a2f_f486b11a88de4697b1efbbe1a97eeff5mv2_d_5079_5079_s_4_2-scaled.jpg","width":3840,"height":3840},{"@type":"BreadcrumbList","@id":"https:\/\/miurio.com\/et\/toode\/squared-red-iluratik\/#breadcrumb","itemListElement":[{"@type":"ListItem","position":1,"name":"Home","item":"https:\/\/miurio.com\/et\/"},{"@type":"ListItem","position":2,"name":"Pood","item":"https:\/\/miurio.com\/et\/pood\/"},{"@type":"ListItem","position":3,"name":"SQUARED RED ILUR\u00c4TIK"}]},{"@type":"WebSite","@id":"https:\/\/miurio.com\/et\/#website","url":"https:\/\/miurio.com\/et\/","name":"Miurio Design Studio","description":"MIURIO design studio website and e-shop","publisher":{"@id":"https:\/\/miurio.com\/et\/#organization"},"potentialAction":[{"@type":"SearchAction","target":{"@type":"EntryPoint","urlTemplate":"https:\/\/miurio.com\/et\/?s={search_term_string}"},"query-input":{"@type":"PropertyValueSpecification","valueRequired":true,"valueName":"search_term_string"}}],"inLanguage":"et"},{"@type":"Organization","@id":"https:\/\/miurio.com\/et\/#organization","name":"MIURIO DECOR O\u00dc","url":"https:\/\/miurio.com\/et\/","logo":{"@type":"ImageObject","inLanguage":"et","@id":"https:\/\/miurio.com\/et\/#\/schema\/logo\/image\/","url":"https:\/\/miurio.com\/wp-content\/uploads\/2021\/08\/MIURIO-new-logo-3.png","contentUrl":"https:\/\/miurio.com\/wp-content\/uploads\/2021\/08\/MIURIO-new-logo-3.png","width":1500,"height":1500,"caption":"MIURIO DECOR O\u00dc"},"image":{"@id":"https:\/\/miurio.com\/et\/#\/schema\/logo\/image\/"},"sameAs":["http:\/\/www.facebook.com\/miuriodecor","https:\/\/instagram.com\/miurio_textiles","https:\/\/www.pinterest.com\/miuriodecor"]}]}},"_links":{"self":[{"href":"https:\/\/miurio.com\/et\/wp-json\/wp\/v2\/product\/4220","targetHints":{"allow":["GET"]}}],"collection":[{"href":"https:\/\/miurio.com\/et\/wp-json\/wp\/v2\/product"}],"about":[{"href":"https:\/\/miurio.com\/et\/wp-json\/wp\/v2\/types\/product"}],"replies":[{"embeddable":true,"href":"https:\/\/miurio.com\/et\/wp-json\/wp\/v2\/comments?post=4220"}],"wp:featuredmedia":[{"embeddable":true,"href":"https:\/\/miurio.com\/et\/wp-json\/wp\/v2\/media\/1523"}],"wp:attachment":[{"href":"https:\/\/miurio.com\/et\/wp-json\/wp\/v2\/media?parent=4220"}],"wp:term":[{"taxonomy":"product_brand","embeddable":true,"href":"https:\/\/miurio.com\/et\/wp-json\/wp\/v2\/product_brand?post=4220"},{"taxonomy":"product_cat","embeddable":true,"href":"https:\/\/miurio.com\/et\/wp-json\/wp\/v2\/product_cat?post=4220"},{"taxonomy":"product_tag","embeddable":true,"href":"https:\/\/miurio.com\/et\/wp-json\/wp\/v2\/product_tag?post=4220"}],"curies":[{"name":"wp","href":"https:\/\/api.w.org\/{rel}","templated":true}]}}