{"id":3816,"date":"2020-09-07T19:15:40","date_gmt":"2020-09-07T19:15:40","guid":{"rendered":"https:\/\/miurio.com\/product-page\/kujutlusvoime-est-telefoni-taustapilt\/"},"modified":"2020-09-07T19:15:40","modified_gmt":"2020-09-07T19:15:40","slug":"kujutlusvoime-est-telefoni-taustapilt","status":"publish","type":"product","link":"https:\/\/miurio.com\/et\/toode\/kujutlusvoime-est-telefoni-taustapilt\/","title":{"rendered":"&#8220;KUJUTLUSV\u00d5IME&#8221; EST telefoni taustapilt"},"content":{"rendered":"<p>Iga Sinu ostuga kogume raha Hille T\u00e4navsuu v\u00e4hifondile &#8220;Kingitud\u00a0Elu!&#8221;<\/p>\n<p>Iga annetatud 5\u20ac ostu eest, annetatakse 4\u20ac fondile, \u00fclej\u00e4\u00e4nud &#8211; hetegevuskampaania finantseerimisele.<\/p>\n<p>&nbsp;<\/p>\n<p>NB! Kui soovid annetada rohkem, kui 5\u20ac (nt 10\u20ac, 15\u20ac, 20\u20ac, 25\u20ac jne) &#8211; osta korraga mitu telefoni taustapilti.<\/p>\n<p>AIT\u00c4H SULLE ARMASTUSE JA HOOLIVUSE EEST!<\/p>\n<p>&nbsp;<\/p>\n<p>&#8220;Kingitud elu&#8221; on \u00f5lek\u00f5rs v\u00e4hihaigetele, keda ei saa aidata Eesti Haigekassa. Fond aitab rahastada h\u00e4davajalikku ravi, kinkides lootuse ja v\u00f5imaluse kauem t\u00e4isv\u00e4\u00e4rtuslikult elada v\u00f5i koguni terveneda.<\/p>\n<hr \/>\n<h2>FILE SIZE<\/h2>\n<p>1080x1920px<\/p>\n<hr \/>\n","protected":false},"excerpt":{"rendered":"<p>Iga Sinu ostuga kogume raha Hille T\u00e4navsuu v\u00e4hifondile &#8220;Kingitud\u00a0Elu!&#8221; Iga annetatud 5\u20ac ostu eest, annetatakse 4\u20ac fondile, \u00fclej\u00e4\u00e4nud &#8211; hetegevuskampaania finantseerimisele. &nbsp; NB! Kui soovid annetada rohkem, kui 5\u20ac (nt&hellip;<\/p>\n","protected":false},"featured_media":3758,"comment_status":"closed","ping_status":"closed","template":"","meta":{"inline_featured_image":false,"_monsterinsights_skip_tracking":false,"_monsterinsights_sitenote_active":false,"_monsterinsights_sitenote_note":"","_monsterinsights_sitenote_category":0,"_vp_format_video_url":"","_vp_image_focal_point":[]},"product_brand":[],"product_cat":[198,262],"product_tag":[],"class_list":{"0":"post-3816","1":"product","2":"type-product","3":"status-publish","4":"has-post-thumbnail","6":"product_cat-heategevus","7":"product_cat-262","9":"first","10":"instock","11":"downloadable","12":"shipping-taxable","13":"purchasable","14":"product-type-simple"},"yoast_head":"<!-- This site is optimized with the Yoast SEO plugin v27.2 - https:\/\/yoast.com\/product\/yoast-seo-wordpress\/ -->\n<title>&quot;KUJUTLUSV\u00d5IME&quot; EST telefoni taustapilt - Miurio Design Studio<\/title>\n<meta name=\"robots\" content=\"index, follow, max-snippet:-1, max-image-preview:large, max-video-preview:-1\" \/>\n<link rel=\"canonical\" href=\"https:\/\/miurio.com\/et\/toode\/kujutlusvoime-est-telefoni-taustapilt\/\" \/>\n<meta property=\"og:locale\" content=\"et_EE\" \/>\n<meta property=\"og:type\" content=\"article\" \/>\n<meta property=\"og:title\" content=\"&quot;KUJUTLUSV\u00d5IME&quot; EST telefoni taustapilt - Miurio Design Studio\" \/>\n<meta property=\"og:description\" content=\"Iga Sinu ostuga kogume raha Hille T\u00e4navsuu v\u00e4hifondile &#8220;Kingitud\u00a0Elu!&#8221; Iga annetatud 5\u20ac ostu eest, annetatakse 4\u20ac fondile, \u00fclej\u00e4\u00e4nud &#8211; hetegevuskampaania finantseerimisele. &nbsp; NB! Kui soovid annetada rohkem, kui 5\u20ac (nt&hellip;\" \/>\n<meta property=\"og:url\" content=\"https:\/\/miurio.com\/et\/toode\/kujutlusvoime-est-telefoni-taustapilt\/\" \/>\n<meta property=\"og:site_name\" content=\"Miurio Design Studio\" \/>\n<meta property=\"article:publisher\" content=\"http:\/\/www.facebook.com\/miuriodecor\" \/>\n<meta property=\"og:image\" content=\"https:\/\/miurio.com\/wp-content\/uploads\/2020\/09\/864a2f_d2054f77e6054241b8b867122d901295mv2.jpg\" \/>\n\t<meta property=\"og:image:width\" content=\"1014\" \/>\n\t<meta property=\"og:image:height\" content=\"1014\" \/>\n\t<meta property=\"og:image:type\" content=\"image\/jpeg\" \/>\n<meta name=\"twitter:card\" content=\"summary_large_image\" \/>\n<script type=\"application\/ld+json\" class=\"yoast-schema-graph\">{\"@context\":\"https:\/\/schema.org\",\"@graph\":[{\"@type\":\"WebPage\",\"@id\":\"https:\/\/miurio.com\/et\/toode\/kujutlusvoime-est-telefoni-taustapilt\/\",\"url\":\"https:\/\/miurio.com\/et\/toode\/kujutlusvoime-est-telefoni-taustapilt\/\",\"name\":\"\\\"KUJUTLUSV\u00d5IME\\\" EST telefoni taustapilt - Miurio Design Studio\",\"isPartOf\":{\"@id\":\"https:\/\/miurio.com\/et\/#website\"},\"primaryImageOfPage\":{\"@id\":\"https:\/\/miurio.com\/et\/toode\/kujutlusvoime-est-telefoni-taustapilt\/#primaryimage\"},\"image\":{\"@id\":\"https:\/\/miurio.com\/et\/toode\/kujutlusvoime-est-telefoni-taustapilt\/#primaryimage\"},\"thumbnailUrl\":\"https:\/\/miurio.com\/wp-content\/uploads\/2020\/09\/864a2f_d2054f77e6054241b8b867122d901295mv2.jpg\",\"datePublished\":\"2020-09-07T19:15:40+00:00\",\"breadcrumb\":{\"@id\":\"https:\/\/miurio.com\/et\/toode\/kujutlusvoime-est-telefoni-taustapilt\/#breadcrumb\"},\"inLanguage\":\"et\",\"potentialAction\":[{\"@type\":\"ReadAction\",\"target\":[\"https:\/\/miurio.com\/et\/toode\/kujutlusvoime-est-telefoni-taustapilt\/\"]}]},{\"@type\":\"ImageObject\",\"inLanguage\":\"et\",\"@id\":\"https:\/\/miurio.com\/et\/toode\/kujutlusvoime-est-telefoni-taustapilt\/#primaryimage\",\"url\":\"https:\/\/miurio.com\/wp-content\/uploads\/2020\/09\/864a2f_d2054f77e6054241b8b867122d901295mv2.jpg\",\"contentUrl\":\"https:\/\/miurio.com\/wp-content\/uploads\/2020\/09\/864a2f_d2054f77e6054241b8b867122d901295mv2.jpg\",\"width\":1014,\"height\":1014},{\"@type\":\"BreadcrumbList\",\"@id\":\"https:\/\/miurio.com\/et\/toode\/kujutlusvoime-est-telefoni-taustapilt\/#breadcrumb\",\"itemListElement\":[{\"@type\":\"ListItem\",\"position\":1,\"name\":\"Home\",\"item\":\"https:\/\/miurio.com\/et\/\"},{\"@type\":\"ListItem\",\"position\":2,\"name\":\"Pood\",\"item\":\"https:\/\/miurio.com\/et\/pood\/\"},{\"@type\":\"ListItem\",\"position\":3,\"name\":\"&#8220;KUJUTLUSV\u00d5IME&#8221; EST telefoni taustapilt\"}]},{\"@type\":\"WebSite\",\"@id\":\"https:\/\/miurio.com\/et\/#website\",\"url\":\"https:\/\/miurio.com\/et\/\",\"name\":\"Miurio Design Studio\",\"description\":\"MIURIO design studio website and e-shop\",\"publisher\":{\"@id\":\"https:\/\/miurio.com\/et\/#organization\"},\"potentialAction\":[{\"@type\":\"SearchAction\",\"target\":{\"@type\":\"EntryPoint\",\"urlTemplate\":\"https:\/\/miurio.com\/et\/?s={search_term_string}\"},\"query-input\":{\"@type\":\"PropertyValueSpecification\",\"valueRequired\":true,\"valueName\":\"search_term_string\"}}],\"inLanguage\":\"et\"},{\"@type\":\"Organization\",\"@id\":\"https:\/\/miurio.com\/et\/#organization\",\"name\":\"MIURIO DECOR O\u00dc\",\"url\":\"https:\/\/miurio.com\/et\/\",\"logo\":{\"@type\":\"ImageObject\",\"inLanguage\":\"et\",\"@id\":\"https:\/\/miurio.com\/et\/#\/schema\/logo\/image\/\",\"url\":\"https:\/\/miurio.com\/wp-content\/uploads\/2021\/08\/MIURIO-new-logo-3.png\",\"contentUrl\":\"https:\/\/miurio.com\/wp-content\/uploads\/2021\/08\/MIURIO-new-logo-3.png\",\"width\":1500,\"height\":1500,\"caption\":\"MIURIO DECOR O\u00dc\"},\"image\":{\"@id\":\"https:\/\/miurio.com\/et\/#\/schema\/logo\/image\/\"},\"sameAs\":[\"http:\/\/www.facebook.com\/miuriodecor\",\"https:\/\/instagram.com\/miurio_textiles\",\"https:\/\/www.pinterest.com\/miuriodecor\"]}]}<\/script>\n<!-- \/ Yoast SEO plugin. -->","yoast_head_json":{"title":"\"KUJUTLUSV\u00d5IME\" EST telefoni taustapilt - Miurio Design Studio","robots":{"index":"index","follow":"follow","max-snippet":"max-snippet:-1","max-image-preview":"max-image-preview:large","max-video-preview":"max-video-preview:-1"},"canonical":"https:\/\/miurio.com\/et\/toode\/kujutlusvoime-est-telefoni-taustapilt\/","og_locale":"et_EE","og_type":"article","og_title":"\"KUJUTLUSV\u00d5IME\" EST telefoni taustapilt - Miurio Design Studio","og_description":"Iga Sinu ostuga kogume raha Hille T\u00e4navsuu v\u00e4hifondile &#8220;Kingitud\u00a0Elu!&#8221; Iga annetatud 5\u20ac ostu eest, annetatakse 4\u20ac fondile, \u00fclej\u00e4\u00e4nud &#8211; hetegevuskampaania finantseerimisele. &nbsp; NB! Kui soovid annetada rohkem, kui 5\u20ac (nt&hellip;","og_url":"https:\/\/miurio.com\/et\/toode\/kujutlusvoime-est-telefoni-taustapilt\/","og_site_name":"Miurio Design Studio","article_publisher":"http:\/\/www.facebook.com\/miuriodecor","og_image":[{"width":1014,"height":1014,"url":"https:\/\/miurio.com\/wp-content\/uploads\/2020\/09\/864a2f_d2054f77e6054241b8b867122d901295mv2.jpg","type":"image\/jpeg"}],"twitter_card":"summary_large_image","schema":{"@context":"https:\/\/schema.org","@graph":[{"@type":"WebPage","@id":"https:\/\/miurio.com\/et\/toode\/kujutlusvoime-est-telefoni-taustapilt\/","url":"https:\/\/miurio.com\/et\/toode\/kujutlusvoime-est-telefoni-taustapilt\/","name":"\"KUJUTLUSV\u00d5IME\" EST telefoni taustapilt - Miurio Design Studio","isPartOf":{"@id":"https:\/\/miurio.com\/et\/#website"},"primaryImageOfPage":{"@id":"https:\/\/miurio.com\/et\/toode\/kujutlusvoime-est-telefoni-taustapilt\/#primaryimage"},"image":{"@id":"https:\/\/miurio.com\/et\/toode\/kujutlusvoime-est-telefoni-taustapilt\/#primaryimage"},"thumbnailUrl":"https:\/\/miurio.com\/wp-content\/uploads\/2020\/09\/864a2f_d2054f77e6054241b8b867122d901295mv2.jpg","datePublished":"2020-09-07T19:15:40+00:00","breadcrumb":{"@id":"https:\/\/miurio.com\/et\/toode\/kujutlusvoime-est-telefoni-taustapilt\/#breadcrumb"},"inLanguage":"et","potentialAction":[{"@type":"ReadAction","target":["https:\/\/miurio.com\/et\/toode\/kujutlusvoime-est-telefoni-taustapilt\/"]}]},{"@type":"ImageObject","inLanguage":"et","@id":"https:\/\/miurio.com\/et\/toode\/kujutlusvoime-est-telefoni-taustapilt\/#primaryimage","url":"https:\/\/miurio.com\/wp-content\/uploads\/2020\/09\/864a2f_d2054f77e6054241b8b867122d901295mv2.jpg","contentUrl":"https:\/\/miurio.com\/wp-content\/uploads\/2020\/09\/864a2f_d2054f77e6054241b8b867122d901295mv2.jpg","width":1014,"height":1014},{"@type":"BreadcrumbList","@id":"https:\/\/miurio.com\/et\/toode\/kujutlusvoime-est-telefoni-taustapilt\/#breadcrumb","itemListElement":[{"@type":"ListItem","position":1,"name":"Home","item":"https:\/\/miurio.com\/et\/"},{"@type":"ListItem","position":2,"name":"Pood","item":"https:\/\/miurio.com\/et\/pood\/"},{"@type":"ListItem","position":3,"name":"&#8220;KUJUTLUSV\u00d5IME&#8221; EST telefoni taustapilt"}]},{"@type":"WebSite","@id":"https:\/\/miurio.com\/et\/#website","url":"https:\/\/miurio.com\/et\/","name":"Miurio Design Studio","description":"MIURIO design studio website and e-shop","publisher":{"@id":"https:\/\/miurio.com\/et\/#organization"},"potentialAction":[{"@type":"SearchAction","target":{"@type":"EntryPoint","urlTemplate":"https:\/\/miurio.com\/et\/?s={search_term_string}"},"query-input":{"@type":"PropertyValueSpecification","valueRequired":true,"valueName":"search_term_string"}}],"inLanguage":"et"},{"@type":"Organization","@id":"https:\/\/miurio.com\/et\/#organization","name":"MIURIO DECOR O\u00dc","url":"https:\/\/miurio.com\/et\/","logo":{"@type":"ImageObject","inLanguage":"et","@id":"https:\/\/miurio.com\/et\/#\/schema\/logo\/image\/","url":"https:\/\/miurio.com\/wp-content\/uploads\/2021\/08\/MIURIO-new-logo-3.png","contentUrl":"https:\/\/miurio.com\/wp-content\/uploads\/2021\/08\/MIURIO-new-logo-3.png","width":1500,"height":1500,"caption":"MIURIO DECOR O\u00dc"},"image":{"@id":"https:\/\/miurio.com\/et\/#\/schema\/logo\/image\/"},"sameAs":["http:\/\/www.facebook.com\/miuriodecor","https:\/\/instagram.com\/miurio_textiles","https:\/\/www.pinterest.com\/miuriodecor"]}]}},"_links":{"self":[{"href":"https:\/\/miurio.com\/et\/wp-json\/wp\/v2\/product\/3816","targetHints":{"allow":["GET"]}}],"collection":[{"href":"https:\/\/miurio.com\/et\/wp-json\/wp\/v2\/product"}],"about":[{"href":"https:\/\/miurio.com\/et\/wp-json\/wp\/v2\/types\/product"}],"replies":[{"embeddable":true,"href":"https:\/\/miurio.com\/et\/wp-json\/wp\/v2\/comments?post=3816"}],"wp:featuredmedia":[{"embeddable":true,"href":"https:\/\/miurio.com\/et\/wp-json\/wp\/v2\/media\/3758"}],"wp:attachment":[{"href":"https:\/\/miurio.com\/et\/wp-json\/wp\/v2\/media?parent=3816"}],"wp:term":[{"taxonomy":"product_brand","embeddable":true,"href":"https:\/\/miurio.com\/et\/wp-json\/wp\/v2\/product_brand?post=3816"},{"taxonomy":"product_cat","embeddable":true,"href":"https:\/\/miurio.com\/et\/wp-json\/wp\/v2\/product_cat?post=3816"},{"taxonomy":"product_tag","embeddable":true,"href":"https:\/\/miurio.com\/et\/wp-json\/wp\/v2\/product_tag?post=3816"}],"curies":[{"name":"wp","href":"https:\/\/api.w.org\/{rel}","templated":true}]}}