{"id":3111,"date":"2020-08-27T12:19:37","date_gmt":"2020-08-28T15:53:44","guid":{"rendered":"https:\/\/miurio.com\/product\/orange-mandala-sisustuspadi\/"},"modified":"2020-10-08T18:40:09","modified_gmt":"2020-10-08T18:40:09","slug":"orange-mandala-sisustuspadi","status":"publish","type":"product","link":"https:\/\/miurio.com\/et\/toode\/orange-mandala-sisustuspadi\/","title":{"rendered":"ORANGE MANDALA SISUSTUSPADI"},"content":{"rendered":"<p>Oran\u017e mandala padi on energiat andev ja kirgas. Mandala (t\u00e4hendab sanskriti keeles ringi) esindab enese terviklikkust. See padi on teie kodu tasakaalustav element, mis s\u00fcmboliseerib harmooniat ja \u00fchtsust. Saadaval ka sobiva mustriga tapeedina.<br \/>\nSaadaval kas koos v\u00f5i ilma sees oleva sisupadjata.<br \/>\nMustri on disaininud Rita Assor.<br \/>\nTeravate servadega kujundus.<br \/>\nLukk alumises servas.<br \/>\nPrinditud ja valmistatud EL-is.<br \/>\nPadjap\u00fc\u00fcri sisse k\u00e4iv sisupadi saadaval lisatasu eest.<br \/>\nNB! Toodetakse vastavalt eritellimusele (tootmisaeg kuni 4 n\u00e4dalat).<\/p>\n<hr \/>\n<h2>TOOTEKIRJELDUS<\/h2>\n<p>W: 50 cm x D: 10 cm x H: 50 cm<\/p>\n<h2>MATERJAL<\/h2>\n<p><span>97% PUUVILL, 3% ELAST\u00c4\u00c4N<\/span><\/p>\n<h2><\/h2>\n<hr \/>\n","protected":false},"excerpt":{"rendered":"<p>Oran\u017e mandala padi on energiat andev ja kirgas. Mandala (t\u00e4hendab sanskriti keeles ringi) esindab enese terviklikkust. See padi on teie kodu tasakaalustav element, mis s\u00fcmboliseerib harmooniat ja \u00fchtsust. Saadaval ka&hellip;<\/p>\n","protected":false},"featured_media":869,"comment_status":"closed","ping_status":"open","template":"","meta":{"inline_featured_image":false,"_monsterinsights_skip_tracking":false,"_monsterinsights_sitenote_active":false,"_monsterinsights_sitenote_note":"","_monsterinsights_sitenote_category":0,"_vp_format_video_url":"","_vp_image_focal_point":[]},"product_brand":[],"product_cat":[149,150],"product_tag":[144],"class_list":{"0":"post-3111","1":"product","2":"type-product","3":"status-publish","4":"has-post-thumbnail","6":"product_cat-sisustuspadjad-ja-tumbad","7":"product_cat-sisustustooted","8":"product_tag-kodu-dekoor","9":"product_shipping_class-patjade-ja-tapeetide-tarne","10":"pa_collection-mandala-kollektsioon","11":"pa_insert-pillow-koos-sisupadjaga","12":"pa_insert-pillow-padjakate","14":"first","15":"instock","16":"shipping-taxable","17":"purchasable","18":"product-type-variable"},"yoast_head":"<!-- This site is optimized with the Yoast SEO plugin v27.2 - https:\/\/yoast.com\/product\/yoast-seo-wordpress\/ -->\n<title>ORANGE MANDALA SISUSTUSPADI - Miurio Design Studio<\/title>\n<meta name=\"robots\" content=\"index, follow, max-snippet:-1, max-image-preview:large, max-video-preview:-1\" \/>\n<link rel=\"canonical\" href=\"https:\/\/miurio.com\/et\/toode\/orange-mandala-sisustuspadi\/\" \/>\n<meta property=\"og:locale\" content=\"et_EE\" \/>\n<meta property=\"og:type\" content=\"article\" \/>\n<meta property=\"og:title\" content=\"ORANGE MANDALA SISUSTUSPADI - Miurio Design Studio\" \/>\n<meta property=\"og:description\" content=\"Oran\u017e mandala padi on energiat andev ja kirgas. Mandala (t\u00e4hendab sanskriti keeles ringi) esindab enese terviklikkust. See padi on teie kodu tasakaalustav element, mis s\u00fcmboliseerib harmooniat ja \u00fchtsust. Saadaval ka&hellip;\" \/>\n<meta property=\"og:url\" content=\"https:\/\/miurio.com\/et\/toode\/orange-mandala-sisustuspadi\/\" \/>\n<meta property=\"og:site_name\" content=\"Miurio Design Studio\" \/>\n<meta property=\"article:publisher\" content=\"http:\/\/www.facebook.com\/miuriodecor\" \/>\n<meta property=\"article:modified_time\" content=\"2020-10-08T18:40:09+00:00\" \/>\n<meta property=\"og:image\" content=\"https:\/\/miurio.com\/wp-content\/uploads\/2020\/08\/864a2f_e906df0b3f84476083f1799fef5001d3mv2.png\" \/>\n\t<meta property=\"og:image:width\" content=\"1076\" \/>\n\t<meta property=\"og:image:height\" content=\"1102\" \/>\n\t<meta property=\"og:image:type\" content=\"image\/png\" \/>\n<meta name=\"twitter:card\" content=\"summary_large_image\" \/>\n<script type=\"application\/ld+json\" class=\"yoast-schema-graph\">{\"@context\":\"https:\/\/schema.org\",\"@graph\":[{\"@type\":\"WebPage\",\"@id\":\"https:\/\/miurio.com\/et\/toode\/orange-mandala-sisustuspadi\/\",\"url\":\"https:\/\/miurio.com\/et\/toode\/orange-mandala-sisustuspadi\/\",\"name\":\"ORANGE MANDALA SISUSTUSPADI - Miurio Design Studio\",\"isPartOf\":{\"@id\":\"https:\/\/miurio.com\/et\/#website\"},\"primaryImageOfPage\":{\"@id\":\"https:\/\/miurio.com\/et\/toode\/orange-mandala-sisustuspadi\/#primaryimage\"},\"image\":{\"@id\":\"https:\/\/miurio.com\/et\/toode\/orange-mandala-sisustuspadi\/#primaryimage\"},\"thumbnailUrl\":\"https:\/\/miurio.com\/wp-content\/uploads\/2020\/08\/864a2f_e906df0b3f84476083f1799fef5001d3mv2.png\",\"datePublished\":\"2020-08-28T15:53:44+00:00\",\"dateModified\":\"2020-10-08T18:40:09+00:00\",\"breadcrumb\":{\"@id\":\"https:\/\/miurio.com\/et\/toode\/orange-mandala-sisustuspadi\/#breadcrumb\"},\"inLanguage\":\"et\",\"potentialAction\":[{\"@type\":\"ReadAction\",\"target\":[\"https:\/\/miurio.com\/et\/toode\/orange-mandala-sisustuspadi\/\"]}]},{\"@type\":\"ImageObject\",\"inLanguage\":\"et\",\"@id\":\"https:\/\/miurio.com\/et\/toode\/orange-mandala-sisustuspadi\/#primaryimage\",\"url\":\"https:\/\/miurio.com\/wp-content\/uploads\/2020\/08\/864a2f_e906df0b3f84476083f1799fef5001d3mv2.png\",\"contentUrl\":\"https:\/\/miurio.com\/wp-content\/uploads\/2020\/08\/864a2f_e906df0b3f84476083f1799fef5001d3mv2.png\",\"width\":1076,\"height\":1102},{\"@type\":\"BreadcrumbList\",\"@id\":\"https:\/\/miurio.com\/et\/toode\/orange-mandala-sisustuspadi\/#breadcrumb\",\"itemListElement\":[{\"@type\":\"ListItem\",\"position\":1,\"name\":\"Home\",\"item\":\"https:\/\/miurio.com\/et\/\"},{\"@type\":\"ListItem\",\"position\":2,\"name\":\"Pood\",\"item\":\"https:\/\/miurio.com\/et\/pood\/\"},{\"@type\":\"ListItem\",\"position\":3,\"name\":\"ORANGE MANDALA SISUSTUSPADI\"}]},{\"@type\":\"WebSite\",\"@id\":\"https:\/\/miurio.com\/et\/#website\",\"url\":\"https:\/\/miurio.com\/et\/\",\"name\":\"Miurio Design Studio\",\"description\":\"MIURIO design studio website and e-shop\",\"publisher\":{\"@id\":\"https:\/\/miurio.com\/et\/#organization\"},\"potentialAction\":[{\"@type\":\"SearchAction\",\"target\":{\"@type\":\"EntryPoint\",\"urlTemplate\":\"https:\/\/miurio.com\/et\/?s={search_term_string}\"},\"query-input\":{\"@type\":\"PropertyValueSpecification\",\"valueRequired\":true,\"valueName\":\"search_term_string\"}}],\"inLanguage\":\"et\"},{\"@type\":\"Organization\",\"@id\":\"https:\/\/miurio.com\/et\/#organization\",\"name\":\"MIURIO DECOR O\u00dc\",\"url\":\"https:\/\/miurio.com\/et\/\",\"logo\":{\"@type\":\"ImageObject\",\"inLanguage\":\"et\",\"@id\":\"https:\/\/miurio.com\/et\/#\/schema\/logo\/image\/\",\"url\":\"https:\/\/miurio.com\/wp-content\/uploads\/2021\/08\/MIURIO-new-logo-3.png\",\"contentUrl\":\"https:\/\/miurio.com\/wp-content\/uploads\/2021\/08\/MIURIO-new-logo-3.png\",\"width\":1500,\"height\":1500,\"caption\":\"MIURIO DECOR O\u00dc\"},\"image\":{\"@id\":\"https:\/\/miurio.com\/et\/#\/schema\/logo\/image\/\"},\"sameAs\":[\"http:\/\/www.facebook.com\/miuriodecor\",\"https:\/\/instagram.com\/miurio_textiles\",\"https:\/\/www.pinterest.com\/miuriodecor\"]}]}<\/script>\n<!-- \/ Yoast SEO plugin. -->","yoast_head_json":{"title":"ORANGE MANDALA SISUSTUSPADI - Miurio Design Studio","robots":{"index":"index","follow":"follow","max-snippet":"max-snippet:-1","max-image-preview":"max-image-preview:large","max-video-preview":"max-video-preview:-1"},"canonical":"https:\/\/miurio.com\/et\/toode\/orange-mandala-sisustuspadi\/","og_locale":"et_EE","og_type":"article","og_title":"ORANGE MANDALA SISUSTUSPADI - Miurio Design Studio","og_description":"Oran\u017e mandala padi on energiat andev ja kirgas. Mandala (t\u00e4hendab sanskriti keeles ringi) esindab enese terviklikkust. See padi on teie kodu tasakaalustav element, mis s\u00fcmboliseerib harmooniat ja \u00fchtsust. Saadaval ka&hellip;","og_url":"https:\/\/miurio.com\/et\/toode\/orange-mandala-sisustuspadi\/","og_site_name":"Miurio Design Studio","article_publisher":"http:\/\/www.facebook.com\/miuriodecor","article_modified_time":"2020-10-08T18:40:09+00:00","og_image":[{"width":1076,"height":1102,"url":"https:\/\/miurio.com\/wp-content\/uploads\/2020\/08\/864a2f_e906df0b3f84476083f1799fef5001d3mv2.png","type":"image\/png"}],"twitter_card":"summary_large_image","schema":{"@context":"https:\/\/schema.org","@graph":[{"@type":"WebPage","@id":"https:\/\/miurio.com\/et\/toode\/orange-mandala-sisustuspadi\/","url":"https:\/\/miurio.com\/et\/toode\/orange-mandala-sisustuspadi\/","name":"ORANGE MANDALA SISUSTUSPADI - Miurio Design Studio","isPartOf":{"@id":"https:\/\/miurio.com\/et\/#website"},"primaryImageOfPage":{"@id":"https:\/\/miurio.com\/et\/toode\/orange-mandala-sisustuspadi\/#primaryimage"},"image":{"@id":"https:\/\/miurio.com\/et\/toode\/orange-mandala-sisustuspadi\/#primaryimage"},"thumbnailUrl":"https:\/\/miurio.com\/wp-content\/uploads\/2020\/08\/864a2f_e906df0b3f84476083f1799fef5001d3mv2.png","datePublished":"2020-08-28T15:53:44+00:00","dateModified":"2020-10-08T18:40:09+00:00","breadcrumb":{"@id":"https:\/\/miurio.com\/et\/toode\/orange-mandala-sisustuspadi\/#breadcrumb"},"inLanguage":"et","potentialAction":[{"@type":"ReadAction","target":["https:\/\/miurio.com\/et\/toode\/orange-mandala-sisustuspadi\/"]}]},{"@type":"ImageObject","inLanguage":"et","@id":"https:\/\/miurio.com\/et\/toode\/orange-mandala-sisustuspadi\/#primaryimage","url":"https:\/\/miurio.com\/wp-content\/uploads\/2020\/08\/864a2f_e906df0b3f84476083f1799fef5001d3mv2.png","contentUrl":"https:\/\/miurio.com\/wp-content\/uploads\/2020\/08\/864a2f_e906df0b3f84476083f1799fef5001d3mv2.png","width":1076,"height":1102},{"@type":"BreadcrumbList","@id":"https:\/\/miurio.com\/et\/toode\/orange-mandala-sisustuspadi\/#breadcrumb","itemListElement":[{"@type":"ListItem","position":1,"name":"Home","item":"https:\/\/miurio.com\/et\/"},{"@type":"ListItem","position":2,"name":"Pood","item":"https:\/\/miurio.com\/et\/pood\/"},{"@type":"ListItem","position":3,"name":"ORANGE MANDALA SISUSTUSPADI"}]},{"@type":"WebSite","@id":"https:\/\/miurio.com\/et\/#website","url":"https:\/\/miurio.com\/et\/","name":"Miurio Design Studio","description":"MIURIO design studio website and e-shop","publisher":{"@id":"https:\/\/miurio.com\/et\/#organization"},"potentialAction":[{"@type":"SearchAction","target":{"@type":"EntryPoint","urlTemplate":"https:\/\/miurio.com\/et\/?s={search_term_string}"},"query-input":{"@type":"PropertyValueSpecification","valueRequired":true,"valueName":"search_term_string"}}],"inLanguage":"et"},{"@type":"Organization","@id":"https:\/\/miurio.com\/et\/#organization","name":"MIURIO DECOR O\u00dc","url":"https:\/\/miurio.com\/et\/","logo":{"@type":"ImageObject","inLanguage":"et","@id":"https:\/\/miurio.com\/et\/#\/schema\/logo\/image\/","url":"https:\/\/miurio.com\/wp-content\/uploads\/2021\/08\/MIURIO-new-logo-3.png","contentUrl":"https:\/\/miurio.com\/wp-content\/uploads\/2021\/08\/MIURIO-new-logo-3.png","width":1500,"height":1500,"caption":"MIURIO DECOR O\u00dc"},"image":{"@id":"https:\/\/miurio.com\/et\/#\/schema\/logo\/image\/"},"sameAs":["http:\/\/www.facebook.com\/miuriodecor","https:\/\/instagram.com\/miurio_textiles","https:\/\/www.pinterest.com\/miuriodecor"]}]}},"_links":{"self":[{"href":"https:\/\/miurio.com\/et\/wp-json\/wp\/v2\/product\/3111","targetHints":{"allow":["GET"]}}],"collection":[{"href":"https:\/\/miurio.com\/et\/wp-json\/wp\/v2\/product"}],"about":[{"href":"https:\/\/miurio.com\/et\/wp-json\/wp\/v2\/types\/product"}],"replies":[{"embeddable":true,"href":"https:\/\/miurio.com\/et\/wp-json\/wp\/v2\/comments?post=3111"}],"wp:featuredmedia":[{"embeddable":true,"href":"https:\/\/miurio.com\/et\/wp-json\/wp\/v2\/media\/869"}],"wp:attachment":[{"href":"https:\/\/miurio.com\/et\/wp-json\/wp\/v2\/media?parent=3111"}],"wp:term":[{"taxonomy":"product_brand","embeddable":true,"href":"https:\/\/miurio.com\/et\/wp-json\/wp\/v2\/product_brand?post=3111"},{"taxonomy":"product_cat","embeddable":true,"href":"https:\/\/miurio.com\/et\/wp-json\/wp\/v2\/product_cat?post=3111"},{"taxonomy":"product_tag","embeddable":true,"href":"https:\/\/miurio.com\/et\/wp-json\/wp\/v2\/product_tag?post=3111"}],"curies":[{"name":"wp","href":"https:\/\/api.w.org\/{rel}","templated":true}]}}