{"id":3066,"date":"2020-08-27T12:19:20","date_gmt":"2020-08-28T15:53:22","guid":{"rendered":"https:\/\/miurio.com\/product\/pomegranate-dark-blue-okotapeet\/"},"modified":"2020-08-28T15:53:28","modified_gmt":"2020-08-28T15:53:28","slug":"pomegranate-dark-blue-okotapeet","status":"publish","type":"product","link":"https:\/\/miurio.com\/et\/toode\/pomegranate-dark-blue-okotapeet\/","title":{"rendered":"POMEGRANATE DARK BLUE \u00d6KOTAPEET"},"content":{"rendered":"<p>GRANAAT\u00d5UNA kollektsioonis on kokkusobivad \u00f6kotapeedid, k\u00e4sitsi tikitud disainpadjad ja eksklusiivsed k\u00e4sitsi s\u00f5lm- v\u00f5i k\u00e4situfttehnikas valmistatud villased vaibad.<br \/>\nGranaat\u00f5unamustriga tapeete on moekat tumesinist, h\u00f5behalli ja roosat v\u00e4rvi.<br \/>\nNB! Tumesinine granaat\u00f5unamuster on kaks korda suurem, kui selle paarilised \u2013 halli ja roosa taustaga tapeet.<br \/>\nPaljudes iidsetes kultuurides s\u00fcmboliseerib granaat\u00f5un viljakust, k\u00fcllust ja \u00f5nnelikku abielu. See kujutis on \u00fchtaegu ajatu ja k\u00f6itev. Tumesinisel granaat\u00f5unamustriga tapeedil on selgelt eristuv, kuid \u00f5rn motiiv, mis avaldub omap\u00e4raselt nii v\u00e4ikestes kui suurtes ruumides.<br \/>\nT\u00e4iuslik magamistoa, k\u00f6\u00f6ginurga, kabineti, eesruumi v\u00f5i t\u00fcdrukute toa jaoks.<br \/>\nDisaininud Rita Assor (Tallinn, Eesti) ja prinditud digitaalselt Saksamaal rohetehnoloogia abil.<br \/>\nHorisintaalne kordus: 24 cm<br \/>\nIga rull on 48 cm lai ja 10 m pikk<br \/>\nTapeetide paigaldus kohakuti.<br \/>\nTapeetide tarneaeg 2-3 n\u00e4dalat. K\u00f5ik m\u00fc\u00fcgid on l\u00f5plikud.<\/p>\n<hr \/>\n<h2>TR\u00dcKIKVALITEET<\/h2>\n<p>-l\u00f5hnavaba<\/p>\n<p>-solvendivaba\u00a0sertifitseeritud tr\u00fckiv\u00e4rv<\/p>\n<p>-v\u00f5rratu tr\u00fckikvaliteet, UV-kindel<\/p>\n<p>-mitte pleekivad v\u00e4rvid<\/p>\n<h2>K\u00d5RGEKVALITEETNE FLIISMATERJAL<\/h2>\n<p>-mittekootud materjal, 122 g\/m2<\/p>\n<p>-niiskuskindel<\/p>\n<p>-PVC-, plastitsiidide ja klaaskiudude vaba<\/p>\n<h2><\/h2>\n<hr \/>\n","protected":false},"excerpt":{"rendered":"<p>GRANAAT\u00d5UNA kollektsioonis on kokkusobivad \u00f6kotapeedid, k\u00e4sitsi tikitud disainpadjad ja eksklusiivsed k\u00e4sitsi s\u00f5lm- v\u00f5i k\u00e4situfttehnikas valmistatud villased vaibad. Granaat\u00f5unamustriga tapeete on moekat tumesinist, h\u00f5behalli ja roosat v\u00e4rvi. NB! Tumesinine granaat\u00f5unamuster on&hellip;<\/p>\n","protected":false},"featured_media":1830,"comment_status":"closed","ping_status":"open","template":"","meta":{"inline_featured_image":false,"_monsterinsights_skip_tracking":false,"_monsterinsights_sitenote_active":false,"_monsterinsights_sitenote_note":"","_monsterinsights_sitenote_category":0,"_vp_format_video_url":"","_vp_image_focal_point":[]},"product_brand":[],"product_cat":[171,150],"product_tag":[144],"class_list":{"0":"post-3066","1":"product","2":"type-product","3":"status-publish","4":"has-post-thumbnail","6":"product_cat-okotapeet","7":"product_cat-sisustustooted","8":"product_tag-kodu-dekoor","9":"product_shipping_class-patjade-ja-tapeetide-tarne","10":"pa_collection-pomegranate-kollektsioon","12":"first","13":"instock","14":"shipping-taxable","15":"purchasable","16":"product-type-simple"},"yoast_head":"<!-- This site is optimized with the Yoast SEO plugin v27.2 - https:\/\/yoast.com\/product\/yoast-seo-wordpress\/ -->\n<title>POMEGRANATE DARK BLUE \u00d6KOTAPEET - Miurio Design Studio<\/title>\n<meta name=\"robots\" content=\"index, follow, max-snippet:-1, max-image-preview:large, max-video-preview:-1\" \/>\n<link rel=\"canonical\" href=\"https:\/\/miurio.com\/et\/toode\/pomegranate-dark-blue-okotapeet\/\" \/>\n<meta property=\"og:locale\" content=\"et_EE\" \/>\n<meta property=\"og:type\" content=\"article\" \/>\n<meta property=\"og:title\" content=\"POMEGRANATE DARK BLUE \u00d6KOTAPEET - Miurio Design Studio\" \/>\n<meta property=\"og:description\" content=\"GRANAAT\u00d5UNA kollektsioonis on kokkusobivad \u00f6kotapeedid, k\u00e4sitsi tikitud disainpadjad ja eksklusiivsed k\u00e4sitsi s\u00f5lm- v\u00f5i k\u00e4situfttehnikas valmistatud villased vaibad. Granaat\u00f5unamustriga tapeete on moekat tumesinist, h\u00f5behalli ja roosat v\u00e4rvi. NB! Tumesinine granaat\u00f5unamuster on&hellip;\" \/>\n<meta property=\"og:url\" content=\"https:\/\/miurio.com\/et\/toode\/pomegranate-dark-blue-okotapeet\/\" \/>\n<meta property=\"og:site_name\" content=\"Miurio Design Studio\" \/>\n<meta property=\"article:publisher\" content=\"http:\/\/www.facebook.com\/miuriodecor\" \/>\n<meta property=\"article:modified_time\" content=\"2020-08-28T15:53:28+00:00\" \/>\n<meta property=\"og:image\" content=\"https:\/\/miurio.com\/wp-content\/uploads\/2020\/08\/864a2f_5186db411a4647b0ae2e8d567c02cb6fmv2_d_2000_2000_s_2.png\" \/>\n\t<meta property=\"og:image:width\" content=\"1600\" \/>\n\t<meta property=\"og:image:height\" content=\"1600\" \/>\n\t<meta property=\"og:image:type\" content=\"image\/png\" \/>\n<meta name=\"twitter:card\" content=\"summary_large_image\" \/>\n<meta name=\"twitter:label1\" content=\"Est. reading time\" \/>\n\t<meta name=\"twitter:data1\" content=\"1 minut\" \/>\n<script type=\"application\/ld+json\" class=\"yoast-schema-graph\">{\"@context\":\"https:\/\/schema.org\",\"@graph\":[{\"@type\":\"WebPage\",\"@id\":\"https:\/\/miurio.com\/et\/toode\/pomegranate-dark-blue-okotapeet\/\",\"url\":\"https:\/\/miurio.com\/et\/toode\/pomegranate-dark-blue-okotapeet\/\",\"name\":\"POMEGRANATE DARK BLUE \u00d6KOTAPEET - Miurio Design Studio\",\"isPartOf\":{\"@id\":\"https:\/\/miurio.com\/et\/#website\"},\"primaryImageOfPage\":{\"@id\":\"https:\/\/miurio.com\/et\/toode\/pomegranate-dark-blue-okotapeet\/#primaryimage\"},\"image\":{\"@id\":\"https:\/\/miurio.com\/et\/toode\/pomegranate-dark-blue-okotapeet\/#primaryimage\"},\"thumbnailUrl\":\"https:\/\/miurio.com\/wp-content\/uploads\/2020\/08\/864a2f_5186db411a4647b0ae2e8d567c02cb6fmv2_d_2000_2000_s_2.png\",\"datePublished\":\"2020-08-28T15:53:22+00:00\",\"dateModified\":\"2020-08-28T15:53:28+00:00\",\"breadcrumb\":{\"@id\":\"https:\/\/miurio.com\/et\/toode\/pomegranate-dark-blue-okotapeet\/#breadcrumb\"},\"inLanguage\":\"et\",\"potentialAction\":[{\"@type\":\"ReadAction\",\"target\":[\"https:\/\/miurio.com\/et\/toode\/pomegranate-dark-blue-okotapeet\/\"]}]},{\"@type\":\"ImageObject\",\"inLanguage\":\"et\",\"@id\":\"https:\/\/miurio.com\/et\/toode\/pomegranate-dark-blue-okotapeet\/#primaryimage\",\"url\":\"https:\/\/miurio.com\/wp-content\/uploads\/2020\/08\/864a2f_5186db411a4647b0ae2e8d567c02cb6fmv2_d_2000_2000_s_2.png\",\"contentUrl\":\"https:\/\/miurio.com\/wp-content\/uploads\/2020\/08\/864a2f_5186db411a4647b0ae2e8d567c02cb6fmv2_d_2000_2000_s_2.png\",\"width\":1600,\"height\":1600},{\"@type\":\"BreadcrumbList\",\"@id\":\"https:\/\/miurio.com\/et\/toode\/pomegranate-dark-blue-okotapeet\/#breadcrumb\",\"itemListElement\":[{\"@type\":\"ListItem\",\"position\":1,\"name\":\"Home\",\"item\":\"https:\/\/miurio.com\/et\/\"},{\"@type\":\"ListItem\",\"position\":2,\"name\":\"Pood\",\"item\":\"https:\/\/miurio.com\/et\/pood\/\"},{\"@type\":\"ListItem\",\"position\":3,\"name\":\"POMEGRANATE DARK BLUE \u00d6KOTAPEET\"}]},{\"@type\":\"WebSite\",\"@id\":\"https:\/\/miurio.com\/et\/#website\",\"url\":\"https:\/\/miurio.com\/et\/\",\"name\":\"Miurio Design Studio\",\"description\":\"MIURIO design studio website and e-shop\",\"publisher\":{\"@id\":\"https:\/\/miurio.com\/et\/#organization\"},\"potentialAction\":[{\"@type\":\"SearchAction\",\"target\":{\"@type\":\"EntryPoint\",\"urlTemplate\":\"https:\/\/miurio.com\/et\/?s={search_term_string}\"},\"query-input\":{\"@type\":\"PropertyValueSpecification\",\"valueRequired\":true,\"valueName\":\"search_term_string\"}}],\"inLanguage\":\"et\"},{\"@type\":\"Organization\",\"@id\":\"https:\/\/miurio.com\/et\/#organization\",\"name\":\"MIURIO DECOR O\u00dc\",\"url\":\"https:\/\/miurio.com\/et\/\",\"logo\":{\"@type\":\"ImageObject\",\"inLanguage\":\"et\",\"@id\":\"https:\/\/miurio.com\/et\/#\/schema\/logo\/image\/\",\"url\":\"https:\/\/miurio.com\/wp-content\/uploads\/2021\/08\/MIURIO-new-logo-3.png\",\"contentUrl\":\"https:\/\/miurio.com\/wp-content\/uploads\/2021\/08\/MIURIO-new-logo-3.png\",\"width\":1500,\"height\":1500,\"caption\":\"MIURIO DECOR O\u00dc\"},\"image\":{\"@id\":\"https:\/\/miurio.com\/et\/#\/schema\/logo\/image\/\"},\"sameAs\":[\"http:\/\/www.facebook.com\/miuriodecor\",\"https:\/\/instagram.com\/miurio_textiles\",\"https:\/\/www.pinterest.com\/miuriodecor\"]}]}<\/script>\n<!-- \/ Yoast SEO plugin. -->","yoast_head_json":{"title":"POMEGRANATE DARK BLUE \u00d6KOTAPEET - Miurio Design Studio","robots":{"index":"index","follow":"follow","max-snippet":"max-snippet:-1","max-image-preview":"max-image-preview:large","max-video-preview":"max-video-preview:-1"},"canonical":"https:\/\/miurio.com\/et\/toode\/pomegranate-dark-blue-okotapeet\/","og_locale":"et_EE","og_type":"article","og_title":"POMEGRANATE DARK BLUE \u00d6KOTAPEET - Miurio Design Studio","og_description":"GRANAAT\u00d5UNA kollektsioonis on kokkusobivad \u00f6kotapeedid, k\u00e4sitsi tikitud disainpadjad ja eksklusiivsed k\u00e4sitsi s\u00f5lm- v\u00f5i k\u00e4situfttehnikas valmistatud villased vaibad. Granaat\u00f5unamustriga tapeete on moekat tumesinist, h\u00f5behalli ja roosat v\u00e4rvi. NB! Tumesinine granaat\u00f5unamuster on&hellip;","og_url":"https:\/\/miurio.com\/et\/toode\/pomegranate-dark-blue-okotapeet\/","og_site_name":"Miurio Design Studio","article_publisher":"http:\/\/www.facebook.com\/miuriodecor","article_modified_time":"2020-08-28T15:53:28+00:00","og_image":[{"width":1600,"height":1600,"url":"https:\/\/miurio.com\/wp-content\/uploads\/2020\/08\/864a2f_5186db411a4647b0ae2e8d567c02cb6fmv2_d_2000_2000_s_2.png","type":"image\/png"}],"twitter_card":"summary_large_image","twitter_misc":{"Est. reading time":"1 minut"},"schema":{"@context":"https:\/\/schema.org","@graph":[{"@type":"WebPage","@id":"https:\/\/miurio.com\/et\/toode\/pomegranate-dark-blue-okotapeet\/","url":"https:\/\/miurio.com\/et\/toode\/pomegranate-dark-blue-okotapeet\/","name":"POMEGRANATE DARK BLUE \u00d6KOTAPEET - Miurio Design Studio","isPartOf":{"@id":"https:\/\/miurio.com\/et\/#website"},"primaryImageOfPage":{"@id":"https:\/\/miurio.com\/et\/toode\/pomegranate-dark-blue-okotapeet\/#primaryimage"},"image":{"@id":"https:\/\/miurio.com\/et\/toode\/pomegranate-dark-blue-okotapeet\/#primaryimage"},"thumbnailUrl":"https:\/\/miurio.com\/wp-content\/uploads\/2020\/08\/864a2f_5186db411a4647b0ae2e8d567c02cb6fmv2_d_2000_2000_s_2.png","datePublished":"2020-08-28T15:53:22+00:00","dateModified":"2020-08-28T15:53:28+00:00","breadcrumb":{"@id":"https:\/\/miurio.com\/et\/toode\/pomegranate-dark-blue-okotapeet\/#breadcrumb"},"inLanguage":"et","potentialAction":[{"@type":"ReadAction","target":["https:\/\/miurio.com\/et\/toode\/pomegranate-dark-blue-okotapeet\/"]}]},{"@type":"ImageObject","inLanguage":"et","@id":"https:\/\/miurio.com\/et\/toode\/pomegranate-dark-blue-okotapeet\/#primaryimage","url":"https:\/\/miurio.com\/wp-content\/uploads\/2020\/08\/864a2f_5186db411a4647b0ae2e8d567c02cb6fmv2_d_2000_2000_s_2.png","contentUrl":"https:\/\/miurio.com\/wp-content\/uploads\/2020\/08\/864a2f_5186db411a4647b0ae2e8d567c02cb6fmv2_d_2000_2000_s_2.png","width":1600,"height":1600},{"@type":"BreadcrumbList","@id":"https:\/\/miurio.com\/et\/toode\/pomegranate-dark-blue-okotapeet\/#breadcrumb","itemListElement":[{"@type":"ListItem","position":1,"name":"Home","item":"https:\/\/miurio.com\/et\/"},{"@type":"ListItem","position":2,"name":"Pood","item":"https:\/\/miurio.com\/et\/pood\/"},{"@type":"ListItem","position":3,"name":"POMEGRANATE DARK BLUE \u00d6KOTAPEET"}]},{"@type":"WebSite","@id":"https:\/\/miurio.com\/et\/#website","url":"https:\/\/miurio.com\/et\/","name":"Miurio Design Studio","description":"MIURIO design studio website and e-shop","publisher":{"@id":"https:\/\/miurio.com\/et\/#organization"},"potentialAction":[{"@type":"SearchAction","target":{"@type":"EntryPoint","urlTemplate":"https:\/\/miurio.com\/et\/?s={search_term_string}"},"query-input":{"@type":"PropertyValueSpecification","valueRequired":true,"valueName":"search_term_string"}}],"inLanguage":"et"},{"@type":"Organization","@id":"https:\/\/miurio.com\/et\/#organization","name":"MIURIO DECOR O\u00dc","url":"https:\/\/miurio.com\/et\/","logo":{"@type":"ImageObject","inLanguage":"et","@id":"https:\/\/miurio.com\/et\/#\/schema\/logo\/image\/","url":"https:\/\/miurio.com\/wp-content\/uploads\/2021\/08\/MIURIO-new-logo-3.png","contentUrl":"https:\/\/miurio.com\/wp-content\/uploads\/2021\/08\/MIURIO-new-logo-3.png","width":1500,"height":1500,"caption":"MIURIO DECOR O\u00dc"},"image":{"@id":"https:\/\/miurio.com\/et\/#\/schema\/logo\/image\/"},"sameAs":["http:\/\/www.facebook.com\/miuriodecor","https:\/\/instagram.com\/miurio_textiles","https:\/\/www.pinterest.com\/miuriodecor"]}]}},"_links":{"self":[{"href":"https:\/\/miurio.com\/et\/wp-json\/wp\/v2\/product\/3066","targetHints":{"allow":["GET"]}}],"collection":[{"href":"https:\/\/miurio.com\/et\/wp-json\/wp\/v2\/product"}],"about":[{"href":"https:\/\/miurio.com\/et\/wp-json\/wp\/v2\/types\/product"}],"replies":[{"embeddable":true,"href":"https:\/\/miurio.com\/et\/wp-json\/wp\/v2\/comments?post=3066"}],"wp:featuredmedia":[{"embeddable":true,"href":"https:\/\/miurio.com\/et\/wp-json\/wp\/v2\/media\/1830"}],"wp:attachment":[{"href":"https:\/\/miurio.com\/et\/wp-json\/wp\/v2\/media?parent=3066"}],"wp:term":[{"taxonomy":"product_brand","embeddable":true,"href":"https:\/\/miurio.com\/et\/wp-json\/wp\/v2\/product_brand?post=3066"},{"taxonomy":"product_cat","embeddable":true,"href":"https:\/\/miurio.com\/et\/wp-json\/wp\/v2\/product_cat?post=3066"},{"taxonomy":"product_tag","embeddable":true,"href":"https:\/\/miurio.com\/et\/wp-json\/wp\/v2\/product_tag?post=3066"}],"curies":[{"name":"wp","href":"https:\/\/api.w.org\/{rel}","templated":true}]}}