{"id":3024,"date":"2020-08-27T12:18:48","date_gmt":"2020-08-28T15:52:39","guid":{"rendered":"https:\/\/miurio.com\/product\/pomegranate-layered-kasitoovaip\/"},"modified":"2023-01-31T16:08:10","modified_gmt":"2023-01-31T16:08:10","slug":"pomegranate-layered-kasitoovaip","status":"publish","type":"product","link":"https:\/\/miurio.com\/et\/toode\/pomegranate-layered-kasitoovaip\/","title":{"rendered":"POMEGRANATE LAYERED K\u00c4SIT\u00d6\u00d6VAIP"},"content":{"rendered":"<p>GRANAAT\u00d5UNA kollektsiooni kuulub kokkusobiv \u00f6kotapeet, 100% k\u00e4sitsi tikitud disainpadjad ja eksklusiivsed k\u00e4sitsi kas s\u00f5lmitud v\u00f5i k\u00e4situft-tehnikas valmistatud villased vaibad.<br \/>\nPaljudes iidsetes kultuurides s\u00fcmboliseerib granaat\u00f5un viljakust, k\u00fcllust ja \u00f5nnelikku abielu.<br \/>\nVaiba disaini v\u00e4rvi saab kohandada vastavalt eritellimusele.<br \/>\nTeised suurused saadaval eritellimusel.<br \/>\nSee on k\u00e4sitsi valmistatud taftingvaip, mille tegemisel on kasutatud parimat Uus-Meremaa meriinovilla ja viskoosi. Valmistatud Indias k\u00e4sit\u00f6\u00f6na. Tootmisaeg 3 n\u00e4dalat p\u00e4rast tellimuse l\u00f5plikku kinnitamist.<br \/>\nP\u00e4rast seda 3-5 p\u00e4eva jooksul k\u00e4ttetoimetamiseks valmis.<br \/>\nVaiba on disaininud Rita Assor (Tallinn, Eesti).<\/p>\n<hr \/>\n<h2>TOOTEKIRJELDUS<\/h2>\n<p>W: 140 cm\u00a0x H: 200 cm<\/p>\n<p>W: 200 cm\u00a0x H: 300 cm<\/p>\n<h2>MATERJAL<\/h2>\n<p>UUS-MEREMAA MERINOVILL<\/p>\n<p>VISKOOS<\/p>\n<h2><\/h2>\n<hr \/>\n","protected":false},"excerpt":{"rendered":"<p>GRANAAT\u00d5UNA kollektsiooni kuulub kokkusobiv \u00f6kotapeet, 100% k\u00e4sitsi tikitud disainpadjad ja eksklusiivsed k\u00e4sitsi kas s\u00f5lmitud v\u00f5i k\u00e4situft-tehnikas valmistatud villased vaibad. Paljudes iidsetes kultuurides s\u00fcmboliseerib granaat\u00f5un viljakust, k\u00fcllust ja \u00f5nnelikku abielu. Vaiba&hellip;<\/p>\n","protected":false},"featured_media":1708,"comment_status":"closed","ping_status":"closed","template":"","meta":{"inline_featured_image":false,"_monsterinsights_skip_tracking":false,"_monsterinsights_sitenote_active":false,"_monsterinsights_sitenote_note":"","_monsterinsights_sitenote_category":0,"_vp_format_video_url":"","_vp_image_focal_point":[]},"product_brand":[],"product_cat":[173,150],"product_tag":[144],"class_list":{"0":"post-3024","1":"product","2":"type-product","3":"status-publish","4":"has-post-thumbnail","6":"product_cat-vaibad","7":"product_cat-sisustustooted","8":"product_tag-kodu-dekoor","9":"product_shipping_class-vaipade-tarne","10":"pa_collection-pomegranate-kollektsioon","11":"pa_collection-vaibakollektsioon","12":"pa_other-sizes-140cmx200cm-et","13":"pa_other-sizes-200cmx300cm-et","15":"first","16":"instock","17":"shipping-taxable","18":"purchasable","19":"product-type-variable"},"yoast_head":"<!-- This site is optimized with the Yoast SEO plugin v27.2 - https:\/\/yoast.com\/product\/yoast-seo-wordpress\/ -->\n<title>POMEGRANATE LAYERED K\u00c4SIT\u00d6\u00d6VAIP - Miurio Design Studio<\/title>\n<meta name=\"robots\" content=\"index, follow, max-snippet:-1, max-image-preview:large, max-video-preview:-1\" \/>\n<link rel=\"canonical\" href=\"https:\/\/miurio.com\/et\/toode\/pomegranate-layered-kasitoovaip\/\" \/>\n<meta property=\"og:locale\" content=\"et_EE\" \/>\n<meta property=\"og:type\" content=\"article\" \/>\n<meta property=\"og:title\" content=\"POMEGRANATE LAYERED K\u00c4SIT\u00d6\u00d6VAIP - Miurio Design Studio\" \/>\n<meta property=\"og:description\" content=\"GRANAAT\u00d5UNA kollektsiooni kuulub kokkusobiv \u00f6kotapeet, 100% k\u00e4sitsi tikitud disainpadjad ja eksklusiivsed k\u00e4sitsi kas s\u00f5lmitud v\u00f5i k\u00e4situft-tehnikas valmistatud villased vaibad. Paljudes iidsetes kultuurides s\u00fcmboliseerib granaat\u00f5un viljakust, k\u00fcllust ja \u00f5nnelikku abielu. Vaiba&hellip;\" \/>\n<meta property=\"og:url\" content=\"https:\/\/miurio.com\/et\/toode\/pomegranate-layered-kasitoovaip\/\" \/>\n<meta property=\"og:site_name\" content=\"Miurio Design Studio\" \/>\n<meta property=\"article:publisher\" content=\"http:\/\/www.facebook.com\/miuriodecor\" \/>\n<meta property=\"article:modified_time\" content=\"2023-01-31T16:08:10+00:00\" \/>\n<meta property=\"og:image\" content=\"https:\/\/miurio.com\/wp-content\/uploads\/2020\/08\/864a2f_b430106a8b7947399de1903727bd5917mv2.jpg\" \/>\n\t<meta property=\"og:image:width\" content=\"1181\" \/>\n\t<meta property=\"og:image:height\" content=\"1181\" \/>\n\t<meta property=\"og:image:type\" content=\"image\/jpeg\" \/>\n<meta name=\"twitter:card\" content=\"summary_large_image\" \/>\n<meta name=\"twitter:label1\" content=\"Est. reading time\" \/>\n\t<meta name=\"twitter:data1\" content=\"1 minut\" \/>\n<script type=\"application\/ld+json\" class=\"yoast-schema-graph\">{\"@context\":\"https:\/\/schema.org\",\"@graph\":[{\"@type\":\"WebPage\",\"@id\":\"https:\/\/miurio.com\/et\/toode\/pomegranate-layered-kasitoovaip\/\",\"url\":\"https:\/\/miurio.com\/et\/toode\/pomegranate-layered-kasitoovaip\/\",\"name\":\"POMEGRANATE LAYERED K\u00c4SIT\u00d6\u00d6VAIP - Miurio Design Studio\",\"isPartOf\":{\"@id\":\"https:\/\/miurio.com\/et\/#website\"},\"primaryImageOfPage\":{\"@id\":\"https:\/\/miurio.com\/et\/toode\/pomegranate-layered-kasitoovaip\/#primaryimage\"},\"image\":{\"@id\":\"https:\/\/miurio.com\/et\/toode\/pomegranate-layered-kasitoovaip\/#primaryimage\"},\"thumbnailUrl\":\"https:\/\/miurio.com\/wp-content\/uploads\/2020\/08\/864a2f_b430106a8b7947399de1903727bd5917mv2.jpg\",\"datePublished\":\"2020-08-28T15:52:39+00:00\",\"dateModified\":\"2023-01-31T16:08:10+00:00\",\"breadcrumb\":{\"@id\":\"https:\/\/miurio.com\/et\/toode\/pomegranate-layered-kasitoovaip\/#breadcrumb\"},\"inLanguage\":\"et\",\"potentialAction\":[{\"@type\":\"ReadAction\",\"target\":[\"https:\/\/miurio.com\/et\/toode\/pomegranate-layered-kasitoovaip\/\"]}]},{\"@type\":\"ImageObject\",\"inLanguage\":\"et\",\"@id\":\"https:\/\/miurio.com\/et\/toode\/pomegranate-layered-kasitoovaip\/#primaryimage\",\"url\":\"https:\/\/miurio.com\/wp-content\/uploads\/2020\/08\/864a2f_b430106a8b7947399de1903727bd5917mv2.jpg\",\"contentUrl\":\"https:\/\/miurio.com\/wp-content\/uploads\/2020\/08\/864a2f_b430106a8b7947399de1903727bd5917mv2.jpg\",\"width\":1181,\"height\":1181},{\"@type\":\"BreadcrumbList\",\"@id\":\"https:\/\/miurio.com\/et\/toode\/pomegranate-layered-kasitoovaip\/#breadcrumb\",\"itemListElement\":[{\"@type\":\"ListItem\",\"position\":1,\"name\":\"Home\",\"item\":\"https:\/\/miurio.com\/et\/\"},{\"@type\":\"ListItem\",\"position\":2,\"name\":\"Pood\",\"item\":\"https:\/\/miurio.com\/et\/pood\/\"},{\"@type\":\"ListItem\",\"position\":3,\"name\":\"POMEGRANATE LAYERED K\u00c4SIT\u00d6\u00d6VAIP\"}]},{\"@type\":\"WebSite\",\"@id\":\"https:\/\/miurio.com\/et\/#website\",\"url\":\"https:\/\/miurio.com\/et\/\",\"name\":\"Miurio Design Studio\",\"description\":\"MIURIO design studio website and e-shop\",\"publisher\":{\"@id\":\"https:\/\/miurio.com\/et\/#organization\"},\"potentialAction\":[{\"@type\":\"SearchAction\",\"target\":{\"@type\":\"EntryPoint\",\"urlTemplate\":\"https:\/\/miurio.com\/et\/?s={search_term_string}\"},\"query-input\":{\"@type\":\"PropertyValueSpecification\",\"valueRequired\":true,\"valueName\":\"search_term_string\"}}],\"inLanguage\":\"et\"},{\"@type\":\"Organization\",\"@id\":\"https:\/\/miurio.com\/et\/#organization\",\"name\":\"MIURIO DECOR O\u00dc\",\"url\":\"https:\/\/miurio.com\/et\/\",\"logo\":{\"@type\":\"ImageObject\",\"inLanguage\":\"et\",\"@id\":\"https:\/\/miurio.com\/et\/#\/schema\/logo\/image\/\",\"url\":\"https:\/\/miurio.com\/wp-content\/uploads\/2021\/08\/MIURIO-new-logo-3.png\",\"contentUrl\":\"https:\/\/miurio.com\/wp-content\/uploads\/2021\/08\/MIURIO-new-logo-3.png\",\"width\":1500,\"height\":1500,\"caption\":\"MIURIO DECOR O\u00dc\"},\"image\":{\"@id\":\"https:\/\/miurio.com\/et\/#\/schema\/logo\/image\/\"},\"sameAs\":[\"http:\/\/www.facebook.com\/miuriodecor\",\"https:\/\/instagram.com\/miurio_textiles\",\"https:\/\/www.pinterest.com\/miuriodecor\"]}]}<\/script>\n<!-- \/ Yoast SEO plugin. -->","yoast_head_json":{"title":"POMEGRANATE LAYERED K\u00c4SIT\u00d6\u00d6VAIP - Miurio Design Studio","robots":{"index":"index","follow":"follow","max-snippet":"max-snippet:-1","max-image-preview":"max-image-preview:large","max-video-preview":"max-video-preview:-1"},"canonical":"https:\/\/miurio.com\/et\/toode\/pomegranate-layered-kasitoovaip\/","og_locale":"et_EE","og_type":"article","og_title":"POMEGRANATE LAYERED K\u00c4SIT\u00d6\u00d6VAIP - Miurio Design Studio","og_description":"GRANAAT\u00d5UNA kollektsiooni kuulub kokkusobiv \u00f6kotapeet, 100% k\u00e4sitsi tikitud disainpadjad ja eksklusiivsed k\u00e4sitsi kas s\u00f5lmitud v\u00f5i k\u00e4situft-tehnikas valmistatud villased vaibad. Paljudes iidsetes kultuurides s\u00fcmboliseerib granaat\u00f5un viljakust, k\u00fcllust ja \u00f5nnelikku abielu. Vaiba&hellip;","og_url":"https:\/\/miurio.com\/et\/toode\/pomegranate-layered-kasitoovaip\/","og_site_name":"Miurio Design Studio","article_publisher":"http:\/\/www.facebook.com\/miuriodecor","article_modified_time":"2023-01-31T16:08:10+00:00","og_image":[{"width":1181,"height":1181,"url":"https:\/\/miurio.com\/wp-content\/uploads\/2020\/08\/864a2f_b430106a8b7947399de1903727bd5917mv2.jpg","type":"image\/jpeg"}],"twitter_card":"summary_large_image","twitter_misc":{"Est. reading time":"1 minut"},"schema":{"@context":"https:\/\/schema.org","@graph":[{"@type":"WebPage","@id":"https:\/\/miurio.com\/et\/toode\/pomegranate-layered-kasitoovaip\/","url":"https:\/\/miurio.com\/et\/toode\/pomegranate-layered-kasitoovaip\/","name":"POMEGRANATE LAYERED K\u00c4SIT\u00d6\u00d6VAIP - Miurio Design Studio","isPartOf":{"@id":"https:\/\/miurio.com\/et\/#website"},"primaryImageOfPage":{"@id":"https:\/\/miurio.com\/et\/toode\/pomegranate-layered-kasitoovaip\/#primaryimage"},"image":{"@id":"https:\/\/miurio.com\/et\/toode\/pomegranate-layered-kasitoovaip\/#primaryimage"},"thumbnailUrl":"https:\/\/miurio.com\/wp-content\/uploads\/2020\/08\/864a2f_b430106a8b7947399de1903727bd5917mv2.jpg","datePublished":"2020-08-28T15:52:39+00:00","dateModified":"2023-01-31T16:08:10+00:00","breadcrumb":{"@id":"https:\/\/miurio.com\/et\/toode\/pomegranate-layered-kasitoovaip\/#breadcrumb"},"inLanguage":"et","potentialAction":[{"@type":"ReadAction","target":["https:\/\/miurio.com\/et\/toode\/pomegranate-layered-kasitoovaip\/"]}]},{"@type":"ImageObject","inLanguage":"et","@id":"https:\/\/miurio.com\/et\/toode\/pomegranate-layered-kasitoovaip\/#primaryimage","url":"https:\/\/miurio.com\/wp-content\/uploads\/2020\/08\/864a2f_b430106a8b7947399de1903727bd5917mv2.jpg","contentUrl":"https:\/\/miurio.com\/wp-content\/uploads\/2020\/08\/864a2f_b430106a8b7947399de1903727bd5917mv2.jpg","width":1181,"height":1181},{"@type":"BreadcrumbList","@id":"https:\/\/miurio.com\/et\/toode\/pomegranate-layered-kasitoovaip\/#breadcrumb","itemListElement":[{"@type":"ListItem","position":1,"name":"Home","item":"https:\/\/miurio.com\/et\/"},{"@type":"ListItem","position":2,"name":"Pood","item":"https:\/\/miurio.com\/et\/pood\/"},{"@type":"ListItem","position":3,"name":"POMEGRANATE LAYERED K\u00c4SIT\u00d6\u00d6VAIP"}]},{"@type":"WebSite","@id":"https:\/\/miurio.com\/et\/#website","url":"https:\/\/miurio.com\/et\/","name":"Miurio Design Studio","description":"MIURIO design studio website and e-shop","publisher":{"@id":"https:\/\/miurio.com\/et\/#organization"},"potentialAction":[{"@type":"SearchAction","target":{"@type":"EntryPoint","urlTemplate":"https:\/\/miurio.com\/et\/?s={search_term_string}"},"query-input":{"@type":"PropertyValueSpecification","valueRequired":true,"valueName":"search_term_string"}}],"inLanguage":"et"},{"@type":"Organization","@id":"https:\/\/miurio.com\/et\/#organization","name":"MIURIO DECOR O\u00dc","url":"https:\/\/miurio.com\/et\/","logo":{"@type":"ImageObject","inLanguage":"et","@id":"https:\/\/miurio.com\/et\/#\/schema\/logo\/image\/","url":"https:\/\/miurio.com\/wp-content\/uploads\/2021\/08\/MIURIO-new-logo-3.png","contentUrl":"https:\/\/miurio.com\/wp-content\/uploads\/2021\/08\/MIURIO-new-logo-3.png","width":1500,"height":1500,"caption":"MIURIO DECOR O\u00dc"},"image":{"@id":"https:\/\/miurio.com\/et\/#\/schema\/logo\/image\/"},"sameAs":["http:\/\/www.facebook.com\/miuriodecor","https:\/\/instagram.com\/miurio_textiles","https:\/\/www.pinterest.com\/miuriodecor"]}]}},"_links":{"self":[{"href":"https:\/\/miurio.com\/et\/wp-json\/wp\/v2\/product\/3024","targetHints":{"allow":["GET"]}}],"collection":[{"href":"https:\/\/miurio.com\/et\/wp-json\/wp\/v2\/product"}],"about":[{"href":"https:\/\/miurio.com\/et\/wp-json\/wp\/v2\/types\/product"}],"replies":[{"embeddable":true,"href":"https:\/\/miurio.com\/et\/wp-json\/wp\/v2\/comments?post=3024"}],"wp:featuredmedia":[{"embeddable":true,"href":"https:\/\/miurio.com\/et\/wp-json\/wp\/v2\/media\/1708"}],"wp:attachment":[{"href":"https:\/\/miurio.com\/et\/wp-json\/wp\/v2\/media?parent=3024"}],"wp:term":[{"taxonomy":"product_brand","embeddable":true,"href":"https:\/\/miurio.com\/et\/wp-json\/wp\/v2\/product_brand?post=3024"},{"taxonomy":"product_cat","embeddable":true,"href":"https:\/\/miurio.com\/et\/wp-json\/wp\/v2\/product_cat?post=3024"},{"taxonomy":"product_tag","embeddable":true,"href":"https:\/\/miurio.com\/et\/wp-json\/wp\/v2\/product_tag?post=3024"}],"curies":[{"name":"wp","href":"https:\/\/api.w.org\/{rel}","templated":true}]}}