{"id":2967,"date":"2020-08-27T12:18:32","date_gmt":"2020-08-28T15:52:18","guid":{"rendered":"https:\/\/miurio.com\/product\/strelitzia-bird-of-paradise-landscape-wall-pilttapeet\/"},"modified":"2020-10-08T18:18:43","modified_gmt":"2020-10-08T18:18:43","slug":"strelitzia-bird-of-paradise-landscape-wall-pilttapeet","status":"publish","type":"product","link":"https:\/\/miurio.com\/et\/toode\/strelitzia-bird-of-paradise-landscape-wall-pilttapeet\/","title":{"rendered":"STRELITZIA BIRD OF PARADISE LANDSCAPE WALL PILTTAPEET"},"content":{"rendered":"<p>Tutvustame teile MIURIO UUSI pilttapeete, loomaks panoraamvaateid ja lisamaks teie interj\u00f6\u00f6ri v\u00e4rvilaike.<br \/>\nDisaininud Rita Assor (Tallinn, Eesti) ja prinditud digitaalselt Saksamaal rohetehnoloogia abil.<br \/>\nSeinamaalid tulevad mitme rullina, iga\u00fcks 48 cm lai.<br \/>\nSeinamaalide tarneaeg on 2-3 n\u00e4dalat. Tapeedid ei ole tagastatavad.<\/p>\n<hr \/>\n<h2>TR\u00dcKIKVALITEET<\/h2>\n<p>-l\u00f5hnavaba<\/p>\n<p>-solvendivaba\u00a0sertifitseeritud tr\u00fckiv\u00e4rv (cellulose gum)<\/p>\n<p>-v\u00f5rratu tr\u00fckikvaliteet, UV-kindel<\/p>\n<p>-mitte pleekivad v\u00e4rvid<\/p>\n<h2>K\u00d5RGEKVALITEETNE FLIISMATERJAL<\/h2>\n<p>-mittekootud materjal, 110 g\/qm<\/p>\n<p>-niiskuskindel<\/p>\n<p>-PVC-, plastitsiidide ja klaaskiudude vaba<\/p>\n<h2><\/h2>\n<hr \/>\n","protected":false},"excerpt":{"rendered":"<p>Tutvustame teile MIURIO UUSI pilttapeete, loomaks panoraamvaateid ja lisamaks teie interj\u00f6\u00f6ri v\u00e4rvilaike. Disaininud Rita Assor (Tallinn, Eesti) ja prinditud digitaalselt Saksamaal rohetehnoloogia abil. Seinamaalid tulevad mitme rullina, iga\u00fcks 48 cm&hellip;<\/p>\n","protected":false},"featured_media":752,"comment_status":"closed","ping_status":"open","template":"","meta":{"inline_featured_image":false,"_monsterinsights_skip_tracking":false,"_monsterinsights_sitenote_active":false,"_monsterinsights_sitenote_note":"","_monsterinsights_sitenote_category":0,"_vp_format_video_url":"","_vp_image_focal_point":[]},"product_brand":[],"product_cat":[192,150],"product_tag":[144],"class_list":{"0":"post-2967","1":"product","2":"type-product","3":"status-publish","4":"has-post-thumbnail","6":"product_cat-pilttapeet","7":"product_cat-sisustustooted","8":"product_tag-kodu-dekoor","9":"pa_collection-floral-kollektsioon","10":"pa_landscape-format-190cmx288cm-et","11":"pa_landscape-format-225cmx336cm-et","12":"pa_landscape-format-255cmx384cm-et","13":"pa_landscape-format-290cmx432cm-et","15":"first","16":"instock","17":"shipping-taxable","18":"purchasable","19":"product-type-variable"},"yoast_head":"<!-- This site is optimized with the Yoast SEO plugin v27.2 - https:\/\/yoast.com\/product\/yoast-seo-wordpress\/ -->\n<title>STRELITZIA BIRD OF PARADISE LANDSCAPE WALL PILTTAPEET - Miurio Design Studio<\/title>\n<meta name=\"robots\" content=\"index, follow, max-snippet:-1, max-image-preview:large, max-video-preview:-1\" \/>\n<link rel=\"canonical\" href=\"https:\/\/miurio.com\/et\/toode\/strelitzia-bird-of-paradise-landscape-wall-pilttapeet\/\" \/>\n<meta property=\"og:locale\" content=\"et_EE\" \/>\n<meta property=\"og:type\" content=\"article\" \/>\n<meta property=\"og:title\" content=\"STRELITZIA BIRD OF PARADISE LANDSCAPE WALL PILTTAPEET - Miurio Design Studio\" \/>\n<meta property=\"og:description\" content=\"Tutvustame teile MIURIO UUSI pilttapeete, loomaks panoraamvaateid ja lisamaks teie interj\u00f6\u00f6ri v\u00e4rvilaike. Disaininud Rita Assor (Tallinn, Eesti) ja prinditud digitaalselt Saksamaal rohetehnoloogia abil. Seinamaalid tulevad mitme rullina, iga\u00fcks 48 cm&hellip;\" \/>\n<meta property=\"og:url\" content=\"https:\/\/miurio.com\/et\/toode\/strelitzia-bird-of-paradise-landscape-wall-pilttapeet\/\" \/>\n<meta property=\"og:site_name\" content=\"Miurio Design Studio\" \/>\n<meta property=\"article:publisher\" content=\"http:\/\/www.facebook.com\/miuriodecor\" \/>\n<meta property=\"article:modified_time\" content=\"2020-10-08T18:18:43+00:00\" \/>\n<meta property=\"og:image\" content=\"https:\/\/miurio.com\/wp-content\/uploads\/2020\/08\/864a2f_78cfa977b84942eb9669b35e2d497a9amv2_d_3605_2709_s_4_2.jpg\" \/>\n\t<meta property=\"og:image:width\" content=\"1600\" \/>\n\t<meta property=\"og:image:height\" content=\"1202\" \/>\n\t<meta property=\"og:image:type\" content=\"image\/jpeg\" \/>\n<meta name=\"twitter:card\" content=\"summary_large_image\" \/>\n<script type=\"application\/ld+json\" class=\"yoast-schema-graph\">{\"@context\":\"https:\/\/schema.org\",\"@graph\":[{\"@type\":\"WebPage\",\"@id\":\"https:\/\/miurio.com\/et\/toode\/strelitzia-bird-of-paradise-landscape-wall-pilttapeet\/\",\"url\":\"https:\/\/miurio.com\/et\/toode\/strelitzia-bird-of-paradise-landscape-wall-pilttapeet\/\",\"name\":\"STRELITZIA BIRD OF PARADISE LANDSCAPE WALL PILTTAPEET - Miurio Design Studio\",\"isPartOf\":{\"@id\":\"https:\/\/miurio.com\/et\/#website\"},\"primaryImageOfPage\":{\"@id\":\"https:\/\/miurio.com\/et\/toode\/strelitzia-bird-of-paradise-landscape-wall-pilttapeet\/#primaryimage\"},\"image\":{\"@id\":\"https:\/\/miurio.com\/et\/toode\/strelitzia-bird-of-paradise-landscape-wall-pilttapeet\/#primaryimage\"},\"thumbnailUrl\":\"https:\/\/miurio.com\/wp-content\/uploads\/2020\/08\/864a2f_78cfa977b84942eb9669b35e2d497a9amv2_d_3605_2709_s_4_2.jpg\",\"datePublished\":\"2020-08-28T15:52:18+00:00\",\"dateModified\":\"2020-10-08T18:18:43+00:00\",\"breadcrumb\":{\"@id\":\"https:\/\/miurio.com\/et\/toode\/strelitzia-bird-of-paradise-landscape-wall-pilttapeet\/#breadcrumb\"},\"inLanguage\":\"et\",\"potentialAction\":[{\"@type\":\"ReadAction\",\"target\":[\"https:\/\/miurio.com\/et\/toode\/strelitzia-bird-of-paradise-landscape-wall-pilttapeet\/\"]}]},{\"@type\":\"ImageObject\",\"inLanguage\":\"et\",\"@id\":\"https:\/\/miurio.com\/et\/toode\/strelitzia-bird-of-paradise-landscape-wall-pilttapeet\/#primaryimage\",\"url\":\"https:\/\/miurio.com\/wp-content\/uploads\/2020\/08\/864a2f_78cfa977b84942eb9669b35e2d497a9amv2_d_3605_2709_s_4_2.jpg\",\"contentUrl\":\"https:\/\/miurio.com\/wp-content\/uploads\/2020\/08\/864a2f_78cfa977b84942eb9669b35e2d497a9amv2_d_3605_2709_s_4_2.jpg\",\"width\":1600,\"height\":1202},{\"@type\":\"BreadcrumbList\",\"@id\":\"https:\/\/miurio.com\/et\/toode\/strelitzia-bird-of-paradise-landscape-wall-pilttapeet\/#breadcrumb\",\"itemListElement\":[{\"@type\":\"ListItem\",\"position\":1,\"name\":\"Home\",\"item\":\"https:\/\/miurio.com\/et\/\"},{\"@type\":\"ListItem\",\"position\":2,\"name\":\"Pood\",\"item\":\"https:\/\/miurio.com\/et\/pood\/\"},{\"@type\":\"ListItem\",\"position\":3,\"name\":\"STRELITZIA BIRD OF PARADISE LANDSCAPE WALL PILTTAPEET\"}]},{\"@type\":\"WebSite\",\"@id\":\"https:\/\/miurio.com\/et\/#website\",\"url\":\"https:\/\/miurio.com\/et\/\",\"name\":\"Miurio Design Studio\",\"description\":\"MIURIO design studio website and e-shop\",\"publisher\":{\"@id\":\"https:\/\/miurio.com\/et\/#organization\"},\"potentialAction\":[{\"@type\":\"SearchAction\",\"target\":{\"@type\":\"EntryPoint\",\"urlTemplate\":\"https:\/\/miurio.com\/et\/?s={search_term_string}\"},\"query-input\":{\"@type\":\"PropertyValueSpecification\",\"valueRequired\":true,\"valueName\":\"search_term_string\"}}],\"inLanguage\":\"et\"},{\"@type\":\"Organization\",\"@id\":\"https:\/\/miurio.com\/et\/#organization\",\"name\":\"MIURIO DECOR O\u00dc\",\"url\":\"https:\/\/miurio.com\/et\/\",\"logo\":{\"@type\":\"ImageObject\",\"inLanguage\":\"et\",\"@id\":\"https:\/\/miurio.com\/et\/#\/schema\/logo\/image\/\",\"url\":\"https:\/\/miurio.com\/wp-content\/uploads\/2021\/08\/MIURIO-new-logo-3.png\",\"contentUrl\":\"https:\/\/miurio.com\/wp-content\/uploads\/2021\/08\/MIURIO-new-logo-3.png\",\"width\":1500,\"height\":1500,\"caption\":\"MIURIO DECOR O\u00dc\"},\"image\":{\"@id\":\"https:\/\/miurio.com\/et\/#\/schema\/logo\/image\/\"},\"sameAs\":[\"http:\/\/www.facebook.com\/miuriodecor\",\"https:\/\/instagram.com\/miurio_textiles\",\"https:\/\/www.pinterest.com\/miuriodecor\"]}]}<\/script>\n<!-- \/ Yoast SEO plugin. -->","yoast_head_json":{"title":"STRELITZIA BIRD OF PARADISE LANDSCAPE WALL PILTTAPEET - Miurio Design Studio","robots":{"index":"index","follow":"follow","max-snippet":"max-snippet:-1","max-image-preview":"max-image-preview:large","max-video-preview":"max-video-preview:-1"},"canonical":"https:\/\/miurio.com\/et\/toode\/strelitzia-bird-of-paradise-landscape-wall-pilttapeet\/","og_locale":"et_EE","og_type":"article","og_title":"STRELITZIA BIRD OF PARADISE LANDSCAPE WALL PILTTAPEET - Miurio Design Studio","og_description":"Tutvustame teile MIURIO UUSI pilttapeete, loomaks panoraamvaateid ja lisamaks teie interj\u00f6\u00f6ri v\u00e4rvilaike. Disaininud Rita Assor (Tallinn, Eesti) ja prinditud digitaalselt Saksamaal rohetehnoloogia abil. Seinamaalid tulevad mitme rullina, iga\u00fcks 48 cm&hellip;","og_url":"https:\/\/miurio.com\/et\/toode\/strelitzia-bird-of-paradise-landscape-wall-pilttapeet\/","og_site_name":"Miurio Design Studio","article_publisher":"http:\/\/www.facebook.com\/miuriodecor","article_modified_time":"2020-10-08T18:18:43+00:00","og_image":[{"width":1600,"height":1202,"url":"https:\/\/miurio.com\/wp-content\/uploads\/2020\/08\/864a2f_78cfa977b84942eb9669b35e2d497a9amv2_d_3605_2709_s_4_2.jpg","type":"image\/jpeg"}],"twitter_card":"summary_large_image","schema":{"@context":"https:\/\/schema.org","@graph":[{"@type":"WebPage","@id":"https:\/\/miurio.com\/et\/toode\/strelitzia-bird-of-paradise-landscape-wall-pilttapeet\/","url":"https:\/\/miurio.com\/et\/toode\/strelitzia-bird-of-paradise-landscape-wall-pilttapeet\/","name":"STRELITZIA BIRD OF PARADISE LANDSCAPE WALL PILTTAPEET - Miurio Design Studio","isPartOf":{"@id":"https:\/\/miurio.com\/et\/#website"},"primaryImageOfPage":{"@id":"https:\/\/miurio.com\/et\/toode\/strelitzia-bird-of-paradise-landscape-wall-pilttapeet\/#primaryimage"},"image":{"@id":"https:\/\/miurio.com\/et\/toode\/strelitzia-bird-of-paradise-landscape-wall-pilttapeet\/#primaryimage"},"thumbnailUrl":"https:\/\/miurio.com\/wp-content\/uploads\/2020\/08\/864a2f_78cfa977b84942eb9669b35e2d497a9amv2_d_3605_2709_s_4_2.jpg","datePublished":"2020-08-28T15:52:18+00:00","dateModified":"2020-10-08T18:18:43+00:00","breadcrumb":{"@id":"https:\/\/miurio.com\/et\/toode\/strelitzia-bird-of-paradise-landscape-wall-pilttapeet\/#breadcrumb"},"inLanguage":"et","potentialAction":[{"@type":"ReadAction","target":["https:\/\/miurio.com\/et\/toode\/strelitzia-bird-of-paradise-landscape-wall-pilttapeet\/"]}]},{"@type":"ImageObject","inLanguage":"et","@id":"https:\/\/miurio.com\/et\/toode\/strelitzia-bird-of-paradise-landscape-wall-pilttapeet\/#primaryimage","url":"https:\/\/miurio.com\/wp-content\/uploads\/2020\/08\/864a2f_78cfa977b84942eb9669b35e2d497a9amv2_d_3605_2709_s_4_2.jpg","contentUrl":"https:\/\/miurio.com\/wp-content\/uploads\/2020\/08\/864a2f_78cfa977b84942eb9669b35e2d497a9amv2_d_3605_2709_s_4_2.jpg","width":1600,"height":1202},{"@type":"BreadcrumbList","@id":"https:\/\/miurio.com\/et\/toode\/strelitzia-bird-of-paradise-landscape-wall-pilttapeet\/#breadcrumb","itemListElement":[{"@type":"ListItem","position":1,"name":"Home","item":"https:\/\/miurio.com\/et\/"},{"@type":"ListItem","position":2,"name":"Pood","item":"https:\/\/miurio.com\/et\/pood\/"},{"@type":"ListItem","position":3,"name":"STRELITZIA BIRD OF PARADISE LANDSCAPE WALL PILTTAPEET"}]},{"@type":"WebSite","@id":"https:\/\/miurio.com\/et\/#website","url":"https:\/\/miurio.com\/et\/","name":"Miurio Design Studio","description":"MIURIO design studio website and e-shop","publisher":{"@id":"https:\/\/miurio.com\/et\/#organization"},"potentialAction":[{"@type":"SearchAction","target":{"@type":"EntryPoint","urlTemplate":"https:\/\/miurio.com\/et\/?s={search_term_string}"},"query-input":{"@type":"PropertyValueSpecification","valueRequired":true,"valueName":"search_term_string"}}],"inLanguage":"et"},{"@type":"Organization","@id":"https:\/\/miurio.com\/et\/#organization","name":"MIURIO DECOR O\u00dc","url":"https:\/\/miurio.com\/et\/","logo":{"@type":"ImageObject","inLanguage":"et","@id":"https:\/\/miurio.com\/et\/#\/schema\/logo\/image\/","url":"https:\/\/miurio.com\/wp-content\/uploads\/2021\/08\/MIURIO-new-logo-3.png","contentUrl":"https:\/\/miurio.com\/wp-content\/uploads\/2021\/08\/MIURIO-new-logo-3.png","width":1500,"height":1500,"caption":"MIURIO DECOR O\u00dc"},"image":{"@id":"https:\/\/miurio.com\/et\/#\/schema\/logo\/image\/"},"sameAs":["http:\/\/www.facebook.com\/miuriodecor","https:\/\/instagram.com\/miurio_textiles","https:\/\/www.pinterest.com\/miuriodecor"]}]}},"_links":{"self":[{"href":"https:\/\/miurio.com\/et\/wp-json\/wp\/v2\/product\/2967","targetHints":{"allow":["GET"]}}],"collection":[{"href":"https:\/\/miurio.com\/et\/wp-json\/wp\/v2\/product"}],"about":[{"href":"https:\/\/miurio.com\/et\/wp-json\/wp\/v2\/types\/product"}],"replies":[{"embeddable":true,"href":"https:\/\/miurio.com\/et\/wp-json\/wp\/v2\/comments?post=2967"}],"wp:featuredmedia":[{"embeddable":true,"href":"https:\/\/miurio.com\/et\/wp-json\/wp\/v2\/media\/752"}],"wp:attachment":[{"href":"https:\/\/miurio.com\/et\/wp-json\/wp\/v2\/media?parent=2967"}],"wp:term":[{"taxonomy":"product_brand","embeddable":true,"href":"https:\/\/miurio.com\/et\/wp-json\/wp\/v2\/product_brand?post=2967"},{"taxonomy":"product_cat","embeddable":true,"href":"https:\/\/miurio.com\/et\/wp-json\/wp\/v2\/product_cat?post=2967"},{"taxonomy":"product_tag","embeddable":true,"href":"https:\/\/miurio.com\/et\/wp-json\/wp\/v2\/product_tag?post=2967"}],"curies":[{"name":"wp","href":"https:\/\/api.w.org\/{rel}","templated":true}]}}