{"id":2858,"date":"2020-08-27T12:17:01","date_gmt":"2020-08-28T15:49:16","guid":{"rendered":"https:\/\/miurio.com\/product\/sakura-in-bloom-pink-kangas\/"},"modified":"2020-10-27T21:25:41","modified_gmt":"2020-10-27T21:25:41","slug":"sakura-in-bloom-pink-kangas","status":"publish","type":"product","link":"https:\/\/miurio.com\/et\/toode\/sakura-in-bloom-pink-kangas\/","title":{"rendered":"SAKURA IN BLOOM PINK KANGAS"},"content":{"rendered":"<p>Sakura ehk Jaapani kirsi\u00f5is t\u00e4histab kevade piilumist. See romantiline lilleline muster paneb teie kodu \u00f5itsema! Saadaval ka tumepruuni v\u00e4rvi. V\u00f5luv ja m\u00e4nguline lilleline disain. Ideaalne elutoa, magamistoa, eesruumide v\u00f5i t\u00fcdrukutetoa jaoks.<br \/>\nDisaininud Rita Assor (Tallinn, Eesti) ja see on digitaalselt prinditud L\u00e4tis.<br \/>\nHorisontaalne kordus: 24 cm<br \/>\nKangas tarnitakse 3 n\u00e4dala jooksul. Kogu m\u00fc\u00fck on l\u00f5plik.<br \/>\nNB! Toodud hind on jooksva meetri kohta.<br \/>\n&#8221;<\/p>\n<hr \/>\n<h2>KOOSTIS<\/h2>\n<p>Puuvill 97%, elast\u00e4\u00e4n\u00a03%<\/p>\n<h2>LAIUS<\/h2>\n<p>140cm<\/p>\n<h2>HOOLDUS<\/h2>\n<p>Masinpesu 30 kraadi juures sarnaste v\u00e4rvidega.<\/p>\n<p>Tsentrifuugimine madala v\u00f5imsuse juures.<\/p>\n<p>KEEMILINE PUHASTUS lubatud.<\/p>\n<hr \/>\n","protected":false},"excerpt":{"rendered":"<p>Sakura ehk Jaapani kirsi\u00f5is t\u00e4histab kevade piilumist. See romantiline lilleline muster paneb teie kodu \u00f5itsema! Saadaval ka tumepruuni v\u00e4rvi. V\u00f5luv ja m\u00e4nguline lilleline disain. Ideaalne elutoa, magamistoa, eesruumide v\u00f5i t\u00fcdrukutetoa&hellip;<\/p>\n","protected":false},"featured_media":676,"comment_status":"closed","ping_status":"open","template":"","meta":{"inline_featured_image":false,"_monsterinsights_skip_tracking":false,"_monsterinsights_sitenote_active":false,"_monsterinsights_sitenote_note":"","_monsterinsights_sitenote_category":0,"_vp_format_video_url":"","_vp_image_focal_point":[]},"product_brand":[],"product_cat":[172,150],"product_tag":[144],"class_list":{"0":"post-2858","1":"product","2":"type-product","3":"status-publish","4":"has-post-thumbnail","6":"product_cat-kangas","7":"product_cat-sisustustooted","8":"product_tag-kodu-dekoor","9":"pa_collection-floral-kollektsioon","11":"first","12":"instock","13":"shipping-taxable","14":"purchasable","15":"product-type-simple"},"yoast_head":"<!-- This site is optimized with the Yoast SEO plugin v27.2 - https:\/\/yoast.com\/product\/yoast-seo-wordpress\/ -->\n<title>SAKURA IN BLOOM PINK KANGAS - Miurio Design Studio<\/title>\n<meta name=\"robots\" content=\"index, follow, max-snippet:-1, max-image-preview:large, max-video-preview:-1\" \/>\n<link rel=\"canonical\" href=\"https:\/\/miurio.com\/et\/toode\/sakura-in-bloom-pink-kangas\/\" \/>\n<meta property=\"og:locale\" content=\"et_EE\" \/>\n<meta property=\"og:type\" content=\"article\" \/>\n<meta property=\"og:title\" content=\"SAKURA IN BLOOM PINK KANGAS - Miurio Design Studio\" \/>\n<meta property=\"og:description\" content=\"Sakura ehk Jaapani kirsi\u00f5is t\u00e4histab kevade piilumist. See romantiline lilleline muster paneb teie kodu \u00f5itsema! Saadaval ka tumepruuni v\u00e4rvi. V\u00f5luv ja m\u00e4nguline lilleline disain. Ideaalne elutoa, magamistoa, eesruumide v\u00f5i t\u00fcdrukutetoa&hellip;\" \/>\n<meta property=\"og:url\" content=\"https:\/\/miurio.com\/et\/toode\/sakura-in-bloom-pink-kangas\/\" \/>\n<meta property=\"og:site_name\" content=\"Miurio Design Studio\" \/>\n<meta property=\"article:publisher\" content=\"http:\/\/www.facebook.com\/miuriodecor\" \/>\n<meta property=\"article:modified_time\" content=\"2020-10-27T21:25:41+00:00\" \/>\n<meta property=\"og:image\" content=\"https:\/\/miurio.com\/wp-content\/uploads\/2020\/08\/864a2f_d463b0f40826414196390b824ab7e53bmv2_d_3000_3000_s_4_2.jpg\" \/>\n\t<meta property=\"og:image:width\" content=\"1600\" \/>\n\t<meta property=\"og:image:height\" content=\"1600\" \/>\n\t<meta property=\"og:image:type\" content=\"image\/jpeg\" \/>\n<meta name=\"twitter:card\" content=\"summary_large_image\" \/>\n<script type=\"application\/ld+json\" class=\"yoast-schema-graph\">{\"@context\":\"https:\/\/schema.org\",\"@graph\":[{\"@type\":\"WebPage\",\"@id\":\"https:\/\/miurio.com\/et\/toode\/sakura-in-bloom-pink-kangas\/\",\"url\":\"https:\/\/miurio.com\/et\/toode\/sakura-in-bloom-pink-kangas\/\",\"name\":\"SAKURA IN BLOOM PINK KANGAS - Miurio Design Studio\",\"isPartOf\":{\"@id\":\"https:\/\/miurio.com\/et\/#website\"},\"primaryImageOfPage\":{\"@id\":\"https:\/\/miurio.com\/et\/toode\/sakura-in-bloom-pink-kangas\/#primaryimage\"},\"image\":{\"@id\":\"https:\/\/miurio.com\/et\/toode\/sakura-in-bloom-pink-kangas\/#primaryimage\"},\"thumbnailUrl\":\"https:\/\/miurio.com\/wp-content\/uploads\/2020\/08\/864a2f_d463b0f40826414196390b824ab7e53bmv2_d_3000_3000_s_4_2.jpg\",\"datePublished\":\"2020-08-28T15:49:16+00:00\",\"dateModified\":\"2020-10-27T21:25:41+00:00\",\"breadcrumb\":{\"@id\":\"https:\/\/miurio.com\/et\/toode\/sakura-in-bloom-pink-kangas\/#breadcrumb\"},\"inLanguage\":\"et\",\"potentialAction\":[{\"@type\":\"ReadAction\",\"target\":[\"https:\/\/miurio.com\/et\/toode\/sakura-in-bloom-pink-kangas\/\"]}]},{\"@type\":\"ImageObject\",\"inLanguage\":\"et\",\"@id\":\"https:\/\/miurio.com\/et\/toode\/sakura-in-bloom-pink-kangas\/#primaryimage\",\"url\":\"https:\/\/miurio.com\/wp-content\/uploads\/2020\/08\/864a2f_d463b0f40826414196390b824ab7e53bmv2_d_3000_3000_s_4_2.jpg\",\"contentUrl\":\"https:\/\/miurio.com\/wp-content\/uploads\/2020\/08\/864a2f_d463b0f40826414196390b824ab7e53bmv2_d_3000_3000_s_4_2.jpg\",\"width\":1600,\"height\":1600},{\"@type\":\"BreadcrumbList\",\"@id\":\"https:\/\/miurio.com\/et\/toode\/sakura-in-bloom-pink-kangas\/#breadcrumb\",\"itemListElement\":[{\"@type\":\"ListItem\",\"position\":1,\"name\":\"Home\",\"item\":\"https:\/\/miurio.com\/et\/\"},{\"@type\":\"ListItem\",\"position\":2,\"name\":\"Pood\",\"item\":\"https:\/\/miurio.com\/et\/pood\/\"},{\"@type\":\"ListItem\",\"position\":3,\"name\":\"SAKURA IN BLOOM PINK KANGAS\"}]},{\"@type\":\"WebSite\",\"@id\":\"https:\/\/miurio.com\/et\/#website\",\"url\":\"https:\/\/miurio.com\/et\/\",\"name\":\"Miurio Design Studio\",\"description\":\"MIURIO design studio website and e-shop\",\"publisher\":{\"@id\":\"https:\/\/miurio.com\/et\/#organization\"},\"potentialAction\":[{\"@type\":\"SearchAction\",\"target\":{\"@type\":\"EntryPoint\",\"urlTemplate\":\"https:\/\/miurio.com\/et\/?s={search_term_string}\"},\"query-input\":{\"@type\":\"PropertyValueSpecification\",\"valueRequired\":true,\"valueName\":\"search_term_string\"}}],\"inLanguage\":\"et\"},{\"@type\":\"Organization\",\"@id\":\"https:\/\/miurio.com\/et\/#organization\",\"name\":\"MIURIO DECOR O\u00dc\",\"url\":\"https:\/\/miurio.com\/et\/\",\"logo\":{\"@type\":\"ImageObject\",\"inLanguage\":\"et\",\"@id\":\"https:\/\/miurio.com\/et\/#\/schema\/logo\/image\/\",\"url\":\"https:\/\/miurio.com\/wp-content\/uploads\/2021\/08\/MIURIO-new-logo-3.png\",\"contentUrl\":\"https:\/\/miurio.com\/wp-content\/uploads\/2021\/08\/MIURIO-new-logo-3.png\",\"width\":1500,\"height\":1500,\"caption\":\"MIURIO DECOR O\u00dc\"},\"image\":{\"@id\":\"https:\/\/miurio.com\/et\/#\/schema\/logo\/image\/\"},\"sameAs\":[\"http:\/\/www.facebook.com\/miuriodecor\",\"https:\/\/instagram.com\/miurio_textiles\",\"https:\/\/www.pinterest.com\/miuriodecor\"]}]}<\/script>\n<!-- \/ Yoast SEO plugin. -->","yoast_head_json":{"title":"SAKURA IN BLOOM PINK KANGAS - Miurio Design Studio","robots":{"index":"index","follow":"follow","max-snippet":"max-snippet:-1","max-image-preview":"max-image-preview:large","max-video-preview":"max-video-preview:-1"},"canonical":"https:\/\/miurio.com\/et\/toode\/sakura-in-bloom-pink-kangas\/","og_locale":"et_EE","og_type":"article","og_title":"SAKURA IN BLOOM PINK KANGAS - Miurio Design Studio","og_description":"Sakura ehk Jaapani kirsi\u00f5is t\u00e4histab kevade piilumist. See romantiline lilleline muster paneb teie kodu \u00f5itsema! Saadaval ka tumepruuni v\u00e4rvi. V\u00f5luv ja m\u00e4nguline lilleline disain. Ideaalne elutoa, magamistoa, eesruumide v\u00f5i t\u00fcdrukutetoa&hellip;","og_url":"https:\/\/miurio.com\/et\/toode\/sakura-in-bloom-pink-kangas\/","og_site_name":"Miurio Design Studio","article_publisher":"http:\/\/www.facebook.com\/miuriodecor","article_modified_time":"2020-10-27T21:25:41+00:00","og_image":[{"width":1600,"height":1600,"url":"https:\/\/miurio.com\/wp-content\/uploads\/2020\/08\/864a2f_d463b0f40826414196390b824ab7e53bmv2_d_3000_3000_s_4_2.jpg","type":"image\/jpeg"}],"twitter_card":"summary_large_image","schema":{"@context":"https:\/\/schema.org","@graph":[{"@type":"WebPage","@id":"https:\/\/miurio.com\/et\/toode\/sakura-in-bloom-pink-kangas\/","url":"https:\/\/miurio.com\/et\/toode\/sakura-in-bloom-pink-kangas\/","name":"SAKURA IN BLOOM PINK KANGAS - Miurio Design Studio","isPartOf":{"@id":"https:\/\/miurio.com\/et\/#website"},"primaryImageOfPage":{"@id":"https:\/\/miurio.com\/et\/toode\/sakura-in-bloom-pink-kangas\/#primaryimage"},"image":{"@id":"https:\/\/miurio.com\/et\/toode\/sakura-in-bloom-pink-kangas\/#primaryimage"},"thumbnailUrl":"https:\/\/miurio.com\/wp-content\/uploads\/2020\/08\/864a2f_d463b0f40826414196390b824ab7e53bmv2_d_3000_3000_s_4_2.jpg","datePublished":"2020-08-28T15:49:16+00:00","dateModified":"2020-10-27T21:25:41+00:00","breadcrumb":{"@id":"https:\/\/miurio.com\/et\/toode\/sakura-in-bloom-pink-kangas\/#breadcrumb"},"inLanguage":"et","potentialAction":[{"@type":"ReadAction","target":["https:\/\/miurio.com\/et\/toode\/sakura-in-bloom-pink-kangas\/"]}]},{"@type":"ImageObject","inLanguage":"et","@id":"https:\/\/miurio.com\/et\/toode\/sakura-in-bloom-pink-kangas\/#primaryimage","url":"https:\/\/miurio.com\/wp-content\/uploads\/2020\/08\/864a2f_d463b0f40826414196390b824ab7e53bmv2_d_3000_3000_s_4_2.jpg","contentUrl":"https:\/\/miurio.com\/wp-content\/uploads\/2020\/08\/864a2f_d463b0f40826414196390b824ab7e53bmv2_d_3000_3000_s_4_2.jpg","width":1600,"height":1600},{"@type":"BreadcrumbList","@id":"https:\/\/miurio.com\/et\/toode\/sakura-in-bloom-pink-kangas\/#breadcrumb","itemListElement":[{"@type":"ListItem","position":1,"name":"Home","item":"https:\/\/miurio.com\/et\/"},{"@type":"ListItem","position":2,"name":"Pood","item":"https:\/\/miurio.com\/et\/pood\/"},{"@type":"ListItem","position":3,"name":"SAKURA IN BLOOM PINK KANGAS"}]},{"@type":"WebSite","@id":"https:\/\/miurio.com\/et\/#website","url":"https:\/\/miurio.com\/et\/","name":"Miurio Design Studio","description":"MIURIO design studio website and e-shop","publisher":{"@id":"https:\/\/miurio.com\/et\/#organization"},"potentialAction":[{"@type":"SearchAction","target":{"@type":"EntryPoint","urlTemplate":"https:\/\/miurio.com\/et\/?s={search_term_string}"},"query-input":{"@type":"PropertyValueSpecification","valueRequired":true,"valueName":"search_term_string"}}],"inLanguage":"et"},{"@type":"Organization","@id":"https:\/\/miurio.com\/et\/#organization","name":"MIURIO DECOR O\u00dc","url":"https:\/\/miurio.com\/et\/","logo":{"@type":"ImageObject","inLanguage":"et","@id":"https:\/\/miurio.com\/et\/#\/schema\/logo\/image\/","url":"https:\/\/miurio.com\/wp-content\/uploads\/2021\/08\/MIURIO-new-logo-3.png","contentUrl":"https:\/\/miurio.com\/wp-content\/uploads\/2021\/08\/MIURIO-new-logo-3.png","width":1500,"height":1500,"caption":"MIURIO DECOR O\u00dc"},"image":{"@id":"https:\/\/miurio.com\/et\/#\/schema\/logo\/image\/"},"sameAs":["http:\/\/www.facebook.com\/miuriodecor","https:\/\/instagram.com\/miurio_textiles","https:\/\/www.pinterest.com\/miuriodecor"]}]}},"_links":{"self":[{"href":"https:\/\/miurio.com\/et\/wp-json\/wp\/v2\/product\/2858","targetHints":{"allow":["GET"]}}],"collection":[{"href":"https:\/\/miurio.com\/et\/wp-json\/wp\/v2\/product"}],"about":[{"href":"https:\/\/miurio.com\/et\/wp-json\/wp\/v2\/types\/product"}],"replies":[{"embeddable":true,"href":"https:\/\/miurio.com\/et\/wp-json\/wp\/v2\/comments?post=2858"}],"wp:featuredmedia":[{"embeddable":true,"href":"https:\/\/miurio.com\/et\/wp-json\/wp\/v2\/media\/676"}],"wp:attachment":[{"href":"https:\/\/miurio.com\/et\/wp-json\/wp\/v2\/media?parent=2858"}],"wp:term":[{"taxonomy":"product_brand","embeddable":true,"href":"https:\/\/miurio.com\/et\/wp-json\/wp\/v2\/product_brand?post=2858"},{"taxonomy":"product_cat","embeddable":true,"href":"https:\/\/miurio.com\/et\/wp-json\/wp\/v2\/product_cat?post=2858"},{"taxonomy":"product_tag","embeddable":true,"href":"https:\/\/miurio.com\/et\/wp-json\/wp\/v2\/product_tag?post=2858"}],"curies":[{"name":"wp","href":"https:\/\/api.w.org\/{rel}","templated":true}]}}