{"id":2851,"date":"2020-08-27T12:17:01","date_gmt":"2020-08-28T15:49:16","guid":{"rendered":"https:\/\/miurio.com\/product\/knitted-mosaic-in-fuchsia-kasitoovaip\/"},"modified":"2022-01-18T15:56:28","modified_gmt":"2022-01-18T15:56:28","slug":"knitted-mosaic-in-fuchsia-kasitoovaip","status":"publish","type":"product","link":"https:\/\/miurio.com\/et\/toode\/knitted-mosaic-in-fuchsia-kasitoovaip\/","title":{"rendered":"KNITTED MOSAIC IN FUCHSIA K\u00c4SIT\u00d6\u00d6VAIP"},"content":{"rendered":"<p>Trendikas ja d\u00fcnaamiline KNITTED MOSAIC vaip\u00a0paneb teie pilgu r\u00e4ndama m\u00f6\u00f6da v\u00e4rvi- ja mustrikaari. Vaip sobib suurep\u00e4raselt elu- v\u00f5i magamistuppa, lisades rohkelt v\u00e4rvi ja tekstuuri. Vaip on valmistatud Uus-Meremaa k\u00f5rgekvaliteetsest meriinovilla ja viskoosi segust. Vastupidav ja kallihinnaline kunstiteos Sinu kodu p\u00f5randale!<\/p>\n<p>Valmistatud k\u00e4situft-tehnikas India vaibakudujate poolt. Tootmisaeg 6-7 n\u00e4dalat peale tellimuse l\u00f5plikku kinnitamist.<br \/>\nPeale seda 3-5 p\u00e4eva jooksul k\u00e4ttetoimetamiseks valmis.<br \/>\nVaiba on disaininud Rita Assor (Tallinn, Eesti).<\/p>\n<p>Tutvuge vaiban\u00e4idistega meie salongis.<br \/>\n*** Eritellimuse korral v\u00f5ib vaibamuster olla teises v\u00e4rvipalletis.<br \/>\nSamuti on teised suurused saadaval eritellimuse korral. Palun v\u00f5tke meiega \u00fchendust aadressil: info@miurio.com.***<\/p>\n<hr \/>\n<h2>TOOTEKIRJELDUS<\/h2>\n<p>W: 140 cm\u00a0x H: 200 cm<\/p>\n<p>W: 200 cm\u00a0x H: 300 cm<\/p>\n<h2>MATERJAL<\/h2>\n<p>70% UUS-MEREMAA MERIINOVILL<\/p>\n<p>30% VISKOOS<\/p>\n<h2><\/h2>\n<hr \/>\n","protected":false},"excerpt":{"rendered":"<p>Trendikas ja d\u00fcnaamiline KNITTED MOSAIC vaip\u00a0paneb teie pilgu r\u00e4ndama m\u00f6\u00f6da v\u00e4rvi- ja mustrikaari. Vaip sobib suurep\u00e4raselt elu- v\u00f5i magamistuppa, lisades rohkelt v\u00e4rvi ja tekstuuri. Vaip on valmistatud Uus-Meremaa k\u00f5rgekvaliteetsest meriinovilla&hellip;<\/p>\n","protected":false},"featured_media":1477,"comment_status":"closed","ping_status":"open","template":"","meta":{"inline_featured_image":false,"_monsterinsights_skip_tracking":false,"_monsterinsights_sitenote_active":false,"_monsterinsights_sitenote_note":"","_monsterinsights_sitenote_category":0,"_vp_format_video_url":"","_vp_image_focal_point":[]},"product_brand":[],"product_cat":[173,150],"product_tag":[144],"class_list":{"0":"post-2851","1":"product","2":"type-product","3":"status-publish","4":"has-post-thumbnail","6":"product_cat-vaibad","7":"product_cat-sisustustooted","8":"product_tag-kodu-dekoor","9":"product_shipping_class-vaipade-tarne","10":"pa_collection-vaibakollektsioon","11":"pa_other-sizes-140cmx200cm-et","12":"pa_other-sizes-200cmx300cm-et","14":"first","15":"instock","16":"shipping-taxable","17":"purchasable","18":"product-type-variable"},"yoast_head":"<!-- This site is optimized with the Yoast SEO plugin v27.2 - https:\/\/yoast.com\/product\/yoast-seo-wordpress\/ -->\n<title>KNITTED MOSAIC IN FUCHSIA K\u00c4SIT\u00d6\u00d6VAIP - Miurio Design Studio<\/title>\n<meta name=\"robots\" content=\"index, follow, max-snippet:-1, max-image-preview:large, max-video-preview:-1\" \/>\n<link rel=\"canonical\" href=\"https:\/\/miurio.com\/et\/toode\/knitted-mosaic-in-fuchsia-kasitoovaip\/\" \/>\n<meta property=\"og:locale\" content=\"et_EE\" \/>\n<meta property=\"og:type\" content=\"article\" \/>\n<meta property=\"og:title\" content=\"KNITTED MOSAIC IN FUCHSIA K\u00c4SIT\u00d6\u00d6VAIP - Miurio Design Studio\" \/>\n<meta property=\"og:description\" content=\"Trendikas ja d\u00fcnaamiline KNITTED MOSAIC vaip\u00a0paneb teie pilgu r\u00e4ndama m\u00f6\u00f6da v\u00e4rvi- ja mustrikaari. Vaip sobib suurep\u00e4raselt elu- v\u00f5i magamistuppa, lisades rohkelt v\u00e4rvi ja tekstuuri. Vaip on valmistatud Uus-Meremaa k\u00f5rgekvaliteetsest meriinovilla&hellip;\" \/>\n<meta property=\"og:url\" content=\"https:\/\/miurio.com\/et\/toode\/knitted-mosaic-in-fuchsia-kasitoovaip\/\" \/>\n<meta property=\"og:site_name\" content=\"Miurio Design Studio\" \/>\n<meta property=\"article:publisher\" content=\"http:\/\/www.facebook.com\/miuriodecor\" \/>\n<meta property=\"article:modified_time\" content=\"2022-01-18T15:56:28+00:00\" \/>\n<meta property=\"og:image\" content=\"https:\/\/miurio.com\/wp-content\/uploads\/2020\/08\/864a2f_b28e748ba9da4bd792283fa04be1f674mv2_d_1720_1659_s_2.jpg\" \/>\n\t<meta property=\"og:image:width\" content=\"1720\" \/>\n\t<meta property=\"og:image:height\" content=\"1659\" \/>\n\t<meta property=\"og:image:type\" content=\"image\/jpeg\" \/>\n<meta name=\"twitter:card\" content=\"summary_large_image\" \/>\n<meta name=\"twitter:label1\" content=\"Est. reading time\" \/>\n\t<meta name=\"twitter:data1\" content=\"1 minut\" \/>\n<script type=\"application\/ld+json\" class=\"yoast-schema-graph\">{\"@context\":\"https:\/\/schema.org\",\"@graph\":[{\"@type\":\"WebPage\",\"@id\":\"https:\/\/miurio.com\/et\/toode\/knitted-mosaic-in-fuchsia-kasitoovaip\/\",\"url\":\"https:\/\/miurio.com\/et\/toode\/knitted-mosaic-in-fuchsia-kasitoovaip\/\",\"name\":\"KNITTED MOSAIC IN FUCHSIA K\u00c4SIT\u00d6\u00d6VAIP - Miurio Design Studio\",\"isPartOf\":{\"@id\":\"https:\/\/miurio.com\/et\/#website\"},\"primaryImageOfPage\":{\"@id\":\"https:\/\/miurio.com\/et\/toode\/knitted-mosaic-in-fuchsia-kasitoovaip\/#primaryimage\"},\"image\":{\"@id\":\"https:\/\/miurio.com\/et\/toode\/knitted-mosaic-in-fuchsia-kasitoovaip\/#primaryimage\"},\"thumbnailUrl\":\"https:\/\/miurio.com\/wp-content\/uploads\/2020\/08\/864a2f_b28e748ba9da4bd792283fa04be1f674mv2_d_1720_1659_s_2.jpg\",\"datePublished\":\"2020-08-28T15:49:16+00:00\",\"dateModified\":\"2022-01-18T15:56:28+00:00\",\"breadcrumb\":{\"@id\":\"https:\/\/miurio.com\/et\/toode\/knitted-mosaic-in-fuchsia-kasitoovaip\/#breadcrumb\"},\"inLanguage\":\"et\",\"potentialAction\":[{\"@type\":\"ReadAction\",\"target\":[\"https:\/\/miurio.com\/et\/toode\/knitted-mosaic-in-fuchsia-kasitoovaip\/\"]}]},{\"@type\":\"ImageObject\",\"inLanguage\":\"et\",\"@id\":\"https:\/\/miurio.com\/et\/toode\/knitted-mosaic-in-fuchsia-kasitoovaip\/#primaryimage\",\"url\":\"https:\/\/miurio.com\/wp-content\/uploads\/2020\/08\/864a2f_b28e748ba9da4bd792283fa04be1f674mv2_d_1720_1659_s_2.jpg\",\"contentUrl\":\"https:\/\/miurio.com\/wp-content\/uploads\/2020\/08\/864a2f_b28e748ba9da4bd792283fa04be1f674mv2_d_1720_1659_s_2.jpg\",\"width\":1720,\"height\":1659},{\"@type\":\"BreadcrumbList\",\"@id\":\"https:\/\/miurio.com\/et\/toode\/knitted-mosaic-in-fuchsia-kasitoovaip\/#breadcrumb\",\"itemListElement\":[{\"@type\":\"ListItem\",\"position\":1,\"name\":\"Home\",\"item\":\"https:\/\/miurio.com\/et\/\"},{\"@type\":\"ListItem\",\"position\":2,\"name\":\"Pood\",\"item\":\"https:\/\/miurio.com\/et\/pood\/\"},{\"@type\":\"ListItem\",\"position\":3,\"name\":\"KNITTED MOSAIC IN FUCHSIA K\u00c4SIT\u00d6\u00d6VAIP\"}]},{\"@type\":\"WebSite\",\"@id\":\"https:\/\/miurio.com\/et\/#website\",\"url\":\"https:\/\/miurio.com\/et\/\",\"name\":\"Miurio Design Studio\",\"description\":\"MIURIO design studio website and e-shop\",\"publisher\":{\"@id\":\"https:\/\/miurio.com\/et\/#organization\"},\"potentialAction\":[{\"@type\":\"SearchAction\",\"target\":{\"@type\":\"EntryPoint\",\"urlTemplate\":\"https:\/\/miurio.com\/et\/?s={search_term_string}\"},\"query-input\":{\"@type\":\"PropertyValueSpecification\",\"valueRequired\":true,\"valueName\":\"search_term_string\"}}],\"inLanguage\":\"et\"},{\"@type\":\"Organization\",\"@id\":\"https:\/\/miurio.com\/et\/#organization\",\"name\":\"MIURIO DECOR O\u00dc\",\"url\":\"https:\/\/miurio.com\/et\/\",\"logo\":{\"@type\":\"ImageObject\",\"inLanguage\":\"et\",\"@id\":\"https:\/\/miurio.com\/et\/#\/schema\/logo\/image\/\",\"url\":\"https:\/\/miurio.com\/wp-content\/uploads\/2021\/08\/MIURIO-new-logo-3.png\",\"contentUrl\":\"https:\/\/miurio.com\/wp-content\/uploads\/2021\/08\/MIURIO-new-logo-3.png\",\"width\":1500,\"height\":1500,\"caption\":\"MIURIO DECOR O\u00dc\"},\"image\":{\"@id\":\"https:\/\/miurio.com\/et\/#\/schema\/logo\/image\/\"},\"sameAs\":[\"http:\/\/www.facebook.com\/miuriodecor\",\"https:\/\/instagram.com\/miurio_textiles\",\"https:\/\/www.pinterest.com\/miuriodecor\"]}]}<\/script>\n<!-- \/ Yoast SEO plugin. -->","yoast_head_json":{"title":"KNITTED MOSAIC IN FUCHSIA K\u00c4SIT\u00d6\u00d6VAIP - Miurio Design Studio","robots":{"index":"index","follow":"follow","max-snippet":"max-snippet:-1","max-image-preview":"max-image-preview:large","max-video-preview":"max-video-preview:-1"},"canonical":"https:\/\/miurio.com\/et\/toode\/knitted-mosaic-in-fuchsia-kasitoovaip\/","og_locale":"et_EE","og_type":"article","og_title":"KNITTED MOSAIC IN FUCHSIA K\u00c4SIT\u00d6\u00d6VAIP - Miurio Design Studio","og_description":"Trendikas ja d\u00fcnaamiline KNITTED MOSAIC vaip\u00a0paneb teie pilgu r\u00e4ndama m\u00f6\u00f6da v\u00e4rvi- ja mustrikaari. Vaip sobib suurep\u00e4raselt elu- v\u00f5i magamistuppa, lisades rohkelt v\u00e4rvi ja tekstuuri. Vaip on valmistatud Uus-Meremaa k\u00f5rgekvaliteetsest meriinovilla&hellip;","og_url":"https:\/\/miurio.com\/et\/toode\/knitted-mosaic-in-fuchsia-kasitoovaip\/","og_site_name":"Miurio Design Studio","article_publisher":"http:\/\/www.facebook.com\/miuriodecor","article_modified_time":"2022-01-18T15:56:28+00:00","og_image":[{"width":1720,"height":1659,"url":"https:\/\/miurio.com\/wp-content\/uploads\/2020\/08\/864a2f_b28e748ba9da4bd792283fa04be1f674mv2_d_1720_1659_s_2.jpg","type":"image\/jpeg"}],"twitter_card":"summary_large_image","twitter_misc":{"Est. reading time":"1 minut"},"schema":{"@context":"https:\/\/schema.org","@graph":[{"@type":"WebPage","@id":"https:\/\/miurio.com\/et\/toode\/knitted-mosaic-in-fuchsia-kasitoovaip\/","url":"https:\/\/miurio.com\/et\/toode\/knitted-mosaic-in-fuchsia-kasitoovaip\/","name":"KNITTED MOSAIC IN FUCHSIA K\u00c4SIT\u00d6\u00d6VAIP - Miurio Design Studio","isPartOf":{"@id":"https:\/\/miurio.com\/et\/#website"},"primaryImageOfPage":{"@id":"https:\/\/miurio.com\/et\/toode\/knitted-mosaic-in-fuchsia-kasitoovaip\/#primaryimage"},"image":{"@id":"https:\/\/miurio.com\/et\/toode\/knitted-mosaic-in-fuchsia-kasitoovaip\/#primaryimage"},"thumbnailUrl":"https:\/\/miurio.com\/wp-content\/uploads\/2020\/08\/864a2f_b28e748ba9da4bd792283fa04be1f674mv2_d_1720_1659_s_2.jpg","datePublished":"2020-08-28T15:49:16+00:00","dateModified":"2022-01-18T15:56:28+00:00","breadcrumb":{"@id":"https:\/\/miurio.com\/et\/toode\/knitted-mosaic-in-fuchsia-kasitoovaip\/#breadcrumb"},"inLanguage":"et","potentialAction":[{"@type":"ReadAction","target":["https:\/\/miurio.com\/et\/toode\/knitted-mosaic-in-fuchsia-kasitoovaip\/"]}]},{"@type":"ImageObject","inLanguage":"et","@id":"https:\/\/miurio.com\/et\/toode\/knitted-mosaic-in-fuchsia-kasitoovaip\/#primaryimage","url":"https:\/\/miurio.com\/wp-content\/uploads\/2020\/08\/864a2f_b28e748ba9da4bd792283fa04be1f674mv2_d_1720_1659_s_2.jpg","contentUrl":"https:\/\/miurio.com\/wp-content\/uploads\/2020\/08\/864a2f_b28e748ba9da4bd792283fa04be1f674mv2_d_1720_1659_s_2.jpg","width":1720,"height":1659},{"@type":"BreadcrumbList","@id":"https:\/\/miurio.com\/et\/toode\/knitted-mosaic-in-fuchsia-kasitoovaip\/#breadcrumb","itemListElement":[{"@type":"ListItem","position":1,"name":"Home","item":"https:\/\/miurio.com\/et\/"},{"@type":"ListItem","position":2,"name":"Pood","item":"https:\/\/miurio.com\/et\/pood\/"},{"@type":"ListItem","position":3,"name":"KNITTED MOSAIC IN FUCHSIA K\u00c4SIT\u00d6\u00d6VAIP"}]},{"@type":"WebSite","@id":"https:\/\/miurio.com\/et\/#website","url":"https:\/\/miurio.com\/et\/","name":"Miurio Design Studio","description":"MIURIO design studio website and e-shop","publisher":{"@id":"https:\/\/miurio.com\/et\/#organization"},"potentialAction":[{"@type":"SearchAction","target":{"@type":"EntryPoint","urlTemplate":"https:\/\/miurio.com\/et\/?s={search_term_string}"},"query-input":{"@type":"PropertyValueSpecification","valueRequired":true,"valueName":"search_term_string"}}],"inLanguage":"et"},{"@type":"Organization","@id":"https:\/\/miurio.com\/et\/#organization","name":"MIURIO DECOR O\u00dc","url":"https:\/\/miurio.com\/et\/","logo":{"@type":"ImageObject","inLanguage":"et","@id":"https:\/\/miurio.com\/et\/#\/schema\/logo\/image\/","url":"https:\/\/miurio.com\/wp-content\/uploads\/2021\/08\/MIURIO-new-logo-3.png","contentUrl":"https:\/\/miurio.com\/wp-content\/uploads\/2021\/08\/MIURIO-new-logo-3.png","width":1500,"height":1500,"caption":"MIURIO DECOR O\u00dc"},"image":{"@id":"https:\/\/miurio.com\/et\/#\/schema\/logo\/image\/"},"sameAs":["http:\/\/www.facebook.com\/miuriodecor","https:\/\/instagram.com\/miurio_textiles","https:\/\/www.pinterest.com\/miuriodecor"]}]}},"_links":{"self":[{"href":"https:\/\/miurio.com\/et\/wp-json\/wp\/v2\/product\/2851","targetHints":{"allow":["GET"]}}],"collection":[{"href":"https:\/\/miurio.com\/et\/wp-json\/wp\/v2\/product"}],"about":[{"href":"https:\/\/miurio.com\/et\/wp-json\/wp\/v2\/types\/product"}],"replies":[{"embeddable":true,"href":"https:\/\/miurio.com\/et\/wp-json\/wp\/v2\/comments?post=2851"}],"wp:featuredmedia":[{"embeddable":true,"href":"https:\/\/miurio.com\/et\/wp-json\/wp\/v2\/media\/1477"}],"wp:attachment":[{"href":"https:\/\/miurio.com\/et\/wp-json\/wp\/v2\/media?parent=2851"}],"wp:term":[{"taxonomy":"product_brand","embeddable":true,"href":"https:\/\/miurio.com\/et\/wp-json\/wp\/v2\/product_brand?post=2851"},{"taxonomy":"product_cat","embeddable":true,"href":"https:\/\/miurio.com\/et\/wp-json\/wp\/v2\/product_cat?post=2851"},{"taxonomy":"product_tag","embeddable":true,"href":"https:\/\/miurio.com\/et\/wp-json\/wp\/v2\/product_tag?post=2851"}],"curies":[{"name":"wp","href":"https:\/\/api.w.org\/{rel}","templated":true}]}}