{"id":2743,"date":"2020-08-27T12:15:35","date_gmt":"2020-08-27T12:15:35","guid":{"rendered":"https:\/\/miurio.com\/product\/leopard-orange-grey-unisex-villane-sall\/"},"modified":"2025-08-04T15:30:17","modified_gmt":"2025-08-04T15:30:17","slug":"leopard-orange-grey-unisex-villane-sall","status":"publish","type":"product","link":"https:\/\/miurio.com\/et\/toode\/leopard-orange-grey-unisex-villane-sall\/","title":{"rendered":"LEOPARD ORANGE-GREY UNISEX VILLANE SALL"},"content":{"rendered":"<p>V\u00f5tke soojalt vastu MIURIO esimene villaste unisex kaelasallide kollektsioon!<br \/>\nLEOPARDIMUSTRIGA ORAN\u017dI-HALLI TOONI kahepoolne villane sall on talviste aksessuaaride osas teie esimene valik. Hoiab soojas ja paitab pehmelt teie kaela. Kootud pehmeimast neitsivilla ja puuvilla segust ning lisapehmuse saavutamiseks harjatud. M\u00e4ssige see kaela v\u00f5i \u00f5lgade \u00fcmber ja tunnetage selle talvetalismani soojust.<br \/>\nM\u00fc\u00fcakse piiratud kollektsioonina. Masinkootud Itaalias.<\/p>\n<hr \/>\n<h2>SUURUS<\/h2>\n<p>70X180CM,<\/p>\n<p>35x180CM KOKKU VOLDITUNA<\/p>\n<h2>MATERJAL<\/h2>\n<p>65% \u00a0NEITSIVILL<\/p>\n<p>35% PUUVILL<\/p>\n<p>HARJATUD VIIMISTLUSEGA<\/p>\n<h2>HOOLDUS<\/h2>\n<p>KEEMILINE PUHASTUS,<\/p>\n<p>TRIIKIMINE KESKMISEL TEMPERATUURIL<\/p>\n<hr \/>\n","protected":false},"excerpt":{"rendered":"<p>V\u00f5tke soojalt vastu MIURIO esimene villaste unisex kaelasallide kollektsioon! LEOPARDIMUSTRIGA ORAN\u017dI-HALLI TOONI kahepoolne villane sall on talviste aksessuaaride osas teie esimene valik. Hoiab soojas ja paitab pehmelt teie kaela. Kootud&hellip;<\/p>\n","protected":false},"featured_media":1019,"comment_status":"closed","ping_status":"closed","template":"","meta":{"inline_featured_image":false,"_monsterinsights_skip_tracking":false,"_monsterinsights_sitenote_active":false,"_monsterinsights_sitenote_note":"","_monsterinsights_sitenote_category":0,"_vp_format_video_url":"","_vp_image_focal_point":[]},"product_brand":[],"product_cat":[176,185],"product_tag":[153],"class_list":{"0":"post-2743","1":"product","2":"type-product","3":"status-publish","4":"has-post-thumbnail","6":"product_cat-siidist-ja-villased-aksessuaarid","7":"product_cat-villased-sallid","8":"product_tag-miurio-aksessuaarid","9":"pa_collection-uus-kollektsioon","11":"first","12":"instock","13":"shipping-taxable","14":"purchasable","15":"product-type-simple"},"yoast_head":"<!-- This site is optimized with the Yoast SEO plugin v27.2 - https:\/\/yoast.com\/product\/yoast-seo-wordpress\/ -->\n<title>LEOPARD ORANGE-GREY UNISEX VILLANE SALL - Miurio Design Studio<\/title>\n<meta name=\"robots\" content=\"index, follow, max-snippet:-1, max-image-preview:large, max-video-preview:-1\" \/>\n<link rel=\"canonical\" href=\"https:\/\/miurio.com\/et\/toode\/leopard-orange-grey-unisex-villane-sall\/\" \/>\n<meta property=\"og:locale\" content=\"et_EE\" \/>\n<meta property=\"og:type\" content=\"article\" \/>\n<meta property=\"og:title\" content=\"LEOPARD ORANGE-GREY UNISEX VILLANE SALL - Miurio Design Studio\" \/>\n<meta property=\"og:description\" content=\"V\u00f5tke soojalt vastu MIURIO esimene villaste unisex kaelasallide kollektsioon! LEOPARDIMUSTRIGA ORAN\u017dI-HALLI TOONI kahepoolne villane sall on talviste aksessuaaride osas teie esimene valik. Hoiab soojas ja paitab pehmelt teie kaela. Kootud&hellip;\" \/>\n<meta property=\"og:url\" content=\"https:\/\/miurio.com\/et\/toode\/leopard-orange-grey-unisex-villane-sall\/\" \/>\n<meta property=\"og:site_name\" content=\"Miurio Design Studio\" \/>\n<meta property=\"article:publisher\" content=\"http:\/\/www.facebook.com\/miuriodecor\" \/>\n<meta property=\"article:modified_time\" content=\"2025-08-04T15:30:17+00:00\" \/>\n<meta property=\"og:image\" content=\"https:\/\/miurio.com\/wp-content\/uploads\/2020\/08\/864a2f_867ffa5c088649d08dad794b7729d494mv2_d_4740_4740_s_4_2-scaled.jpg\" \/>\n\t<meta property=\"og:image:width\" content=\"3840\" \/>\n\t<meta property=\"og:image:height\" content=\"3840\" \/>\n\t<meta property=\"og:image:type\" content=\"image\/jpeg\" \/>\n<meta name=\"twitter:card\" content=\"summary_large_image\" \/>\n<script type=\"application\/ld+json\" class=\"yoast-schema-graph\">{\"@context\":\"https:\/\/schema.org\",\"@graph\":[{\"@type\":\"WebPage\",\"@id\":\"https:\/\/miurio.com\/et\/toode\/leopard-orange-grey-unisex-villane-sall\/\",\"url\":\"https:\/\/miurio.com\/et\/toode\/leopard-orange-grey-unisex-villane-sall\/\",\"name\":\"LEOPARD ORANGE-GREY UNISEX VILLANE SALL - Miurio Design Studio\",\"isPartOf\":{\"@id\":\"https:\/\/miurio.com\/et\/#website\"},\"primaryImageOfPage\":{\"@id\":\"https:\/\/miurio.com\/et\/toode\/leopard-orange-grey-unisex-villane-sall\/#primaryimage\"},\"image\":{\"@id\":\"https:\/\/miurio.com\/et\/toode\/leopard-orange-grey-unisex-villane-sall\/#primaryimage\"},\"thumbnailUrl\":\"https:\/\/miurio.com\/wp-content\/uploads\/2020\/08\/864a2f_867ffa5c088649d08dad794b7729d494mv2_d_4740_4740_s_4_2-scaled.jpg\",\"datePublished\":\"2020-08-27T12:15:35+00:00\",\"dateModified\":\"2025-08-04T15:30:17+00:00\",\"breadcrumb\":{\"@id\":\"https:\/\/miurio.com\/et\/toode\/leopard-orange-grey-unisex-villane-sall\/#breadcrumb\"},\"inLanguage\":\"et\",\"potentialAction\":[{\"@type\":\"ReadAction\",\"target\":[\"https:\/\/miurio.com\/et\/toode\/leopard-orange-grey-unisex-villane-sall\/\"]}]},{\"@type\":\"ImageObject\",\"inLanguage\":\"et\",\"@id\":\"https:\/\/miurio.com\/et\/toode\/leopard-orange-grey-unisex-villane-sall\/#primaryimage\",\"url\":\"https:\/\/miurio.com\/wp-content\/uploads\/2020\/08\/864a2f_867ffa5c088649d08dad794b7729d494mv2_d_4740_4740_s_4_2-scaled.jpg\",\"contentUrl\":\"https:\/\/miurio.com\/wp-content\/uploads\/2020\/08\/864a2f_867ffa5c088649d08dad794b7729d494mv2_d_4740_4740_s_4_2-scaled.jpg\",\"width\":3840,\"height\":3840},{\"@type\":\"BreadcrumbList\",\"@id\":\"https:\/\/miurio.com\/et\/toode\/leopard-orange-grey-unisex-villane-sall\/#breadcrumb\",\"itemListElement\":[{\"@type\":\"ListItem\",\"position\":1,\"name\":\"Home\",\"item\":\"https:\/\/miurio.com\/et\/\"},{\"@type\":\"ListItem\",\"position\":2,\"name\":\"Pood\",\"item\":\"https:\/\/miurio.com\/et\/pood\/\"},{\"@type\":\"ListItem\",\"position\":3,\"name\":\"LEOPARD ORANGE-GREY UNISEX VILLANE SALL\"}]},{\"@type\":\"WebSite\",\"@id\":\"https:\/\/miurio.com\/et\/#website\",\"url\":\"https:\/\/miurio.com\/et\/\",\"name\":\"Miurio Design Studio\",\"description\":\"MIURIO design studio website and e-shop\",\"publisher\":{\"@id\":\"https:\/\/miurio.com\/et\/#organization\"},\"potentialAction\":[{\"@type\":\"SearchAction\",\"target\":{\"@type\":\"EntryPoint\",\"urlTemplate\":\"https:\/\/miurio.com\/et\/?s={search_term_string}\"},\"query-input\":{\"@type\":\"PropertyValueSpecification\",\"valueRequired\":true,\"valueName\":\"search_term_string\"}}],\"inLanguage\":\"et\"},{\"@type\":\"Organization\",\"@id\":\"https:\/\/miurio.com\/et\/#organization\",\"name\":\"MIURIO DECOR O\u00dc\",\"url\":\"https:\/\/miurio.com\/et\/\",\"logo\":{\"@type\":\"ImageObject\",\"inLanguage\":\"et\",\"@id\":\"https:\/\/miurio.com\/et\/#\/schema\/logo\/image\/\",\"url\":\"https:\/\/miurio.com\/wp-content\/uploads\/2021\/08\/MIURIO-new-logo-3.png\",\"contentUrl\":\"https:\/\/miurio.com\/wp-content\/uploads\/2021\/08\/MIURIO-new-logo-3.png\",\"width\":1500,\"height\":1500,\"caption\":\"MIURIO DECOR O\u00dc\"},\"image\":{\"@id\":\"https:\/\/miurio.com\/et\/#\/schema\/logo\/image\/\"},\"sameAs\":[\"http:\/\/www.facebook.com\/miuriodecor\",\"https:\/\/instagram.com\/miurio_textiles\",\"https:\/\/www.pinterest.com\/miuriodecor\"]}]}<\/script>\n<!-- \/ Yoast SEO plugin. -->","yoast_head_json":{"title":"LEOPARD ORANGE-GREY UNISEX VILLANE SALL - Miurio Design Studio","robots":{"index":"index","follow":"follow","max-snippet":"max-snippet:-1","max-image-preview":"max-image-preview:large","max-video-preview":"max-video-preview:-1"},"canonical":"https:\/\/miurio.com\/et\/toode\/leopard-orange-grey-unisex-villane-sall\/","og_locale":"et_EE","og_type":"article","og_title":"LEOPARD ORANGE-GREY UNISEX VILLANE SALL - Miurio Design Studio","og_description":"V\u00f5tke soojalt vastu MIURIO esimene villaste unisex kaelasallide kollektsioon! LEOPARDIMUSTRIGA ORAN\u017dI-HALLI TOONI kahepoolne villane sall on talviste aksessuaaride osas teie esimene valik. Hoiab soojas ja paitab pehmelt teie kaela. Kootud&hellip;","og_url":"https:\/\/miurio.com\/et\/toode\/leopard-orange-grey-unisex-villane-sall\/","og_site_name":"Miurio Design Studio","article_publisher":"http:\/\/www.facebook.com\/miuriodecor","article_modified_time":"2025-08-04T15:30:17+00:00","og_image":[{"width":3840,"height":3840,"url":"https:\/\/miurio.com\/wp-content\/uploads\/2020\/08\/864a2f_867ffa5c088649d08dad794b7729d494mv2_d_4740_4740_s_4_2-scaled.jpg","type":"image\/jpeg"}],"twitter_card":"summary_large_image","schema":{"@context":"https:\/\/schema.org","@graph":[{"@type":"WebPage","@id":"https:\/\/miurio.com\/et\/toode\/leopard-orange-grey-unisex-villane-sall\/","url":"https:\/\/miurio.com\/et\/toode\/leopard-orange-grey-unisex-villane-sall\/","name":"LEOPARD ORANGE-GREY UNISEX VILLANE SALL - Miurio Design Studio","isPartOf":{"@id":"https:\/\/miurio.com\/et\/#website"},"primaryImageOfPage":{"@id":"https:\/\/miurio.com\/et\/toode\/leopard-orange-grey-unisex-villane-sall\/#primaryimage"},"image":{"@id":"https:\/\/miurio.com\/et\/toode\/leopard-orange-grey-unisex-villane-sall\/#primaryimage"},"thumbnailUrl":"https:\/\/miurio.com\/wp-content\/uploads\/2020\/08\/864a2f_867ffa5c088649d08dad794b7729d494mv2_d_4740_4740_s_4_2-scaled.jpg","datePublished":"2020-08-27T12:15:35+00:00","dateModified":"2025-08-04T15:30:17+00:00","breadcrumb":{"@id":"https:\/\/miurio.com\/et\/toode\/leopard-orange-grey-unisex-villane-sall\/#breadcrumb"},"inLanguage":"et","potentialAction":[{"@type":"ReadAction","target":["https:\/\/miurio.com\/et\/toode\/leopard-orange-grey-unisex-villane-sall\/"]}]},{"@type":"ImageObject","inLanguage":"et","@id":"https:\/\/miurio.com\/et\/toode\/leopard-orange-grey-unisex-villane-sall\/#primaryimage","url":"https:\/\/miurio.com\/wp-content\/uploads\/2020\/08\/864a2f_867ffa5c088649d08dad794b7729d494mv2_d_4740_4740_s_4_2-scaled.jpg","contentUrl":"https:\/\/miurio.com\/wp-content\/uploads\/2020\/08\/864a2f_867ffa5c088649d08dad794b7729d494mv2_d_4740_4740_s_4_2-scaled.jpg","width":3840,"height":3840},{"@type":"BreadcrumbList","@id":"https:\/\/miurio.com\/et\/toode\/leopard-orange-grey-unisex-villane-sall\/#breadcrumb","itemListElement":[{"@type":"ListItem","position":1,"name":"Home","item":"https:\/\/miurio.com\/et\/"},{"@type":"ListItem","position":2,"name":"Pood","item":"https:\/\/miurio.com\/et\/pood\/"},{"@type":"ListItem","position":3,"name":"LEOPARD ORANGE-GREY UNISEX VILLANE SALL"}]},{"@type":"WebSite","@id":"https:\/\/miurio.com\/et\/#website","url":"https:\/\/miurio.com\/et\/","name":"Miurio Design Studio","description":"MIURIO design studio website and e-shop","publisher":{"@id":"https:\/\/miurio.com\/et\/#organization"},"potentialAction":[{"@type":"SearchAction","target":{"@type":"EntryPoint","urlTemplate":"https:\/\/miurio.com\/et\/?s={search_term_string}"},"query-input":{"@type":"PropertyValueSpecification","valueRequired":true,"valueName":"search_term_string"}}],"inLanguage":"et"},{"@type":"Organization","@id":"https:\/\/miurio.com\/et\/#organization","name":"MIURIO DECOR O\u00dc","url":"https:\/\/miurio.com\/et\/","logo":{"@type":"ImageObject","inLanguage":"et","@id":"https:\/\/miurio.com\/et\/#\/schema\/logo\/image\/","url":"https:\/\/miurio.com\/wp-content\/uploads\/2021\/08\/MIURIO-new-logo-3.png","contentUrl":"https:\/\/miurio.com\/wp-content\/uploads\/2021\/08\/MIURIO-new-logo-3.png","width":1500,"height":1500,"caption":"MIURIO DECOR O\u00dc"},"image":{"@id":"https:\/\/miurio.com\/et\/#\/schema\/logo\/image\/"},"sameAs":["http:\/\/www.facebook.com\/miuriodecor","https:\/\/instagram.com\/miurio_textiles","https:\/\/www.pinterest.com\/miuriodecor"]}]}},"_links":{"self":[{"href":"https:\/\/miurio.com\/et\/wp-json\/wp\/v2\/product\/2743","targetHints":{"allow":["GET"]}}],"collection":[{"href":"https:\/\/miurio.com\/et\/wp-json\/wp\/v2\/product"}],"about":[{"href":"https:\/\/miurio.com\/et\/wp-json\/wp\/v2\/types\/product"}],"replies":[{"embeddable":true,"href":"https:\/\/miurio.com\/et\/wp-json\/wp\/v2\/comments?post=2743"}],"wp:featuredmedia":[{"embeddable":true,"href":"https:\/\/miurio.com\/et\/wp-json\/wp\/v2\/media\/1019"}],"wp:attachment":[{"href":"https:\/\/miurio.com\/et\/wp-json\/wp\/v2\/media?parent=2743"}],"wp:term":[{"taxonomy":"product_brand","embeddable":true,"href":"https:\/\/miurio.com\/et\/wp-json\/wp\/v2\/product_brand?post=2743"},{"taxonomy":"product_cat","embeddable":true,"href":"https:\/\/miurio.com\/et\/wp-json\/wp\/v2\/product_cat?post=2743"},{"taxonomy":"product_tag","embeddable":true,"href":"https:\/\/miurio.com\/et\/wp-json\/wp\/v2\/product_tag?post=2743"}],"curies":[{"name":"wp","href":"https:\/\/api.w.org\/{rel}","templated":true}]}}