{"id":2738,"date":"2020-08-27T12:15:35","date_gmt":"2020-08-28T15:47:40","guid":{"rendered":"https:\/\/miurio.com\/product\/heart-kasitoovaip-in-grey\/"},"modified":"2023-01-31T12:33:16","modified_gmt":"2023-01-31T12:33:16","slug":"heart-kasitoovaip-in-grey","status":"publish","type":"product","link":"https:\/\/miurio.com\/et\/toode\/heart-kasitoovaip-in-grey\/","title":{"rendered":"HEART K\u00c4SIT\u00d6\u00d6VAIP IN GREY"},"content":{"rendered":"<p>S\u00dcDAMEKUJULINE vaip on \u00fchev\u00e4rviline kaasaegne vaip, millel on s\u00fcdamekujuliseks freesitud k\u00f5rgem mustriosa. Sel on lihtne, kuid siiski peen disain. Hall v\u00e4rv koos k\u00f5rgema s\u00fcdamekujulise tekstuuriga muudab selle lapse toa interj\u00f6\u00f6ri imeliseks t\u00e4ienduseks.<br \/>\nVaiba disaini v\u00e4rvi saab kohandada vastavalt eritellimusele. Palun tulge meie stuudiosse (Veerenni 24C, 2. korrus, Tallinn), et vaadata villase l\u00f5nga v\u00e4rvin\u00e4idiseid.<br \/>\nTeised suurused saadaval eritellimusel.<br \/>\nSee on k\u00e4situft tehnikas valmistatud villavaip. Tufteerimisel on kasutatud k\u00f5rgekvaliteetset Uus-Meremaa villa.<br \/>\nValmistatud vaibameistrite k\u00e4sit\u00f6\u00f6na Indias.<br \/>\nTootmisaeg 4-5 n\u00e4dalat p\u00e4rast tellimuse l\u00f5plikku kinnitamist.<br \/>\nP\u00e4rast seda 3-5 p\u00e4eva jooksul k\u00e4ttetoimetamiseks valmis.<br \/>\nVaibakavandi autor on Rita Assor (Tallinn, Eesti).<\/p>\n<hr \/>\n<h2>TOOTEKIRJELDUS<\/h2>\n<p>W: 130 cm\u00a0x H: 200 cm<\/p>\n<p>W: 200 cm\u00a0x H: 310\u00a0cm<\/p>\n<h2>MATERJAL<\/h2>\n<p>UUS-MEREMAA MERIINO VILL<\/p>\n<p>VISKOOS (if required)<\/p>\n<h2><\/h2>\n<hr \/>\n","protected":false},"excerpt":{"rendered":"<p>S\u00dcDAMEKUJULINE vaip on \u00fchev\u00e4rviline kaasaegne vaip, millel on s\u00fcdamekujuliseks freesitud k\u00f5rgem mustriosa. Sel on lihtne, kuid siiski peen disain. Hall v\u00e4rv koos k\u00f5rgema s\u00fcdamekujulise tekstuuriga muudab selle lapse toa interj\u00f6\u00f6ri&hellip;<\/p>\n","protected":false},"featured_media":1192,"comment_status":"closed","ping_status":"closed","template":"","meta":{"inline_featured_image":false,"_monsterinsights_skip_tracking":false,"_monsterinsights_sitenote_active":false,"_monsterinsights_sitenote_note":"","_monsterinsights_sitenote_category":0,"_vp_format_video_url":"","_vp_image_focal_point":[]},"product_brand":[],"product_cat":[173,150],"product_tag":[144],"class_list":{"0":"post-2738","1":"product","2":"type-product","3":"status-publish","4":"has-post-thumbnail","6":"product_cat-vaibad","7":"product_cat-sisustustooted","8":"product_tag-kodu-dekoor","9":"product_shipping_class-vaipade-tarne","10":"pa_collection-kids-kollektsioon","11":"pa_collection-vaibakollektsioon","12":"pa_other-sizes-130x200cm-et","13":"pa_other-sizes-200x310cm-et","15":"first","16":"instock","17":"shipping-taxable","18":"purchasable","19":"product-type-variable"},"yoast_head":"<!-- This site is optimized with the Yoast SEO plugin v27.2 - https:\/\/yoast.com\/product\/yoast-seo-wordpress\/ -->\n<title>HEART K\u00c4SIT\u00d6\u00d6VAIP IN GREY - Miurio Design Studio<\/title>\n<meta name=\"robots\" content=\"index, follow, max-snippet:-1, max-image-preview:large, max-video-preview:-1\" \/>\n<link rel=\"canonical\" href=\"https:\/\/miurio.com\/et\/toode\/heart-kasitoovaip-in-grey\/\" \/>\n<meta property=\"og:locale\" content=\"et_EE\" \/>\n<meta property=\"og:type\" content=\"article\" \/>\n<meta property=\"og:title\" content=\"HEART K\u00c4SIT\u00d6\u00d6VAIP IN GREY - Miurio Design Studio\" \/>\n<meta property=\"og:description\" content=\"S\u00dcDAMEKUJULINE vaip on \u00fchev\u00e4rviline kaasaegne vaip, millel on s\u00fcdamekujuliseks freesitud k\u00f5rgem mustriosa. Sel on lihtne, kuid siiski peen disain. Hall v\u00e4rv koos k\u00f5rgema s\u00fcdamekujulise tekstuuriga muudab selle lapse toa interj\u00f6\u00f6ri&hellip;\" \/>\n<meta property=\"og:url\" content=\"https:\/\/miurio.com\/et\/toode\/heart-kasitoovaip-in-grey\/\" \/>\n<meta property=\"og:site_name\" content=\"Miurio Design Studio\" \/>\n<meta property=\"article:publisher\" content=\"http:\/\/www.facebook.com\/miuriodecor\" \/>\n<meta property=\"article:modified_time\" content=\"2023-01-31T12:33:16+00:00\" \/>\n<meta property=\"og:image\" content=\"https:\/\/miurio.com\/wp-content\/uploads\/2020\/08\/864a2f_8861d23c0f574fd89134c9bc365efc25mv2_d_1720_1659_s_2.jpg\" \/>\n\t<meta property=\"og:image:width\" content=\"1720\" \/>\n\t<meta property=\"og:image:height\" content=\"1659\" \/>\n\t<meta property=\"og:image:type\" content=\"image\/jpeg\" \/>\n<meta name=\"twitter:card\" content=\"summary_large_image\" \/>\n<meta name=\"twitter:label1\" content=\"Est. reading time\" \/>\n\t<meta name=\"twitter:data1\" content=\"1 minut\" \/>\n<script type=\"application\/ld+json\" class=\"yoast-schema-graph\">{\"@context\":\"https:\/\/schema.org\",\"@graph\":[{\"@type\":\"WebPage\",\"@id\":\"https:\/\/miurio.com\/et\/toode\/heart-kasitoovaip-in-grey\/\",\"url\":\"https:\/\/miurio.com\/et\/toode\/heart-kasitoovaip-in-grey\/\",\"name\":\"HEART K\u00c4SIT\u00d6\u00d6VAIP IN GREY - Miurio Design Studio\",\"isPartOf\":{\"@id\":\"https:\/\/miurio.com\/et\/#website\"},\"primaryImageOfPage\":{\"@id\":\"https:\/\/miurio.com\/et\/toode\/heart-kasitoovaip-in-grey\/#primaryimage\"},\"image\":{\"@id\":\"https:\/\/miurio.com\/et\/toode\/heart-kasitoovaip-in-grey\/#primaryimage\"},\"thumbnailUrl\":\"https:\/\/miurio.com\/wp-content\/uploads\/2020\/08\/864a2f_8861d23c0f574fd89134c9bc365efc25mv2_d_1720_1659_s_2.jpg\",\"datePublished\":\"2020-08-28T15:47:40+00:00\",\"dateModified\":\"2023-01-31T12:33:16+00:00\",\"breadcrumb\":{\"@id\":\"https:\/\/miurio.com\/et\/toode\/heart-kasitoovaip-in-grey\/#breadcrumb\"},\"inLanguage\":\"et\",\"potentialAction\":[{\"@type\":\"ReadAction\",\"target\":[\"https:\/\/miurio.com\/et\/toode\/heart-kasitoovaip-in-grey\/\"]}]},{\"@type\":\"ImageObject\",\"inLanguage\":\"et\",\"@id\":\"https:\/\/miurio.com\/et\/toode\/heart-kasitoovaip-in-grey\/#primaryimage\",\"url\":\"https:\/\/miurio.com\/wp-content\/uploads\/2020\/08\/864a2f_8861d23c0f574fd89134c9bc365efc25mv2_d_1720_1659_s_2.jpg\",\"contentUrl\":\"https:\/\/miurio.com\/wp-content\/uploads\/2020\/08\/864a2f_8861d23c0f574fd89134c9bc365efc25mv2_d_1720_1659_s_2.jpg\",\"width\":1720,\"height\":1659},{\"@type\":\"BreadcrumbList\",\"@id\":\"https:\/\/miurio.com\/et\/toode\/heart-kasitoovaip-in-grey\/#breadcrumb\",\"itemListElement\":[{\"@type\":\"ListItem\",\"position\":1,\"name\":\"Home\",\"item\":\"https:\/\/miurio.com\/et\/\"},{\"@type\":\"ListItem\",\"position\":2,\"name\":\"Pood\",\"item\":\"https:\/\/miurio.com\/et\/pood\/\"},{\"@type\":\"ListItem\",\"position\":3,\"name\":\"HEART K\u00c4SIT\u00d6\u00d6VAIP IN GREY\"}]},{\"@type\":\"WebSite\",\"@id\":\"https:\/\/miurio.com\/et\/#website\",\"url\":\"https:\/\/miurio.com\/et\/\",\"name\":\"Miurio Design Studio\",\"description\":\"MIURIO design studio website and e-shop\",\"publisher\":{\"@id\":\"https:\/\/miurio.com\/et\/#organization\"},\"potentialAction\":[{\"@type\":\"SearchAction\",\"target\":{\"@type\":\"EntryPoint\",\"urlTemplate\":\"https:\/\/miurio.com\/et\/?s={search_term_string}\"},\"query-input\":{\"@type\":\"PropertyValueSpecification\",\"valueRequired\":true,\"valueName\":\"search_term_string\"}}],\"inLanguage\":\"et\"},{\"@type\":\"Organization\",\"@id\":\"https:\/\/miurio.com\/et\/#organization\",\"name\":\"MIURIO DECOR O\u00dc\",\"url\":\"https:\/\/miurio.com\/et\/\",\"logo\":{\"@type\":\"ImageObject\",\"inLanguage\":\"et\",\"@id\":\"https:\/\/miurio.com\/et\/#\/schema\/logo\/image\/\",\"url\":\"https:\/\/miurio.com\/wp-content\/uploads\/2021\/08\/MIURIO-new-logo-3.png\",\"contentUrl\":\"https:\/\/miurio.com\/wp-content\/uploads\/2021\/08\/MIURIO-new-logo-3.png\",\"width\":1500,\"height\":1500,\"caption\":\"MIURIO DECOR O\u00dc\"},\"image\":{\"@id\":\"https:\/\/miurio.com\/et\/#\/schema\/logo\/image\/\"},\"sameAs\":[\"http:\/\/www.facebook.com\/miuriodecor\",\"https:\/\/instagram.com\/miurio_textiles\",\"https:\/\/www.pinterest.com\/miuriodecor\"]}]}<\/script>\n<!-- \/ Yoast SEO plugin. -->","yoast_head_json":{"title":"HEART K\u00c4SIT\u00d6\u00d6VAIP IN GREY - Miurio Design Studio","robots":{"index":"index","follow":"follow","max-snippet":"max-snippet:-1","max-image-preview":"max-image-preview:large","max-video-preview":"max-video-preview:-1"},"canonical":"https:\/\/miurio.com\/et\/toode\/heart-kasitoovaip-in-grey\/","og_locale":"et_EE","og_type":"article","og_title":"HEART K\u00c4SIT\u00d6\u00d6VAIP IN GREY - Miurio Design Studio","og_description":"S\u00dcDAMEKUJULINE vaip on \u00fchev\u00e4rviline kaasaegne vaip, millel on s\u00fcdamekujuliseks freesitud k\u00f5rgem mustriosa. Sel on lihtne, kuid siiski peen disain. Hall v\u00e4rv koos k\u00f5rgema s\u00fcdamekujulise tekstuuriga muudab selle lapse toa interj\u00f6\u00f6ri&hellip;","og_url":"https:\/\/miurio.com\/et\/toode\/heart-kasitoovaip-in-grey\/","og_site_name":"Miurio Design Studio","article_publisher":"http:\/\/www.facebook.com\/miuriodecor","article_modified_time":"2023-01-31T12:33:16+00:00","og_image":[{"width":1720,"height":1659,"url":"https:\/\/miurio.com\/wp-content\/uploads\/2020\/08\/864a2f_8861d23c0f574fd89134c9bc365efc25mv2_d_1720_1659_s_2.jpg","type":"image\/jpeg"}],"twitter_card":"summary_large_image","twitter_misc":{"Est. reading time":"1 minut"},"schema":{"@context":"https:\/\/schema.org","@graph":[{"@type":"WebPage","@id":"https:\/\/miurio.com\/et\/toode\/heart-kasitoovaip-in-grey\/","url":"https:\/\/miurio.com\/et\/toode\/heart-kasitoovaip-in-grey\/","name":"HEART K\u00c4SIT\u00d6\u00d6VAIP IN GREY - Miurio Design Studio","isPartOf":{"@id":"https:\/\/miurio.com\/et\/#website"},"primaryImageOfPage":{"@id":"https:\/\/miurio.com\/et\/toode\/heart-kasitoovaip-in-grey\/#primaryimage"},"image":{"@id":"https:\/\/miurio.com\/et\/toode\/heart-kasitoovaip-in-grey\/#primaryimage"},"thumbnailUrl":"https:\/\/miurio.com\/wp-content\/uploads\/2020\/08\/864a2f_8861d23c0f574fd89134c9bc365efc25mv2_d_1720_1659_s_2.jpg","datePublished":"2020-08-28T15:47:40+00:00","dateModified":"2023-01-31T12:33:16+00:00","breadcrumb":{"@id":"https:\/\/miurio.com\/et\/toode\/heart-kasitoovaip-in-grey\/#breadcrumb"},"inLanguage":"et","potentialAction":[{"@type":"ReadAction","target":["https:\/\/miurio.com\/et\/toode\/heart-kasitoovaip-in-grey\/"]}]},{"@type":"ImageObject","inLanguage":"et","@id":"https:\/\/miurio.com\/et\/toode\/heart-kasitoovaip-in-grey\/#primaryimage","url":"https:\/\/miurio.com\/wp-content\/uploads\/2020\/08\/864a2f_8861d23c0f574fd89134c9bc365efc25mv2_d_1720_1659_s_2.jpg","contentUrl":"https:\/\/miurio.com\/wp-content\/uploads\/2020\/08\/864a2f_8861d23c0f574fd89134c9bc365efc25mv2_d_1720_1659_s_2.jpg","width":1720,"height":1659},{"@type":"BreadcrumbList","@id":"https:\/\/miurio.com\/et\/toode\/heart-kasitoovaip-in-grey\/#breadcrumb","itemListElement":[{"@type":"ListItem","position":1,"name":"Home","item":"https:\/\/miurio.com\/et\/"},{"@type":"ListItem","position":2,"name":"Pood","item":"https:\/\/miurio.com\/et\/pood\/"},{"@type":"ListItem","position":3,"name":"HEART K\u00c4SIT\u00d6\u00d6VAIP IN GREY"}]},{"@type":"WebSite","@id":"https:\/\/miurio.com\/et\/#website","url":"https:\/\/miurio.com\/et\/","name":"Miurio Design Studio","description":"MIURIO design studio website and e-shop","publisher":{"@id":"https:\/\/miurio.com\/et\/#organization"},"potentialAction":[{"@type":"SearchAction","target":{"@type":"EntryPoint","urlTemplate":"https:\/\/miurio.com\/et\/?s={search_term_string}"},"query-input":{"@type":"PropertyValueSpecification","valueRequired":true,"valueName":"search_term_string"}}],"inLanguage":"et"},{"@type":"Organization","@id":"https:\/\/miurio.com\/et\/#organization","name":"MIURIO DECOR O\u00dc","url":"https:\/\/miurio.com\/et\/","logo":{"@type":"ImageObject","inLanguage":"et","@id":"https:\/\/miurio.com\/et\/#\/schema\/logo\/image\/","url":"https:\/\/miurio.com\/wp-content\/uploads\/2021\/08\/MIURIO-new-logo-3.png","contentUrl":"https:\/\/miurio.com\/wp-content\/uploads\/2021\/08\/MIURIO-new-logo-3.png","width":1500,"height":1500,"caption":"MIURIO DECOR O\u00dc"},"image":{"@id":"https:\/\/miurio.com\/et\/#\/schema\/logo\/image\/"},"sameAs":["http:\/\/www.facebook.com\/miuriodecor","https:\/\/instagram.com\/miurio_textiles","https:\/\/www.pinterest.com\/miuriodecor"]}]}},"_links":{"self":[{"href":"https:\/\/miurio.com\/et\/wp-json\/wp\/v2\/product\/2738","targetHints":{"allow":["GET"]}}],"collection":[{"href":"https:\/\/miurio.com\/et\/wp-json\/wp\/v2\/product"}],"about":[{"href":"https:\/\/miurio.com\/et\/wp-json\/wp\/v2\/types\/product"}],"replies":[{"embeddable":true,"href":"https:\/\/miurio.com\/et\/wp-json\/wp\/v2\/comments?post=2738"}],"wp:featuredmedia":[{"embeddable":true,"href":"https:\/\/miurio.com\/et\/wp-json\/wp\/v2\/media\/1192"}],"wp:attachment":[{"href":"https:\/\/miurio.com\/et\/wp-json\/wp\/v2\/media?parent=2738"}],"wp:term":[{"taxonomy":"product_brand","embeddable":true,"href":"https:\/\/miurio.com\/et\/wp-json\/wp\/v2\/product_brand?post=2738"},{"taxonomy":"product_cat","embeddable":true,"href":"https:\/\/miurio.com\/et\/wp-json\/wp\/v2\/product_cat?post=2738"},{"taxonomy":"product_tag","embeddable":true,"href":"https:\/\/miurio.com\/et\/wp-json\/wp\/v2\/product_tag?post=2738"}],"curies":[{"name":"wp","href":"https:\/\/api.w.org\/{rel}","templated":true}]}}