{"id":2705,"date":"2020-08-27T12:15:12","date_gmt":"2020-08-28T15:47:13","guid":{"rendered":"https:\/\/miurio.com\/product\/lilac-garden-in-pink-okotapeet\/"},"modified":"2020-08-28T15:47:25","modified_gmt":"2020-08-28T15:47:25","slug":"lilac-garden-in-pink-okotapeet","status":"publish","type":"product","link":"https:\/\/miurio.com\/et\/toode\/lilac-garden-in-pink-okotapeet\/","title":{"rendered":"LILAC GARDEN IN PINK \u00d6KOTAPEET"},"content":{"rendered":"<p>Roosa mustriga sireliaed on maalitud k\u00e4sitsi lopsakate akvarellsete pintsit\u00f5mmetega &#8211; lilla, violetse ja fuksia v\u00e4rvide varjundis, mis on inspireeritud \u00f5itsvate eesti sirelite romantikast. Muster kujundati COVID-19 pandeemia karantiini ajal, et kasvatada positiivsust ja keskenduda meid \u00fcmbritsevale looduslikule ilule.<\/p>\n<p>Disaininud Rita Assor (Tallinn, Eesti) ja prinditud digitaalselt Saksamaal rohetehnoloogia abil.<\/p>\n<p>Horisintaalne kordus: 48 cm<br \/>\nIga rull on 48 cm lai ja 10 m pikk<br \/>\nMustri j\u00e4tkamine kohakuti.<br \/>\nTapeetide tarneaeg 2-3 n\u00e4dalat. Tapeedid ei ole tagastatavad.<\/p>\n<hr \/>\n<h2>TR\u00dcKIKVALITEET<\/h2>\n<p>-l\u00f5hnavaba<\/p>\n<p>-solvendivaba\u00a0sertifitseeritud tr\u00fckiv\u00e4rv<\/p>\n<p>-v\u00f5rratu tr\u00fckikvaliteet, UV-kindel<\/p>\n<p>-mitte pleekivad v\u00e4rvid<\/p>\n<h2>K\u00d5RGEKVALITEETNE FLIISMATERJAL<\/h2>\n<p>-mittekootud materjal, 122 g\/m2<\/p>\n<p>-niiskuskindel<\/p>\n<p>-PVC-, plastitsiidide ja klaaskiudude vaba<\/p>\n<h2><\/h2>\n<hr \/>\n","protected":false},"excerpt":{"rendered":"<p>Roosa mustriga sireliaed on maalitud k\u00e4sitsi lopsakate akvarellsete pintsit\u00f5mmetega &#8211; lilla, violetse ja fuksia v\u00e4rvide varjundis, mis on inspireeritud \u00f5itsvate eesti sirelite romantikast. Muster kujundati COVID-19 pandeemia karantiini ajal, et&hellip;<\/p>\n","protected":false},"featured_media":1139,"comment_status":"closed","ping_status":"open","template":"","meta":{"inline_featured_image":false,"_monsterinsights_skip_tracking":false,"_monsterinsights_sitenote_active":false,"_monsterinsights_sitenote_note":"","_monsterinsights_sitenote_category":0,"_vp_format_video_url":"","_vp_image_focal_point":[]},"product_brand":[],"product_cat":[171,150],"product_tag":[144],"class_list":{"0":"post-2705","1":"product","2":"type-product","3":"status-publish","4":"has-post-thumbnail","6":"product_cat-okotapeet","7":"product_cat-sisustustooted","8":"product_tag-kodu-dekoor","9":"product_shipping_class-patjade-ja-tapeetide-tarne","10":"pa_collection-floral-kollektsioon","11":"pa_collection-lilac-garden-kollektsioon","12":"pa_collection-uus-kollektsioon","14":"first","15":"instock","16":"shipping-taxable","17":"purchasable","18":"product-type-simple"},"yoast_head":"<!-- This site is optimized with the Yoast SEO plugin v27.2 - https:\/\/yoast.com\/product\/yoast-seo-wordpress\/ -->\n<title>LILAC GARDEN IN PINK \u00d6KOTAPEET - Miurio Design Studio<\/title>\n<meta name=\"robots\" content=\"index, follow, max-snippet:-1, max-image-preview:large, max-video-preview:-1\" \/>\n<link rel=\"canonical\" href=\"https:\/\/miurio.com\/et\/toode\/lilac-garden-in-pink-okotapeet\/\" \/>\n<meta property=\"og:locale\" content=\"et_EE\" \/>\n<meta property=\"og:type\" content=\"article\" \/>\n<meta property=\"og:title\" content=\"LILAC GARDEN IN PINK \u00d6KOTAPEET - Miurio Design Studio\" \/>\n<meta property=\"og:description\" content=\"Roosa mustriga sireliaed on maalitud k\u00e4sitsi lopsakate akvarellsete pintsit\u00f5mmetega &#8211; lilla, violetse ja fuksia v\u00e4rvide varjundis, mis on inspireeritud \u00f5itsvate eesti sirelite romantikast. Muster kujundati COVID-19 pandeemia karantiini ajal, et&hellip;\" \/>\n<meta property=\"og:url\" content=\"https:\/\/miurio.com\/et\/toode\/lilac-garden-in-pink-okotapeet\/\" \/>\n<meta property=\"og:site_name\" content=\"Miurio Design Studio\" \/>\n<meta property=\"article:publisher\" content=\"http:\/\/www.facebook.com\/miuriodecor\" \/>\n<meta property=\"article:modified_time\" content=\"2020-08-28T15:47:25+00:00\" \/>\n<meta property=\"og:image\" content=\"https:\/\/miurio.com\/wp-content\/uploads\/2020\/08\/864a2f_70b6558ce098402d85eda5588db41b02mv2.png\" \/>\n\t<meta property=\"og:image:width\" content=\"2000\" \/>\n\t<meta property=\"og:image:height\" content=\"2000\" \/>\n\t<meta property=\"og:image:type\" content=\"image\/png\" \/>\n<meta name=\"twitter:card\" content=\"summary_large_image\" \/>\n<meta name=\"twitter:label1\" content=\"Est. reading time\" \/>\n\t<meta name=\"twitter:data1\" content=\"1 minut\" \/>\n<script type=\"application\/ld+json\" class=\"yoast-schema-graph\">{\"@context\":\"https:\/\/schema.org\",\"@graph\":[{\"@type\":\"WebPage\",\"@id\":\"https:\/\/miurio.com\/et\/toode\/lilac-garden-in-pink-okotapeet\/\",\"url\":\"https:\/\/miurio.com\/et\/toode\/lilac-garden-in-pink-okotapeet\/\",\"name\":\"LILAC GARDEN IN PINK \u00d6KOTAPEET - Miurio Design Studio\",\"isPartOf\":{\"@id\":\"https:\/\/miurio.com\/et\/#website\"},\"primaryImageOfPage\":{\"@id\":\"https:\/\/miurio.com\/et\/toode\/lilac-garden-in-pink-okotapeet\/#primaryimage\"},\"image\":{\"@id\":\"https:\/\/miurio.com\/et\/toode\/lilac-garden-in-pink-okotapeet\/#primaryimage\"},\"thumbnailUrl\":\"https:\/\/miurio.com\/wp-content\/uploads\/2020\/08\/864a2f_70b6558ce098402d85eda5588db41b02mv2.png\",\"datePublished\":\"2020-08-28T15:47:13+00:00\",\"dateModified\":\"2020-08-28T15:47:25+00:00\",\"breadcrumb\":{\"@id\":\"https:\/\/miurio.com\/et\/toode\/lilac-garden-in-pink-okotapeet\/#breadcrumb\"},\"inLanguage\":\"et\",\"potentialAction\":[{\"@type\":\"ReadAction\",\"target\":[\"https:\/\/miurio.com\/et\/toode\/lilac-garden-in-pink-okotapeet\/\"]}]},{\"@type\":\"ImageObject\",\"inLanguage\":\"et\",\"@id\":\"https:\/\/miurio.com\/et\/toode\/lilac-garden-in-pink-okotapeet\/#primaryimage\",\"url\":\"https:\/\/miurio.com\/wp-content\/uploads\/2020\/08\/864a2f_70b6558ce098402d85eda5588db41b02mv2.png\",\"contentUrl\":\"https:\/\/miurio.com\/wp-content\/uploads\/2020\/08\/864a2f_70b6558ce098402d85eda5588db41b02mv2.png\",\"width\":2000,\"height\":2000},{\"@type\":\"BreadcrumbList\",\"@id\":\"https:\/\/miurio.com\/et\/toode\/lilac-garden-in-pink-okotapeet\/#breadcrumb\",\"itemListElement\":[{\"@type\":\"ListItem\",\"position\":1,\"name\":\"Home\",\"item\":\"https:\/\/miurio.com\/et\/\"},{\"@type\":\"ListItem\",\"position\":2,\"name\":\"Pood\",\"item\":\"https:\/\/miurio.com\/et\/pood\/\"},{\"@type\":\"ListItem\",\"position\":3,\"name\":\"LILAC GARDEN IN PINK \u00d6KOTAPEET\"}]},{\"@type\":\"WebSite\",\"@id\":\"https:\/\/miurio.com\/et\/#website\",\"url\":\"https:\/\/miurio.com\/et\/\",\"name\":\"Miurio Design Studio\",\"description\":\"MIURIO design studio website and e-shop\",\"publisher\":{\"@id\":\"https:\/\/miurio.com\/et\/#organization\"},\"potentialAction\":[{\"@type\":\"SearchAction\",\"target\":{\"@type\":\"EntryPoint\",\"urlTemplate\":\"https:\/\/miurio.com\/et\/?s={search_term_string}\"},\"query-input\":{\"@type\":\"PropertyValueSpecification\",\"valueRequired\":true,\"valueName\":\"search_term_string\"}}],\"inLanguage\":\"et\"},{\"@type\":\"Organization\",\"@id\":\"https:\/\/miurio.com\/et\/#organization\",\"name\":\"MIURIO DECOR O\u00dc\",\"url\":\"https:\/\/miurio.com\/et\/\",\"logo\":{\"@type\":\"ImageObject\",\"inLanguage\":\"et\",\"@id\":\"https:\/\/miurio.com\/et\/#\/schema\/logo\/image\/\",\"url\":\"https:\/\/miurio.com\/wp-content\/uploads\/2021\/08\/MIURIO-new-logo-3.png\",\"contentUrl\":\"https:\/\/miurio.com\/wp-content\/uploads\/2021\/08\/MIURIO-new-logo-3.png\",\"width\":1500,\"height\":1500,\"caption\":\"MIURIO DECOR O\u00dc\"},\"image\":{\"@id\":\"https:\/\/miurio.com\/et\/#\/schema\/logo\/image\/\"},\"sameAs\":[\"http:\/\/www.facebook.com\/miuriodecor\",\"https:\/\/instagram.com\/miurio_textiles\",\"https:\/\/www.pinterest.com\/miuriodecor\"]}]}<\/script>\n<!-- \/ Yoast SEO plugin. -->","yoast_head_json":{"title":"LILAC GARDEN IN PINK \u00d6KOTAPEET - Miurio Design Studio","robots":{"index":"index","follow":"follow","max-snippet":"max-snippet:-1","max-image-preview":"max-image-preview:large","max-video-preview":"max-video-preview:-1"},"canonical":"https:\/\/miurio.com\/et\/toode\/lilac-garden-in-pink-okotapeet\/","og_locale":"et_EE","og_type":"article","og_title":"LILAC GARDEN IN PINK \u00d6KOTAPEET - Miurio Design Studio","og_description":"Roosa mustriga sireliaed on maalitud k\u00e4sitsi lopsakate akvarellsete pintsit\u00f5mmetega &#8211; lilla, violetse ja fuksia v\u00e4rvide varjundis, mis on inspireeritud \u00f5itsvate eesti sirelite romantikast. Muster kujundati COVID-19 pandeemia karantiini ajal, et&hellip;","og_url":"https:\/\/miurio.com\/et\/toode\/lilac-garden-in-pink-okotapeet\/","og_site_name":"Miurio Design Studio","article_publisher":"http:\/\/www.facebook.com\/miuriodecor","article_modified_time":"2020-08-28T15:47:25+00:00","og_image":[{"width":2000,"height":2000,"url":"https:\/\/miurio.com\/wp-content\/uploads\/2020\/08\/864a2f_70b6558ce098402d85eda5588db41b02mv2.png","type":"image\/png"}],"twitter_card":"summary_large_image","twitter_misc":{"Est. reading time":"1 minut"},"schema":{"@context":"https:\/\/schema.org","@graph":[{"@type":"WebPage","@id":"https:\/\/miurio.com\/et\/toode\/lilac-garden-in-pink-okotapeet\/","url":"https:\/\/miurio.com\/et\/toode\/lilac-garden-in-pink-okotapeet\/","name":"LILAC GARDEN IN PINK \u00d6KOTAPEET - Miurio Design Studio","isPartOf":{"@id":"https:\/\/miurio.com\/et\/#website"},"primaryImageOfPage":{"@id":"https:\/\/miurio.com\/et\/toode\/lilac-garden-in-pink-okotapeet\/#primaryimage"},"image":{"@id":"https:\/\/miurio.com\/et\/toode\/lilac-garden-in-pink-okotapeet\/#primaryimage"},"thumbnailUrl":"https:\/\/miurio.com\/wp-content\/uploads\/2020\/08\/864a2f_70b6558ce098402d85eda5588db41b02mv2.png","datePublished":"2020-08-28T15:47:13+00:00","dateModified":"2020-08-28T15:47:25+00:00","breadcrumb":{"@id":"https:\/\/miurio.com\/et\/toode\/lilac-garden-in-pink-okotapeet\/#breadcrumb"},"inLanguage":"et","potentialAction":[{"@type":"ReadAction","target":["https:\/\/miurio.com\/et\/toode\/lilac-garden-in-pink-okotapeet\/"]}]},{"@type":"ImageObject","inLanguage":"et","@id":"https:\/\/miurio.com\/et\/toode\/lilac-garden-in-pink-okotapeet\/#primaryimage","url":"https:\/\/miurio.com\/wp-content\/uploads\/2020\/08\/864a2f_70b6558ce098402d85eda5588db41b02mv2.png","contentUrl":"https:\/\/miurio.com\/wp-content\/uploads\/2020\/08\/864a2f_70b6558ce098402d85eda5588db41b02mv2.png","width":2000,"height":2000},{"@type":"BreadcrumbList","@id":"https:\/\/miurio.com\/et\/toode\/lilac-garden-in-pink-okotapeet\/#breadcrumb","itemListElement":[{"@type":"ListItem","position":1,"name":"Home","item":"https:\/\/miurio.com\/et\/"},{"@type":"ListItem","position":2,"name":"Pood","item":"https:\/\/miurio.com\/et\/pood\/"},{"@type":"ListItem","position":3,"name":"LILAC GARDEN IN PINK \u00d6KOTAPEET"}]},{"@type":"WebSite","@id":"https:\/\/miurio.com\/et\/#website","url":"https:\/\/miurio.com\/et\/","name":"Miurio Design Studio","description":"MIURIO design studio website and e-shop","publisher":{"@id":"https:\/\/miurio.com\/et\/#organization"},"potentialAction":[{"@type":"SearchAction","target":{"@type":"EntryPoint","urlTemplate":"https:\/\/miurio.com\/et\/?s={search_term_string}"},"query-input":{"@type":"PropertyValueSpecification","valueRequired":true,"valueName":"search_term_string"}}],"inLanguage":"et"},{"@type":"Organization","@id":"https:\/\/miurio.com\/et\/#organization","name":"MIURIO DECOR O\u00dc","url":"https:\/\/miurio.com\/et\/","logo":{"@type":"ImageObject","inLanguage":"et","@id":"https:\/\/miurio.com\/et\/#\/schema\/logo\/image\/","url":"https:\/\/miurio.com\/wp-content\/uploads\/2021\/08\/MIURIO-new-logo-3.png","contentUrl":"https:\/\/miurio.com\/wp-content\/uploads\/2021\/08\/MIURIO-new-logo-3.png","width":1500,"height":1500,"caption":"MIURIO DECOR O\u00dc"},"image":{"@id":"https:\/\/miurio.com\/et\/#\/schema\/logo\/image\/"},"sameAs":["http:\/\/www.facebook.com\/miuriodecor","https:\/\/instagram.com\/miurio_textiles","https:\/\/www.pinterest.com\/miuriodecor"]}]}},"_links":{"self":[{"href":"https:\/\/miurio.com\/et\/wp-json\/wp\/v2\/product\/2705","targetHints":{"allow":["GET"]}}],"collection":[{"href":"https:\/\/miurio.com\/et\/wp-json\/wp\/v2\/product"}],"about":[{"href":"https:\/\/miurio.com\/et\/wp-json\/wp\/v2\/types\/product"}],"replies":[{"embeddable":true,"href":"https:\/\/miurio.com\/et\/wp-json\/wp\/v2\/comments?post=2705"}],"wp:featuredmedia":[{"embeddable":true,"href":"https:\/\/miurio.com\/et\/wp-json\/wp\/v2\/media\/1139"}],"wp:attachment":[{"href":"https:\/\/miurio.com\/et\/wp-json\/wp\/v2\/media?parent=2705"}],"wp:term":[{"taxonomy":"product_brand","embeddable":true,"href":"https:\/\/miurio.com\/et\/wp-json\/wp\/v2\/product_brand?post=2705"},{"taxonomy":"product_cat","embeddable":true,"href":"https:\/\/miurio.com\/et\/wp-json\/wp\/v2\/product_cat?post=2705"},{"taxonomy":"product_tag","embeddable":true,"href":"https:\/\/miurio.com\/et\/wp-json\/wp\/v2\/product_tag?post=2705"}],"curies":[{"name":"wp","href":"https:\/\/api.w.org\/{rel}","templated":true}]}}