{"id":15327,"date":"2026-01-20T14:02:36","date_gmt":"2026-01-20T14:02:36","guid":{"rendered":"https:\/\/miurio.com\/?post_type=product&#038;p=15327"},"modified":"2026-01-20T14:14:16","modified_gmt":"2026-01-20T14:14:16","slug":"deep-waters-iluratik","status":"publish","type":"product","link":"https:\/\/miurio.com\/et\/toode\/deep-waters-iluratik\/","title":{"rendered":"DEEP WATERS ILUR\u00c4TIK"},"content":{"rendered":"<p>DEEP WATERS rinnataskur\u00e4tik s\u00fcmboliseerib meie alateadvuse voogu \u2013 s\u00fcgavat, intuitiivset ja pidevas liikumises olevat sisemaailma. Disain jutustab n\u00e4htamatutest sisemistest hoovustest ning lisab mehelikku stiili t\u00e4henduse ja ajatuse.<\/p>\n<p>Isikup\u00e4rane aksessuaar mehele, kes hindab detaili, kvaliteeti ja l\u00e4bim\u00f5eldud disaini.<\/p>\n<p>Mustri on disaininud Rita Assor.<\/p>\n<p>Meie kangastel ja printimistintidel on OEKO-TEX sertifikaadid.<br \/>\nM\u00fc\u00fcakse piiratud kollektsioonina.<br \/>\nDigitr\u00fckk. K\u00e4sitsi palistatud.<br \/>\nPakendatud kinkekarpi.<\/p>\n<hr \/>\n<h2>SUURUS<\/h2>\n<p>40X40CM<\/p>\n<h2>MATERJAL<\/h2>\n<p>100% \u00a0SIIDSATIIN<\/p>\n<h2>HOOLDUS<\/h2>\n<p>KEEMILINE PUHASTUS<\/p>\n<hr \/>\n","protected":false},"excerpt":{"rendered":"<p>DEEP WATERS rinnataskur\u00e4tik s\u00fcmboliseerib meie alateadvuse voogu \u2013 s\u00fcgavat, intuitiivset ja pidevas liikumises olevat sisemaailma. Disain jutustab n\u00e4htamatutest sisemistest hoovustest ning lisab mehelikku stiili t\u00e4henduse ja ajatuse. Isikup\u00e4rane aksessuaar mehele,&hellip;<\/p>\n","protected":false},"featured_media":15334,"comment_status":"closed","ping_status":"closed","template":"","meta":{"inline_featured_image":false,"_monsterinsights_skip_tracking":false,"_monsterinsights_sitenote_active":false,"_monsterinsights_sitenote_note":"","_monsterinsights_sitenote_category":0,"_vp_format_video_url":"","_vp_image_focal_point":[]},"product_brand":[],"product_cat":[175,176],"product_tag":[153],"class_list":{"0":"post-15327","1":"product","2":"type-product","3":"status-publish","4":"has-post-thumbnail","6":"product_cat-iluratikud","7":"product_cat-siidist-ja-villased-aksessuaarid","8":"product_tag-miurio-aksessuaarid","9":"pa_collection-meeste-iluratikud","10":"pa_embroidered-initials-ilma-tikandita","11":"pa_embroidered-initials-masintikand-viskoosniidiga","13":"first","14":"instock","15":"shipping-taxable","16":"purchasable","17":"product-type-variable"},"yoast_head":"<!-- This site is optimized with the Yoast SEO plugin v27.2 - https:\/\/yoast.com\/product\/yoast-seo-wordpress\/ -->\n<title>DEEP WATERS ILUR\u00c4TIK - Miurio Design Studio<\/title>\n<meta name=\"robots\" content=\"index, follow, max-snippet:-1, max-image-preview:large, max-video-preview:-1\" \/>\n<link rel=\"canonical\" href=\"https:\/\/miurio.com\/et\/toode\/deep-waters-iluratik\/\" \/>\n<meta property=\"og:locale\" content=\"et_EE\" \/>\n<meta property=\"og:type\" content=\"article\" \/>\n<meta property=\"og:title\" content=\"DEEP WATERS ILUR\u00c4TIK - Miurio Design Studio\" \/>\n<meta property=\"og:description\" content=\"DEEP WATERS rinnataskur\u00e4tik s\u00fcmboliseerib meie alateadvuse voogu \u2013 s\u00fcgavat, intuitiivset ja pidevas liikumises olevat sisemaailma. Disain jutustab n\u00e4htamatutest sisemistest hoovustest ning lisab mehelikku stiili t\u00e4henduse ja ajatuse. Isikup\u00e4rane aksessuaar mehele,&hellip;\" \/>\n<meta property=\"og:url\" content=\"https:\/\/miurio.com\/et\/toode\/deep-waters-iluratik\/\" \/>\n<meta property=\"og:site_name\" content=\"Miurio Design Studio\" \/>\n<meta property=\"article:publisher\" content=\"http:\/\/www.facebook.com\/miuriodecor\" \/>\n<meta property=\"article:modified_time\" content=\"2026-01-20T14:14:16+00:00\" \/>\n<meta property=\"og:image\" content=\"https:\/\/miurio.com\/wp-content\/uploads\/2026\/01\/Screenshot-2026-01-20-at-16.05.04-1024x1024.png\" \/>\n\t<meta property=\"og:image:width\" content=\"1024\" \/>\n\t<meta property=\"og:image:height\" content=\"1024\" \/>\n\t<meta property=\"og:image:type\" content=\"image\/png\" \/>\n<meta name=\"twitter:card\" content=\"summary_large_image\" \/>\n<meta name=\"twitter:label1\" content=\"Est. reading time\" \/>\n\t<meta name=\"twitter:data1\" content=\"1 minut\" \/>\n<script type=\"application\/ld+json\" class=\"yoast-schema-graph\">{\"@context\":\"https:\/\/schema.org\",\"@graph\":[{\"@type\":\"WebPage\",\"@id\":\"https:\/\/miurio.com\/et\/toode\/deep-waters-iluratik\/\",\"url\":\"https:\/\/miurio.com\/et\/toode\/deep-waters-iluratik\/\",\"name\":\"DEEP WATERS ILUR\u00c4TIK - Miurio Design Studio\",\"isPartOf\":{\"@id\":\"https:\/\/miurio.com\/et\/#website\"},\"primaryImageOfPage\":{\"@id\":\"https:\/\/miurio.com\/et\/toode\/deep-waters-iluratik\/#primaryimage\"},\"image\":{\"@id\":\"https:\/\/miurio.com\/et\/toode\/deep-waters-iluratik\/#primaryimage\"},\"thumbnailUrl\":\"https:\/\/miurio.com\/wp-content\/uploads\/2026\/01\/Screenshot-2026-01-20-at-16.05.04.png\",\"datePublished\":\"2026-01-20T14:02:36+00:00\",\"dateModified\":\"2026-01-20T14:14:16+00:00\",\"breadcrumb\":{\"@id\":\"https:\/\/miurio.com\/et\/toode\/deep-waters-iluratik\/#breadcrumb\"},\"inLanguage\":\"et\",\"potentialAction\":[{\"@type\":\"ReadAction\",\"target\":[\"https:\/\/miurio.com\/et\/toode\/deep-waters-iluratik\/\"]}]},{\"@type\":\"ImageObject\",\"inLanguage\":\"et\",\"@id\":\"https:\/\/miurio.com\/et\/toode\/deep-waters-iluratik\/#primaryimage\",\"url\":\"https:\/\/miurio.com\/wp-content\/uploads\/2026\/01\/Screenshot-2026-01-20-at-16.05.04.png\",\"contentUrl\":\"https:\/\/miurio.com\/wp-content\/uploads\/2026\/01\/Screenshot-2026-01-20-at-16.05.04.png\",\"width\":2598,\"height\":2600},{\"@type\":\"BreadcrumbList\",\"@id\":\"https:\/\/miurio.com\/et\/toode\/deep-waters-iluratik\/#breadcrumb\",\"itemListElement\":[{\"@type\":\"ListItem\",\"position\":1,\"name\":\"Home\",\"item\":\"https:\/\/miurio.com\/et\/\"},{\"@type\":\"ListItem\",\"position\":2,\"name\":\"Pood\",\"item\":\"https:\/\/miurio.com\/et\/pood\/\"},{\"@type\":\"ListItem\",\"position\":3,\"name\":\"DEEP WATERS ILUR\u00c4TIK\"}]},{\"@type\":\"WebSite\",\"@id\":\"https:\/\/miurio.com\/et\/#website\",\"url\":\"https:\/\/miurio.com\/et\/\",\"name\":\"Miurio Design Studio\",\"description\":\"MIURIO design studio website and e-shop\",\"publisher\":{\"@id\":\"https:\/\/miurio.com\/et\/#organization\"},\"potentialAction\":[{\"@type\":\"SearchAction\",\"target\":{\"@type\":\"EntryPoint\",\"urlTemplate\":\"https:\/\/miurio.com\/et\/?s={search_term_string}\"},\"query-input\":{\"@type\":\"PropertyValueSpecification\",\"valueRequired\":true,\"valueName\":\"search_term_string\"}}],\"inLanguage\":\"et\"},{\"@type\":\"Organization\",\"@id\":\"https:\/\/miurio.com\/et\/#organization\",\"name\":\"MIURIO DECOR O\u00dc\",\"url\":\"https:\/\/miurio.com\/et\/\",\"logo\":{\"@type\":\"ImageObject\",\"inLanguage\":\"et\",\"@id\":\"https:\/\/miurio.com\/et\/#\/schema\/logo\/image\/\",\"url\":\"https:\/\/miurio.com\/wp-content\/uploads\/2021\/08\/MIURIO-new-logo-3.png\",\"contentUrl\":\"https:\/\/miurio.com\/wp-content\/uploads\/2021\/08\/MIURIO-new-logo-3.png\",\"width\":1500,\"height\":1500,\"caption\":\"MIURIO DECOR O\u00dc\"},\"image\":{\"@id\":\"https:\/\/miurio.com\/et\/#\/schema\/logo\/image\/\"},\"sameAs\":[\"http:\/\/www.facebook.com\/miuriodecor\",\"https:\/\/instagram.com\/miurio_textiles\",\"https:\/\/www.pinterest.com\/miuriodecor\"]}]}<\/script>\n<!-- \/ Yoast SEO plugin. -->","yoast_head_json":{"title":"DEEP WATERS ILUR\u00c4TIK - Miurio Design Studio","robots":{"index":"index","follow":"follow","max-snippet":"max-snippet:-1","max-image-preview":"max-image-preview:large","max-video-preview":"max-video-preview:-1"},"canonical":"https:\/\/miurio.com\/et\/toode\/deep-waters-iluratik\/","og_locale":"et_EE","og_type":"article","og_title":"DEEP WATERS ILUR\u00c4TIK - Miurio Design Studio","og_description":"DEEP WATERS rinnataskur\u00e4tik s\u00fcmboliseerib meie alateadvuse voogu \u2013 s\u00fcgavat, intuitiivset ja pidevas liikumises olevat sisemaailma. Disain jutustab n\u00e4htamatutest sisemistest hoovustest ning lisab mehelikku stiili t\u00e4henduse ja ajatuse. Isikup\u00e4rane aksessuaar mehele,&hellip;","og_url":"https:\/\/miurio.com\/et\/toode\/deep-waters-iluratik\/","og_site_name":"Miurio Design Studio","article_publisher":"http:\/\/www.facebook.com\/miuriodecor","article_modified_time":"2026-01-20T14:14:16+00:00","og_image":[{"width":1024,"height":1024,"url":"https:\/\/miurio.com\/wp-content\/uploads\/2026\/01\/Screenshot-2026-01-20-at-16.05.04-1024x1024.png","type":"image\/png"}],"twitter_card":"summary_large_image","twitter_misc":{"Est. reading time":"1 minut"},"schema":{"@context":"https:\/\/schema.org","@graph":[{"@type":"WebPage","@id":"https:\/\/miurio.com\/et\/toode\/deep-waters-iluratik\/","url":"https:\/\/miurio.com\/et\/toode\/deep-waters-iluratik\/","name":"DEEP WATERS ILUR\u00c4TIK - Miurio Design Studio","isPartOf":{"@id":"https:\/\/miurio.com\/et\/#website"},"primaryImageOfPage":{"@id":"https:\/\/miurio.com\/et\/toode\/deep-waters-iluratik\/#primaryimage"},"image":{"@id":"https:\/\/miurio.com\/et\/toode\/deep-waters-iluratik\/#primaryimage"},"thumbnailUrl":"https:\/\/miurio.com\/wp-content\/uploads\/2026\/01\/Screenshot-2026-01-20-at-16.05.04.png","datePublished":"2026-01-20T14:02:36+00:00","dateModified":"2026-01-20T14:14:16+00:00","breadcrumb":{"@id":"https:\/\/miurio.com\/et\/toode\/deep-waters-iluratik\/#breadcrumb"},"inLanguage":"et","potentialAction":[{"@type":"ReadAction","target":["https:\/\/miurio.com\/et\/toode\/deep-waters-iluratik\/"]}]},{"@type":"ImageObject","inLanguage":"et","@id":"https:\/\/miurio.com\/et\/toode\/deep-waters-iluratik\/#primaryimage","url":"https:\/\/miurio.com\/wp-content\/uploads\/2026\/01\/Screenshot-2026-01-20-at-16.05.04.png","contentUrl":"https:\/\/miurio.com\/wp-content\/uploads\/2026\/01\/Screenshot-2026-01-20-at-16.05.04.png","width":2598,"height":2600},{"@type":"BreadcrumbList","@id":"https:\/\/miurio.com\/et\/toode\/deep-waters-iluratik\/#breadcrumb","itemListElement":[{"@type":"ListItem","position":1,"name":"Home","item":"https:\/\/miurio.com\/et\/"},{"@type":"ListItem","position":2,"name":"Pood","item":"https:\/\/miurio.com\/et\/pood\/"},{"@type":"ListItem","position":3,"name":"DEEP WATERS ILUR\u00c4TIK"}]},{"@type":"WebSite","@id":"https:\/\/miurio.com\/et\/#website","url":"https:\/\/miurio.com\/et\/","name":"Miurio Design Studio","description":"MIURIO design studio website and e-shop","publisher":{"@id":"https:\/\/miurio.com\/et\/#organization"},"potentialAction":[{"@type":"SearchAction","target":{"@type":"EntryPoint","urlTemplate":"https:\/\/miurio.com\/et\/?s={search_term_string}"},"query-input":{"@type":"PropertyValueSpecification","valueRequired":true,"valueName":"search_term_string"}}],"inLanguage":"et"},{"@type":"Organization","@id":"https:\/\/miurio.com\/et\/#organization","name":"MIURIO DECOR O\u00dc","url":"https:\/\/miurio.com\/et\/","logo":{"@type":"ImageObject","inLanguage":"et","@id":"https:\/\/miurio.com\/et\/#\/schema\/logo\/image\/","url":"https:\/\/miurio.com\/wp-content\/uploads\/2021\/08\/MIURIO-new-logo-3.png","contentUrl":"https:\/\/miurio.com\/wp-content\/uploads\/2021\/08\/MIURIO-new-logo-3.png","width":1500,"height":1500,"caption":"MIURIO DECOR O\u00dc"},"image":{"@id":"https:\/\/miurio.com\/et\/#\/schema\/logo\/image\/"},"sameAs":["http:\/\/www.facebook.com\/miuriodecor","https:\/\/instagram.com\/miurio_textiles","https:\/\/www.pinterest.com\/miuriodecor"]}]}},"_links":{"self":[{"href":"https:\/\/miurio.com\/et\/wp-json\/wp\/v2\/product\/15327","targetHints":{"allow":["GET"]}}],"collection":[{"href":"https:\/\/miurio.com\/et\/wp-json\/wp\/v2\/product"}],"about":[{"href":"https:\/\/miurio.com\/et\/wp-json\/wp\/v2\/types\/product"}],"replies":[{"embeddable":true,"href":"https:\/\/miurio.com\/et\/wp-json\/wp\/v2\/comments?post=15327"}],"wp:featuredmedia":[{"embeddable":true,"href":"https:\/\/miurio.com\/et\/wp-json\/wp\/v2\/media\/15334"}],"wp:attachment":[{"href":"https:\/\/miurio.com\/et\/wp-json\/wp\/v2\/media?parent=15327"}],"wp:term":[{"taxonomy":"product_brand","embeddable":true,"href":"https:\/\/miurio.com\/et\/wp-json\/wp\/v2\/product_brand?post=15327"},{"taxonomy":"product_cat","embeddable":true,"href":"https:\/\/miurio.com\/et\/wp-json\/wp\/v2\/product_cat?post=15327"},{"taxonomy":"product_tag","embeddable":true,"href":"https:\/\/miurio.com\/et\/wp-json\/wp\/v2\/product_tag?post=15327"}],"curies":[{"name":"wp","href":"https:\/\/api.w.org\/{rel}","templated":true}]}}