{"id":15187,"date":"2025-11-24T14:45:00","date_gmt":"2025-11-24T14:45:00","guid":{"rendered":"https:\/\/miurio.com\/?post_type=product&#038;p=15187"},"modified":"2025-11-25T12:01:42","modified_gmt":"2025-11-25T12:01:42","slug":"m-leis-lilled-lxiv-1977-kasitoovaip-copy-2","status":"publish","type":"product","link":"https:\/\/miurio.com\/et\/toode\/m-leis-lilled-lxiv-1977-kasitoovaip-copy-2\/","title":{"rendered":"KOHE SAADAVAL: M. LEIS \u201cLILLED LXIV\u201d (1977) K\u00c4SIT\u00d6\u00d6VAIP"},"content":{"rendered":"<p>NB! VAIP ON KOHESELT SAADAVAL.<\/p>\n<p>M. LEIS LILLED LXIV (1977) k\u00e4sit\u00f6\u00f6vaip p\u00f5hineb silmapaistva Eesti naiskunstniku Malle Leisi (1940-2017) teosel.<\/p>\n<p>Originaalne serigraafia: Lilled LXIV (1977). Paberi suurus: 71\u00d761 cm.<\/p>\n<p>Leisi loomingu \u00fcheks kesksemaks m\u00e4rks\u00f5naks nii maalikunstis kui graafikas, on katkematu huvi taimemotiivide ja looduse vastu. Leisi kujutatud floora vo\u0303ib paista esmapilgu lihtne ja dekoratiivne, kuid looduse rikkaliku ilu kujutamise all v\u00f5ib tajuda ka filosoofiliselt s\u00fcgavaid mo\u0303tsiklusi, kus kevadel t\u00e4rganud liblest saab s\u00fcgisel vili ja s\u00fcnnist saab surm. Nendest teostest vo\u0303ib otsida elu ringk\u00e4igu ja seda saatvate m\u00fcsteeriumide kujutamist.<\/p>\n<p>Antud \u00fcmmargune serigraafia telliti Poolas asuvasse lossi, mis renoveeriti 1977. aastal inseneride puhkekoduks. Paluti arvestada barokklossi interj\u00f6\u00f6ri helesiniste ja roosade toonidega.<\/p>\n<p>Valmistatud k\u00e4situft-tehnikas India vaibakudujate poolt. Tootmisaeg 8-10 n\u00e4dalat peale tellimuse l\u00f5plikku kinnitamist.<br \/>\nPeale seda 3-5 p\u00e4eva jooksul k\u00e4ttetoimetamiseks valmis.<\/p>\n<p>Tutvuge vaiban\u00e4idistega meie salongis.<br \/>\n***Samuti on teised suurused saadaval eritellimuse korral. Palun v\u00f5tke meiega \u00fchendust aadressil: info@miurio.com.***<\/p>\n<hr \/>\n<h2>TOOTEKIRJELDUS<\/h2>\n<p>Diameeter: 160 cm (2,01 m2)<\/p>\n<h2>MATERJAL<\/h2>\n<p>70% UUS-MEREMAA MERIINOVILL<\/p>\n<p>30% VISKOOS<\/p>\n<hr \/>\n","protected":false},"excerpt":{"rendered":"<p>NB! VAIP ON KOHESELT SAADAVAL. M. LEIS LILLED LXIV (1977) k\u00e4sit\u00f6\u00f6vaip p\u00f5hineb silmapaistva Eesti naiskunstniku Malle Leisi (1940-2017) teosel. Originaalne serigraafia: Lilled LXIV (1977). Paberi suurus: 71\u00d761 cm. Leisi loomingu&hellip;<\/p>\n","protected":false},"featured_media":13623,"comment_status":"closed","ping_status":"closed","template":"","meta":{"inline_featured_image":false,"_monsterinsights_skip_tracking":false,"_monsterinsights_sitenote_active":false,"_monsterinsights_sitenote_note":"","_monsterinsights_sitenote_category":0,"_vp_format_video_url":"","_vp_image_focal_point":[]},"product_brand":[],"product_cat":[438,173,486,443,495,467,150],"product_tag":[144],"class_list":{"0":"post-15187","1":"product","2":"type-product","3":"status-publish","4":"has-post-thumbnail","6":"product_cat-allahindlus","7":"product_cat-vaibad","8":"product_cat-kingiideed","9":"product_cat-kohe-saadaval-vaibad","10":"product_cat-ettetelimine","11":"product_cat-malle-leisi-kollektsioon-et","12":"product_cat-sisustustooted","13":"product_tag-kodu-dekoor","14":"product_shipping_class-vaipade-tarne","15":"pa_collection-vaibakollektsioon","16":"pa_other-sizes-diameter-160cm-et","18":"first","19":"instock","20":"sale","21":"shipping-taxable","22":"purchasable","23":"product-type-variable"},"yoast_head":"<!-- This site is optimized with the Yoast SEO plugin v27.2 - https:\/\/yoast.com\/product\/yoast-seo-wordpress\/ -->\n<title>KOHE SAADAVAL: M. LEIS \u201cLILLED LXIV\u201d (1977) K\u00c4SIT\u00d6\u00d6VAIP - Miurio Design Studio<\/title>\n<meta name=\"robots\" content=\"index, follow, max-snippet:-1, max-image-preview:large, max-video-preview:-1\" \/>\n<link rel=\"canonical\" href=\"https:\/\/miurio.com\/et\/toode\/m-leis-lilled-lxiv-1977-kasitoovaip-copy-2\/\" \/>\n<meta property=\"og:locale\" content=\"et_EE\" \/>\n<meta property=\"og:type\" content=\"article\" \/>\n<meta property=\"og:title\" content=\"KOHE SAADAVAL: M. LEIS \u201cLILLED LXIV\u201d (1977) K\u00c4SIT\u00d6\u00d6VAIP - Miurio Design Studio\" \/>\n<meta property=\"og:description\" content=\"NB! VAIP ON KOHESELT SAADAVAL. M. LEIS LILLED LXIV (1977) k\u00e4sit\u00f6\u00f6vaip p\u00f5hineb silmapaistva Eesti naiskunstniku Malle Leisi (1940-2017) teosel. Originaalne serigraafia: Lilled LXIV (1977). Paberi suurus: 71\u00d761 cm. Leisi loomingu&hellip;\" \/>\n<meta property=\"og:url\" content=\"https:\/\/miurio.com\/et\/toode\/m-leis-lilled-lxiv-1977-kasitoovaip-copy-2\/\" \/>\n<meta property=\"og:site_name\" content=\"Miurio Design Studio\" \/>\n<meta property=\"article:publisher\" content=\"http:\/\/www.facebook.com\/miuriodecor\" \/>\n<meta property=\"article:modified_time\" content=\"2025-11-25T12:01:42+00:00\" \/>\n<meta property=\"og:image\" content=\"https:\/\/miurio.com\/wp-content\/uploads\/2024\/12\/055A3906-scaled.jpg\" \/>\n\t<meta property=\"og:image:width\" content=\"2560\" \/>\n\t<meta property=\"og:image:height\" content=\"3840\" \/>\n\t<meta property=\"og:image:type\" content=\"image\/jpeg\" \/>\n<meta name=\"twitter:card\" content=\"summary_large_image\" \/>\n<meta name=\"twitter:label1\" content=\"Est. reading time\" \/>\n\t<meta name=\"twitter:data1\" content=\"1 minut\" \/>\n<script type=\"application\/ld+json\" class=\"yoast-schema-graph\">{\"@context\":\"https:\/\/schema.org\",\"@graph\":[{\"@type\":\"WebPage\",\"@id\":\"https:\/\/miurio.com\/et\/toode\/m-leis-lilled-lxiv-1977-kasitoovaip-copy-2\/\",\"url\":\"https:\/\/miurio.com\/et\/toode\/m-leis-lilled-lxiv-1977-kasitoovaip-copy-2\/\",\"name\":\"KOHE SAADAVAL: M. LEIS \u201cLILLED LXIV\u201d (1977) K\u00c4SIT\u00d6\u00d6VAIP - Miurio Design Studio\",\"isPartOf\":{\"@id\":\"https:\/\/miurio.com\/et\/#website\"},\"primaryImageOfPage\":{\"@id\":\"https:\/\/miurio.com\/et\/toode\/m-leis-lilled-lxiv-1977-kasitoovaip-copy-2\/#primaryimage\"},\"image\":{\"@id\":\"https:\/\/miurio.com\/et\/toode\/m-leis-lilled-lxiv-1977-kasitoovaip-copy-2\/#primaryimage\"},\"thumbnailUrl\":\"https:\/\/miurio.com\/wp-content\/uploads\/2024\/12\/055A3906-scaled.jpg\",\"datePublished\":\"2025-11-24T14:45:00+00:00\",\"dateModified\":\"2025-11-25T12:01:42+00:00\",\"breadcrumb\":{\"@id\":\"https:\/\/miurio.com\/et\/toode\/m-leis-lilled-lxiv-1977-kasitoovaip-copy-2\/#breadcrumb\"},\"inLanguage\":\"et\",\"potentialAction\":[{\"@type\":\"ReadAction\",\"target\":[\"https:\/\/miurio.com\/et\/toode\/m-leis-lilled-lxiv-1977-kasitoovaip-copy-2\/\"]}]},{\"@type\":\"ImageObject\",\"inLanguage\":\"et\",\"@id\":\"https:\/\/miurio.com\/et\/toode\/m-leis-lilled-lxiv-1977-kasitoovaip-copy-2\/#primaryimage\",\"url\":\"https:\/\/miurio.com\/wp-content\/uploads\/2024\/12\/055A3906-scaled.jpg\",\"contentUrl\":\"https:\/\/miurio.com\/wp-content\/uploads\/2024\/12\/055A3906-scaled.jpg\",\"width\":2560,\"height\":3840},{\"@type\":\"BreadcrumbList\",\"@id\":\"https:\/\/miurio.com\/et\/toode\/m-leis-lilled-lxiv-1977-kasitoovaip-copy-2\/#breadcrumb\",\"itemListElement\":[{\"@type\":\"ListItem\",\"position\":1,\"name\":\"Home\",\"item\":\"https:\/\/miurio.com\/et\/\"},{\"@type\":\"ListItem\",\"position\":2,\"name\":\"Pood\",\"item\":\"https:\/\/miurio.com\/et\/pood\/\"},{\"@type\":\"ListItem\",\"position\":3,\"name\":\"KOHE SAADAVAL: M. LEIS \u201cLILLED LXIV\u201d (1977) K\u00c4SIT\u00d6\u00d6VAIP\"}]},{\"@type\":\"WebSite\",\"@id\":\"https:\/\/miurio.com\/et\/#website\",\"url\":\"https:\/\/miurio.com\/et\/\",\"name\":\"Miurio Design Studio\",\"description\":\"MIURIO design studio website and e-shop\",\"publisher\":{\"@id\":\"https:\/\/miurio.com\/et\/#organization\"},\"potentialAction\":[{\"@type\":\"SearchAction\",\"target\":{\"@type\":\"EntryPoint\",\"urlTemplate\":\"https:\/\/miurio.com\/et\/?s={search_term_string}\"},\"query-input\":{\"@type\":\"PropertyValueSpecification\",\"valueRequired\":true,\"valueName\":\"search_term_string\"}}],\"inLanguage\":\"et\"},{\"@type\":\"Organization\",\"@id\":\"https:\/\/miurio.com\/et\/#organization\",\"name\":\"MIURIO DECOR O\u00dc\",\"url\":\"https:\/\/miurio.com\/et\/\",\"logo\":{\"@type\":\"ImageObject\",\"inLanguage\":\"et\",\"@id\":\"https:\/\/miurio.com\/et\/#\/schema\/logo\/image\/\",\"url\":\"https:\/\/miurio.com\/wp-content\/uploads\/2021\/08\/MIURIO-new-logo-3.png\",\"contentUrl\":\"https:\/\/miurio.com\/wp-content\/uploads\/2021\/08\/MIURIO-new-logo-3.png\",\"width\":1500,\"height\":1500,\"caption\":\"MIURIO DECOR O\u00dc\"},\"image\":{\"@id\":\"https:\/\/miurio.com\/et\/#\/schema\/logo\/image\/\"},\"sameAs\":[\"http:\/\/www.facebook.com\/miuriodecor\",\"https:\/\/instagram.com\/miurio_textiles\",\"https:\/\/www.pinterest.com\/miuriodecor\"]}]}<\/script>\n<!-- \/ Yoast SEO plugin. -->","yoast_head_json":{"title":"KOHE SAADAVAL: M. LEIS \u201cLILLED LXIV\u201d (1977) K\u00c4SIT\u00d6\u00d6VAIP - Miurio Design Studio","robots":{"index":"index","follow":"follow","max-snippet":"max-snippet:-1","max-image-preview":"max-image-preview:large","max-video-preview":"max-video-preview:-1"},"canonical":"https:\/\/miurio.com\/et\/toode\/m-leis-lilled-lxiv-1977-kasitoovaip-copy-2\/","og_locale":"et_EE","og_type":"article","og_title":"KOHE SAADAVAL: M. LEIS \u201cLILLED LXIV\u201d (1977) K\u00c4SIT\u00d6\u00d6VAIP - Miurio Design Studio","og_description":"NB! VAIP ON KOHESELT SAADAVAL. M. LEIS LILLED LXIV (1977) k\u00e4sit\u00f6\u00f6vaip p\u00f5hineb silmapaistva Eesti naiskunstniku Malle Leisi (1940-2017) teosel. Originaalne serigraafia: Lilled LXIV (1977). Paberi suurus: 71\u00d761 cm. Leisi loomingu&hellip;","og_url":"https:\/\/miurio.com\/et\/toode\/m-leis-lilled-lxiv-1977-kasitoovaip-copy-2\/","og_site_name":"Miurio Design Studio","article_publisher":"http:\/\/www.facebook.com\/miuriodecor","article_modified_time":"2025-11-25T12:01:42+00:00","og_image":[{"width":2560,"height":3840,"url":"https:\/\/miurio.com\/wp-content\/uploads\/2024\/12\/055A3906-scaled.jpg","type":"image\/jpeg"}],"twitter_card":"summary_large_image","twitter_misc":{"Est. reading time":"1 minut"},"schema":{"@context":"https:\/\/schema.org","@graph":[{"@type":"WebPage","@id":"https:\/\/miurio.com\/et\/toode\/m-leis-lilled-lxiv-1977-kasitoovaip-copy-2\/","url":"https:\/\/miurio.com\/et\/toode\/m-leis-lilled-lxiv-1977-kasitoovaip-copy-2\/","name":"KOHE SAADAVAL: M. LEIS \u201cLILLED LXIV\u201d (1977) K\u00c4SIT\u00d6\u00d6VAIP - Miurio Design Studio","isPartOf":{"@id":"https:\/\/miurio.com\/et\/#website"},"primaryImageOfPage":{"@id":"https:\/\/miurio.com\/et\/toode\/m-leis-lilled-lxiv-1977-kasitoovaip-copy-2\/#primaryimage"},"image":{"@id":"https:\/\/miurio.com\/et\/toode\/m-leis-lilled-lxiv-1977-kasitoovaip-copy-2\/#primaryimage"},"thumbnailUrl":"https:\/\/miurio.com\/wp-content\/uploads\/2024\/12\/055A3906-scaled.jpg","datePublished":"2025-11-24T14:45:00+00:00","dateModified":"2025-11-25T12:01:42+00:00","breadcrumb":{"@id":"https:\/\/miurio.com\/et\/toode\/m-leis-lilled-lxiv-1977-kasitoovaip-copy-2\/#breadcrumb"},"inLanguage":"et","potentialAction":[{"@type":"ReadAction","target":["https:\/\/miurio.com\/et\/toode\/m-leis-lilled-lxiv-1977-kasitoovaip-copy-2\/"]}]},{"@type":"ImageObject","inLanguage":"et","@id":"https:\/\/miurio.com\/et\/toode\/m-leis-lilled-lxiv-1977-kasitoovaip-copy-2\/#primaryimage","url":"https:\/\/miurio.com\/wp-content\/uploads\/2024\/12\/055A3906-scaled.jpg","contentUrl":"https:\/\/miurio.com\/wp-content\/uploads\/2024\/12\/055A3906-scaled.jpg","width":2560,"height":3840},{"@type":"BreadcrumbList","@id":"https:\/\/miurio.com\/et\/toode\/m-leis-lilled-lxiv-1977-kasitoovaip-copy-2\/#breadcrumb","itemListElement":[{"@type":"ListItem","position":1,"name":"Home","item":"https:\/\/miurio.com\/et\/"},{"@type":"ListItem","position":2,"name":"Pood","item":"https:\/\/miurio.com\/et\/pood\/"},{"@type":"ListItem","position":3,"name":"KOHE SAADAVAL: M. LEIS \u201cLILLED LXIV\u201d (1977) K\u00c4SIT\u00d6\u00d6VAIP"}]},{"@type":"WebSite","@id":"https:\/\/miurio.com\/et\/#website","url":"https:\/\/miurio.com\/et\/","name":"Miurio Design Studio","description":"MIURIO design studio website and e-shop","publisher":{"@id":"https:\/\/miurio.com\/et\/#organization"},"potentialAction":[{"@type":"SearchAction","target":{"@type":"EntryPoint","urlTemplate":"https:\/\/miurio.com\/et\/?s={search_term_string}"},"query-input":{"@type":"PropertyValueSpecification","valueRequired":true,"valueName":"search_term_string"}}],"inLanguage":"et"},{"@type":"Organization","@id":"https:\/\/miurio.com\/et\/#organization","name":"MIURIO DECOR O\u00dc","url":"https:\/\/miurio.com\/et\/","logo":{"@type":"ImageObject","inLanguage":"et","@id":"https:\/\/miurio.com\/et\/#\/schema\/logo\/image\/","url":"https:\/\/miurio.com\/wp-content\/uploads\/2021\/08\/MIURIO-new-logo-3.png","contentUrl":"https:\/\/miurio.com\/wp-content\/uploads\/2021\/08\/MIURIO-new-logo-3.png","width":1500,"height":1500,"caption":"MIURIO DECOR O\u00dc"},"image":{"@id":"https:\/\/miurio.com\/et\/#\/schema\/logo\/image\/"},"sameAs":["http:\/\/www.facebook.com\/miuriodecor","https:\/\/instagram.com\/miurio_textiles","https:\/\/www.pinterest.com\/miuriodecor"]}]}},"_links":{"self":[{"href":"https:\/\/miurio.com\/et\/wp-json\/wp\/v2\/product\/15187","targetHints":{"allow":["GET"]}}],"collection":[{"href":"https:\/\/miurio.com\/et\/wp-json\/wp\/v2\/product"}],"about":[{"href":"https:\/\/miurio.com\/et\/wp-json\/wp\/v2\/types\/product"}],"replies":[{"embeddable":true,"href":"https:\/\/miurio.com\/et\/wp-json\/wp\/v2\/comments?post=15187"}],"wp:featuredmedia":[{"embeddable":true,"href":"https:\/\/miurio.com\/et\/wp-json\/wp\/v2\/media\/13623"}],"wp:attachment":[{"href":"https:\/\/miurio.com\/et\/wp-json\/wp\/v2\/media?parent=15187"}],"wp:term":[{"taxonomy":"product_brand","embeddable":true,"href":"https:\/\/miurio.com\/et\/wp-json\/wp\/v2\/product_brand?post=15187"},{"taxonomy":"product_cat","embeddable":true,"href":"https:\/\/miurio.com\/et\/wp-json\/wp\/v2\/product_cat?post=15187"},{"taxonomy":"product_tag","embeddable":true,"href":"https:\/\/miurio.com\/et\/wp-json\/wp\/v2\/product_tag?post=15187"}],"curies":[{"name":"wp","href":"https:\/\/api.w.org\/{rel}","templated":true}]}}