{"id":15090,"date":"2025-09-30T17:23:48","date_gmt":"2025-09-30T17:23:48","guid":{"rendered":"https:\/\/miurio.com\/?post_type=product&#038;p=15090"},"modified":"2025-09-30T17:26:50","modified_gmt":"2025-09-30T17:26:50","slug":"geisha-autumn-mosaic-ratik","status":"publish","type":"product","link":"https:\/\/miurio.com\/et\/toode\/geisha-autumn-mosaic-ratik\/","title":{"rendered":"GEISHA AUTUMN MOSAIC R\u00c4TIK"},"content":{"rendered":"<p>MIURIO uus s\u00fcgise mini-kollektsioon sisaldab kolme luksuslikku salli, mis on valmistatud pehmest villa\u2013siidi segust. Inspireerituna s\u00fcgise rikkalikest v\u00e4rvidest ja meeleoludest, on need sallid loodud soojaks, kuid samas stiilseks aksessuaariks, mis toob hooajalist elegantsi igap\u00e4evasesse garderoobi.<\/p>\n<p>Iga sall on universaalses 120&#215;120 cm suuruses \u2013 praktiline, naiselik ja ideaalne, et lisada sinu v\u00e4limusele soojust ja v\u00e4rvikat v\u00e4ljendusrikkust.<\/p>\n<p>Mustrid on <strong>Rita Assori<\/strong> originaalteosed, digitr\u00fckitud peenel twillkangal.<\/p>\n<p><strong>Eripakkumine:<\/strong> Kuna r\u00e4tiku tagak\u00fclg on heledam kui kanga parempool, on kollektsioon saadaval soodushinnaga \u2013 algselt 130 \u20ac, n\u00fc\u00fcd 90 \u20ac.<\/p>\n<p>OEKO-TEX sertifitseeritud tr\u00fckiv\u00e4rvid<br \/>\nPiiratud kollektsioon \u2013 toodetud v\u00e4ikestes tiraa\u017eides<br \/>\nDigitr\u00fckitud, k\u00e4sitsi palistatud rullkant<br \/>\nKaunilt pakendatud kinkekarbis<\/p>\n<hr \/>\n<h2>SUURUS<\/h2>\n<p>120X120CM<\/p>\n<h2>MATERJAL<\/h2>\n<p>100% \u00a0TWILL 75% VILL, 25% SIID<\/p>\n<h2>HOOLDUS<\/h2>\n<p>KEEMILINE PUHASTUS<\/p>\n<hr \/>\n","protected":false},"excerpt":{"rendered":"<p>MIURIO uus s\u00fcgise mini-kollektsioon sisaldab kolme luksuslikku salli, mis on valmistatud pehmest villa\u2013siidi segust. Inspireerituna s\u00fcgise rikkalikest v\u00e4rvidest ja meeleoludest, on need sallid loodud soojaks, kuid samas stiilseks aksessuaariks, mis&hellip;<\/p>\n","protected":false},"featured_media":15068,"comment_status":"closed","ping_status":"closed","template":"","meta":{"inline_featured_image":false,"_monsterinsights_skip_tracking":false,"_monsterinsights_sitenote_active":false,"_monsterinsights_sitenote_note":"","_monsterinsights_sitenote_category":0,"_vp_format_video_url":"","_vp_image_focal_point":[]},"product_brand":[],"product_cat":[438,486,177,176],"product_tag":[153],"class_list":{"0":"post-15090","1":"product","2":"type-product","3":"status-publish","4":"has-post-thumbnail","6":"product_cat-allahindlus","7":"product_cat-kingiideed","8":"product_cat-siidiratikud","9":"product_cat-siidist-ja-villased-aksessuaarid","10":"product_tag-miurio-aksessuaarid","12":"first","13":"instock","14":"sale","15":"shipping-taxable","16":"purchasable","17":"product-type-simple"},"yoast_head":"<!-- This site is optimized with the Yoast SEO plugin v27.2 - https:\/\/yoast.com\/product\/yoast-seo-wordpress\/ -->\n<title>GEISHA AUTUMN MOSAIC R\u00c4TIK - Miurio Design Studio<\/title>\n<meta name=\"robots\" content=\"index, follow, max-snippet:-1, max-image-preview:large, max-video-preview:-1\" \/>\n<link rel=\"canonical\" href=\"https:\/\/miurio.com\/et\/toode\/geisha-autumn-mosaic-ratik\/\" \/>\n<meta property=\"og:locale\" content=\"et_EE\" \/>\n<meta property=\"og:type\" content=\"article\" \/>\n<meta property=\"og:title\" content=\"GEISHA AUTUMN MOSAIC R\u00c4TIK - Miurio Design Studio\" \/>\n<meta property=\"og:description\" content=\"MIURIO uus s\u00fcgise mini-kollektsioon sisaldab kolme luksuslikku salli, mis on valmistatud pehmest villa\u2013siidi segust. Inspireerituna s\u00fcgise rikkalikest v\u00e4rvidest ja meeleoludest, on need sallid loodud soojaks, kuid samas stiilseks aksessuaariks, mis&hellip;\" \/>\n<meta property=\"og:url\" content=\"https:\/\/miurio.com\/et\/toode\/geisha-autumn-mosaic-ratik\/\" \/>\n<meta property=\"og:site_name\" content=\"Miurio Design Studio\" \/>\n<meta property=\"article:publisher\" content=\"http:\/\/www.facebook.com\/miuriodecor\" \/>\n<meta property=\"article:modified_time\" content=\"2025-09-30T17:26:50+00:00\" \/>\n<meta property=\"og:image\" content=\"https:\/\/miurio.com\/wp-content\/uploads\/2025\/09\/11.jpg\" \/>\n\t<meta property=\"og:image:width\" content=\"2500\" \/>\n\t<meta property=\"og:image:height\" content=\"2500\" \/>\n\t<meta property=\"og:image:type\" content=\"image\/jpeg\" \/>\n<meta name=\"twitter:card\" content=\"summary_large_image\" \/>\n<meta name=\"twitter:label1\" content=\"Est. reading time\" \/>\n\t<meta name=\"twitter:data1\" content=\"1 minut\" \/>\n<script type=\"application\/ld+json\" class=\"yoast-schema-graph\">{\"@context\":\"https:\/\/schema.org\",\"@graph\":[{\"@type\":\"WebPage\",\"@id\":\"https:\/\/miurio.com\/et\/toode\/geisha-autumn-mosaic-ratik\/\",\"url\":\"https:\/\/miurio.com\/et\/toode\/geisha-autumn-mosaic-ratik\/\",\"name\":\"GEISHA AUTUMN MOSAIC R\u00c4TIK - Miurio Design Studio\",\"isPartOf\":{\"@id\":\"https:\/\/miurio.com\/et\/#website\"},\"primaryImageOfPage\":{\"@id\":\"https:\/\/miurio.com\/et\/toode\/geisha-autumn-mosaic-ratik\/#primaryimage\"},\"image\":{\"@id\":\"https:\/\/miurio.com\/et\/toode\/geisha-autumn-mosaic-ratik\/#primaryimage\"},\"thumbnailUrl\":\"https:\/\/miurio.com\/wp-content\/uploads\/2025\/09\/11.jpg\",\"datePublished\":\"2025-09-30T17:23:48+00:00\",\"dateModified\":\"2025-09-30T17:26:50+00:00\",\"breadcrumb\":{\"@id\":\"https:\/\/miurio.com\/et\/toode\/geisha-autumn-mosaic-ratik\/#breadcrumb\"},\"inLanguage\":\"et\",\"potentialAction\":[{\"@type\":\"ReadAction\",\"target\":[\"https:\/\/miurio.com\/et\/toode\/geisha-autumn-mosaic-ratik\/\"]}]},{\"@type\":\"ImageObject\",\"inLanguage\":\"et\",\"@id\":\"https:\/\/miurio.com\/et\/toode\/geisha-autumn-mosaic-ratik\/#primaryimage\",\"url\":\"https:\/\/miurio.com\/wp-content\/uploads\/2025\/09\/11.jpg\",\"contentUrl\":\"https:\/\/miurio.com\/wp-content\/uploads\/2025\/09\/11.jpg\",\"width\":2500,\"height\":2500},{\"@type\":\"BreadcrumbList\",\"@id\":\"https:\/\/miurio.com\/et\/toode\/geisha-autumn-mosaic-ratik\/#breadcrumb\",\"itemListElement\":[{\"@type\":\"ListItem\",\"position\":1,\"name\":\"Home\",\"item\":\"https:\/\/miurio.com\/et\/\"},{\"@type\":\"ListItem\",\"position\":2,\"name\":\"Pood\",\"item\":\"https:\/\/miurio.com\/et\/pood\/\"},{\"@type\":\"ListItem\",\"position\":3,\"name\":\"GEISHA AUTUMN MOSAIC R\u00c4TIK\"}]},{\"@type\":\"WebSite\",\"@id\":\"https:\/\/miurio.com\/et\/#website\",\"url\":\"https:\/\/miurio.com\/et\/\",\"name\":\"Miurio Design Studio\",\"description\":\"MIURIO design studio website and e-shop\",\"publisher\":{\"@id\":\"https:\/\/miurio.com\/et\/#organization\"},\"potentialAction\":[{\"@type\":\"SearchAction\",\"target\":{\"@type\":\"EntryPoint\",\"urlTemplate\":\"https:\/\/miurio.com\/et\/?s={search_term_string}\"},\"query-input\":{\"@type\":\"PropertyValueSpecification\",\"valueRequired\":true,\"valueName\":\"search_term_string\"}}],\"inLanguage\":\"et\"},{\"@type\":\"Organization\",\"@id\":\"https:\/\/miurio.com\/et\/#organization\",\"name\":\"MIURIO DECOR O\u00dc\",\"url\":\"https:\/\/miurio.com\/et\/\",\"logo\":{\"@type\":\"ImageObject\",\"inLanguage\":\"et\",\"@id\":\"https:\/\/miurio.com\/et\/#\/schema\/logo\/image\/\",\"url\":\"https:\/\/miurio.com\/wp-content\/uploads\/2021\/08\/MIURIO-new-logo-3.png\",\"contentUrl\":\"https:\/\/miurio.com\/wp-content\/uploads\/2021\/08\/MIURIO-new-logo-3.png\",\"width\":1500,\"height\":1500,\"caption\":\"MIURIO DECOR O\u00dc\"},\"image\":{\"@id\":\"https:\/\/miurio.com\/et\/#\/schema\/logo\/image\/\"},\"sameAs\":[\"http:\/\/www.facebook.com\/miuriodecor\",\"https:\/\/instagram.com\/miurio_textiles\",\"https:\/\/www.pinterest.com\/miuriodecor\"]}]}<\/script>\n<!-- \/ Yoast SEO plugin. -->","yoast_head_json":{"title":"GEISHA AUTUMN MOSAIC R\u00c4TIK - Miurio Design Studio","robots":{"index":"index","follow":"follow","max-snippet":"max-snippet:-1","max-image-preview":"max-image-preview:large","max-video-preview":"max-video-preview:-1"},"canonical":"https:\/\/miurio.com\/et\/toode\/geisha-autumn-mosaic-ratik\/","og_locale":"et_EE","og_type":"article","og_title":"GEISHA AUTUMN MOSAIC R\u00c4TIK - Miurio Design Studio","og_description":"MIURIO uus s\u00fcgise mini-kollektsioon sisaldab kolme luksuslikku salli, mis on valmistatud pehmest villa\u2013siidi segust. Inspireerituna s\u00fcgise rikkalikest v\u00e4rvidest ja meeleoludest, on need sallid loodud soojaks, kuid samas stiilseks aksessuaariks, mis&hellip;","og_url":"https:\/\/miurio.com\/et\/toode\/geisha-autumn-mosaic-ratik\/","og_site_name":"Miurio Design Studio","article_publisher":"http:\/\/www.facebook.com\/miuriodecor","article_modified_time":"2025-09-30T17:26:50+00:00","og_image":[{"width":2500,"height":2500,"url":"https:\/\/miurio.com\/wp-content\/uploads\/2025\/09\/11.jpg","type":"image\/jpeg"}],"twitter_card":"summary_large_image","twitter_misc":{"Est. reading time":"1 minut"},"schema":{"@context":"https:\/\/schema.org","@graph":[{"@type":"WebPage","@id":"https:\/\/miurio.com\/et\/toode\/geisha-autumn-mosaic-ratik\/","url":"https:\/\/miurio.com\/et\/toode\/geisha-autumn-mosaic-ratik\/","name":"GEISHA AUTUMN MOSAIC R\u00c4TIK - Miurio Design Studio","isPartOf":{"@id":"https:\/\/miurio.com\/et\/#website"},"primaryImageOfPage":{"@id":"https:\/\/miurio.com\/et\/toode\/geisha-autumn-mosaic-ratik\/#primaryimage"},"image":{"@id":"https:\/\/miurio.com\/et\/toode\/geisha-autumn-mosaic-ratik\/#primaryimage"},"thumbnailUrl":"https:\/\/miurio.com\/wp-content\/uploads\/2025\/09\/11.jpg","datePublished":"2025-09-30T17:23:48+00:00","dateModified":"2025-09-30T17:26:50+00:00","breadcrumb":{"@id":"https:\/\/miurio.com\/et\/toode\/geisha-autumn-mosaic-ratik\/#breadcrumb"},"inLanguage":"et","potentialAction":[{"@type":"ReadAction","target":["https:\/\/miurio.com\/et\/toode\/geisha-autumn-mosaic-ratik\/"]}]},{"@type":"ImageObject","inLanguage":"et","@id":"https:\/\/miurio.com\/et\/toode\/geisha-autumn-mosaic-ratik\/#primaryimage","url":"https:\/\/miurio.com\/wp-content\/uploads\/2025\/09\/11.jpg","contentUrl":"https:\/\/miurio.com\/wp-content\/uploads\/2025\/09\/11.jpg","width":2500,"height":2500},{"@type":"BreadcrumbList","@id":"https:\/\/miurio.com\/et\/toode\/geisha-autumn-mosaic-ratik\/#breadcrumb","itemListElement":[{"@type":"ListItem","position":1,"name":"Home","item":"https:\/\/miurio.com\/et\/"},{"@type":"ListItem","position":2,"name":"Pood","item":"https:\/\/miurio.com\/et\/pood\/"},{"@type":"ListItem","position":3,"name":"GEISHA AUTUMN MOSAIC R\u00c4TIK"}]},{"@type":"WebSite","@id":"https:\/\/miurio.com\/et\/#website","url":"https:\/\/miurio.com\/et\/","name":"Miurio Design Studio","description":"MIURIO design studio website and e-shop","publisher":{"@id":"https:\/\/miurio.com\/et\/#organization"},"potentialAction":[{"@type":"SearchAction","target":{"@type":"EntryPoint","urlTemplate":"https:\/\/miurio.com\/et\/?s={search_term_string}"},"query-input":{"@type":"PropertyValueSpecification","valueRequired":true,"valueName":"search_term_string"}}],"inLanguage":"et"},{"@type":"Organization","@id":"https:\/\/miurio.com\/et\/#organization","name":"MIURIO DECOR O\u00dc","url":"https:\/\/miurio.com\/et\/","logo":{"@type":"ImageObject","inLanguage":"et","@id":"https:\/\/miurio.com\/et\/#\/schema\/logo\/image\/","url":"https:\/\/miurio.com\/wp-content\/uploads\/2021\/08\/MIURIO-new-logo-3.png","contentUrl":"https:\/\/miurio.com\/wp-content\/uploads\/2021\/08\/MIURIO-new-logo-3.png","width":1500,"height":1500,"caption":"MIURIO DECOR O\u00dc"},"image":{"@id":"https:\/\/miurio.com\/et\/#\/schema\/logo\/image\/"},"sameAs":["http:\/\/www.facebook.com\/miuriodecor","https:\/\/instagram.com\/miurio_textiles","https:\/\/www.pinterest.com\/miuriodecor"]}]}},"_links":{"self":[{"href":"https:\/\/miurio.com\/et\/wp-json\/wp\/v2\/product\/15090","targetHints":{"allow":["GET"]}}],"collection":[{"href":"https:\/\/miurio.com\/et\/wp-json\/wp\/v2\/product"}],"about":[{"href":"https:\/\/miurio.com\/et\/wp-json\/wp\/v2\/types\/product"}],"replies":[{"embeddable":true,"href":"https:\/\/miurio.com\/et\/wp-json\/wp\/v2\/comments?post=15090"}],"wp:featuredmedia":[{"embeddable":true,"href":"https:\/\/miurio.com\/et\/wp-json\/wp\/v2\/media\/15068"}],"wp:attachment":[{"href":"https:\/\/miurio.com\/et\/wp-json\/wp\/v2\/media?parent=15090"}],"wp:term":[{"taxonomy":"product_brand","embeddable":true,"href":"https:\/\/miurio.com\/et\/wp-json\/wp\/v2\/product_brand?post=15090"},{"taxonomy":"product_cat","embeddable":true,"href":"https:\/\/miurio.com\/et\/wp-json\/wp\/v2\/product_cat?post=15090"},{"taxonomy":"product_tag","embeddable":true,"href":"https:\/\/miurio.com\/et\/wp-json\/wp\/v2\/product_tag?post=15090"}],"curies":[{"name":"wp","href":"https:\/\/api.w.org\/{rel}","templated":true}]}}