{"id":14461,"date":"2025-03-25T15:06:04","date_gmt":"2025-03-25T15:06:04","guid":{"rendered":"https:\/\/miurio.com\/?post_type=product&#038;p=14461"},"modified":"2025-03-25T15:09:47","modified_gmt":"2025-03-25T15:09:47","slug":"arrak-ehitajad-1972-hallikas-rohekates-toonides-kasitoovaip-copy-2","status":"publish","type":"product","link":"https:\/\/miurio.com\/et\/toode\/arrak-ehitajad-1972-hallikas-rohekates-toonides-kasitoovaip-copy-2\/","title":{"rendered":"KOHE SAADAVAL: ARRAK &#8220;EHITAJAD&#8221; (1972) HALLIKAS-ROHEKATES TOONIDES K\u00c4SIT\u00d6\u00d6VAIP"},"content":{"rendered":"<p>NB! VAIP ON LAOS KOHE SAADAVAL.<\/p>\n<p>ARRAK &#8220;<span class=\"gmail_default\">\u200bEHITAJAD<\/span>&#8221; (1972) vaip on tuntud\u00a0<span class=\"gmail_default\">\u200bE\u200b<\/span>esti maalikunstniku J\u00fcri Arraku loomingu tekstiiliversioon hallika-rohekates toonides. Originaalmaal: \u00f5li l\u00f5uendil. 50&#215;70 cm. A. Eilarti kogu.<\/p>\n<p>&#8220;<em>Kunstniku areng l\u00e4heb l\u00e4bi vaimsuse, mitte ainult visuaalsete vormide muutmise ja uutmise kaudu. Isegi<span class=\"gmail_default\">\u200b \u200b<\/span>\u00fche ja sama kunstniku eri eluetappide kunst v\u00f5ib v\u00e4ga suurelt muutuda t\u00e4nu vaimsuse muutumisele ja<span class=\"gmail_default\">\u200b \u200b<\/span>mitte t\u00e4nu oskusele kujutada v\u00e4list maailma v\u00f5i kombineerida ja t\u00f5sta vorme paigast paika<\/em>,&#8221; \u00fctleb J\u00fcri Arrak.<\/p>\n<p>Valmistatud Tiibeti k\u00e4sitsis\u00f5lmitud-tehnikas India vaibakudujate poolt. Tootmisaeg 8-10 n\u00e4dalat peale tellimuse l\u00f5plikku kinnitamist.<br \/>\nPeale seda 3-5 p\u00e4eva jooksul k\u00e4ttetoimetamiseks valmis.<\/p>\n<p>Tutvuge vaiban\u00e4idistega meie salongis.<br \/>\n*** Eritellimuse korral v\u00f5ib vaibamuster olla teises v\u00e4rvipalletis.<br \/>\nSamuti on teised suurused saadaval eritellimuse korral. Palun v\u00f5tke meiega \u00fchendust aadressil: info@miurio.com.***<\/p>\n<hr \/>\n<h2>TOOTEKIRJELDUS<\/h2>\n<p>W: 180 cm\u00a0x H: 228 cm<\/p>\n<h2>MATERJAL<\/h2>\n<p>70% UUS-MEREMAA MERIINOVILL<\/p>\n<p>30% VISKOOS<\/p>\n<h2><\/h2>\n<hr \/>\n","protected":false},"excerpt":{"rendered":"<p>NB! VAIP ON LAOS KOHE SAADAVAL. ARRAK &#8220;\u200bEHITAJAD&#8221; (1972) vaip on tuntud\u00a0\u200bE\u200besti maalikunstniku J\u00fcri Arraku loomingu tekstiiliversioon hallika-rohekates toonides. Originaalmaal: \u00f5li l\u00f5uendil. 50&#215;70 cm. A. Eilarti kogu. &#8220;Kunstniku areng l\u00e4heb&hellip;<\/p>\n","protected":false},"featured_media":10503,"comment_status":"closed","ping_status":"closed","template":"","meta":{"inline_featured_image":false,"_monsterinsights_skip_tracking":false,"_monsterinsights_sitenote_active":false,"_monsterinsights_sitenote_note":"","_monsterinsights_sitenote_category":0,"_vp_format_video_url":"","_vp_image_focal_point":[]},"product_brand":[],"product_cat":[438,382,173,443,150],"product_tag":[144],"class_list":{"0":"post-14461","1":"product","2":"type-product","3":"status-publish","4":"has-post-thumbnail","6":"product_cat-allahindlus","7":"product_cat-juri-arraku-merch-et","8":"product_cat-vaibad","9":"product_cat-kohe-saadaval-vaibad","10":"product_cat-sisustustooted","11":"product_tag-kodu-dekoor","12":"product_shipping_class-vaipade-tarne","13":"pa_collection-vaibakollektsioon","14":"pa_other-sizes-140cm178cm-et","15":"pa_other-sizes-180cmx228cm-et","17":"first","18":"instock","19":"sale","20":"shipping-taxable","21":"purchasable","22":"product-type-variable"},"yoast_head":"<!-- This site is optimized with the Yoast SEO plugin v27.2 - https:\/\/yoast.com\/product\/yoast-seo-wordpress\/ -->\n<title>KOHE SAADAVAL: ARRAK &quot;EHITAJAD&quot; (1972) HALLIKAS-ROHEKATES TOONIDES K\u00c4SIT\u00d6\u00d6VAIP - Miurio Design Studio<\/title>\n<meta name=\"robots\" content=\"index, follow, max-snippet:-1, max-image-preview:large, max-video-preview:-1\" \/>\n<link rel=\"canonical\" href=\"https:\/\/miurio.com\/et\/toode\/arrak-ehitajad-1972-hallikas-rohekates-toonides-kasitoovaip-copy-2\/\" \/>\n<meta property=\"og:locale\" content=\"et_EE\" \/>\n<meta property=\"og:type\" content=\"article\" \/>\n<meta property=\"og:title\" content=\"KOHE SAADAVAL: ARRAK &quot;EHITAJAD&quot; (1972) HALLIKAS-ROHEKATES TOONIDES K\u00c4SIT\u00d6\u00d6VAIP - Miurio Design Studio\" \/>\n<meta property=\"og:description\" content=\"NB! VAIP ON LAOS KOHE SAADAVAL. ARRAK &#8220;\u200bEHITAJAD&#8221; (1972) vaip on tuntud\u00a0\u200bE\u200besti maalikunstniku J\u00fcri Arraku loomingu tekstiiliversioon hallika-rohekates toonides. Originaalmaal: \u00f5li l\u00f5uendil. 50&#215;70 cm. A. Eilarti kogu. &#8220;Kunstniku areng l\u00e4heb&hellip;\" \/>\n<meta property=\"og:url\" content=\"https:\/\/miurio.com\/et\/toode\/arrak-ehitajad-1972-hallikas-rohekates-toonides-kasitoovaip-copy-2\/\" \/>\n<meta property=\"og:site_name\" content=\"Miurio Design Studio\" \/>\n<meta property=\"article:publisher\" content=\"http:\/\/www.facebook.com\/miuriodecor\" \/>\n<meta property=\"article:modified_time\" content=\"2025-03-25T15:09:47+00:00\" \/>\n<meta property=\"og:image\" content=\"https:\/\/miurio.com\/wp-content\/uploads\/2022\/09\/055A4507-scaled.jpg\" \/>\n\t<meta property=\"og:image:width\" content=\"2563\" \/>\n\t<meta property=\"og:image:height\" content=\"3840\" \/>\n\t<meta property=\"og:image:type\" content=\"image\/jpeg\" \/>\n<meta name=\"twitter:card\" content=\"summary_large_image\" \/>\n<meta name=\"twitter:label1\" content=\"Est. reading time\" \/>\n\t<meta name=\"twitter:data1\" content=\"1 minut\" \/>\n<script type=\"application\/ld+json\" class=\"yoast-schema-graph\">{\"@context\":\"https:\/\/schema.org\",\"@graph\":[{\"@type\":\"WebPage\",\"@id\":\"https:\/\/miurio.com\/et\/toode\/arrak-ehitajad-1972-hallikas-rohekates-toonides-kasitoovaip-copy-2\/\",\"url\":\"https:\/\/miurio.com\/et\/toode\/arrak-ehitajad-1972-hallikas-rohekates-toonides-kasitoovaip-copy-2\/\",\"name\":\"KOHE SAADAVAL: ARRAK \\\"EHITAJAD\\\" (1972) HALLIKAS-ROHEKATES TOONIDES K\u00c4SIT\u00d6\u00d6VAIP - Miurio Design Studio\",\"isPartOf\":{\"@id\":\"https:\/\/miurio.com\/et\/#website\"},\"primaryImageOfPage\":{\"@id\":\"https:\/\/miurio.com\/et\/toode\/arrak-ehitajad-1972-hallikas-rohekates-toonides-kasitoovaip-copy-2\/#primaryimage\"},\"image\":{\"@id\":\"https:\/\/miurio.com\/et\/toode\/arrak-ehitajad-1972-hallikas-rohekates-toonides-kasitoovaip-copy-2\/#primaryimage\"},\"thumbnailUrl\":\"https:\/\/miurio.com\/wp-content\/uploads\/2022\/09\/055A4507-scaled.jpg\",\"datePublished\":\"2025-03-25T15:06:04+00:00\",\"dateModified\":\"2025-03-25T15:09:47+00:00\",\"breadcrumb\":{\"@id\":\"https:\/\/miurio.com\/et\/toode\/arrak-ehitajad-1972-hallikas-rohekates-toonides-kasitoovaip-copy-2\/#breadcrumb\"},\"inLanguage\":\"et\",\"potentialAction\":[{\"@type\":\"ReadAction\",\"target\":[\"https:\/\/miurio.com\/et\/toode\/arrak-ehitajad-1972-hallikas-rohekates-toonides-kasitoovaip-copy-2\/\"]}]},{\"@type\":\"ImageObject\",\"inLanguage\":\"et\",\"@id\":\"https:\/\/miurio.com\/et\/toode\/arrak-ehitajad-1972-hallikas-rohekates-toonides-kasitoovaip-copy-2\/#primaryimage\",\"url\":\"https:\/\/miurio.com\/wp-content\/uploads\/2022\/09\/055A4507-scaled.jpg\",\"contentUrl\":\"https:\/\/miurio.com\/wp-content\/uploads\/2022\/09\/055A4507-scaled.jpg\",\"width\":2563,\"height\":3840},{\"@type\":\"BreadcrumbList\",\"@id\":\"https:\/\/miurio.com\/et\/toode\/arrak-ehitajad-1972-hallikas-rohekates-toonides-kasitoovaip-copy-2\/#breadcrumb\",\"itemListElement\":[{\"@type\":\"ListItem\",\"position\":1,\"name\":\"Home\",\"item\":\"https:\/\/miurio.com\/et\/\"},{\"@type\":\"ListItem\",\"position\":2,\"name\":\"Pood\",\"item\":\"https:\/\/miurio.com\/et\/pood\/\"},{\"@type\":\"ListItem\",\"position\":3,\"name\":\"KOHE SAADAVAL: ARRAK &#8220;EHITAJAD&#8221; (1972) HALLIKAS-ROHEKATES TOONIDES K\u00c4SIT\u00d6\u00d6VAIP\"}]},{\"@type\":\"WebSite\",\"@id\":\"https:\/\/miurio.com\/et\/#website\",\"url\":\"https:\/\/miurio.com\/et\/\",\"name\":\"Miurio Design Studio\",\"description\":\"MIURIO design studio website and e-shop\",\"publisher\":{\"@id\":\"https:\/\/miurio.com\/et\/#organization\"},\"potentialAction\":[{\"@type\":\"SearchAction\",\"target\":{\"@type\":\"EntryPoint\",\"urlTemplate\":\"https:\/\/miurio.com\/et\/?s={search_term_string}\"},\"query-input\":{\"@type\":\"PropertyValueSpecification\",\"valueRequired\":true,\"valueName\":\"search_term_string\"}}],\"inLanguage\":\"et\"},{\"@type\":\"Organization\",\"@id\":\"https:\/\/miurio.com\/et\/#organization\",\"name\":\"MIURIO DECOR O\u00dc\",\"url\":\"https:\/\/miurio.com\/et\/\",\"logo\":{\"@type\":\"ImageObject\",\"inLanguage\":\"et\",\"@id\":\"https:\/\/miurio.com\/et\/#\/schema\/logo\/image\/\",\"url\":\"https:\/\/miurio.com\/wp-content\/uploads\/2021\/08\/MIURIO-new-logo-3.png\",\"contentUrl\":\"https:\/\/miurio.com\/wp-content\/uploads\/2021\/08\/MIURIO-new-logo-3.png\",\"width\":1500,\"height\":1500,\"caption\":\"MIURIO DECOR O\u00dc\"},\"image\":{\"@id\":\"https:\/\/miurio.com\/et\/#\/schema\/logo\/image\/\"},\"sameAs\":[\"http:\/\/www.facebook.com\/miuriodecor\",\"https:\/\/instagram.com\/miurio_textiles\",\"https:\/\/www.pinterest.com\/miuriodecor\"]}]}<\/script>\n<!-- \/ Yoast SEO plugin. -->","yoast_head_json":{"title":"KOHE SAADAVAL: ARRAK \"EHITAJAD\" (1972) HALLIKAS-ROHEKATES TOONIDES K\u00c4SIT\u00d6\u00d6VAIP - Miurio Design Studio","robots":{"index":"index","follow":"follow","max-snippet":"max-snippet:-1","max-image-preview":"max-image-preview:large","max-video-preview":"max-video-preview:-1"},"canonical":"https:\/\/miurio.com\/et\/toode\/arrak-ehitajad-1972-hallikas-rohekates-toonides-kasitoovaip-copy-2\/","og_locale":"et_EE","og_type":"article","og_title":"KOHE SAADAVAL: ARRAK \"EHITAJAD\" (1972) HALLIKAS-ROHEKATES TOONIDES K\u00c4SIT\u00d6\u00d6VAIP - Miurio Design Studio","og_description":"NB! VAIP ON LAOS KOHE SAADAVAL. ARRAK &#8220;\u200bEHITAJAD&#8221; (1972) vaip on tuntud\u00a0\u200bE\u200besti maalikunstniku J\u00fcri Arraku loomingu tekstiiliversioon hallika-rohekates toonides. Originaalmaal: \u00f5li l\u00f5uendil. 50&#215;70 cm. A. Eilarti kogu. &#8220;Kunstniku areng l\u00e4heb&hellip;","og_url":"https:\/\/miurio.com\/et\/toode\/arrak-ehitajad-1972-hallikas-rohekates-toonides-kasitoovaip-copy-2\/","og_site_name":"Miurio Design Studio","article_publisher":"http:\/\/www.facebook.com\/miuriodecor","article_modified_time":"2025-03-25T15:09:47+00:00","og_image":[{"width":2563,"height":3840,"url":"https:\/\/miurio.com\/wp-content\/uploads\/2022\/09\/055A4507-scaled.jpg","type":"image\/jpeg"}],"twitter_card":"summary_large_image","twitter_misc":{"Est. reading time":"1 minut"},"schema":{"@context":"https:\/\/schema.org","@graph":[{"@type":"WebPage","@id":"https:\/\/miurio.com\/et\/toode\/arrak-ehitajad-1972-hallikas-rohekates-toonides-kasitoovaip-copy-2\/","url":"https:\/\/miurio.com\/et\/toode\/arrak-ehitajad-1972-hallikas-rohekates-toonides-kasitoovaip-copy-2\/","name":"KOHE SAADAVAL: ARRAK \"EHITAJAD\" (1972) HALLIKAS-ROHEKATES TOONIDES K\u00c4SIT\u00d6\u00d6VAIP - Miurio Design Studio","isPartOf":{"@id":"https:\/\/miurio.com\/et\/#website"},"primaryImageOfPage":{"@id":"https:\/\/miurio.com\/et\/toode\/arrak-ehitajad-1972-hallikas-rohekates-toonides-kasitoovaip-copy-2\/#primaryimage"},"image":{"@id":"https:\/\/miurio.com\/et\/toode\/arrak-ehitajad-1972-hallikas-rohekates-toonides-kasitoovaip-copy-2\/#primaryimage"},"thumbnailUrl":"https:\/\/miurio.com\/wp-content\/uploads\/2022\/09\/055A4507-scaled.jpg","datePublished":"2025-03-25T15:06:04+00:00","dateModified":"2025-03-25T15:09:47+00:00","breadcrumb":{"@id":"https:\/\/miurio.com\/et\/toode\/arrak-ehitajad-1972-hallikas-rohekates-toonides-kasitoovaip-copy-2\/#breadcrumb"},"inLanguage":"et","potentialAction":[{"@type":"ReadAction","target":["https:\/\/miurio.com\/et\/toode\/arrak-ehitajad-1972-hallikas-rohekates-toonides-kasitoovaip-copy-2\/"]}]},{"@type":"ImageObject","inLanguage":"et","@id":"https:\/\/miurio.com\/et\/toode\/arrak-ehitajad-1972-hallikas-rohekates-toonides-kasitoovaip-copy-2\/#primaryimage","url":"https:\/\/miurio.com\/wp-content\/uploads\/2022\/09\/055A4507-scaled.jpg","contentUrl":"https:\/\/miurio.com\/wp-content\/uploads\/2022\/09\/055A4507-scaled.jpg","width":2563,"height":3840},{"@type":"BreadcrumbList","@id":"https:\/\/miurio.com\/et\/toode\/arrak-ehitajad-1972-hallikas-rohekates-toonides-kasitoovaip-copy-2\/#breadcrumb","itemListElement":[{"@type":"ListItem","position":1,"name":"Home","item":"https:\/\/miurio.com\/et\/"},{"@type":"ListItem","position":2,"name":"Pood","item":"https:\/\/miurio.com\/et\/pood\/"},{"@type":"ListItem","position":3,"name":"KOHE SAADAVAL: ARRAK &#8220;EHITAJAD&#8221; (1972) HALLIKAS-ROHEKATES TOONIDES K\u00c4SIT\u00d6\u00d6VAIP"}]},{"@type":"WebSite","@id":"https:\/\/miurio.com\/et\/#website","url":"https:\/\/miurio.com\/et\/","name":"Miurio Design Studio","description":"MIURIO design studio website and e-shop","publisher":{"@id":"https:\/\/miurio.com\/et\/#organization"},"potentialAction":[{"@type":"SearchAction","target":{"@type":"EntryPoint","urlTemplate":"https:\/\/miurio.com\/et\/?s={search_term_string}"},"query-input":{"@type":"PropertyValueSpecification","valueRequired":true,"valueName":"search_term_string"}}],"inLanguage":"et"},{"@type":"Organization","@id":"https:\/\/miurio.com\/et\/#organization","name":"MIURIO DECOR O\u00dc","url":"https:\/\/miurio.com\/et\/","logo":{"@type":"ImageObject","inLanguage":"et","@id":"https:\/\/miurio.com\/et\/#\/schema\/logo\/image\/","url":"https:\/\/miurio.com\/wp-content\/uploads\/2021\/08\/MIURIO-new-logo-3.png","contentUrl":"https:\/\/miurio.com\/wp-content\/uploads\/2021\/08\/MIURIO-new-logo-3.png","width":1500,"height":1500,"caption":"MIURIO DECOR O\u00dc"},"image":{"@id":"https:\/\/miurio.com\/et\/#\/schema\/logo\/image\/"},"sameAs":["http:\/\/www.facebook.com\/miuriodecor","https:\/\/instagram.com\/miurio_textiles","https:\/\/www.pinterest.com\/miuriodecor"]}]}},"_links":{"self":[{"href":"https:\/\/miurio.com\/et\/wp-json\/wp\/v2\/product\/14461","targetHints":{"allow":["GET"]}}],"collection":[{"href":"https:\/\/miurio.com\/et\/wp-json\/wp\/v2\/product"}],"about":[{"href":"https:\/\/miurio.com\/et\/wp-json\/wp\/v2\/types\/product"}],"replies":[{"embeddable":true,"href":"https:\/\/miurio.com\/et\/wp-json\/wp\/v2\/comments?post=14461"}],"wp:featuredmedia":[{"embeddable":true,"href":"https:\/\/miurio.com\/et\/wp-json\/wp\/v2\/media\/10503"}],"wp:attachment":[{"href":"https:\/\/miurio.com\/et\/wp-json\/wp\/v2\/media?parent=14461"}],"wp:term":[{"taxonomy":"product_brand","embeddable":true,"href":"https:\/\/miurio.com\/et\/wp-json\/wp\/v2\/product_brand?post=14461"},{"taxonomy":"product_cat","embeddable":true,"href":"https:\/\/miurio.com\/et\/wp-json\/wp\/v2\/product_cat?post=14461"},{"taxonomy":"product_tag","embeddable":true,"href":"https:\/\/miurio.com\/et\/wp-json\/wp\/v2\/product_tag?post=14461"}],"curies":[{"name":"wp","href":"https:\/\/api.w.org\/{rel}","templated":true}]}}