{"id":14266,"date":"2025-02-10T17:30:02","date_gmt":"2025-02-10T17:30:04","guid":{"rendered":"https:\/\/miurio.com\/?post_type=product&#038;p=14266"},"modified":"2025-02-10T17:58:53","modified_gmt":"2025-02-10T17:58:53","slug":"arrak-arkav-veenus-1971-horisontaalne-pilttapeet","status":"publish","type":"product","link":"https:\/\/miurio.com\/et\/toode\/arrak-arkav-veenus-1971-horisontaalne-pilttapeet\/","title":{"rendered":"ARRAK &#8220;\u00c4RKAV VEENUS&#8221; (1971) HORISONTAALNE PILTTAPEET"},"content":{"rendered":"<p>ARRAK &#8220;\u00c4RKAV VEENUS&#8221; (1971) seinamaaling on suureformaadiline tapeeditr\u00fckk tuntud Eesti kunstniku J\u00fcri Arraku (1936\u20132022) maalist \u201e\u00c4rkav Veenus\u201d (1971).<\/p>\n<p>Originaalmaal: \u00f5li l\u00f5uendil, 98 x 120 cm, Eesti Kunstimuuseumi kollektsioon.<\/p>\n<p>Digitaalselt tr\u00fckitud rohelise tehnoloogiaga Saksamaal.<\/p>\n<p>Pilttapeet koosneb mitmest rullist, iga\u00fcks 48 cm laiune.<\/p>\n<p>Pilttapeedi tarneaeg on 2-3 n\u00e4dalat. Tapeedid ei ole tagastatavad.<\/p>\n<hr \/>\n<h2>TR\u00dcKIKVALITEET<\/h2>\n<p>-l\u00f5hnavaba<\/p>\n<p>-solvendivaba\u00a0sertifitseeritud tr\u00fckiv\u00e4rv (cellulose gum)<\/p>\n<p>-v\u00f5rratu tr\u00fckikvaliteet, UV-kindel<\/p>\n<p>-mitte pleekuvad v\u00e4rvid<\/p>\n<h2>K\u00d5RGEKVALITEETNE FLIISMATERJAL<\/h2>\n<p>-mittekootud fliismaterjal, 120 g\/qm<\/p>\n<p>-FSC\u00ae-sertifikaadiga materjal vastutustundlikust metsandusest<\/p>\n<p>-niiskuskindel<\/p>\n<p>-PVC-, plastitsiidide ja klaaskiudude vaba<\/p>\n<p>-tapeet sisaldab liimi ja paigaldusjuhiseid<\/p>\n<h2>TOOTMINE<\/h2>\n<p>-toodetud\u00a0Saksamaal<\/p>\n<p>-toodetud 100% rohelise elektriga<\/p>\n<p>-kliimaneutraalne t\u00e4nu CO\u2082 kompenseerimisele<\/p>\n<p>-kujunduse v\u00e4rvid v\u00f5ivad monitori seadistustest s\u00f5ltuvalt originaaltr\u00fckist veidi erineda<\/p>\n<p>-kordustellimuste puhul v\u00f5ivad regulaarsest masinate kalibreerimisest tulenevalt esineda v\u00e4ikesed v\u00e4rvierinevused<\/p>\n<hr \/>\n","protected":false},"excerpt":{"rendered":"<p>ARRAK &#8220;\u00c4RKAV VEENUS&#8221; (1971) seinamaaling on suureformaadiline tapeeditr\u00fckk tuntud Eesti kunstniku J\u00fcri Arraku (1936\u20132022) maalist \u201e\u00c4rkav Veenus\u201d (1971). Originaalmaal: \u00f5li l\u00f5uendil, 98 x 120 cm, Eesti Kunstimuuseumi kollektsioon. Digitaalselt tr\u00fckitud&hellip;<\/p>\n","protected":false},"featured_media":14059,"comment_status":"closed","ping_status":"closed","template":"","meta":{"inline_featured_image":false,"_monsterinsights_skip_tracking":false,"_monsterinsights_sitenote_active":false,"_monsterinsights_sitenote_note":"","_monsterinsights_sitenote_category":0,"_vp_format_video_url":"","_vp_image_focal_point":[]},"product_brand":[],"product_cat":[382,192,150],"product_tag":[144],"class_list":{"0":"post-14266","1":"product","2":"type-product","3":"status-publish","4":"has-post-thumbnail","6":"product_cat-juri-arraku-merch-et","7":"product_cat-pilttapeet","8":"product_cat-sisustustooted","9":"product_tag-kodu-dekoor","10":"pa_collection-juri-arraks-collection-et","11":"pa_collection-wall-murals-et","12":"pa_landscape-format-225cmx336cm-et","13":"pa_landscape-format-255cmx384cm-et","14":"pa_landscape-format-290cmx432cm-et","15":"pa_landscape-format-320cmx480cm-et","17":"first","18":"instock","19":"shipping-taxable","20":"purchasable","21":"product-type-variable"},"yoast_head":"<!-- This site is optimized with the Yoast SEO plugin v27.2 - https:\/\/yoast.com\/product\/yoast-seo-wordpress\/ -->\n<title>ARRAK &quot;\u00c4RKAV VEENUS&quot; (1971) HORISONTAALNE PILTTAPEET - Miurio Design Studio<\/title>\n<meta name=\"robots\" content=\"index, follow, max-snippet:-1, max-image-preview:large, max-video-preview:-1\" \/>\n<link rel=\"canonical\" href=\"https:\/\/miurio.com\/et\/toode\/arrak-arkav-veenus-1971-horisontaalne-pilttapeet\/\" \/>\n<meta property=\"og:locale\" content=\"et_EE\" \/>\n<meta property=\"og:type\" content=\"article\" \/>\n<meta property=\"og:title\" content=\"ARRAK &quot;\u00c4RKAV VEENUS&quot; (1971) HORISONTAALNE PILTTAPEET - Miurio Design Studio\" \/>\n<meta property=\"og:description\" content=\"ARRAK &#8220;\u00c4RKAV VEENUS&#8221; (1971) seinamaaling on suureformaadiline tapeeditr\u00fckk tuntud Eesti kunstniku J\u00fcri Arraku (1936\u20132022) maalist \u201e\u00c4rkav Veenus\u201d (1971). Originaalmaal: \u00f5li l\u00f5uendil, 98 x 120 cm, Eesti Kunstimuuseumi kollektsioon. Digitaalselt tr\u00fckitud&hellip;\" \/>\n<meta property=\"og:url\" content=\"https:\/\/miurio.com\/et\/toode\/arrak-arkav-veenus-1971-horisontaalne-pilttapeet\/\" \/>\n<meta property=\"og:site_name\" content=\"Miurio Design Studio\" \/>\n<meta property=\"article:publisher\" content=\"http:\/\/www.facebook.com\/miuriodecor\" \/>\n<meta property=\"article:modified_time\" content=\"2025-02-10T17:58:53+00:00\" \/>\n<meta property=\"og:image\" content=\"https:\/\/miurio.com\/wp-content\/uploads\/2025\/01\/Arrak-wall-murals.jpg\" \/>\n\t<meta property=\"og:image:width\" content=\"1024\" \/>\n\t<meta property=\"og:image:height\" content=\"768\" \/>\n\t<meta property=\"og:image:type\" content=\"image\/jpeg\" \/>\n<meta name=\"twitter:card\" content=\"summary_large_image\" \/>\n<meta name=\"twitter:label1\" content=\"Est. reading time\" \/>\n\t<meta name=\"twitter:data1\" content=\"1 minut\" \/>\n<script type=\"application\/ld+json\" class=\"yoast-schema-graph\">{\"@context\":\"https:\/\/schema.org\",\"@graph\":[{\"@type\":\"WebPage\",\"@id\":\"https:\/\/miurio.com\/et\/toode\/arrak-arkav-veenus-1971-horisontaalne-pilttapeet\/\",\"url\":\"https:\/\/miurio.com\/et\/toode\/arrak-arkav-veenus-1971-horisontaalne-pilttapeet\/\",\"name\":\"ARRAK \\\"\u00c4RKAV VEENUS\\\" (1971) HORISONTAALNE PILTTAPEET - Miurio Design Studio\",\"isPartOf\":{\"@id\":\"https:\/\/miurio.com\/et\/#website\"},\"primaryImageOfPage\":{\"@id\":\"https:\/\/miurio.com\/et\/toode\/arrak-arkav-veenus-1971-horisontaalne-pilttapeet\/#primaryimage\"},\"image\":{\"@id\":\"https:\/\/miurio.com\/et\/toode\/arrak-arkav-veenus-1971-horisontaalne-pilttapeet\/#primaryimage\"},\"thumbnailUrl\":\"https:\/\/miurio.com\/wp-content\/uploads\/2025\/01\/Arrak-wall-murals.jpg\",\"datePublished\":\"2025-02-10T17:30:04+00:00\",\"dateModified\":\"2025-02-10T17:58:53+00:00\",\"breadcrumb\":{\"@id\":\"https:\/\/miurio.com\/et\/toode\/arrak-arkav-veenus-1971-horisontaalne-pilttapeet\/#breadcrumb\"},\"inLanguage\":\"et\",\"potentialAction\":[{\"@type\":\"ReadAction\",\"target\":[\"https:\/\/miurio.com\/et\/toode\/arrak-arkav-veenus-1971-horisontaalne-pilttapeet\/\"]}]},{\"@type\":\"ImageObject\",\"inLanguage\":\"et\",\"@id\":\"https:\/\/miurio.com\/et\/toode\/arrak-arkav-veenus-1971-horisontaalne-pilttapeet\/#primaryimage\",\"url\":\"https:\/\/miurio.com\/wp-content\/uploads\/2025\/01\/Arrak-wall-murals.jpg\",\"contentUrl\":\"https:\/\/miurio.com\/wp-content\/uploads\/2025\/01\/Arrak-wall-murals.jpg\",\"width\":1024,\"height\":768},{\"@type\":\"BreadcrumbList\",\"@id\":\"https:\/\/miurio.com\/et\/toode\/arrak-arkav-veenus-1971-horisontaalne-pilttapeet\/#breadcrumb\",\"itemListElement\":[{\"@type\":\"ListItem\",\"position\":1,\"name\":\"Home\",\"item\":\"https:\/\/miurio.com\/et\/\"},{\"@type\":\"ListItem\",\"position\":2,\"name\":\"Pood\",\"item\":\"https:\/\/miurio.com\/et\/pood\/\"},{\"@type\":\"ListItem\",\"position\":3,\"name\":\"ARRAK &#8220;\u00c4RKAV VEENUS&#8221; (1971) HORISONTAALNE PILTTAPEET\"}]},{\"@type\":\"WebSite\",\"@id\":\"https:\/\/miurio.com\/et\/#website\",\"url\":\"https:\/\/miurio.com\/et\/\",\"name\":\"Miurio Design Studio\",\"description\":\"MIURIO design studio website and e-shop\",\"publisher\":{\"@id\":\"https:\/\/miurio.com\/et\/#organization\"},\"potentialAction\":[{\"@type\":\"SearchAction\",\"target\":{\"@type\":\"EntryPoint\",\"urlTemplate\":\"https:\/\/miurio.com\/et\/?s={search_term_string}\"},\"query-input\":{\"@type\":\"PropertyValueSpecification\",\"valueRequired\":true,\"valueName\":\"search_term_string\"}}],\"inLanguage\":\"et\"},{\"@type\":\"Organization\",\"@id\":\"https:\/\/miurio.com\/et\/#organization\",\"name\":\"MIURIO DECOR O\u00dc\",\"url\":\"https:\/\/miurio.com\/et\/\",\"logo\":{\"@type\":\"ImageObject\",\"inLanguage\":\"et\",\"@id\":\"https:\/\/miurio.com\/et\/#\/schema\/logo\/image\/\",\"url\":\"https:\/\/miurio.com\/wp-content\/uploads\/2021\/08\/MIURIO-new-logo-3.png\",\"contentUrl\":\"https:\/\/miurio.com\/wp-content\/uploads\/2021\/08\/MIURIO-new-logo-3.png\",\"width\":1500,\"height\":1500,\"caption\":\"MIURIO DECOR O\u00dc\"},\"image\":{\"@id\":\"https:\/\/miurio.com\/et\/#\/schema\/logo\/image\/\"},\"sameAs\":[\"http:\/\/www.facebook.com\/miuriodecor\",\"https:\/\/instagram.com\/miurio_textiles\",\"https:\/\/www.pinterest.com\/miuriodecor\"]}]}<\/script>\n<!-- \/ Yoast SEO plugin. -->","yoast_head_json":{"title":"ARRAK \"\u00c4RKAV VEENUS\" (1971) HORISONTAALNE PILTTAPEET - Miurio Design Studio","robots":{"index":"index","follow":"follow","max-snippet":"max-snippet:-1","max-image-preview":"max-image-preview:large","max-video-preview":"max-video-preview:-1"},"canonical":"https:\/\/miurio.com\/et\/toode\/arrak-arkav-veenus-1971-horisontaalne-pilttapeet\/","og_locale":"et_EE","og_type":"article","og_title":"ARRAK \"\u00c4RKAV VEENUS\" (1971) HORISONTAALNE PILTTAPEET - Miurio Design Studio","og_description":"ARRAK &#8220;\u00c4RKAV VEENUS&#8221; (1971) seinamaaling on suureformaadiline tapeeditr\u00fckk tuntud Eesti kunstniku J\u00fcri Arraku (1936\u20132022) maalist \u201e\u00c4rkav Veenus\u201d (1971). Originaalmaal: \u00f5li l\u00f5uendil, 98 x 120 cm, Eesti Kunstimuuseumi kollektsioon. Digitaalselt tr\u00fckitud&hellip;","og_url":"https:\/\/miurio.com\/et\/toode\/arrak-arkav-veenus-1971-horisontaalne-pilttapeet\/","og_site_name":"Miurio Design Studio","article_publisher":"http:\/\/www.facebook.com\/miuriodecor","article_modified_time":"2025-02-10T17:58:53+00:00","og_image":[{"width":1024,"height":768,"url":"https:\/\/miurio.com\/wp-content\/uploads\/2025\/01\/Arrak-wall-murals.jpg","type":"image\/jpeg"}],"twitter_card":"summary_large_image","twitter_misc":{"Est. reading time":"1 minut"},"schema":{"@context":"https:\/\/schema.org","@graph":[{"@type":"WebPage","@id":"https:\/\/miurio.com\/et\/toode\/arrak-arkav-veenus-1971-horisontaalne-pilttapeet\/","url":"https:\/\/miurio.com\/et\/toode\/arrak-arkav-veenus-1971-horisontaalne-pilttapeet\/","name":"ARRAK \"\u00c4RKAV VEENUS\" (1971) HORISONTAALNE PILTTAPEET - Miurio Design Studio","isPartOf":{"@id":"https:\/\/miurio.com\/et\/#website"},"primaryImageOfPage":{"@id":"https:\/\/miurio.com\/et\/toode\/arrak-arkav-veenus-1971-horisontaalne-pilttapeet\/#primaryimage"},"image":{"@id":"https:\/\/miurio.com\/et\/toode\/arrak-arkav-veenus-1971-horisontaalne-pilttapeet\/#primaryimage"},"thumbnailUrl":"https:\/\/miurio.com\/wp-content\/uploads\/2025\/01\/Arrak-wall-murals.jpg","datePublished":"2025-02-10T17:30:04+00:00","dateModified":"2025-02-10T17:58:53+00:00","breadcrumb":{"@id":"https:\/\/miurio.com\/et\/toode\/arrak-arkav-veenus-1971-horisontaalne-pilttapeet\/#breadcrumb"},"inLanguage":"et","potentialAction":[{"@type":"ReadAction","target":["https:\/\/miurio.com\/et\/toode\/arrak-arkav-veenus-1971-horisontaalne-pilttapeet\/"]}]},{"@type":"ImageObject","inLanguage":"et","@id":"https:\/\/miurio.com\/et\/toode\/arrak-arkav-veenus-1971-horisontaalne-pilttapeet\/#primaryimage","url":"https:\/\/miurio.com\/wp-content\/uploads\/2025\/01\/Arrak-wall-murals.jpg","contentUrl":"https:\/\/miurio.com\/wp-content\/uploads\/2025\/01\/Arrak-wall-murals.jpg","width":1024,"height":768},{"@type":"BreadcrumbList","@id":"https:\/\/miurio.com\/et\/toode\/arrak-arkav-veenus-1971-horisontaalne-pilttapeet\/#breadcrumb","itemListElement":[{"@type":"ListItem","position":1,"name":"Home","item":"https:\/\/miurio.com\/et\/"},{"@type":"ListItem","position":2,"name":"Pood","item":"https:\/\/miurio.com\/et\/pood\/"},{"@type":"ListItem","position":3,"name":"ARRAK &#8220;\u00c4RKAV VEENUS&#8221; (1971) HORISONTAALNE PILTTAPEET"}]},{"@type":"WebSite","@id":"https:\/\/miurio.com\/et\/#website","url":"https:\/\/miurio.com\/et\/","name":"Miurio Design Studio","description":"MIURIO design studio website and e-shop","publisher":{"@id":"https:\/\/miurio.com\/et\/#organization"},"potentialAction":[{"@type":"SearchAction","target":{"@type":"EntryPoint","urlTemplate":"https:\/\/miurio.com\/et\/?s={search_term_string}"},"query-input":{"@type":"PropertyValueSpecification","valueRequired":true,"valueName":"search_term_string"}}],"inLanguage":"et"},{"@type":"Organization","@id":"https:\/\/miurio.com\/et\/#organization","name":"MIURIO DECOR O\u00dc","url":"https:\/\/miurio.com\/et\/","logo":{"@type":"ImageObject","inLanguage":"et","@id":"https:\/\/miurio.com\/et\/#\/schema\/logo\/image\/","url":"https:\/\/miurio.com\/wp-content\/uploads\/2021\/08\/MIURIO-new-logo-3.png","contentUrl":"https:\/\/miurio.com\/wp-content\/uploads\/2021\/08\/MIURIO-new-logo-3.png","width":1500,"height":1500,"caption":"MIURIO DECOR O\u00dc"},"image":{"@id":"https:\/\/miurio.com\/et\/#\/schema\/logo\/image\/"},"sameAs":["http:\/\/www.facebook.com\/miuriodecor","https:\/\/instagram.com\/miurio_textiles","https:\/\/www.pinterest.com\/miuriodecor"]}]}},"_links":{"self":[{"href":"https:\/\/miurio.com\/et\/wp-json\/wp\/v2\/product\/14266","targetHints":{"allow":["GET"]}}],"collection":[{"href":"https:\/\/miurio.com\/et\/wp-json\/wp\/v2\/product"}],"about":[{"href":"https:\/\/miurio.com\/et\/wp-json\/wp\/v2\/types\/product"}],"replies":[{"embeddable":true,"href":"https:\/\/miurio.com\/et\/wp-json\/wp\/v2\/comments?post=14266"}],"wp:featuredmedia":[{"embeddable":true,"href":"https:\/\/miurio.com\/et\/wp-json\/wp\/v2\/media\/14059"}],"wp:attachment":[{"href":"https:\/\/miurio.com\/et\/wp-json\/wp\/v2\/media?parent=14266"}],"wp:term":[{"taxonomy":"product_brand","embeddable":true,"href":"https:\/\/miurio.com\/et\/wp-json\/wp\/v2\/product_brand?post=14266"},{"taxonomy":"product_cat","embeddable":true,"href":"https:\/\/miurio.com\/et\/wp-json\/wp\/v2\/product_cat?post=14266"},{"taxonomy":"product_tag","embeddable":true,"href":"https:\/\/miurio.com\/et\/wp-json\/wp\/v2\/product_tag?post=14266"}],"curies":[{"name":"wp","href":"https:\/\/api.w.org\/{rel}","templated":true}]}}