{"id":13926,"date":"2024-12-27T12:39:49","date_gmt":"2024-12-27T12:39:49","guid":{"rendered":"https:\/\/miurio.com\/?post_type=product&#038;p=13926"},"modified":"2024-12-29T18:59:10","modified_gmt":"2024-12-29T18:59:10","slug":"m-leis-horisondid-2000-kasitoovaip","status":"publish","type":"product","link":"https:\/\/miurio.com\/et\/toode\/m-leis-horisondid-2000-kasitoovaip\/","title":{"rendered":"M. LEIS &#8220;HORISONDID XV&#8221; (2000) K\u00c4SIT\u00d6\u00d6VAIP"},"content":{"rendered":"<p>M. LEIS HORISONDID XV (2000) k\u00e4sit\u00f6\u00f6vaip p\u00f5hineb silmapaistva Eesti naiskunstniku Malle Leisi (1940-2017) teosel.<\/p>\n<p>Originaalne serigraafia: Horisondid XV (2000) &#8211; ainueksemplar valminud serigraafiast. Paberi suurus: 74\u00d7104 cm.<\/p>\n<p>Leisi loomingu \u00fcheks kesksemaks m\u00e4rks\u00f5naks nii maalikunstis kui graafikas, on katkematu huvi taimemotiivide ja looduse vastu. Leisi kujutatud floora vo\u0303ib paista esmapilgu lihtne ja dekoratiivne, kuid looduse rikkaliku ilu kujutamise all v\u00f5ib tajuda ka filosoofiliselt s\u00fcgavaid mo\u0303tsiklusi, kus kevadel t\u00e4rganud liblest saab s\u00fcgisel vili ja s\u00fcnnist saab surm. Nendest teostest vo\u0303ib otsida elu ringk\u00e4igu ja seda saatvate m\u00fcsteeriumide kujutamist.<\/p>\n<p>Valmistatud k\u00e4situft-tehnikas India vaibakudujate poolt. Tootmisaeg 8-10 n\u00e4dalat peale tellimuse l\u00f5plikku kinnitamist.<br \/>\nPeale seda 3-5 p\u00e4eva jooksul k\u00e4ttetoimetamiseks valmis.<\/p>\n<p>Tutvuge vaiban\u00e4idistega meie salongis.<br \/>\n***Samuti on teised suurused saadaval eritellimuse korral. Palun v\u00f5tke meiega \u00fchendust aadressil: info@miurio.com.***<\/p>\n<hr \/>\n<h2>TOOTEKIRJELDUS<\/h2>\n<p>W: 140 cm x H: 200 cm (2,8 m2)<\/p>\n<p>W: 180 cm x H: 260 cm (4,7 m2)<\/p>\n<p>W: 220 cm x H: 314 cm (6,9 m2)<\/p>\n<h2>MATERJAL<\/h2>\n<p>70% UUS-MEREMAA MERIINOVILL<\/p>\n<p>30% VISKOOS<\/p>\n<hr \/>\n","protected":false},"excerpt":{"rendered":"<p>M. LEIS HORISONDID XV (2000) k\u00e4sit\u00f6\u00f6vaip p\u00f5hineb silmapaistva Eesti naiskunstniku Malle Leisi (1940-2017) teosel. Originaalne serigraafia: Horisondid XV (2000) &#8211; ainueksemplar valminud serigraafiast. Paberi suurus: 74\u00d7104 cm. Leisi loomingu \u00fcheks&hellip;<\/p>\n","protected":false},"featured_media":13919,"comment_status":"closed","ping_status":"closed","template":"","meta":{"inline_featured_image":false,"_monsterinsights_skip_tracking":false,"_monsterinsights_sitenote_active":false,"_monsterinsights_sitenote_note":"","_monsterinsights_sitenote_category":0,"_vp_format_video_url":"","_vp_image_focal_point":[]},"product_brand":[],"product_cat":[173,486,495,467,150],"product_tag":[144],"class_list":{"0":"post-13926","1":"product","2":"type-product","3":"status-publish","4":"has-post-thumbnail","6":"product_cat-vaibad","7":"product_cat-kingiideed","8":"product_cat-ettetelimine","9":"product_cat-malle-leisi-kollektsioon-et","10":"product_cat-sisustustooted","11":"product_tag-kodu-dekoor","12":"pa_collection-vaibakollektsioon","14":"first","15":"instock","16":"shipping-taxable","17":"purchasable","18":"product-type-variable"},"yoast_head":"<!-- This site is optimized with the Yoast SEO plugin v27.2 - https:\/\/yoast.com\/product\/yoast-seo-wordpress\/ -->\n<title>M. LEIS &quot;HORISONDID XV&quot; (2000) K\u00c4SIT\u00d6\u00d6VAIP - Miurio Design Studio<\/title>\n<meta name=\"robots\" content=\"index, follow, max-snippet:-1, max-image-preview:large, max-video-preview:-1\" \/>\n<link rel=\"canonical\" href=\"https:\/\/miurio.com\/et\/toode\/m-leis-horisondid-2000-kasitoovaip\/\" \/>\n<meta property=\"og:locale\" content=\"et_EE\" \/>\n<meta property=\"og:type\" content=\"article\" \/>\n<meta property=\"og:title\" content=\"M. LEIS &quot;HORISONDID XV&quot; (2000) K\u00c4SIT\u00d6\u00d6VAIP - Miurio Design Studio\" \/>\n<meta property=\"og:description\" content=\"M. LEIS HORISONDID XV (2000) k\u00e4sit\u00f6\u00f6vaip p\u00f5hineb silmapaistva Eesti naiskunstniku Malle Leisi (1940-2017) teosel. Originaalne serigraafia: Horisondid XV (2000) &#8211; ainueksemplar valminud serigraafiast. Paberi suurus: 74\u00d7104 cm. Leisi loomingu \u00fcheks&hellip;\" \/>\n<meta property=\"og:url\" content=\"https:\/\/miurio.com\/et\/toode\/m-leis-horisondid-2000-kasitoovaip\/\" \/>\n<meta property=\"og:site_name\" content=\"Miurio Design Studio\" \/>\n<meta property=\"article:publisher\" content=\"http:\/\/www.facebook.com\/miuriodecor\" \/>\n<meta property=\"article:modified_time\" content=\"2024-12-29T18:59:10+00:00\" \/>\n<meta property=\"og:image\" content=\"https:\/\/miurio.com\/wp-content\/uploads\/2024\/12\/055A4011-scaled.jpg\" \/>\n\t<meta property=\"og:image:width\" content=\"2560\" \/>\n\t<meta property=\"og:image:height\" content=\"3840\" \/>\n\t<meta property=\"og:image:type\" content=\"image\/jpeg\" \/>\n<meta name=\"twitter:card\" content=\"summary_large_image\" \/>\n<meta name=\"twitter:label1\" content=\"Est. reading time\" \/>\n\t<meta name=\"twitter:data1\" content=\"1 minut\" \/>\n<script type=\"application\/ld+json\" class=\"yoast-schema-graph\">{\"@context\":\"https:\/\/schema.org\",\"@graph\":[{\"@type\":\"WebPage\",\"@id\":\"https:\/\/miurio.com\/et\/toode\/m-leis-horisondid-2000-kasitoovaip\/\",\"url\":\"https:\/\/miurio.com\/et\/toode\/m-leis-horisondid-2000-kasitoovaip\/\",\"name\":\"M. LEIS \\\"HORISONDID XV\\\" (2000) K\u00c4SIT\u00d6\u00d6VAIP - Miurio Design Studio\",\"isPartOf\":{\"@id\":\"https:\/\/miurio.com\/et\/#website\"},\"primaryImageOfPage\":{\"@id\":\"https:\/\/miurio.com\/et\/toode\/m-leis-horisondid-2000-kasitoovaip\/#primaryimage\"},\"image\":{\"@id\":\"https:\/\/miurio.com\/et\/toode\/m-leis-horisondid-2000-kasitoovaip\/#primaryimage\"},\"thumbnailUrl\":\"https:\/\/miurio.com\/wp-content\/uploads\/2024\/12\/055A4011-scaled.jpg\",\"datePublished\":\"2024-12-27T12:39:49+00:00\",\"dateModified\":\"2024-12-29T18:59:10+00:00\",\"breadcrumb\":{\"@id\":\"https:\/\/miurio.com\/et\/toode\/m-leis-horisondid-2000-kasitoovaip\/#breadcrumb\"},\"inLanguage\":\"et\",\"potentialAction\":[{\"@type\":\"ReadAction\",\"target\":[\"https:\/\/miurio.com\/et\/toode\/m-leis-horisondid-2000-kasitoovaip\/\"]}]},{\"@type\":\"ImageObject\",\"inLanguage\":\"et\",\"@id\":\"https:\/\/miurio.com\/et\/toode\/m-leis-horisondid-2000-kasitoovaip\/#primaryimage\",\"url\":\"https:\/\/miurio.com\/wp-content\/uploads\/2024\/12\/055A4011-scaled.jpg\",\"contentUrl\":\"https:\/\/miurio.com\/wp-content\/uploads\/2024\/12\/055A4011-scaled.jpg\",\"width\":2560,\"height\":3840},{\"@type\":\"BreadcrumbList\",\"@id\":\"https:\/\/miurio.com\/et\/toode\/m-leis-horisondid-2000-kasitoovaip\/#breadcrumb\",\"itemListElement\":[{\"@type\":\"ListItem\",\"position\":1,\"name\":\"Home\",\"item\":\"https:\/\/miurio.com\/et\/\"},{\"@type\":\"ListItem\",\"position\":2,\"name\":\"Pood\",\"item\":\"https:\/\/miurio.com\/et\/pood\/\"},{\"@type\":\"ListItem\",\"position\":3,\"name\":\"M. LEIS &#8220;HORISONDID XV&#8221; (2000) K\u00c4SIT\u00d6\u00d6VAIP\"}]},{\"@type\":\"WebSite\",\"@id\":\"https:\/\/miurio.com\/et\/#website\",\"url\":\"https:\/\/miurio.com\/et\/\",\"name\":\"Miurio Design Studio\",\"description\":\"MIURIO design studio website and e-shop\",\"publisher\":{\"@id\":\"https:\/\/miurio.com\/et\/#organization\"},\"potentialAction\":[{\"@type\":\"SearchAction\",\"target\":{\"@type\":\"EntryPoint\",\"urlTemplate\":\"https:\/\/miurio.com\/et\/?s={search_term_string}\"},\"query-input\":{\"@type\":\"PropertyValueSpecification\",\"valueRequired\":true,\"valueName\":\"search_term_string\"}}],\"inLanguage\":\"et\"},{\"@type\":\"Organization\",\"@id\":\"https:\/\/miurio.com\/et\/#organization\",\"name\":\"MIURIO DECOR O\u00dc\",\"url\":\"https:\/\/miurio.com\/et\/\",\"logo\":{\"@type\":\"ImageObject\",\"inLanguage\":\"et\",\"@id\":\"https:\/\/miurio.com\/et\/#\/schema\/logo\/image\/\",\"url\":\"https:\/\/miurio.com\/wp-content\/uploads\/2021\/08\/MIURIO-new-logo-3.png\",\"contentUrl\":\"https:\/\/miurio.com\/wp-content\/uploads\/2021\/08\/MIURIO-new-logo-3.png\",\"width\":1500,\"height\":1500,\"caption\":\"MIURIO DECOR O\u00dc\"},\"image\":{\"@id\":\"https:\/\/miurio.com\/et\/#\/schema\/logo\/image\/\"},\"sameAs\":[\"http:\/\/www.facebook.com\/miuriodecor\",\"https:\/\/instagram.com\/miurio_textiles\",\"https:\/\/www.pinterest.com\/miuriodecor\"]}]}<\/script>\n<!-- \/ Yoast SEO plugin. -->","yoast_head_json":{"title":"M. LEIS \"HORISONDID XV\" (2000) K\u00c4SIT\u00d6\u00d6VAIP - Miurio Design Studio","robots":{"index":"index","follow":"follow","max-snippet":"max-snippet:-1","max-image-preview":"max-image-preview:large","max-video-preview":"max-video-preview:-1"},"canonical":"https:\/\/miurio.com\/et\/toode\/m-leis-horisondid-2000-kasitoovaip\/","og_locale":"et_EE","og_type":"article","og_title":"M. LEIS \"HORISONDID XV\" (2000) K\u00c4SIT\u00d6\u00d6VAIP - Miurio Design Studio","og_description":"M. LEIS HORISONDID XV (2000) k\u00e4sit\u00f6\u00f6vaip p\u00f5hineb silmapaistva Eesti naiskunstniku Malle Leisi (1940-2017) teosel. Originaalne serigraafia: Horisondid XV (2000) &#8211; ainueksemplar valminud serigraafiast. Paberi suurus: 74\u00d7104 cm. Leisi loomingu \u00fcheks&hellip;","og_url":"https:\/\/miurio.com\/et\/toode\/m-leis-horisondid-2000-kasitoovaip\/","og_site_name":"Miurio Design Studio","article_publisher":"http:\/\/www.facebook.com\/miuriodecor","article_modified_time":"2024-12-29T18:59:10+00:00","og_image":[{"width":2560,"height":3840,"url":"https:\/\/miurio.com\/wp-content\/uploads\/2024\/12\/055A4011-scaled.jpg","type":"image\/jpeg"}],"twitter_card":"summary_large_image","twitter_misc":{"Est. reading time":"1 minut"},"schema":{"@context":"https:\/\/schema.org","@graph":[{"@type":"WebPage","@id":"https:\/\/miurio.com\/et\/toode\/m-leis-horisondid-2000-kasitoovaip\/","url":"https:\/\/miurio.com\/et\/toode\/m-leis-horisondid-2000-kasitoovaip\/","name":"M. LEIS \"HORISONDID XV\" (2000) K\u00c4SIT\u00d6\u00d6VAIP - Miurio Design Studio","isPartOf":{"@id":"https:\/\/miurio.com\/et\/#website"},"primaryImageOfPage":{"@id":"https:\/\/miurio.com\/et\/toode\/m-leis-horisondid-2000-kasitoovaip\/#primaryimage"},"image":{"@id":"https:\/\/miurio.com\/et\/toode\/m-leis-horisondid-2000-kasitoovaip\/#primaryimage"},"thumbnailUrl":"https:\/\/miurio.com\/wp-content\/uploads\/2024\/12\/055A4011-scaled.jpg","datePublished":"2024-12-27T12:39:49+00:00","dateModified":"2024-12-29T18:59:10+00:00","breadcrumb":{"@id":"https:\/\/miurio.com\/et\/toode\/m-leis-horisondid-2000-kasitoovaip\/#breadcrumb"},"inLanguage":"et","potentialAction":[{"@type":"ReadAction","target":["https:\/\/miurio.com\/et\/toode\/m-leis-horisondid-2000-kasitoovaip\/"]}]},{"@type":"ImageObject","inLanguage":"et","@id":"https:\/\/miurio.com\/et\/toode\/m-leis-horisondid-2000-kasitoovaip\/#primaryimage","url":"https:\/\/miurio.com\/wp-content\/uploads\/2024\/12\/055A4011-scaled.jpg","contentUrl":"https:\/\/miurio.com\/wp-content\/uploads\/2024\/12\/055A4011-scaled.jpg","width":2560,"height":3840},{"@type":"BreadcrumbList","@id":"https:\/\/miurio.com\/et\/toode\/m-leis-horisondid-2000-kasitoovaip\/#breadcrumb","itemListElement":[{"@type":"ListItem","position":1,"name":"Home","item":"https:\/\/miurio.com\/et\/"},{"@type":"ListItem","position":2,"name":"Pood","item":"https:\/\/miurio.com\/et\/pood\/"},{"@type":"ListItem","position":3,"name":"M. LEIS &#8220;HORISONDID XV&#8221; (2000) K\u00c4SIT\u00d6\u00d6VAIP"}]},{"@type":"WebSite","@id":"https:\/\/miurio.com\/et\/#website","url":"https:\/\/miurio.com\/et\/","name":"Miurio Design Studio","description":"MIURIO design studio website and e-shop","publisher":{"@id":"https:\/\/miurio.com\/et\/#organization"},"potentialAction":[{"@type":"SearchAction","target":{"@type":"EntryPoint","urlTemplate":"https:\/\/miurio.com\/et\/?s={search_term_string}"},"query-input":{"@type":"PropertyValueSpecification","valueRequired":true,"valueName":"search_term_string"}}],"inLanguage":"et"},{"@type":"Organization","@id":"https:\/\/miurio.com\/et\/#organization","name":"MIURIO DECOR O\u00dc","url":"https:\/\/miurio.com\/et\/","logo":{"@type":"ImageObject","inLanguage":"et","@id":"https:\/\/miurio.com\/et\/#\/schema\/logo\/image\/","url":"https:\/\/miurio.com\/wp-content\/uploads\/2021\/08\/MIURIO-new-logo-3.png","contentUrl":"https:\/\/miurio.com\/wp-content\/uploads\/2021\/08\/MIURIO-new-logo-3.png","width":1500,"height":1500,"caption":"MIURIO DECOR O\u00dc"},"image":{"@id":"https:\/\/miurio.com\/et\/#\/schema\/logo\/image\/"},"sameAs":["http:\/\/www.facebook.com\/miuriodecor","https:\/\/instagram.com\/miurio_textiles","https:\/\/www.pinterest.com\/miuriodecor"]}]}},"_links":{"self":[{"href":"https:\/\/miurio.com\/et\/wp-json\/wp\/v2\/product\/13926","targetHints":{"allow":["GET"]}}],"collection":[{"href":"https:\/\/miurio.com\/et\/wp-json\/wp\/v2\/product"}],"about":[{"href":"https:\/\/miurio.com\/et\/wp-json\/wp\/v2\/types\/product"}],"replies":[{"embeddable":true,"href":"https:\/\/miurio.com\/et\/wp-json\/wp\/v2\/comments?post=13926"}],"wp:featuredmedia":[{"embeddable":true,"href":"https:\/\/miurio.com\/et\/wp-json\/wp\/v2\/media\/13919"}],"wp:attachment":[{"href":"https:\/\/miurio.com\/et\/wp-json\/wp\/v2\/media?parent=13926"}],"wp:term":[{"taxonomy":"product_brand","embeddable":true,"href":"https:\/\/miurio.com\/et\/wp-json\/wp\/v2\/product_brand?post=13926"},{"taxonomy":"product_cat","embeddable":true,"href":"https:\/\/miurio.com\/et\/wp-json\/wp\/v2\/product_cat?post=13926"},{"taxonomy":"product_tag","embeddable":true,"href":"https:\/\/miurio.com\/et\/wp-json\/wp\/v2\/product_tag?post=13926"}],"curies":[{"name":"wp","href":"https:\/\/api.w.org\/{rel}","templated":true}]}}