{"id":13730,"date":"2024-12-11T13:31:59","date_gmt":"2024-12-11T13:31:59","guid":{"rendered":"https:\/\/miurio.com\/?post_type=product&#038;p=13730"},"modified":"2025-08-10T13:12:33","modified_gmt":"2025-08-10T13:12:33","slug":"arrak-naine-kalaga-1966-siidisall-copy","status":"publish","type":"product","link":"https:\/\/miurio.com\/et\/toode\/arrak-naine-kalaga-1966-siidisall-copy\/","title":{"rendered":"ARRAK KOMPOSITSIOON LIPSUDEGA (1967) SIIDISALL"},"content":{"rendered":"<p>ARRAK &#8220;KOMPOSITSIOON LIPSUDEGA&#8221; 1967 siidisall on kujundatud tuntud Eesti kunstniku J\u00fcri Arraku teose alusel.<\/p>\n<p>Originaalne teos: \u00f5li, papp, esemed. 70\u00d750cm. Tartu Kunstimuuseum.<\/p>\n<p><em>\u201eJ\u00fcri Arrak ei olnud \u201elipsus\u00f5ber\u201c. Paraku on aga lips l\u00e4bi aja olnud meestele suhteliselt lihtne kingitus, niiet neid ikka aastate jooksul, ja ilmselt juba ka aastaks 1967 oli kogunenud. Hea n\u00e4ide hilisemast on J\u00fcri sissekanne p\u00e4evikusse 10. juunil 2014: \u201eL\u00e4ksin t\u00e4na m\u00f6\u00f6da Roosikrantsi t\u00e4navat Rootsi saatkonna vastuv\u00f5tule, m\u00f5tisklesin oma elulooraamatu koostamisele, panin k\u00e4e taskusse \u2013 ja lips, see mille pidin ette panema, oli taskus. Samas helistasin K.-le ja \u00fctlesin, et peas kirjutan siin t\u00e4naval meie raamatut, aga keha ruttab seltskonda, kus pole huvitav. Ju siis on lipsule \u00f5ige koht k\u00e4tte n\u00e4idatud, lips l\u00e4bi!\u201c Tore, et lipsud v\u00e4hemalt kunstis kasutust leidsid,\u201c<\/em> Kai Olivia Arrak.<\/p>\n<p>Salli kavand: Fragment maalist \u00a0J. Arrak \u2013 &#8220;Kompositsioon lipsudega&#8221; (1967).<\/p>\n<p>Kanga tr\u00fckiv\u00e4rvidel on OEKO-TEX sertifikaat.<\/p>\n<p>M\u00fc\u00fcgil v\u00e4ikse kollektsioonina.<br \/>\nDigitr\u00fckk. K\u00e4sitsi palistatud.<br \/>\nPakendatud kinkekarpi.<\/p>\n<hr \/>\n<h2>SUURUS<\/h2>\n<p>40X180CM<\/p>\n<h2>MATERJAL<\/h2>\n<p>100% \u00a0SIID\u0160IFOON<\/p>\n<h2>HOOLDUS<\/h2>\n<p>KEEMILINE PUHASTUS<\/p>\n<hr \/>\n","protected":false},"excerpt":{"rendered":"<p>ARRAK &#8220;KOMPOSITSIOON LIPSUDEGA&#8221; 1967 siidisall on kujundatud tuntud Eesti kunstniku J\u00fcri Arraku teose alusel. Originaalne teos: \u00f5li, papp, esemed. 70\u00d750cm. Tartu Kunstimuuseum. \u201eJ\u00fcri Arrak ei olnud \u201elipsus\u00f5ber\u201c. Paraku on aga&hellip;<\/p>\n","protected":false},"featured_media":13698,"comment_status":"closed","ping_status":"closed","template":"","meta":{"inline_featured_image":false,"_monsterinsights_skip_tracking":false,"_monsterinsights_sitenote_active":false,"_monsterinsights_sitenote_note":"","_monsterinsights_sitenote_category":0,"_vp_format_video_url":"","_vp_image_focal_point":[]},"product_brand":[],"product_cat":[382,486,177,176],"product_tag":[153],"class_list":{"0":"post-13730","1":"product","2":"type-product","3":"status-publish","4":"has-post-thumbnail","6":"product_cat-juri-arraku-merch-et","7":"product_cat-kingiideed","8":"product_cat-siidiratikud","9":"product_cat-siidist-ja-villased-aksessuaarid","10":"product_tag-miurio-aksessuaarid","11":"pa_collection-naiste-siidiratikud","12":"pa_collection-verve-kollektsioon","14":"first","15":"instock","16":"shipping-taxable","17":"purchasable","18":"product-type-simple"},"yoast_head":"<!-- This site is optimized with the Yoast SEO plugin v27.2 - https:\/\/yoast.com\/product\/yoast-seo-wordpress\/ -->\n<title>ARRAK KOMPOSITSIOON LIPSUDEGA (1967) SIIDISALL - Miurio Design Studio<\/title>\n<meta name=\"robots\" content=\"index, follow, max-snippet:-1, max-image-preview:large, max-video-preview:-1\" \/>\n<link rel=\"canonical\" href=\"https:\/\/miurio.com\/et\/toode\/arrak-naine-kalaga-1966-siidisall-copy\/\" \/>\n<meta property=\"og:locale\" content=\"et_EE\" \/>\n<meta property=\"og:type\" content=\"article\" \/>\n<meta property=\"og:title\" content=\"ARRAK KOMPOSITSIOON LIPSUDEGA (1967) SIIDISALL - Miurio Design Studio\" \/>\n<meta property=\"og:description\" content=\"ARRAK &#8220;KOMPOSITSIOON LIPSUDEGA&#8221; 1967 siidisall on kujundatud tuntud Eesti kunstniku J\u00fcri Arraku teose alusel. Originaalne teos: \u00f5li, papp, esemed. 70\u00d750cm. Tartu Kunstimuuseum. \u201eJ\u00fcri Arrak ei olnud \u201elipsus\u00f5ber\u201c. Paraku on aga&hellip;\" \/>\n<meta property=\"og:url\" content=\"https:\/\/miurio.com\/et\/toode\/arrak-naine-kalaga-1966-siidisall-copy\/\" \/>\n<meta property=\"og:site_name\" content=\"Miurio Design Studio\" \/>\n<meta property=\"article:publisher\" content=\"http:\/\/www.facebook.com\/miuriodecor\" \/>\n<meta property=\"article:modified_time\" content=\"2025-08-10T13:12:33+00:00\" \/>\n<meta property=\"og:image\" content=\"https:\/\/miurio.com\/wp-content\/uploads\/2024\/12\/6.jpg\" \/>\n\t<meta property=\"og:image:width\" content=\"2500\" \/>\n\t<meta property=\"og:image:height\" content=\"2500\" \/>\n\t<meta property=\"og:image:type\" content=\"image\/jpeg\" \/>\n<meta name=\"twitter:card\" content=\"summary_large_image\" \/>\n<meta name=\"twitter:label1\" content=\"Est. reading time\" \/>\n\t<meta name=\"twitter:data1\" content=\"1 minut\" \/>\n<script type=\"application\/ld+json\" class=\"yoast-schema-graph\">{\"@context\":\"https:\/\/schema.org\",\"@graph\":[{\"@type\":\"WebPage\",\"@id\":\"https:\/\/miurio.com\/et\/toode\/arrak-naine-kalaga-1966-siidisall-copy\/\",\"url\":\"https:\/\/miurio.com\/et\/toode\/arrak-naine-kalaga-1966-siidisall-copy\/\",\"name\":\"ARRAK KOMPOSITSIOON LIPSUDEGA (1967) SIIDISALL - Miurio Design Studio\",\"isPartOf\":{\"@id\":\"https:\/\/miurio.com\/et\/#website\"},\"primaryImageOfPage\":{\"@id\":\"https:\/\/miurio.com\/et\/toode\/arrak-naine-kalaga-1966-siidisall-copy\/#primaryimage\"},\"image\":{\"@id\":\"https:\/\/miurio.com\/et\/toode\/arrak-naine-kalaga-1966-siidisall-copy\/#primaryimage\"},\"thumbnailUrl\":\"https:\/\/miurio.com\/wp-content\/uploads\/2024\/12\/6.jpg\",\"datePublished\":\"2024-12-11T13:31:59+00:00\",\"dateModified\":\"2025-08-10T13:12:33+00:00\",\"breadcrumb\":{\"@id\":\"https:\/\/miurio.com\/et\/toode\/arrak-naine-kalaga-1966-siidisall-copy\/#breadcrumb\"},\"inLanguage\":\"et\",\"potentialAction\":[{\"@type\":\"ReadAction\",\"target\":[\"https:\/\/miurio.com\/et\/toode\/arrak-naine-kalaga-1966-siidisall-copy\/\"]}]},{\"@type\":\"ImageObject\",\"inLanguage\":\"et\",\"@id\":\"https:\/\/miurio.com\/et\/toode\/arrak-naine-kalaga-1966-siidisall-copy\/#primaryimage\",\"url\":\"https:\/\/miurio.com\/wp-content\/uploads\/2024\/12\/6.jpg\",\"contentUrl\":\"https:\/\/miurio.com\/wp-content\/uploads\/2024\/12\/6.jpg\",\"width\":2500,\"height\":2500},{\"@type\":\"BreadcrumbList\",\"@id\":\"https:\/\/miurio.com\/et\/toode\/arrak-naine-kalaga-1966-siidisall-copy\/#breadcrumb\",\"itemListElement\":[{\"@type\":\"ListItem\",\"position\":1,\"name\":\"Home\",\"item\":\"https:\/\/miurio.com\/et\/\"},{\"@type\":\"ListItem\",\"position\":2,\"name\":\"Pood\",\"item\":\"https:\/\/miurio.com\/et\/pood\/\"},{\"@type\":\"ListItem\",\"position\":3,\"name\":\"ARRAK KOMPOSITSIOON LIPSUDEGA (1967) SIIDISALL\"}]},{\"@type\":\"WebSite\",\"@id\":\"https:\/\/miurio.com\/et\/#website\",\"url\":\"https:\/\/miurio.com\/et\/\",\"name\":\"Miurio Design Studio\",\"description\":\"MIURIO design studio website and e-shop\",\"publisher\":{\"@id\":\"https:\/\/miurio.com\/et\/#organization\"},\"potentialAction\":[{\"@type\":\"SearchAction\",\"target\":{\"@type\":\"EntryPoint\",\"urlTemplate\":\"https:\/\/miurio.com\/et\/?s={search_term_string}\"},\"query-input\":{\"@type\":\"PropertyValueSpecification\",\"valueRequired\":true,\"valueName\":\"search_term_string\"}}],\"inLanguage\":\"et\"},{\"@type\":\"Organization\",\"@id\":\"https:\/\/miurio.com\/et\/#organization\",\"name\":\"MIURIO DECOR O\u00dc\",\"url\":\"https:\/\/miurio.com\/et\/\",\"logo\":{\"@type\":\"ImageObject\",\"inLanguage\":\"et\",\"@id\":\"https:\/\/miurio.com\/et\/#\/schema\/logo\/image\/\",\"url\":\"https:\/\/miurio.com\/wp-content\/uploads\/2021\/08\/MIURIO-new-logo-3.png\",\"contentUrl\":\"https:\/\/miurio.com\/wp-content\/uploads\/2021\/08\/MIURIO-new-logo-3.png\",\"width\":1500,\"height\":1500,\"caption\":\"MIURIO DECOR O\u00dc\"},\"image\":{\"@id\":\"https:\/\/miurio.com\/et\/#\/schema\/logo\/image\/\"},\"sameAs\":[\"http:\/\/www.facebook.com\/miuriodecor\",\"https:\/\/instagram.com\/miurio_textiles\",\"https:\/\/www.pinterest.com\/miuriodecor\"]}]}<\/script>\n<!-- \/ Yoast SEO plugin. -->","yoast_head_json":{"title":"ARRAK KOMPOSITSIOON LIPSUDEGA (1967) SIIDISALL - Miurio Design Studio","robots":{"index":"index","follow":"follow","max-snippet":"max-snippet:-1","max-image-preview":"max-image-preview:large","max-video-preview":"max-video-preview:-1"},"canonical":"https:\/\/miurio.com\/et\/toode\/arrak-naine-kalaga-1966-siidisall-copy\/","og_locale":"et_EE","og_type":"article","og_title":"ARRAK KOMPOSITSIOON LIPSUDEGA (1967) SIIDISALL - Miurio Design Studio","og_description":"ARRAK &#8220;KOMPOSITSIOON LIPSUDEGA&#8221; 1967 siidisall on kujundatud tuntud Eesti kunstniku J\u00fcri Arraku teose alusel. Originaalne teos: \u00f5li, papp, esemed. 70\u00d750cm. Tartu Kunstimuuseum. \u201eJ\u00fcri Arrak ei olnud \u201elipsus\u00f5ber\u201c. Paraku on aga&hellip;","og_url":"https:\/\/miurio.com\/et\/toode\/arrak-naine-kalaga-1966-siidisall-copy\/","og_site_name":"Miurio Design Studio","article_publisher":"http:\/\/www.facebook.com\/miuriodecor","article_modified_time":"2025-08-10T13:12:33+00:00","og_image":[{"width":2500,"height":2500,"url":"https:\/\/miurio.com\/wp-content\/uploads\/2024\/12\/6.jpg","type":"image\/jpeg"}],"twitter_card":"summary_large_image","twitter_misc":{"Est. reading time":"1 minut"},"schema":{"@context":"https:\/\/schema.org","@graph":[{"@type":"WebPage","@id":"https:\/\/miurio.com\/et\/toode\/arrak-naine-kalaga-1966-siidisall-copy\/","url":"https:\/\/miurio.com\/et\/toode\/arrak-naine-kalaga-1966-siidisall-copy\/","name":"ARRAK KOMPOSITSIOON LIPSUDEGA (1967) SIIDISALL - Miurio Design Studio","isPartOf":{"@id":"https:\/\/miurio.com\/et\/#website"},"primaryImageOfPage":{"@id":"https:\/\/miurio.com\/et\/toode\/arrak-naine-kalaga-1966-siidisall-copy\/#primaryimage"},"image":{"@id":"https:\/\/miurio.com\/et\/toode\/arrak-naine-kalaga-1966-siidisall-copy\/#primaryimage"},"thumbnailUrl":"https:\/\/miurio.com\/wp-content\/uploads\/2024\/12\/6.jpg","datePublished":"2024-12-11T13:31:59+00:00","dateModified":"2025-08-10T13:12:33+00:00","breadcrumb":{"@id":"https:\/\/miurio.com\/et\/toode\/arrak-naine-kalaga-1966-siidisall-copy\/#breadcrumb"},"inLanguage":"et","potentialAction":[{"@type":"ReadAction","target":["https:\/\/miurio.com\/et\/toode\/arrak-naine-kalaga-1966-siidisall-copy\/"]}]},{"@type":"ImageObject","inLanguage":"et","@id":"https:\/\/miurio.com\/et\/toode\/arrak-naine-kalaga-1966-siidisall-copy\/#primaryimage","url":"https:\/\/miurio.com\/wp-content\/uploads\/2024\/12\/6.jpg","contentUrl":"https:\/\/miurio.com\/wp-content\/uploads\/2024\/12\/6.jpg","width":2500,"height":2500},{"@type":"BreadcrumbList","@id":"https:\/\/miurio.com\/et\/toode\/arrak-naine-kalaga-1966-siidisall-copy\/#breadcrumb","itemListElement":[{"@type":"ListItem","position":1,"name":"Home","item":"https:\/\/miurio.com\/et\/"},{"@type":"ListItem","position":2,"name":"Pood","item":"https:\/\/miurio.com\/et\/pood\/"},{"@type":"ListItem","position":3,"name":"ARRAK KOMPOSITSIOON LIPSUDEGA (1967) SIIDISALL"}]},{"@type":"WebSite","@id":"https:\/\/miurio.com\/et\/#website","url":"https:\/\/miurio.com\/et\/","name":"Miurio Design Studio","description":"MIURIO design studio website and e-shop","publisher":{"@id":"https:\/\/miurio.com\/et\/#organization"},"potentialAction":[{"@type":"SearchAction","target":{"@type":"EntryPoint","urlTemplate":"https:\/\/miurio.com\/et\/?s={search_term_string}"},"query-input":{"@type":"PropertyValueSpecification","valueRequired":true,"valueName":"search_term_string"}}],"inLanguage":"et"},{"@type":"Organization","@id":"https:\/\/miurio.com\/et\/#organization","name":"MIURIO DECOR O\u00dc","url":"https:\/\/miurio.com\/et\/","logo":{"@type":"ImageObject","inLanguage":"et","@id":"https:\/\/miurio.com\/et\/#\/schema\/logo\/image\/","url":"https:\/\/miurio.com\/wp-content\/uploads\/2021\/08\/MIURIO-new-logo-3.png","contentUrl":"https:\/\/miurio.com\/wp-content\/uploads\/2021\/08\/MIURIO-new-logo-3.png","width":1500,"height":1500,"caption":"MIURIO DECOR O\u00dc"},"image":{"@id":"https:\/\/miurio.com\/et\/#\/schema\/logo\/image\/"},"sameAs":["http:\/\/www.facebook.com\/miuriodecor","https:\/\/instagram.com\/miurio_textiles","https:\/\/www.pinterest.com\/miuriodecor"]}]}},"_links":{"self":[{"href":"https:\/\/miurio.com\/et\/wp-json\/wp\/v2\/product\/13730","targetHints":{"allow":["GET"]}}],"collection":[{"href":"https:\/\/miurio.com\/et\/wp-json\/wp\/v2\/product"}],"about":[{"href":"https:\/\/miurio.com\/et\/wp-json\/wp\/v2\/types\/product"}],"replies":[{"embeddable":true,"href":"https:\/\/miurio.com\/et\/wp-json\/wp\/v2\/comments?post=13730"}],"wp:featuredmedia":[{"embeddable":true,"href":"https:\/\/miurio.com\/et\/wp-json\/wp\/v2\/media\/13698"}],"wp:attachment":[{"href":"https:\/\/miurio.com\/et\/wp-json\/wp\/v2\/media?parent=13730"}],"wp:term":[{"taxonomy":"product_brand","embeddable":true,"href":"https:\/\/miurio.com\/et\/wp-json\/wp\/v2\/product_brand?post=13730"},{"taxonomy":"product_cat","embeddable":true,"href":"https:\/\/miurio.com\/et\/wp-json\/wp\/v2\/product_cat?post=13730"},{"taxonomy":"product_tag","embeddable":true,"href":"https:\/\/miurio.com\/et\/wp-json\/wp\/v2\/product_tag?post=13730"}],"curies":[{"name":"wp","href":"https:\/\/api.w.org\/{rel}","templated":true}]}}