{"id":13721,"date":"2024-12-10T17:47:25","date_gmt":"2024-12-10T17:47:25","guid":{"rendered":"https:\/\/miurio.com\/?post_type=product&#038;p=13721"},"modified":"2025-08-10T13:10:30","modified_gmt":"2025-08-10T13:10:30","slug":"arrak-arkav-veenus-1971-87x87cm-siidiratik-copy","status":"publish","type":"product","link":"https:\/\/miurio.com\/et\/toode\/arrak-arkav-veenus-1971-87x87cm-siidiratik-copy\/","title":{"rendered":"ARRAK MERE\u00c4\u00c4RSED VORMID (1966) SIIDISALL"},"content":{"rendered":"<p>ARRAK &#8220;MERE\u00c4\u00c4RSED VORMID&#8221; 1966 siidisall on kujundatud tuntud Eesti kunstniku J\u00fcri Arraku \u00f5limaali alusel.<\/p>\n<p>Originaalne maal: \u00f5li, l\u00f5uend. 80\u00d790cm. Erakogu.<\/p>\n<p><em>\u201eInimesena olemiseks on kunst h\u00e4davajalik ja seda on v\u00e4he selgitatud, ning inimestele hakkab<\/em> <em>kunst muutuma mingiks kummaliste t\u00fc\u00fcpide eral\u00f5buks. Kui kunst kaob, v\u00f5i on juba surnud, nagu<\/em> <em>siin-seal kirjutatakse, siis v\u00f5ivad hakata vohama \u00e4\u00e4rmused, kas loomastumine v\u00f5i<span class=\"gmail_default\">\u200b\u00a0<\/span>masininimesed.<span class=\"gmail_default\">\u200b<\/span>Kunst aitab hoida inimest vaimsel teel, aitab s\u00e4ilitada inimesestumist. Meie kultuurkiht on \u00f5huke ja<span class=\"gmail_default\">\u200b\u00a0<\/span>piiride kaotamine v\u00f5ib viia katastroofini. Et seda ei juhtuks, on vaja kindlal vundamendil seisvat<span class=\"gmail_default\">\u200b\u00a0<\/span>\u201ekunstimaja\u201c, mitte purunenud hoonet, sest kunst on t\u00e4htis komponent maailmast arusaamise teel<\/em>,\u201c kirjutas J\u00fcri Arrak.<\/p>\n<p>Salli kavand: Fragment maalist \u00a0J. Arrak \u2013 &#8220;Mere\u00e4\u00e4rsed vormid&#8221; (1966).<\/p>\n<p>Kanga tr\u00fckiv\u00e4rvidel on OEKO-TEX sertifikaat.<\/p>\n<p>M\u00fc\u00fcgil v\u00e4ikse kollektsioonina.<br \/>\nDigitr\u00fckk. K\u00e4sitsi palistatud.<br \/>\nPakendatud kinkekarpi.<\/p>\n<hr \/>\n<h2>SUURUS<\/h2>\n<p>40X180CM<\/p>\n<h2>MATERJAL<\/h2>\n<p>100% \u00a0SIID\u0160IFOON<\/p>\n<h2>HOOLDUS<\/h2>\n<p>KEEMILINE PUHASTUS<\/p>\n<hr \/>\n","protected":false},"excerpt":{"rendered":"<p>ARRAK &#8220;MERE\u00c4\u00c4RSED VORMID&#8221; 1966 siidisall on kujundatud tuntud Eesti kunstniku J\u00fcri Arraku \u00f5limaali alusel. Originaalne maal: \u00f5li, l\u00f5uend. 80\u00d790cm. Erakogu. \u201eInimesena olemiseks on kunst h\u00e4davajalik ja seda on v\u00e4he selgitatud,&hellip;<\/p>\n","protected":false},"featured_media":13695,"comment_status":"closed","ping_status":"closed","template":"","meta":{"inline_featured_image":false,"_monsterinsights_skip_tracking":false,"_monsterinsights_sitenote_active":false,"_monsterinsights_sitenote_note":"","_monsterinsights_sitenote_category":0,"_vp_format_video_url":"","_vp_image_focal_point":[]},"product_brand":[],"product_cat":[382,486,177,176],"product_tag":[153],"class_list":{"0":"post-13721","1":"product","2":"type-product","3":"status-publish","4":"has-post-thumbnail","6":"product_cat-juri-arraku-merch-et","7":"product_cat-kingiideed","8":"product_cat-siidiratikud","9":"product_cat-siidist-ja-villased-aksessuaarid","10":"product_tag-miurio-aksessuaarid","11":"pa_collection-naiste-siidiratikud","12":"pa_collection-verve-kollektsioon","14":"first","15":"instock","16":"shipping-taxable","17":"purchasable","18":"product-type-simple"},"yoast_head":"<!-- This site is optimized with the Yoast SEO plugin v27.2 - https:\/\/yoast.com\/product\/yoast-seo-wordpress\/ -->\n<title>ARRAK MERE\u00c4\u00c4RSED VORMID (1966) SIIDISALL - Miurio Design Studio<\/title>\n<meta name=\"robots\" content=\"index, follow, max-snippet:-1, max-image-preview:large, max-video-preview:-1\" \/>\n<link rel=\"canonical\" href=\"https:\/\/miurio.com\/et\/toode\/arrak-arkav-veenus-1971-87x87cm-siidiratik-copy\/\" \/>\n<meta property=\"og:locale\" content=\"et_EE\" \/>\n<meta property=\"og:type\" content=\"article\" \/>\n<meta property=\"og:title\" content=\"ARRAK MERE\u00c4\u00c4RSED VORMID (1966) SIIDISALL - Miurio Design Studio\" \/>\n<meta property=\"og:description\" content=\"ARRAK &#8220;MERE\u00c4\u00c4RSED VORMID&#8221; 1966 siidisall on kujundatud tuntud Eesti kunstniku J\u00fcri Arraku \u00f5limaali alusel. Originaalne maal: \u00f5li, l\u00f5uend. 80\u00d790cm. Erakogu. \u201eInimesena olemiseks on kunst h\u00e4davajalik ja seda on v\u00e4he selgitatud,&hellip;\" \/>\n<meta property=\"og:url\" content=\"https:\/\/miurio.com\/et\/toode\/arrak-arkav-veenus-1971-87x87cm-siidiratik-copy\/\" \/>\n<meta property=\"og:site_name\" content=\"Miurio Design Studio\" \/>\n<meta property=\"article:publisher\" content=\"http:\/\/www.facebook.com\/miuriodecor\" \/>\n<meta property=\"article:modified_time\" content=\"2025-08-10T13:10:30+00:00\" \/>\n<meta property=\"og:image\" content=\"https:\/\/miurio.com\/wp-content\/uploads\/2024\/12\/5.jpg\" \/>\n\t<meta property=\"og:image:width\" content=\"2500\" \/>\n\t<meta property=\"og:image:height\" content=\"2500\" \/>\n\t<meta property=\"og:image:type\" content=\"image\/jpeg\" \/>\n<meta name=\"twitter:card\" content=\"summary_large_image\" \/>\n<meta name=\"twitter:label1\" content=\"Est. reading time\" \/>\n\t<meta name=\"twitter:data1\" content=\"1 minut\" \/>\n<script type=\"application\/ld+json\" class=\"yoast-schema-graph\">{\"@context\":\"https:\/\/schema.org\",\"@graph\":[{\"@type\":\"WebPage\",\"@id\":\"https:\/\/miurio.com\/et\/toode\/arrak-arkav-veenus-1971-87x87cm-siidiratik-copy\/\",\"url\":\"https:\/\/miurio.com\/et\/toode\/arrak-arkav-veenus-1971-87x87cm-siidiratik-copy\/\",\"name\":\"ARRAK MERE\u00c4\u00c4RSED VORMID (1966) SIIDISALL - Miurio Design Studio\",\"isPartOf\":{\"@id\":\"https:\/\/miurio.com\/et\/#website\"},\"primaryImageOfPage\":{\"@id\":\"https:\/\/miurio.com\/et\/toode\/arrak-arkav-veenus-1971-87x87cm-siidiratik-copy\/#primaryimage\"},\"image\":{\"@id\":\"https:\/\/miurio.com\/et\/toode\/arrak-arkav-veenus-1971-87x87cm-siidiratik-copy\/#primaryimage\"},\"thumbnailUrl\":\"https:\/\/miurio.com\/wp-content\/uploads\/2024\/12\/5.jpg\",\"datePublished\":\"2024-12-10T17:47:25+00:00\",\"dateModified\":\"2025-08-10T13:10:30+00:00\",\"breadcrumb\":{\"@id\":\"https:\/\/miurio.com\/et\/toode\/arrak-arkav-veenus-1971-87x87cm-siidiratik-copy\/#breadcrumb\"},\"inLanguage\":\"et\",\"potentialAction\":[{\"@type\":\"ReadAction\",\"target\":[\"https:\/\/miurio.com\/et\/toode\/arrak-arkav-veenus-1971-87x87cm-siidiratik-copy\/\"]}]},{\"@type\":\"ImageObject\",\"inLanguage\":\"et\",\"@id\":\"https:\/\/miurio.com\/et\/toode\/arrak-arkav-veenus-1971-87x87cm-siidiratik-copy\/#primaryimage\",\"url\":\"https:\/\/miurio.com\/wp-content\/uploads\/2024\/12\/5.jpg\",\"contentUrl\":\"https:\/\/miurio.com\/wp-content\/uploads\/2024\/12\/5.jpg\",\"width\":2500,\"height\":2500},{\"@type\":\"BreadcrumbList\",\"@id\":\"https:\/\/miurio.com\/et\/toode\/arrak-arkav-veenus-1971-87x87cm-siidiratik-copy\/#breadcrumb\",\"itemListElement\":[{\"@type\":\"ListItem\",\"position\":1,\"name\":\"Home\",\"item\":\"https:\/\/miurio.com\/et\/\"},{\"@type\":\"ListItem\",\"position\":2,\"name\":\"Pood\",\"item\":\"https:\/\/miurio.com\/et\/pood\/\"},{\"@type\":\"ListItem\",\"position\":3,\"name\":\"ARRAK MERE\u00c4\u00c4RSED VORMID (1966) SIIDISALL\"}]},{\"@type\":\"WebSite\",\"@id\":\"https:\/\/miurio.com\/et\/#website\",\"url\":\"https:\/\/miurio.com\/et\/\",\"name\":\"Miurio Design Studio\",\"description\":\"MIURIO design studio website and e-shop\",\"publisher\":{\"@id\":\"https:\/\/miurio.com\/et\/#organization\"},\"potentialAction\":[{\"@type\":\"SearchAction\",\"target\":{\"@type\":\"EntryPoint\",\"urlTemplate\":\"https:\/\/miurio.com\/et\/?s={search_term_string}\"},\"query-input\":{\"@type\":\"PropertyValueSpecification\",\"valueRequired\":true,\"valueName\":\"search_term_string\"}}],\"inLanguage\":\"et\"},{\"@type\":\"Organization\",\"@id\":\"https:\/\/miurio.com\/et\/#organization\",\"name\":\"MIURIO DECOR O\u00dc\",\"url\":\"https:\/\/miurio.com\/et\/\",\"logo\":{\"@type\":\"ImageObject\",\"inLanguage\":\"et\",\"@id\":\"https:\/\/miurio.com\/et\/#\/schema\/logo\/image\/\",\"url\":\"https:\/\/miurio.com\/wp-content\/uploads\/2021\/08\/MIURIO-new-logo-3.png\",\"contentUrl\":\"https:\/\/miurio.com\/wp-content\/uploads\/2021\/08\/MIURIO-new-logo-3.png\",\"width\":1500,\"height\":1500,\"caption\":\"MIURIO DECOR O\u00dc\"},\"image\":{\"@id\":\"https:\/\/miurio.com\/et\/#\/schema\/logo\/image\/\"},\"sameAs\":[\"http:\/\/www.facebook.com\/miuriodecor\",\"https:\/\/instagram.com\/miurio_textiles\",\"https:\/\/www.pinterest.com\/miuriodecor\"]}]}<\/script>\n<!-- \/ Yoast SEO plugin. -->","yoast_head_json":{"title":"ARRAK MERE\u00c4\u00c4RSED VORMID (1966) SIIDISALL - Miurio Design Studio","robots":{"index":"index","follow":"follow","max-snippet":"max-snippet:-1","max-image-preview":"max-image-preview:large","max-video-preview":"max-video-preview:-1"},"canonical":"https:\/\/miurio.com\/et\/toode\/arrak-arkav-veenus-1971-87x87cm-siidiratik-copy\/","og_locale":"et_EE","og_type":"article","og_title":"ARRAK MERE\u00c4\u00c4RSED VORMID (1966) SIIDISALL - Miurio Design Studio","og_description":"ARRAK &#8220;MERE\u00c4\u00c4RSED VORMID&#8221; 1966 siidisall on kujundatud tuntud Eesti kunstniku J\u00fcri Arraku \u00f5limaali alusel. Originaalne maal: \u00f5li, l\u00f5uend. 80\u00d790cm. Erakogu. \u201eInimesena olemiseks on kunst h\u00e4davajalik ja seda on v\u00e4he selgitatud,&hellip;","og_url":"https:\/\/miurio.com\/et\/toode\/arrak-arkav-veenus-1971-87x87cm-siidiratik-copy\/","og_site_name":"Miurio Design Studio","article_publisher":"http:\/\/www.facebook.com\/miuriodecor","article_modified_time":"2025-08-10T13:10:30+00:00","og_image":[{"width":2500,"height":2500,"url":"https:\/\/miurio.com\/wp-content\/uploads\/2024\/12\/5.jpg","type":"image\/jpeg"}],"twitter_card":"summary_large_image","twitter_misc":{"Est. reading time":"1 minut"},"schema":{"@context":"https:\/\/schema.org","@graph":[{"@type":"WebPage","@id":"https:\/\/miurio.com\/et\/toode\/arrak-arkav-veenus-1971-87x87cm-siidiratik-copy\/","url":"https:\/\/miurio.com\/et\/toode\/arrak-arkav-veenus-1971-87x87cm-siidiratik-copy\/","name":"ARRAK MERE\u00c4\u00c4RSED VORMID (1966) SIIDISALL - Miurio Design Studio","isPartOf":{"@id":"https:\/\/miurio.com\/et\/#website"},"primaryImageOfPage":{"@id":"https:\/\/miurio.com\/et\/toode\/arrak-arkav-veenus-1971-87x87cm-siidiratik-copy\/#primaryimage"},"image":{"@id":"https:\/\/miurio.com\/et\/toode\/arrak-arkav-veenus-1971-87x87cm-siidiratik-copy\/#primaryimage"},"thumbnailUrl":"https:\/\/miurio.com\/wp-content\/uploads\/2024\/12\/5.jpg","datePublished":"2024-12-10T17:47:25+00:00","dateModified":"2025-08-10T13:10:30+00:00","breadcrumb":{"@id":"https:\/\/miurio.com\/et\/toode\/arrak-arkav-veenus-1971-87x87cm-siidiratik-copy\/#breadcrumb"},"inLanguage":"et","potentialAction":[{"@type":"ReadAction","target":["https:\/\/miurio.com\/et\/toode\/arrak-arkav-veenus-1971-87x87cm-siidiratik-copy\/"]}]},{"@type":"ImageObject","inLanguage":"et","@id":"https:\/\/miurio.com\/et\/toode\/arrak-arkav-veenus-1971-87x87cm-siidiratik-copy\/#primaryimage","url":"https:\/\/miurio.com\/wp-content\/uploads\/2024\/12\/5.jpg","contentUrl":"https:\/\/miurio.com\/wp-content\/uploads\/2024\/12\/5.jpg","width":2500,"height":2500},{"@type":"BreadcrumbList","@id":"https:\/\/miurio.com\/et\/toode\/arrak-arkav-veenus-1971-87x87cm-siidiratik-copy\/#breadcrumb","itemListElement":[{"@type":"ListItem","position":1,"name":"Home","item":"https:\/\/miurio.com\/et\/"},{"@type":"ListItem","position":2,"name":"Pood","item":"https:\/\/miurio.com\/et\/pood\/"},{"@type":"ListItem","position":3,"name":"ARRAK MERE\u00c4\u00c4RSED VORMID (1966) SIIDISALL"}]},{"@type":"WebSite","@id":"https:\/\/miurio.com\/et\/#website","url":"https:\/\/miurio.com\/et\/","name":"Miurio Design Studio","description":"MIURIO design studio website and e-shop","publisher":{"@id":"https:\/\/miurio.com\/et\/#organization"},"potentialAction":[{"@type":"SearchAction","target":{"@type":"EntryPoint","urlTemplate":"https:\/\/miurio.com\/et\/?s={search_term_string}"},"query-input":{"@type":"PropertyValueSpecification","valueRequired":true,"valueName":"search_term_string"}}],"inLanguage":"et"},{"@type":"Organization","@id":"https:\/\/miurio.com\/et\/#organization","name":"MIURIO DECOR O\u00dc","url":"https:\/\/miurio.com\/et\/","logo":{"@type":"ImageObject","inLanguage":"et","@id":"https:\/\/miurio.com\/et\/#\/schema\/logo\/image\/","url":"https:\/\/miurio.com\/wp-content\/uploads\/2021\/08\/MIURIO-new-logo-3.png","contentUrl":"https:\/\/miurio.com\/wp-content\/uploads\/2021\/08\/MIURIO-new-logo-3.png","width":1500,"height":1500,"caption":"MIURIO DECOR O\u00dc"},"image":{"@id":"https:\/\/miurio.com\/et\/#\/schema\/logo\/image\/"},"sameAs":["http:\/\/www.facebook.com\/miuriodecor","https:\/\/instagram.com\/miurio_textiles","https:\/\/www.pinterest.com\/miuriodecor"]}]}},"_links":{"self":[{"href":"https:\/\/miurio.com\/et\/wp-json\/wp\/v2\/product\/13721","targetHints":{"allow":["GET"]}}],"collection":[{"href":"https:\/\/miurio.com\/et\/wp-json\/wp\/v2\/product"}],"about":[{"href":"https:\/\/miurio.com\/et\/wp-json\/wp\/v2\/types\/product"}],"replies":[{"embeddable":true,"href":"https:\/\/miurio.com\/et\/wp-json\/wp\/v2\/comments?post=13721"}],"wp:featuredmedia":[{"embeddable":true,"href":"https:\/\/miurio.com\/et\/wp-json\/wp\/v2\/media\/13695"}],"wp:attachment":[{"href":"https:\/\/miurio.com\/et\/wp-json\/wp\/v2\/media?parent=13721"}],"wp:term":[{"taxonomy":"product_brand","embeddable":true,"href":"https:\/\/miurio.com\/et\/wp-json\/wp\/v2\/product_brand?post=13721"},{"taxonomy":"product_cat","embeddable":true,"href":"https:\/\/miurio.com\/et\/wp-json\/wp\/v2\/product_cat?post=13721"},{"taxonomy":"product_tag","embeddable":true,"href":"https:\/\/miurio.com\/et\/wp-json\/wp\/v2\/product_tag?post=13721"}],"curies":[{"name":"wp","href":"https:\/\/api.w.org\/{rel}","templated":true}]}}