{"id":13399,"date":"2025-05-23T13:06:38","date_gmt":"2024-11-08T13:06:39","guid":{"rendered":"https:\/\/miurio.com\/?post_type=product&#038;p=13399"},"modified":"2025-05-23T14:07:17","modified_gmt":"2025-05-23T14:07:17","slug":"mleis-lilledl-1977-kandekott","status":"publish","type":"product","link":"https:\/\/miurio.com\/et\/toode\/mleis-lilledl-1977-kandekott\/","title":{"rendered":"M. LEIS LILLED LXII (1977) KANDEKOTT"},"content":{"rendered":"<p>M. LEIS Lilled LXII (1977) kandekatile on tr\u00fckitud tuntud Eesti kunstniku Malle Leisi serigraafia &#8220;Lilled LXII&#8221; (1977). Paberi m\u00f5\u00f5t: 71&#215;61 cm.<\/p>\n<p>M. Leisi ilmekas ja v\u00e4rvikas looming on kunstihuvilisi k\u00f6itnud juba aastak\u00fcmneid. Tema t\u00f6id leidub arvukates erakogudes ning 14 erinevas muuseumis \u00fcle maailma, sealhulgas New Yorgi moodsa kunsti muuseumis, Kreeka rahvusmuuseumis, Zimmerli kunstimuuseumis USA-s ja paljudes teistes.<\/p>\n<p>M\u00fc\u00fcakse piiratud kollektsioonina. Digitr\u00fckk.<\/p>\n<p>Kotil on v\u00e4ike lukuga sisetasku (20x20cm).<\/p>\n<hr \/>\n<h2>SUURUS<\/h2>\n<p>38X45CM<\/p>\n<h2>MATERJAL<\/h2>\n<p>50% \u00a0POL\u00dcESTER, VELUUR (ESIK\u00dcLG), 50% PUUVILL (TAGAK\u00dcLG)<\/p>\n<h2>HOOLDUS<\/h2>\n<p>K\u00c4SIPESU 30<strong>\u00b0<\/strong> JUURES<\/p>\n<hr \/>\n","protected":false},"excerpt":{"rendered":"<p>M. LEIS Lilled LXII (1977) kandekatile on tr\u00fckitud tuntud Eesti kunstniku Malle Leisi serigraafia &#8220;Lilled LXII&#8221; (1977). Paberi m\u00f5\u00f5t: 71&#215;61 cm. M. Leisi ilmekas ja v\u00e4rvikas looming on kunstihuvilisi k\u00f6itnud&hellip;<\/p>\n","protected":false},"featured_media":13276,"comment_status":"closed","ping_status":"closed","template":"","meta":{"inline_featured_image":false,"_monsterinsights_skip_tracking":false,"_monsterinsights_sitenote_active":false,"_monsterinsights_sitenote_note":"","_monsterinsights_sitenote_category":0,"_vp_format_video_url":"","_vp_image_focal_point":[]},"product_brand":[],"product_cat":[459,486,467],"product_tag":[],"class_list":{"0":"post-13399","1":"product","2":"type-product","3":"status-publish","4":"has-post-thumbnail","6":"product_cat-kandekotid-et","7":"product_cat-kingiideed","8":"product_cat-malle-leisi-kollektsioon-et","9":"pa_collection-uus-kollektsioon","11":"first","12":"instock","13":"shipping-taxable","14":"purchasable","15":"product-type-simple"},"yoast_head":"<!-- This site is optimized with the Yoast SEO plugin v27.2 - https:\/\/yoast.com\/product\/yoast-seo-wordpress\/ -->\n<title>M. LEIS LILLED LXII (1977) KANDEKOTT - Miurio Design Studio<\/title>\n<meta name=\"robots\" content=\"index, follow, max-snippet:-1, max-image-preview:large, max-video-preview:-1\" \/>\n<link rel=\"canonical\" href=\"https:\/\/miurio.com\/et\/toode\/mleis-lilledl-1977-kandekott\/\" \/>\n<meta property=\"og:locale\" content=\"et_EE\" \/>\n<meta property=\"og:type\" content=\"article\" \/>\n<meta property=\"og:title\" content=\"M. LEIS LILLED LXII (1977) KANDEKOTT - Miurio Design Studio\" \/>\n<meta property=\"og:description\" content=\"M. LEIS Lilled LXII (1977) kandekatile on tr\u00fckitud tuntud Eesti kunstniku Malle Leisi serigraafia &#8220;Lilled LXII&#8221; (1977). Paberi m\u00f5\u00f5t: 71&#215;61 cm. M. Leisi ilmekas ja v\u00e4rvikas looming on kunstihuvilisi k\u00f6itnud&hellip;\" \/>\n<meta property=\"og:url\" content=\"https:\/\/miurio.com\/et\/toode\/mleis-lilledl-1977-kandekott\/\" \/>\n<meta property=\"og:site_name\" content=\"Miurio Design Studio\" \/>\n<meta property=\"article:publisher\" content=\"http:\/\/www.facebook.com\/miuriodecor\" \/>\n<meta property=\"article:modified_time\" content=\"2025-05-23T14:07:17+00:00\" \/>\n<meta property=\"og:image\" content=\"https:\/\/miurio.com\/wp-content\/uploads\/2024\/10\/11-1024x1024.png\" \/>\n\t<meta property=\"og:image:width\" content=\"1024\" \/>\n\t<meta property=\"og:image:height\" content=\"1024\" \/>\n\t<meta property=\"og:image:type\" content=\"image\/png\" \/>\n<meta name=\"twitter:card\" content=\"summary_large_image\" \/>\n<meta name=\"twitter:label1\" content=\"Est. reading time\" \/>\n\t<meta name=\"twitter:data1\" content=\"1 minut\" \/>\n<script type=\"application\/ld+json\" class=\"yoast-schema-graph\">{\"@context\":\"https:\/\/schema.org\",\"@graph\":[{\"@type\":\"WebPage\",\"@id\":\"https:\/\/miurio.com\/et\/toode\/mleis-lilledl-1977-kandekott\/\",\"url\":\"https:\/\/miurio.com\/et\/toode\/mleis-lilledl-1977-kandekott\/\",\"name\":\"M. LEIS LILLED LXII (1977) KANDEKOTT - Miurio Design Studio\",\"isPartOf\":{\"@id\":\"https:\/\/miurio.com\/et\/#website\"},\"primaryImageOfPage\":{\"@id\":\"https:\/\/miurio.com\/et\/toode\/mleis-lilledl-1977-kandekott\/#primaryimage\"},\"image\":{\"@id\":\"https:\/\/miurio.com\/et\/toode\/mleis-lilledl-1977-kandekott\/#primaryimage\"},\"thumbnailUrl\":\"https:\/\/miurio.com\/wp-content\/uploads\/2024\/10\/11.png\",\"datePublished\":\"2024-11-08T13:06:39+00:00\",\"dateModified\":\"2025-05-23T14:07:17+00:00\",\"breadcrumb\":{\"@id\":\"https:\/\/miurio.com\/et\/toode\/mleis-lilledl-1977-kandekott\/#breadcrumb\"},\"inLanguage\":\"et\",\"potentialAction\":[{\"@type\":\"ReadAction\",\"target\":[\"https:\/\/miurio.com\/et\/toode\/mleis-lilledl-1977-kandekott\/\"]}]},{\"@type\":\"ImageObject\",\"inLanguage\":\"et\",\"@id\":\"https:\/\/miurio.com\/et\/toode\/mleis-lilledl-1977-kandekott\/#primaryimage\",\"url\":\"https:\/\/miurio.com\/wp-content\/uploads\/2024\/10\/11.png\",\"contentUrl\":\"https:\/\/miurio.com\/wp-content\/uploads\/2024\/10\/11.png\",\"width\":2500,\"height\":2500},{\"@type\":\"BreadcrumbList\",\"@id\":\"https:\/\/miurio.com\/et\/toode\/mleis-lilledl-1977-kandekott\/#breadcrumb\",\"itemListElement\":[{\"@type\":\"ListItem\",\"position\":1,\"name\":\"Home\",\"item\":\"https:\/\/miurio.com\/et\/\"},{\"@type\":\"ListItem\",\"position\":2,\"name\":\"Pood\",\"item\":\"https:\/\/miurio.com\/et\/pood\/\"},{\"@type\":\"ListItem\",\"position\":3,\"name\":\"M. LEIS LILLED LXII (1977) KANDEKOTT\"}]},{\"@type\":\"WebSite\",\"@id\":\"https:\/\/miurio.com\/et\/#website\",\"url\":\"https:\/\/miurio.com\/et\/\",\"name\":\"Miurio Design Studio\",\"description\":\"MIURIO design studio website and e-shop\",\"publisher\":{\"@id\":\"https:\/\/miurio.com\/et\/#organization\"},\"potentialAction\":[{\"@type\":\"SearchAction\",\"target\":{\"@type\":\"EntryPoint\",\"urlTemplate\":\"https:\/\/miurio.com\/et\/?s={search_term_string}\"},\"query-input\":{\"@type\":\"PropertyValueSpecification\",\"valueRequired\":true,\"valueName\":\"search_term_string\"}}],\"inLanguage\":\"et\"},{\"@type\":\"Organization\",\"@id\":\"https:\/\/miurio.com\/et\/#organization\",\"name\":\"MIURIO DECOR O\u00dc\",\"url\":\"https:\/\/miurio.com\/et\/\",\"logo\":{\"@type\":\"ImageObject\",\"inLanguage\":\"et\",\"@id\":\"https:\/\/miurio.com\/et\/#\/schema\/logo\/image\/\",\"url\":\"https:\/\/miurio.com\/wp-content\/uploads\/2021\/08\/MIURIO-new-logo-3.png\",\"contentUrl\":\"https:\/\/miurio.com\/wp-content\/uploads\/2021\/08\/MIURIO-new-logo-3.png\",\"width\":1500,\"height\":1500,\"caption\":\"MIURIO DECOR O\u00dc\"},\"image\":{\"@id\":\"https:\/\/miurio.com\/et\/#\/schema\/logo\/image\/\"},\"sameAs\":[\"http:\/\/www.facebook.com\/miuriodecor\",\"https:\/\/instagram.com\/miurio_textiles\",\"https:\/\/www.pinterest.com\/miuriodecor\"]}]}<\/script>\n<!-- \/ Yoast SEO plugin. -->","yoast_head_json":{"title":"M. LEIS LILLED LXII (1977) KANDEKOTT - Miurio Design Studio","robots":{"index":"index","follow":"follow","max-snippet":"max-snippet:-1","max-image-preview":"max-image-preview:large","max-video-preview":"max-video-preview:-1"},"canonical":"https:\/\/miurio.com\/et\/toode\/mleis-lilledl-1977-kandekott\/","og_locale":"et_EE","og_type":"article","og_title":"M. LEIS LILLED LXII (1977) KANDEKOTT - Miurio Design Studio","og_description":"M. LEIS Lilled LXII (1977) kandekatile on tr\u00fckitud tuntud Eesti kunstniku Malle Leisi serigraafia &#8220;Lilled LXII&#8221; (1977). Paberi m\u00f5\u00f5t: 71&#215;61 cm. M. Leisi ilmekas ja v\u00e4rvikas looming on kunstihuvilisi k\u00f6itnud&hellip;","og_url":"https:\/\/miurio.com\/et\/toode\/mleis-lilledl-1977-kandekott\/","og_site_name":"Miurio Design Studio","article_publisher":"http:\/\/www.facebook.com\/miuriodecor","article_modified_time":"2025-05-23T14:07:17+00:00","og_image":[{"width":1024,"height":1024,"url":"https:\/\/miurio.com\/wp-content\/uploads\/2024\/10\/11-1024x1024.png","type":"image\/png"}],"twitter_card":"summary_large_image","twitter_misc":{"Est. reading time":"1 minut"},"schema":{"@context":"https:\/\/schema.org","@graph":[{"@type":"WebPage","@id":"https:\/\/miurio.com\/et\/toode\/mleis-lilledl-1977-kandekott\/","url":"https:\/\/miurio.com\/et\/toode\/mleis-lilledl-1977-kandekott\/","name":"M. LEIS LILLED LXII (1977) KANDEKOTT - Miurio Design Studio","isPartOf":{"@id":"https:\/\/miurio.com\/et\/#website"},"primaryImageOfPage":{"@id":"https:\/\/miurio.com\/et\/toode\/mleis-lilledl-1977-kandekott\/#primaryimage"},"image":{"@id":"https:\/\/miurio.com\/et\/toode\/mleis-lilledl-1977-kandekott\/#primaryimage"},"thumbnailUrl":"https:\/\/miurio.com\/wp-content\/uploads\/2024\/10\/11.png","datePublished":"2024-11-08T13:06:39+00:00","dateModified":"2025-05-23T14:07:17+00:00","breadcrumb":{"@id":"https:\/\/miurio.com\/et\/toode\/mleis-lilledl-1977-kandekott\/#breadcrumb"},"inLanguage":"et","potentialAction":[{"@type":"ReadAction","target":["https:\/\/miurio.com\/et\/toode\/mleis-lilledl-1977-kandekott\/"]}]},{"@type":"ImageObject","inLanguage":"et","@id":"https:\/\/miurio.com\/et\/toode\/mleis-lilledl-1977-kandekott\/#primaryimage","url":"https:\/\/miurio.com\/wp-content\/uploads\/2024\/10\/11.png","contentUrl":"https:\/\/miurio.com\/wp-content\/uploads\/2024\/10\/11.png","width":2500,"height":2500},{"@type":"BreadcrumbList","@id":"https:\/\/miurio.com\/et\/toode\/mleis-lilledl-1977-kandekott\/#breadcrumb","itemListElement":[{"@type":"ListItem","position":1,"name":"Home","item":"https:\/\/miurio.com\/et\/"},{"@type":"ListItem","position":2,"name":"Pood","item":"https:\/\/miurio.com\/et\/pood\/"},{"@type":"ListItem","position":3,"name":"M. LEIS LILLED LXII (1977) KANDEKOTT"}]},{"@type":"WebSite","@id":"https:\/\/miurio.com\/et\/#website","url":"https:\/\/miurio.com\/et\/","name":"Miurio Design Studio","description":"MIURIO design studio website and e-shop","publisher":{"@id":"https:\/\/miurio.com\/et\/#organization"},"potentialAction":[{"@type":"SearchAction","target":{"@type":"EntryPoint","urlTemplate":"https:\/\/miurio.com\/et\/?s={search_term_string}"},"query-input":{"@type":"PropertyValueSpecification","valueRequired":true,"valueName":"search_term_string"}}],"inLanguage":"et"},{"@type":"Organization","@id":"https:\/\/miurio.com\/et\/#organization","name":"MIURIO DECOR O\u00dc","url":"https:\/\/miurio.com\/et\/","logo":{"@type":"ImageObject","inLanguage":"et","@id":"https:\/\/miurio.com\/et\/#\/schema\/logo\/image\/","url":"https:\/\/miurio.com\/wp-content\/uploads\/2021\/08\/MIURIO-new-logo-3.png","contentUrl":"https:\/\/miurio.com\/wp-content\/uploads\/2021\/08\/MIURIO-new-logo-3.png","width":1500,"height":1500,"caption":"MIURIO DECOR O\u00dc"},"image":{"@id":"https:\/\/miurio.com\/et\/#\/schema\/logo\/image\/"},"sameAs":["http:\/\/www.facebook.com\/miuriodecor","https:\/\/instagram.com\/miurio_textiles","https:\/\/www.pinterest.com\/miuriodecor"]}]}},"_links":{"self":[{"href":"https:\/\/miurio.com\/et\/wp-json\/wp\/v2\/product\/13399","targetHints":{"allow":["GET"]}}],"collection":[{"href":"https:\/\/miurio.com\/et\/wp-json\/wp\/v2\/product"}],"about":[{"href":"https:\/\/miurio.com\/et\/wp-json\/wp\/v2\/types\/product"}],"replies":[{"embeddable":true,"href":"https:\/\/miurio.com\/et\/wp-json\/wp\/v2\/comments?post=13399"}],"wp:featuredmedia":[{"embeddable":true,"href":"https:\/\/miurio.com\/et\/wp-json\/wp\/v2\/media\/13276"}],"wp:attachment":[{"href":"https:\/\/miurio.com\/et\/wp-json\/wp\/v2\/media?parent=13399"}],"wp:term":[{"taxonomy":"product_brand","embeddable":true,"href":"https:\/\/miurio.com\/et\/wp-json\/wp\/v2\/product_brand?post=13399"},{"taxonomy":"product_cat","embeddable":true,"href":"https:\/\/miurio.com\/et\/wp-json\/wp\/v2\/product_cat?post=13399"},{"taxonomy":"product_tag","embeddable":true,"href":"https:\/\/miurio.com\/et\/wp-json\/wp\/v2\/product_tag?post=13399"}],"curies":[{"name":"wp","href":"https:\/\/api.w.org\/{rel}","templated":true}]}}