{"id":13213,"date":"2024-09-30T16:26:13","date_gmt":"2024-09-30T16:26:13","guid":{"rendered":"https:\/\/miurio.com\/?post_type=product&#038;p=13213"},"modified":"2025-12-18T12:34:14","modified_gmt":"2025-12-18T12:34:14","slug":"arrak-vaatajad-1970-in-aubergine-grey-villane-sall-copy","status":"publish","type":"product","link":"https:\/\/miurio.com\/et\/toode\/arrak-vaatajad-1970-in-aubergine-grey-villane-sall-copy\/","title":{"rendered":"ARRAK &#8220;VAATAJAD&#8221; (1970) IN RED GREY VILLANE SALL"},"content":{"rendered":"<p>ARRAK \u201c<span class=\"gmail_default\">\u200bVAATAJAD<\/span>\u201d (1970) IN RED GREY on kahepoolne unisex s\u00fcgis-talvine villane sall. Salli muster p\u00f5hineb tuntud Eesti maalikunstniku J\u00fcri Arraku teosel \u2013 Vaatajad (1970).Originaalmaal: \u00f5li l\u00f5uendil. 50\u00d770 cm. A. Eilarti erakogu.<\/p>\n<p>\u201c<em>Maalikunst ei vaja mingit uut \u00f5igustust ega kaitset, sest temas peituvad piiramatud v\u00f5imalused v\u00e4ljendada erinevates vormis\u00fcsteemides \u00fcksk\u00f5ik milliseid teemasid. Loomulikult eeldab see head kooli, andekust ja normaalset kultuurikeskkonda. Viimase all m\u00f5tlen tasakaalustatud elu\u00f5igust k\u00f5igile kunstin\u00e4htustele. Kunstniku areng s\u00f5ltub tema vaimsest t\u00e4iustumisest ja tehnoloogiad on teisej\u00e4rgulised<\/em>,\u201d \u00fctleb J\u00fcri Arrak.<\/p>\n<p>Hoiab soojas ja paitab pehmelt sinu kaela. Kootud pehmeimast neitsivilla ja puuvilla segust ning lisapehmuse saavutamiseks harjatud.<\/p>\n<p>Kogu tootmisprotsess alates l\u00f5nga ketramisest, kanga keetmisest v\u00f5i v\u00e4rvimisest, kudumisest kuni \u00e4\u00e4riste \u00f5mblemiseni toimub Itaalias v\u00e4ikeses pereettev\u00f5ttes.<\/p>\n<p>M\u00fc\u00fcakse piiratud kollektsioonina. Masinkootud Itaalias.<\/p>\n<hr \/>\n<h2>SUURUS<\/h2>\n<p>30X180CM<\/p>\n<h2>MATERJAL<\/h2>\n<p>65% \u00a0NEITSIVILL<\/p>\n<p>35% PUUVILL<\/p>\n<p>\u017dAKAARKANGAS<\/p>\n<p>HARJATUD VIIMISTLUSEGA<\/p>\n<h2>HOOLDUS<\/h2>\n<p>KEEMILINE PUHASTUS,<\/p>\n<p>TRIIKIMINE KESKMISEL TEMPERATUURIL<\/p>\n<hr \/>\n","protected":false},"excerpt":{"rendered":"<p>ARRAK \u201c\u200bVAATAJAD\u201d (1970) IN RED GREY on kahepoolne unisex s\u00fcgis-talvine villane sall. Salli muster p\u00f5hineb tuntud Eesti maalikunstniku J\u00fcri Arraku teosel \u2013 Vaatajad (1970).Originaalmaal: \u00f5li l\u00f5uendil. 50\u00d770 cm. A. Eilarti&hellip;<\/p>\n","protected":false},"featured_media":13216,"comment_status":"closed","ping_status":"closed","template":"","meta":{"inline_featured_image":false,"_monsterinsights_skip_tracking":false,"_monsterinsights_sitenote_active":false,"_monsterinsights_sitenote_note":"","_monsterinsights_sitenote_category":0,"_vp_format_video_url":"","_vp_image_focal_point":[]},"product_brand":[],"product_cat":[382,486,176,185],"product_tag":[153],"class_list":{"0":"post-13213","1":"product","2":"type-product","3":"status-publish","4":"has-post-thumbnail","6":"product_cat-juri-arraku-merch-et","7":"product_cat-kingiideed","8":"product_cat-siidist-ja-villased-aksessuaarid","9":"product_cat-villased-sallid","10":"product_tag-miurio-aksessuaarid","11":"pa_collection-uus-kollektsioon","13":"first","14":"instock","15":"shipping-taxable","16":"purchasable","17":"product-type-simple"},"yoast_head":"<!-- This site is optimized with the Yoast SEO plugin v27.2 - https:\/\/yoast.com\/product\/yoast-seo-wordpress\/ -->\n<title>ARRAK &quot;VAATAJAD&quot; (1970) IN RED GREY VILLANE SALL - Miurio Design Studio<\/title>\n<meta name=\"robots\" content=\"index, follow, max-snippet:-1, max-image-preview:large, max-video-preview:-1\" \/>\n<link rel=\"canonical\" href=\"https:\/\/miurio.com\/et\/toode\/arrak-vaatajad-1970-in-aubergine-grey-villane-sall-copy\/\" \/>\n<meta property=\"og:locale\" content=\"et_EE\" \/>\n<meta property=\"og:type\" content=\"article\" \/>\n<meta property=\"og:title\" content=\"ARRAK &quot;VAATAJAD&quot; (1970) IN RED GREY VILLANE SALL - Miurio Design Studio\" \/>\n<meta property=\"og:description\" content=\"ARRAK \u201c\u200bVAATAJAD\u201d (1970) IN RED GREY on kahepoolne unisex s\u00fcgis-talvine villane sall. Salli muster p\u00f5hineb tuntud Eesti maalikunstniku J\u00fcri Arraku teosel \u2013 Vaatajad (1970).Originaalmaal: \u00f5li l\u00f5uendil. 50\u00d770 cm. A. Eilarti&hellip;\" \/>\n<meta property=\"og:url\" content=\"https:\/\/miurio.com\/et\/toode\/arrak-vaatajad-1970-in-aubergine-grey-villane-sall-copy\/\" \/>\n<meta property=\"og:site_name\" content=\"Miurio Design Studio\" \/>\n<meta property=\"article:publisher\" content=\"http:\/\/www.facebook.com\/miuriodecor\" \/>\n<meta property=\"article:modified_time\" content=\"2025-12-18T12:34:14+00:00\" \/>\n<meta property=\"og:image\" content=\"https:\/\/miurio.com\/wp-content\/uploads\/2024\/09\/4-1024x1024.png\" \/>\n\t<meta property=\"og:image:width\" content=\"1024\" \/>\n\t<meta property=\"og:image:height\" content=\"1024\" \/>\n\t<meta property=\"og:image:type\" content=\"image\/png\" \/>\n<meta name=\"twitter:card\" content=\"summary_large_image\" \/>\n<meta name=\"twitter:label1\" content=\"Est. reading time\" \/>\n\t<meta name=\"twitter:data1\" content=\"1 minut\" \/>\n<script type=\"application\/ld+json\" class=\"yoast-schema-graph\">{\"@context\":\"https:\/\/schema.org\",\"@graph\":[{\"@type\":\"WebPage\",\"@id\":\"https:\/\/miurio.com\/et\/toode\/arrak-vaatajad-1970-in-aubergine-grey-villane-sall-copy\/\",\"url\":\"https:\/\/miurio.com\/et\/toode\/arrak-vaatajad-1970-in-aubergine-grey-villane-sall-copy\/\",\"name\":\"ARRAK \\\"VAATAJAD\\\" (1970) IN RED GREY VILLANE SALL - Miurio Design Studio\",\"isPartOf\":{\"@id\":\"https:\/\/miurio.com\/et\/#website\"},\"primaryImageOfPage\":{\"@id\":\"https:\/\/miurio.com\/et\/toode\/arrak-vaatajad-1970-in-aubergine-grey-villane-sall-copy\/#primaryimage\"},\"image\":{\"@id\":\"https:\/\/miurio.com\/et\/toode\/arrak-vaatajad-1970-in-aubergine-grey-villane-sall-copy\/#primaryimage\"},\"thumbnailUrl\":\"https:\/\/miurio.com\/wp-content\/uploads\/2024\/09\/4.png\",\"datePublished\":\"2024-09-30T16:26:13+00:00\",\"dateModified\":\"2025-12-18T12:34:14+00:00\",\"breadcrumb\":{\"@id\":\"https:\/\/miurio.com\/et\/toode\/arrak-vaatajad-1970-in-aubergine-grey-villane-sall-copy\/#breadcrumb\"},\"inLanguage\":\"et\",\"potentialAction\":[{\"@type\":\"ReadAction\",\"target\":[\"https:\/\/miurio.com\/et\/toode\/arrak-vaatajad-1970-in-aubergine-grey-villane-sall-copy\/\"]}]},{\"@type\":\"ImageObject\",\"inLanguage\":\"et\",\"@id\":\"https:\/\/miurio.com\/et\/toode\/arrak-vaatajad-1970-in-aubergine-grey-villane-sall-copy\/#primaryimage\",\"url\":\"https:\/\/miurio.com\/wp-content\/uploads\/2024\/09\/4.png\",\"contentUrl\":\"https:\/\/miurio.com\/wp-content\/uploads\/2024\/09\/4.png\",\"width\":2500,\"height\":2500,\"caption\":\"ARRAK \\\"Vaatajad\\\" punakas-hall villane sall\"},{\"@type\":\"BreadcrumbList\",\"@id\":\"https:\/\/miurio.com\/et\/toode\/arrak-vaatajad-1970-in-aubergine-grey-villane-sall-copy\/#breadcrumb\",\"itemListElement\":[{\"@type\":\"ListItem\",\"position\":1,\"name\":\"Home\",\"item\":\"https:\/\/miurio.com\/et\/\"},{\"@type\":\"ListItem\",\"position\":2,\"name\":\"Pood\",\"item\":\"https:\/\/miurio.com\/et\/pood\/\"},{\"@type\":\"ListItem\",\"position\":3,\"name\":\"ARRAK &#8220;VAATAJAD&#8221; (1970) IN RED GREY VILLANE SALL\"}]},{\"@type\":\"WebSite\",\"@id\":\"https:\/\/miurio.com\/et\/#website\",\"url\":\"https:\/\/miurio.com\/et\/\",\"name\":\"Miurio Design Studio\",\"description\":\"MIURIO design studio website and e-shop\",\"publisher\":{\"@id\":\"https:\/\/miurio.com\/et\/#organization\"},\"potentialAction\":[{\"@type\":\"SearchAction\",\"target\":{\"@type\":\"EntryPoint\",\"urlTemplate\":\"https:\/\/miurio.com\/et\/?s={search_term_string}\"},\"query-input\":{\"@type\":\"PropertyValueSpecification\",\"valueRequired\":true,\"valueName\":\"search_term_string\"}}],\"inLanguage\":\"et\"},{\"@type\":\"Organization\",\"@id\":\"https:\/\/miurio.com\/et\/#organization\",\"name\":\"MIURIO DECOR O\u00dc\",\"url\":\"https:\/\/miurio.com\/et\/\",\"logo\":{\"@type\":\"ImageObject\",\"inLanguage\":\"et\",\"@id\":\"https:\/\/miurio.com\/et\/#\/schema\/logo\/image\/\",\"url\":\"https:\/\/miurio.com\/wp-content\/uploads\/2021\/08\/MIURIO-new-logo-3.png\",\"contentUrl\":\"https:\/\/miurio.com\/wp-content\/uploads\/2021\/08\/MIURIO-new-logo-3.png\",\"width\":1500,\"height\":1500,\"caption\":\"MIURIO DECOR O\u00dc\"},\"image\":{\"@id\":\"https:\/\/miurio.com\/et\/#\/schema\/logo\/image\/\"},\"sameAs\":[\"http:\/\/www.facebook.com\/miuriodecor\",\"https:\/\/instagram.com\/miurio_textiles\",\"https:\/\/www.pinterest.com\/miuriodecor\"]}]}<\/script>\n<!-- \/ Yoast SEO plugin. -->","yoast_head_json":{"title":"ARRAK \"VAATAJAD\" (1970) IN RED GREY VILLANE SALL - Miurio Design Studio","robots":{"index":"index","follow":"follow","max-snippet":"max-snippet:-1","max-image-preview":"max-image-preview:large","max-video-preview":"max-video-preview:-1"},"canonical":"https:\/\/miurio.com\/et\/toode\/arrak-vaatajad-1970-in-aubergine-grey-villane-sall-copy\/","og_locale":"et_EE","og_type":"article","og_title":"ARRAK \"VAATAJAD\" (1970) IN RED GREY VILLANE SALL - Miurio Design Studio","og_description":"ARRAK \u201c\u200bVAATAJAD\u201d (1970) IN RED GREY on kahepoolne unisex s\u00fcgis-talvine villane sall. Salli muster p\u00f5hineb tuntud Eesti maalikunstniku J\u00fcri Arraku teosel \u2013 Vaatajad (1970).Originaalmaal: \u00f5li l\u00f5uendil. 50\u00d770 cm. A. Eilarti&hellip;","og_url":"https:\/\/miurio.com\/et\/toode\/arrak-vaatajad-1970-in-aubergine-grey-villane-sall-copy\/","og_site_name":"Miurio Design Studio","article_publisher":"http:\/\/www.facebook.com\/miuriodecor","article_modified_time":"2025-12-18T12:34:14+00:00","og_image":[{"width":1024,"height":1024,"url":"https:\/\/miurio.com\/wp-content\/uploads\/2024\/09\/4-1024x1024.png","type":"image\/png"}],"twitter_card":"summary_large_image","twitter_misc":{"Est. reading time":"1 minut"},"schema":{"@context":"https:\/\/schema.org","@graph":[{"@type":"WebPage","@id":"https:\/\/miurio.com\/et\/toode\/arrak-vaatajad-1970-in-aubergine-grey-villane-sall-copy\/","url":"https:\/\/miurio.com\/et\/toode\/arrak-vaatajad-1970-in-aubergine-grey-villane-sall-copy\/","name":"ARRAK \"VAATAJAD\" (1970) IN RED GREY VILLANE SALL - Miurio Design Studio","isPartOf":{"@id":"https:\/\/miurio.com\/et\/#website"},"primaryImageOfPage":{"@id":"https:\/\/miurio.com\/et\/toode\/arrak-vaatajad-1970-in-aubergine-grey-villane-sall-copy\/#primaryimage"},"image":{"@id":"https:\/\/miurio.com\/et\/toode\/arrak-vaatajad-1970-in-aubergine-grey-villane-sall-copy\/#primaryimage"},"thumbnailUrl":"https:\/\/miurio.com\/wp-content\/uploads\/2024\/09\/4.png","datePublished":"2024-09-30T16:26:13+00:00","dateModified":"2025-12-18T12:34:14+00:00","breadcrumb":{"@id":"https:\/\/miurio.com\/et\/toode\/arrak-vaatajad-1970-in-aubergine-grey-villane-sall-copy\/#breadcrumb"},"inLanguage":"et","potentialAction":[{"@type":"ReadAction","target":["https:\/\/miurio.com\/et\/toode\/arrak-vaatajad-1970-in-aubergine-grey-villane-sall-copy\/"]}]},{"@type":"ImageObject","inLanguage":"et","@id":"https:\/\/miurio.com\/et\/toode\/arrak-vaatajad-1970-in-aubergine-grey-villane-sall-copy\/#primaryimage","url":"https:\/\/miurio.com\/wp-content\/uploads\/2024\/09\/4.png","contentUrl":"https:\/\/miurio.com\/wp-content\/uploads\/2024\/09\/4.png","width":2500,"height":2500,"caption":"ARRAK \"Vaatajad\" punakas-hall villane sall"},{"@type":"BreadcrumbList","@id":"https:\/\/miurio.com\/et\/toode\/arrak-vaatajad-1970-in-aubergine-grey-villane-sall-copy\/#breadcrumb","itemListElement":[{"@type":"ListItem","position":1,"name":"Home","item":"https:\/\/miurio.com\/et\/"},{"@type":"ListItem","position":2,"name":"Pood","item":"https:\/\/miurio.com\/et\/pood\/"},{"@type":"ListItem","position":3,"name":"ARRAK &#8220;VAATAJAD&#8221; (1970) IN RED GREY VILLANE SALL"}]},{"@type":"WebSite","@id":"https:\/\/miurio.com\/et\/#website","url":"https:\/\/miurio.com\/et\/","name":"Miurio Design Studio","description":"MIURIO design studio website and e-shop","publisher":{"@id":"https:\/\/miurio.com\/et\/#organization"},"potentialAction":[{"@type":"SearchAction","target":{"@type":"EntryPoint","urlTemplate":"https:\/\/miurio.com\/et\/?s={search_term_string}"},"query-input":{"@type":"PropertyValueSpecification","valueRequired":true,"valueName":"search_term_string"}}],"inLanguage":"et"},{"@type":"Organization","@id":"https:\/\/miurio.com\/et\/#organization","name":"MIURIO DECOR O\u00dc","url":"https:\/\/miurio.com\/et\/","logo":{"@type":"ImageObject","inLanguage":"et","@id":"https:\/\/miurio.com\/et\/#\/schema\/logo\/image\/","url":"https:\/\/miurio.com\/wp-content\/uploads\/2021\/08\/MIURIO-new-logo-3.png","contentUrl":"https:\/\/miurio.com\/wp-content\/uploads\/2021\/08\/MIURIO-new-logo-3.png","width":1500,"height":1500,"caption":"MIURIO DECOR O\u00dc"},"image":{"@id":"https:\/\/miurio.com\/et\/#\/schema\/logo\/image\/"},"sameAs":["http:\/\/www.facebook.com\/miuriodecor","https:\/\/instagram.com\/miurio_textiles","https:\/\/www.pinterest.com\/miuriodecor"]}]}},"_links":{"self":[{"href":"https:\/\/miurio.com\/et\/wp-json\/wp\/v2\/product\/13213","targetHints":{"allow":["GET"]}}],"collection":[{"href":"https:\/\/miurio.com\/et\/wp-json\/wp\/v2\/product"}],"about":[{"href":"https:\/\/miurio.com\/et\/wp-json\/wp\/v2\/types\/product"}],"replies":[{"embeddable":true,"href":"https:\/\/miurio.com\/et\/wp-json\/wp\/v2\/comments?post=13213"}],"wp:featuredmedia":[{"embeddable":true,"href":"https:\/\/miurio.com\/et\/wp-json\/wp\/v2\/media\/13216"}],"wp:attachment":[{"href":"https:\/\/miurio.com\/et\/wp-json\/wp\/v2\/media?parent=13213"}],"wp:term":[{"taxonomy":"product_brand","embeddable":true,"href":"https:\/\/miurio.com\/et\/wp-json\/wp\/v2\/product_brand?post=13213"},{"taxonomy":"product_cat","embeddable":true,"href":"https:\/\/miurio.com\/et\/wp-json\/wp\/v2\/product_cat?post=13213"},{"taxonomy":"product_tag","embeddable":true,"href":"https:\/\/miurio.com\/et\/wp-json\/wp\/v2\/product_tag?post=13213"}],"curies":[{"name":"wp","href":"https:\/\/api.w.org\/{rel}","templated":true}]}}