{"id":12891,"date":"2025-03-21T11:54:51","date_gmt":"2025-03-21T11:54:51","guid":{"rendered":"https:\/\/miurio.com\/?post_type=product&#038;p=12891"},"modified":"2024-08-20T10:55:35","modified_gmt":"2024-08-20T10:55:35","slug":"flight-of-elegance-twilly-copy","status":"publish","type":"product","link":"https:\/\/miurio.com\/et\/toode\/flight-of-elegance-twilly-copy\/","title":{"rendered":"GAZE AND DOTS TWILLY"},"content":{"rendered":"<p>GAZE AND DOTS TWILLY on meie uus toode, millel kujutatud mustvalged t\u00e4pilised silmade illusioonid ja mis on osa 2024. aasta suvekollektsioonist. Seda v\u00e4ikest siidist aksessuaari saab siduda mitmel erineval viisil, tuues teie igap\u00e4evasesse look&#8217;i veidi m\u00e4ngulisust!<\/p>\n<p>Twilly disaini autor Victoria Braginskaja. Kahepoolne.<\/p>\n<p>Meie tr\u00fckiv\u00e4rvidel on OEKO-TEX sertifikaat.<\/p>\n<p>M\u00fc\u00fcakse piiratud kollektsioonina. Digitr\u00fckk. K\u00e4sitsi palistatud.<br \/>\nPakendatud kinkekarpi.<\/p>\n<hr \/>\n<h2>SUURUS<\/h2>\n<p>9X175CM<\/p>\n<h2>MATERJAL<\/h2>\n<p>100% \u00a0TWILLSIID<\/p>\n<h2>HOOLDUS<\/h2>\n<p>KEEMILINE PUHASTUS<\/p>\n<hr \/>\n","protected":false},"excerpt":{"rendered":"<p>GAZE AND DOTS TWILLY on meie uus toode, millel kujutatud mustvalged t\u00e4pilised silmade illusioonid ja mis on osa 2024. aasta suvekollektsioonist. Seda v\u00e4ikest siidist aksessuaari saab siduda mitmel erineval viisil,&hellip;<\/p>\n","protected":false},"featured_media":12836,"comment_status":"closed","ping_status":"closed","template":"","meta":{"inline_featured_image":false,"_monsterinsights_skip_tracking":false,"_monsterinsights_sitenote_active":false,"_monsterinsights_sitenote_note":"","_monsterinsights_sitenote_category":0,"_vp_format_video_url":"","_vp_image_focal_point":[]},"product_brand":[],"product_cat":[177,176,455],"product_tag":[],"class_list":{"0":"post-12891","1":"product","2":"type-product","3":"status-publish","4":"has-post-thumbnail","6":"product_cat-siidiratikud","7":"product_cat-siidist-ja-villased-aksessuaarid","8":"product_cat-twillyd","9":"pa_collection-uus-kollektsioon","11":"first","12":"instock","13":"shipping-taxable","14":"purchasable","15":"product-type-simple"},"yoast_head":"<!-- This site is optimized with the Yoast SEO plugin v27.2 - https:\/\/yoast.com\/product\/yoast-seo-wordpress\/ -->\n<title>GAZE AND DOTS TWILLY - Miurio Design Studio<\/title>\n<meta name=\"robots\" content=\"index, follow, max-snippet:-1, max-image-preview:large, max-video-preview:-1\" \/>\n<link rel=\"canonical\" href=\"https:\/\/miurio.com\/et\/toode\/flight-of-elegance-twilly-copy\/\" \/>\n<meta property=\"og:locale\" content=\"et_EE\" \/>\n<meta property=\"og:type\" content=\"article\" \/>\n<meta property=\"og:title\" content=\"GAZE AND DOTS TWILLY - Miurio Design Studio\" \/>\n<meta property=\"og:description\" content=\"GAZE AND DOTS TWILLY on meie uus toode, millel kujutatud mustvalged t\u00e4pilised silmade illusioonid ja mis on osa 2024. aasta suvekollektsioonist. Seda v\u00e4ikest siidist aksessuaari saab siduda mitmel erineval viisil,&hellip;\" \/>\n<meta property=\"og:url\" content=\"https:\/\/miurio.com\/et\/toode\/flight-of-elegance-twilly-copy\/\" \/>\n<meta property=\"og:site_name\" content=\"Miurio Design Studio\" \/>\n<meta property=\"article:publisher\" content=\"http:\/\/www.facebook.com\/miuriodecor\" \/>\n<meta property=\"og:image\" content=\"https:\/\/miurio.com\/wp-content\/uploads\/2024\/06\/PURPLE-UNIVERSE-68X68CM-SILK-SATIN_2-7-1.png\" \/>\n\t<meta property=\"og:image:width\" content=\"1563\" \/>\n\t<meta property=\"og:image:height\" content=\"1563\" \/>\n\t<meta property=\"og:image:type\" content=\"image\/png\" \/>\n<meta name=\"twitter:card\" content=\"summary_large_image\" \/>\n<meta name=\"twitter:label1\" content=\"Est. reading time\" \/>\n\t<meta name=\"twitter:data1\" content=\"1 minut\" \/>\n<script type=\"application\/ld+json\" class=\"yoast-schema-graph\">{\"@context\":\"https:\/\/schema.org\",\"@graph\":[{\"@type\":\"WebPage\",\"@id\":\"https:\/\/miurio.com\/et\/toode\/flight-of-elegance-twilly-copy\/\",\"url\":\"https:\/\/miurio.com\/et\/toode\/flight-of-elegance-twilly-copy\/\",\"name\":\"GAZE AND DOTS TWILLY - Miurio Design Studio\",\"isPartOf\":{\"@id\":\"https:\/\/miurio.com\/et\/#website\"},\"primaryImageOfPage\":{\"@id\":\"https:\/\/miurio.com\/et\/toode\/flight-of-elegance-twilly-copy\/#primaryimage\"},\"image\":{\"@id\":\"https:\/\/miurio.com\/et\/toode\/flight-of-elegance-twilly-copy\/#primaryimage\"},\"thumbnailUrl\":\"https:\/\/miurio.com\/wp-content\/uploads\/2024\/06\/PURPLE-UNIVERSE-68X68CM-SILK-SATIN_2-7-1.png\",\"datePublished\":\"2025-03-21T11:54:51+00:00\",\"breadcrumb\":{\"@id\":\"https:\/\/miurio.com\/et\/toode\/flight-of-elegance-twilly-copy\/#breadcrumb\"},\"inLanguage\":\"et\",\"potentialAction\":[{\"@type\":\"ReadAction\",\"target\":[\"https:\/\/miurio.com\/et\/toode\/flight-of-elegance-twilly-copy\/\"]}]},{\"@type\":\"ImageObject\",\"inLanguage\":\"et\",\"@id\":\"https:\/\/miurio.com\/et\/toode\/flight-of-elegance-twilly-copy\/#primaryimage\",\"url\":\"https:\/\/miurio.com\/wp-content\/uploads\/2024\/06\/PURPLE-UNIVERSE-68X68CM-SILK-SATIN_2-7-1.png\",\"contentUrl\":\"https:\/\/miurio.com\/wp-content\/uploads\/2024\/06\/PURPLE-UNIVERSE-68X68CM-SILK-SATIN_2-7-1.png\",\"width\":1563,\"height\":1563},{\"@type\":\"BreadcrumbList\",\"@id\":\"https:\/\/miurio.com\/et\/toode\/flight-of-elegance-twilly-copy\/#breadcrumb\",\"itemListElement\":[{\"@type\":\"ListItem\",\"position\":1,\"name\":\"Home\",\"item\":\"https:\/\/miurio.com\/et\/\"},{\"@type\":\"ListItem\",\"position\":2,\"name\":\"Pood\",\"item\":\"https:\/\/miurio.com\/et\/pood\/\"},{\"@type\":\"ListItem\",\"position\":3,\"name\":\"GAZE AND DOTS TWILLY\"}]},{\"@type\":\"WebSite\",\"@id\":\"https:\/\/miurio.com\/et\/#website\",\"url\":\"https:\/\/miurio.com\/et\/\",\"name\":\"Miurio Design Studio\",\"description\":\"MIURIO design studio website and e-shop\",\"publisher\":{\"@id\":\"https:\/\/miurio.com\/et\/#organization\"},\"potentialAction\":[{\"@type\":\"SearchAction\",\"target\":{\"@type\":\"EntryPoint\",\"urlTemplate\":\"https:\/\/miurio.com\/et\/?s={search_term_string}\"},\"query-input\":{\"@type\":\"PropertyValueSpecification\",\"valueRequired\":true,\"valueName\":\"search_term_string\"}}],\"inLanguage\":\"et\"},{\"@type\":\"Organization\",\"@id\":\"https:\/\/miurio.com\/et\/#organization\",\"name\":\"MIURIO DECOR O\u00dc\",\"url\":\"https:\/\/miurio.com\/et\/\",\"logo\":{\"@type\":\"ImageObject\",\"inLanguage\":\"et\",\"@id\":\"https:\/\/miurio.com\/et\/#\/schema\/logo\/image\/\",\"url\":\"https:\/\/miurio.com\/wp-content\/uploads\/2021\/08\/MIURIO-new-logo-3.png\",\"contentUrl\":\"https:\/\/miurio.com\/wp-content\/uploads\/2021\/08\/MIURIO-new-logo-3.png\",\"width\":1500,\"height\":1500,\"caption\":\"MIURIO DECOR O\u00dc\"},\"image\":{\"@id\":\"https:\/\/miurio.com\/et\/#\/schema\/logo\/image\/\"},\"sameAs\":[\"http:\/\/www.facebook.com\/miuriodecor\",\"https:\/\/instagram.com\/miurio_textiles\",\"https:\/\/www.pinterest.com\/miuriodecor\"]}]}<\/script>\n<!-- \/ Yoast SEO plugin. -->","yoast_head_json":{"title":"GAZE AND DOTS TWILLY - Miurio Design Studio","robots":{"index":"index","follow":"follow","max-snippet":"max-snippet:-1","max-image-preview":"max-image-preview:large","max-video-preview":"max-video-preview:-1"},"canonical":"https:\/\/miurio.com\/et\/toode\/flight-of-elegance-twilly-copy\/","og_locale":"et_EE","og_type":"article","og_title":"GAZE AND DOTS TWILLY - Miurio Design Studio","og_description":"GAZE AND DOTS TWILLY on meie uus toode, millel kujutatud mustvalged t\u00e4pilised silmade illusioonid ja mis on osa 2024. aasta suvekollektsioonist. Seda v\u00e4ikest siidist aksessuaari saab siduda mitmel erineval viisil,&hellip;","og_url":"https:\/\/miurio.com\/et\/toode\/flight-of-elegance-twilly-copy\/","og_site_name":"Miurio Design Studio","article_publisher":"http:\/\/www.facebook.com\/miuriodecor","og_image":[{"width":1563,"height":1563,"url":"https:\/\/miurio.com\/wp-content\/uploads\/2024\/06\/PURPLE-UNIVERSE-68X68CM-SILK-SATIN_2-7-1.png","type":"image\/png"}],"twitter_card":"summary_large_image","twitter_misc":{"Est. reading time":"1 minut"},"schema":{"@context":"https:\/\/schema.org","@graph":[{"@type":"WebPage","@id":"https:\/\/miurio.com\/et\/toode\/flight-of-elegance-twilly-copy\/","url":"https:\/\/miurio.com\/et\/toode\/flight-of-elegance-twilly-copy\/","name":"GAZE AND DOTS TWILLY - Miurio Design Studio","isPartOf":{"@id":"https:\/\/miurio.com\/et\/#website"},"primaryImageOfPage":{"@id":"https:\/\/miurio.com\/et\/toode\/flight-of-elegance-twilly-copy\/#primaryimage"},"image":{"@id":"https:\/\/miurio.com\/et\/toode\/flight-of-elegance-twilly-copy\/#primaryimage"},"thumbnailUrl":"https:\/\/miurio.com\/wp-content\/uploads\/2024\/06\/PURPLE-UNIVERSE-68X68CM-SILK-SATIN_2-7-1.png","datePublished":"2025-03-21T11:54:51+00:00","breadcrumb":{"@id":"https:\/\/miurio.com\/et\/toode\/flight-of-elegance-twilly-copy\/#breadcrumb"},"inLanguage":"et","potentialAction":[{"@type":"ReadAction","target":["https:\/\/miurio.com\/et\/toode\/flight-of-elegance-twilly-copy\/"]}]},{"@type":"ImageObject","inLanguage":"et","@id":"https:\/\/miurio.com\/et\/toode\/flight-of-elegance-twilly-copy\/#primaryimage","url":"https:\/\/miurio.com\/wp-content\/uploads\/2024\/06\/PURPLE-UNIVERSE-68X68CM-SILK-SATIN_2-7-1.png","contentUrl":"https:\/\/miurio.com\/wp-content\/uploads\/2024\/06\/PURPLE-UNIVERSE-68X68CM-SILK-SATIN_2-7-1.png","width":1563,"height":1563},{"@type":"BreadcrumbList","@id":"https:\/\/miurio.com\/et\/toode\/flight-of-elegance-twilly-copy\/#breadcrumb","itemListElement":[{"@type":"ListItem","position":1,"name":"Home","item":"https:\/\/miurio.com\/et\/"},{"@type":"ListItem","position":2,"name":"Pood","item":"https:\/\/miurio.com\/et\/pood\/"},{"@type":"ListItem","position":3,"name":"GAZE AND DOTS TWILLY"}]},{"@type":"WebSite","@id":"https:\/\/miurio.com\/et\/#website","url":"https:\/\/miurio.com\/et\/","name":"Miurio Design Studio","description":"MIURIO design studio website and e-shop","publisher":{"@id":"https:\/\/miurio.com\/et\/#organization"},"potentialAction":[{"@type":"SearchAction","target":{"@type":"EntryPoint","urlTemplate":"https:\/\/miurio.com\/et\/?s={search_term_string}"},"query-input":{"@type":"PropertyValueSpecification","valueRequired":true,"valueName":"search_term_string"}}],"inLanguage":"et"},{"@type":"Organization","@id":"https:\/\/miurio.com\/et\/#organization","name":"MIURIO DECOR O\u00dc","url":"https:\/\/miurio.com\/et\/","logo":{"@type":"ImageObject","inLanguage":"et","@id":"https:\/\/miurio.com\/et\/#\/schema\/logo\/image\/","url":"https:\/\/miurio.com\/wp-content\/uploads\/2021\/08\/MIURIO-new-logo-3.png","contentUrl":"https:\/\/miurio.com\/wp-content\/uploads\/2021\/08\/MIURIO-new-logo-3.png","width":1500,"height":1500,"caption":"MIURIO DECOR O\u00dc"},"image":{"@id":"https:\/\/miurio.com\/et\/#\/schema\/logo\/image\/"},"sameAs":["http:\/\/www.facebook.com\/miuriodecor","https:\/\/instagram.com\/miurio_textiles","https:\/\/www.pinterest.com\/miuriodecor"]}]}},"_links":{"self":[{"href":"https:\/\/miurio.com\/et\/wp-json\/wp\/v2\/product\/12891","targetHints":{"allow":["GET"]}}],"collection":[{"href":"https:\/\/miurio.com\/et\/wp-json\/wp\/v2\/product"}],"about":[{"href":"https:\/\/miurio.com\/et\/wp-json\/wp\/v2\/types\/product"}],"replies":[{"embeddable":true,"href":"https:\/\/miurio.com\/et\/wp-json\/wp\/v2\/comments?post=12891"}],"wp:featuredmedia":[{"embeddable":true,"href":"https:\/\/miurio.com\/et\/wp-json\/wp\/v2\/media\/12836"}],"wp:attachment":[{"href":"https:\/\/miurio.com\/et\/wp-json\/wp\/v2\/media?parent=12891"}],"wp:term":[{"taxonomy":"product_brand","embeddable":true,"href":"https:\/\/miurio.com\/et\/wp-json\/wp\/v2\/product_brand?post=12891"},{"taxonomy":"product_cat","embeddable":true,"href":"https:\/\/miurio.com\/et\/wp-json\/wp\/v2\/product_cat?post=12891"},{"taxonomy":"product_tag","embeddable":true,"href":"https:\/\/miurio.com\/et\/wp-json\/wp\/v2\/product_tag?post=12891"}],"curies":[{"name":"wp","href":"https:\/\/api.w.org\/{rel}","templated":true}]}}