{"id":12566,"date":"2024-03-27T09:13:05","date_gmt":"2024-03-27T09:13:05","guid":{"rendered":"https:\/\/miurio.com\/?post_type=product&#038;p=12566"},"modified":"2024-04-17T11:11:04","modified_gmt":"2024-04-17T11:11:04","slug":"flowery-water-reflection-in-grey-kasitoovaip-copy","status":"publish","type":"product","link":"https:\/\/miurio.com\/et\/toode\/flowery-water-reflection-in-grey-kasitoovaip-copy\/","title":{"rendered":"KOHE SAADAVAL: FLOWERY WATER REFLECTION IN GREY K\u00c4SIT\u00d6\u00d6VAIP"},"content":{"rendered":"<p>NB! VAIP ON LAOS KOHE SAADAVAL.<\/p>\n<p>See lilleline veepeegeldusega k\u00e4sitsi s\u00f5lmtehnikas valmistatud villane vaip on igas ruumis vestluse tekitaja. Hall v\u00e4rvipalett annab vaibale maheda tuju. See on jalgade all nii \u0161ikk kui ka stiilne.<br \/>\nNB! Vaiba kujundus (ja suurus) v\u00f5ivad olla vastavalt eritellimusele teistsugust v\u00e4rvi. Soovi korral saab tellida ka teises suuruses.<br \/>\nSee on k\u00e4sitsi s\u00f5lmtehnikas valmistatud vaip. S\u00f5lmimisel on kasutatud parimat Uus-Meremaa meriinovilla ja viskoosi.<br \/>\nK\u00e4sitsi Indias valmistatud.<br \/>\nP\u00e4rast kohalej\u00f5udmist 3-5 p\u00e4eva jooksul k\u00e4ttetoimetamiseks valmis.<br \/>\nVaibakavandi autor on Rita Assor (Tallinn, Eesti).<\/p>\n<hr \/>\n<h2>TOOTEKIRJELDUS<\/h2>\n<p>W: 130 cm\u00a0x H: 200 cm<\/p>\n<h2>MATERJAL<\/h2>\n<p>UUS-MEREMAA MERIINOVILL<\/p>\n<p>VISKOOS<\/p>\n<h2><\/h2>\n<hr \/>\n","protected":false},"excerpt":{"rendered":"<p>NB! VAIP ON LAOS KOHE SAADAVAL. See lilleline veepeegeldusega k\u00e4sitsi s\u00f5lmtehnikas valmistatud villane vaip on igas ruumis vestluse tekitaja. Hall v\u00e4rvipalett annab vaibale maheda tuju. See on jalgade all nii&hellip;<\/p>\n","protected":false},"featured_media":12581,"comment_status":"closed","ping_status":"closed","template":"","meta":{"inline_featured_image":false,"_monsterinsights_skip_tracking":false,"_monsterinsights_sitenote_active":false,"_monsterinsights_sitenote_note":"","_monsterinsights_sitenote_category":0,"_vp_format_video_url":"","_vp_image_focal_point":[]},"product_brand":[],"product_cat":[438,486,443,150],"product_tag":[144],"class_list":{"0":"post-12566","1":"product","2":"type-product","3":"status-publish","4":"has-post-thumbnail","6":"product_cat-allahindlus","7":"product_cat-kingiideed","8":"product_cat-kohe-saadaval-vaibad","9":"product_cat-sisustustooted","10":"product_tag-kodu-dekoor","11":"product_shipping_class-vaipade-tarne","12":"pa_collection-vaibakollektsioon","13":"pa_other-sizes-130cmx200cm-et","15":"first","16":"instock","17":"sale","18":"sold-individually","19":"shipping-taxable","20":"purchasable","21":"product-type-variable"},"yoast_head":"<!-- This site is optimized with the Yoast SEO plugin v27.2 - https:\/\/yoast.com\/product\/yoast-seo-wordpress\/ -->\n<title>KOHE SAADAVAL: FLOWERY WATER REFLECTION IN GREY K\u00c4SIT\u00d6\u00d6VAIP - Miurio Design Studio<\/title>\n<meta name=\"robots\" content=\"index, follow, max-snippet:-1, max-image-preview:large, max-video-preview:-1\" \/>\n<link rel=\"canonical\" href=\"https:\/\/miurio.com\/et\/toode\/flowery-water-reflection-in-grey-kasitoovaip-copy\/\" \/>\n<meta property=\"og:locale\" content=\"et_EE\" \/>\n<meta property=\"og:type\" content=\"article\" \/>\n<meta property=\"og:title\" content=\"KOHE SAADAVAL: FLOWERY WATER REFLECTION IN GREY K\u00c4SIT\u00d6\u00d6VAIP - Miurio Design Studio\" \/>\n<meta property=\"og:description\" content=\"NB! VAIP ON LAOS KOHE SAADAVAL. See lilleline veepeegeldusega k\u00e4sitsi s\u00f5lmtehnikas valmistatud villane vaip on igas ruumis vestluse tekitaja. Hall v\u00e4rvipalett annab vaibale maheda tuju. See on jalgade all nii&hellip;\" \/>\n<meta property=\"og:url\" content=\"https:\/\/miurio.com\/et\/toode\/flowery-water-reflection-in-grey-kasitoovaip-copy\/\" \/>\n<meta property=\"og:site_name\" content=\"Miurio Design Studio\" \/>\n<meta property=\"article:publisher\" content=\"http:\/\/www.facebook.com\/miuriodecor\" \/>\n<meta property=\"article:modified_time\" content=\"2024-04-17T11:11:04+00:00\" \/>\n<meta property=\"og:image\" content=\"https:\/\/miurio.com\/wp-content\/uploads\/2024\/03\/IMG_1416-768x1024.jpeg\" \/>\n\t<meta property=\"og:image:width\" content=\"768\" \/>\n\t<meta property=\"og:image:height\" content=\"1024\" \/>\n\t<meta property=\"og:image:type\" content=\"image\/jpeg\" \/>\n<meta name=\"twitter:card\" content=\"summary_large_image\" \/>\n<meta name=\"twitter:label1\" content=\"Est. reading time\" \/>\n\t<meta name=\"twitter:data1\" content=\"1 minut\" \/>\n<script type=\"application\/ld+json\" class=\"yoast-schema-graph\">{\"@context\":\"https:\/\/schema.org\",\"@graph\":[{\"@type\":\"WebPage\",\"@id\":\"https:\/\/miurio.com\/et\/toode\/flowery-water-reflection-in-grey-kasitoovaip-copy\/\",\"url\":\"https:\/\/miurio.com\/et\/toode\/flowery-water-reflection-in-grey-kasitoovaip-copy\/\",\"name\":\"KOHE SAADAVAL: FLOWERY WATER REFLECTION IN GREY K\u00c4SIT\u00d6\u00d6VAIP - Miurio Design Studio\",\"isPartOf\":{\"@id\":\"https:\/\/miurio.com\/et\/#website\"},\"primaryImageOfPage\":{\"@id\":\"https:\/\/miurio.com\/et\/toode\/flowery-water-reflection-in-grey-kasitoovaip-copy\/#primaryimage\"},\"image\":{\"@id\":\"https:\/\/miurio.com\/et\/toode\/flowery-water-reflection-in-grey-kasitoovaip-copy\/#primaryimage\"},\"thumbnailUrl\":\"https:\/\/miurio.com\/wp-content\/uploads\/2024\/03\/IMG_1416-scaled.jpeg\",\"datePublished\":\"2024-03-27T09:13:05+00:00\",\"dateModified\":\"2024-04-17T11:11:04+00:00\",\"breadcrumb\":{\"@id\":\"https:\/\/miurio.com\/et\/toode\/flowery-water-reflection-in-grey-kasitoovaip-copy\/#breadcrumb\"},\"inLanguage\":\"et\",\"potentialAction\":[{\"@type\":\"ReadAction\",\"target\":[\"https:\/\/miurio.com\/et\/toode\/flowery-water-reflection-in-grey-kasitoovaip-copy\/\"]}]},{\"@type\":\"ImageObject\",\"inLanguage\":\"et\",\"@id\":\"https:\/\/miurio.com\/et\/toode\/flowery-water-reflection-in-grey-kasitoovaip-copy\/#primaryimage\",\"url\":\"https:\/\/miurio.com\/wp-content\/uploads\/2024\/03\/IMG_1416-scaled.jpeg\",\"contentUrl\":\"https:\/\/miurio.com\/wp-content\/uploads\/2024\/03\/IMG_1416-scaled.jpeg\",\"width\":2880,\"height\":3840},{\"@type\":\"BreadcrumbList\",\"@id\":\"https:\/\/miurio.com\/et\/toode\/flowery-water-reflection-in-grey-kasitoovaip-copy\/#breadcrumb\",\"itemListElement\":[{\"@type\":\"ListItem\",\"position\":1,\"name\":\"Home\",\"item\":\"https:\/\/miurio.com\/et\/\"},{\"@type\":\"ListItem\",\"position\":2,\"name\":\"Pood\",\"item\":\"https:\/\/miurio.com\/et\/pood\/\"},{\"@type\":\"ListItem\",\"position\":3,\"name\":\"KOHE SAADAVAL: FLOWERY WATER REFLECTION IN GREY K\u00c4SIT\u00d6\u00d6VAIP\"}]},{\"@type\":\"WebSite\",\"@id\":\"https:\/\/miurio.com\/et\/#website\",\"url\":\"https:\/\/miurio.com\/et\/\",\"name\":\"Miurio Design Studio\",\"description\":\"MIURIO design studio website and e-shop\",\"publisher\":{\"@id\":\"https:\/\/miurio.com\/et\/#organization\"},\"potentialAction\":[{\"@type\":\"SearchAction\",\"target\":{\"@type\":\"EntryPoint\",\"urlTemplate\":\"https:\/\/miurio.com\/et\/?s={search_term_string}\"},\"query-input\":{\"@type\":\"PropertyValueSpecification\",\"valueRequired\":true,\"valueName\":\"search_term_string\"}}],\"inLanguage\":\"et\"},{\"@type\":\"Organization\",\"@id\":\"https:\/\/miurio.com\/et\/#organization\",\"name\":\"MIURIO DECOR O\u00dc\",\"url\":\"https:\/\/miurio.com\/et\/\",\"logo\":{\"@type\":\"ImageObject\",\"inLanguage\":\"et\",\"@id\":\"https:\/\/miurio.com\/et\/#\/schema\/logo\/image\/\",\"url\":\"https:\/\/miurio.com\/wp-content\/uploads\/2021\/08\/MIURIO-new-logo-3.png\",\"contentUrl\":\"https:\/\/miurio.com\/wp-content\/uploads\/2021\/08\/MIURIO-new-logo-3.png\",\"width\":1500,\"height\":1500,\"caption\":\"MIURIO DECOR O\u00dc\"},\"image\":{\"@id\":\"https:\/\/miurio.com\/et\/#\/schema\/logo\/image\/\"},\"sameAs\":[\"http:\/\/www.facebook.com\/miuriodecor\",\"https:\/\/instagram.com\/miurio_textiles\",\"https:\/\/www.pinterest.com\/miuriodecor\"]}]}<\/script>\n<!-- \/ Yoast SEO plugin. -->","yoast_head_json":{"title":"KOHE SAADAVAL: FLOWERY WATER REFLECTION IN GREY K\u00c4SIT\u00d6\u00d6VAIP - Miurio Design Studio","robots":{"index":"index","follow":"follow","max-snippet":"max-snippet:-1","max-image-preview":"max-image-preview:large","max-video-preview":"max-video-preview:-1"},"canonical":"https:\/\/miurio.com\/et\/toode\/flowery-water-reflection-in-grey-kasitoovaip-copy\/","og_locale":"et_EE","og_type":"article","og_title":"KOHE SAADAVAL: FLOWERY WATER REFLECTION IN GREY K\u00c4SIT\u00d6\u00d6VAIP - Miurio Design Studio","og_description":"NB! VAIP ON LAOS KOHE SAADAVAL. See lilleline veepeegeldusega k\u00e4sitsi s\u00f5lmtehnikas valmistatud villane vaip on igas ruumis vestluse tekitaja. Hall v\u00e4rvipalett annab vaibale maheda tuju. See on jalgade all nii&hellip;","og_url":"https:\/\/miurio.com\/et\/toode\/flowery-water-reflection-in-grey-kasitoovaip-copy\/","og_site_name":"Miurio Design Studio","article_publisher":"http:\/\/www.facebook.com\/miuriodecor","article_modified_time":"2024-04-17T11:11:04+00:00","og_image":[{"width":768,"height":1024,"url":"https:\/\/miurio.com\/wp-content\/uploads\/2024\/03\/IMG_1416-768x1024.jpeg","type":"image\/jpeg"}],"twitter_card":"summary_large_image","twitter_misc":{"Est. reading time":"1 minut"},"schema":{"@context":"https:\/\/schema.org","@graph":[{"@type":"WebPage","@id":"https:\/\/miurio.com\/et\/toode\/flowery-water-reflection-in-grey-kasitoovaip-copy\/","url":"https:\/\/miurio.com\/et\/toode\/flowery-water-reflection-in-grey-kasitoovaip-copy\/","name":"KOHE SAADAVAL: FLOWERY WATER REFLECTION IN GREY K\u00c4SIT\u00d6\u00d6VAIP - Miurio Design Studio","isPartOf":{"@id":"https:\/\/miurio.com\/et\/#website"},"primaryImageOfPage":{"@id":"https:\/\/miurio.com\/et\/toode\/flowery-water-reflection-in-grey-kasitoovaip-copy\/#primaryimage"},"image":{"@id":"https:\/\/miurio.com\/et\/toode\/flowery-water-reflection-in-grey-kasitoovaip-copy\/#primaryimage"},"thumbnailUrl":"https:\/\/miurio.com\/wp-content\/uploads\/2024\/03\/IMG_1416-scaled.jpeg","datePublished":"2024-03-27T09:13:05+00:00","dateModified":"2024-04-17T11:11:04+00:00","breadcrumb":{"@id":"https:\/\/miurio.com\/et\/toode\/flowery-water-reflection-in-grey-kasitoovaip-copy\/#breadcrumb"},"inLanguage":"et","potentialAction":[{"@type":"ReadAction","target":["https:\/\/miurio.com\/et\/toode\/flowery-water-reflection-in-grey-kasitoovaip-copy\/"]}]},{"@type":"ImageObject","inLanguage":"et","@id":"https:\/\/miurio.com\/et\/toode\/flowery-water-reflection-in-grey-kasitoovaip-copy\/#primaryimage","url":"https:\/\/miurio.com\/wp-content\/uploads\/2024\/03\/IMG_1416-scaled.jpeg","contentUrl":"https:\/\/miurio.com\/wp-content\/uploads\/2024\/03\/IMG_1416-scaled.jpeg","width":2880,"height":3840},{"@type":"BreadcrumbList","@id":"https:\/\/miurio.com\/et\/toode\/flowery-water-reflection-in-grey-kasitoovaip-copy\/#breadcrumb","itemListElement":[{"@type":"ListItem","position":1,"name":"Home","item":"https:\/\/miurio.com\/et\/"},{"@type":"ListItem","position":2,"name":"Pood","item":"https:\/\/miurio.com\/et\/pood\/"},{"@type":"ListItem","position":3,"name":"KOHE SAADAVAL: FLOWERY WATER REFLECTION IN GREY K\u00c4SIT\u00d6\u00d6VAIP"}]},{"@type":"WebSite","@id":"https:\/\/miurio.com\/et\/#website","url":"https:\/\/miurio.com\/et\/","name":"Miurio Design Studio","description":"MIURIO design studio website and e-shop","publisher":{"@id":"https:\/\/miurio.com\/et\/#organization"},"potentialAction":[{"@type":"SearchAction","target":{"@type":"EntryPoint","urlTemplate":"https:\/\/miurio.com\/et\/?s={search_term_string}"},"query-input":{"@type":"PropertyValueSpecification","valueRequired":true,"valueName":"search_term_string"}}],"inLanguage":"et"},{"@type":"Organization","@id":"https:\/\/miurio.com\/et\/#organization","name":"MIURIO DECOR O\u00dc","url":"https:\/\/miurio.com\/et\/","logo":{"@type":"ImageObject","inLanguage":"et","@id":"https:\/\/miurio.com\/et\/#\/schema\/logo\/image\/","url":"https:\/\/miurio.com\/wp-content\/uploads\/2021\/08\/MIURIO-new-logo-3.png","contentUrl":"https:\/\/miurio.com\/wp-content\/uploads\/2021\/08\/MIURIO-new-logo-3.png","width":1500,"height":1500,"caption":"MIURIO DECOR O\u00dc"},"image":{"@id":"https:\/\/miurio.com\/et\/#\/schema\/logo\/image\/"},"sameAs":["http:\/\/www.facebook.com\/miuriodecor","https:\/\/instagram.com\/miurio_textiles","https:\/\/www.pinterest.com\/miuriodecor"]}]}},"_links":{"self":[{"href":"https:\/\/miurio.com\/et\/wp-json\/wp\/v2\/product\/12566","targetHints":{"allow":["GET"]}}],"collection":[{"href":"https:\/\/miurio.com\/et\/wp-json\/wp\/v2\/product"}],"about":[{"href":"https:\/\/miurio.com\/et\/wp-json\/wp\/v2\/types\/product"}],"replies":[{"embeddable":true,"href":"https:\/\/miurio.com\/et\/wp-json\/wp\/v2\/comments?post=12566"}],"wp:featuredmedia":[{"embeddable":true,"href":"https:\/\/miurio.com\/et\/wp-json\/wp\/v2\/media\/12581"}],"wp:attachment":[{"href":"https:\/\/miurio.com\/et\/wp-json\/wp\/v2\/media?parent=12566"}],"wp:term":[{"taxonomy":"product_brand","embeddable":true,"href":"https:\/\/miurio.com\/et\/wp-json\/wp\/v2\/product_brand?post=12566"},{"taxonomy":"product_cat","embeddable":true,"href":"https:\/\/miurio.com\/et\/wp-json\/wp\/v2\/product_cat?post=12566"},{"taxonomy":"product_tag","embeddable":true,"href":"https:\/\/miurio.com\/et\/wp-json\/wp\/v2\/product_tag?post=12566"}],"curies":[{"name":"wp","href":"https:\/\/api.w.org\/{rel}","templated":true}]}}