{"id":12066,"date":"2024-01-17T14:30:41","date_gmt":"2024-01-17T14:30:44","guid":{"rendered":"https:\/\/miurio.com\/?post_type=product&#038;p=12066"},"modified":"2024-01-17T15:29:54","modified_gmt":"2024-01-17T15:29:54","slug":"arrak-objekt-1966-terrakoota-maa-toonides-kasitoovaip-copy","status":"publish","type":"product","link":"https:\/\/miurio.com\/et\/toode\/arrak-objekt-1966-terrakoota-maa-toonides-kasitoovaip-copy\/","title":{"rendered":"ARRAK &#8220;MOOSES K\u00d5RBES&#8221; (1990) K\u00c4SIT\u00d6\u00d6VAIP"},"content":{"rendered":"<p>ARRAK &#8220;MOOSES K\u00d5RBES&#8221; (1990)\u00a0vaip on tuntud\u00a0<span class=\"gmail_default\">\u200bE\u200b<\/span>esti maalikunstniku J\u00fcri Arraku loomingu tekstiiliversioon. Originaalteos: &#8220;Mooses k\u00f5rbes&#8221; (1990), siiditr\u00fckk, 37x53cm, erakogu.<\/p>\n<p>Eksemplar sellest teosest kingiti Rooma paavst Franciscusele tema k\u00fclask\u00e4igul Eestisse septembris 2018 Vabariigi Presidendi Kersti Kaljulaidi poolt.<br \/>\n\u201e<em>R\u00e4nduri hinge tekib aimus, ett aas on vahepeatus tema teel, ja ta alustab teekonda m\u00e4e poole. Mida l\u00e4hemale ta j\u00f5uab, seda rohkem ta erutub, kuni l\u00f5puks m\u00e4rkab, et m\u00e4e k\u00fcljel on ebakorrap\u00e4rased astmed ning tipp kaob pilvedesse. M\u00e4kkeronimise soov muutub vastupandamatuks, olgugi, et see teeb l\u00f5pumuretule aasaalule. Astmelt astmele ronides tuleb pingutada kogu oma j\u00f5udu ja kasutada v\u00f5sa- ning aasateel omandatud kogemusi. Sellel religiooni ja eetika m\u00e4el l\u00f5pevad r\u00e4nduri elup\u00e4evad, aga j\u00f5udmine m\u00e4eni peaks olema kunstniku k\u00f5ige tagasihoidlikum eesm\u00e4rk,<\/em>\u201d\u00a0selgitab Arrak.<\/p>\n<p>Valmistatud k\u00e4situft-tehnikas India vaibakudujate poolt. Tootmisaeg 8-10 n\u00e4dalat peale tellimuse l\u00f5plikku kinnitamist.<br \/>\nPeale seda 3-5 p\u00e4eva jooksul k\u00e4ttetoimetamiseks valmis.<\/p>\n<p>Tutvuge vaiban\u00e4idistega meie salongis.<br \/>\n*** Eritellimuse korral v\u00f5ib vaibamuster olla teises v\u00e4rvipalletis.<br \/>\nSamuti on teised suurused saadaval eritellimuse korral. Palun v\u00f5tke meiega \u00fchendust aadressil: info@miurio.com.***<\/p>\n<hr \/>\n<h2>TOOTEKIRJELDUS<\/h2>\n<p>W: 150 cm x H: 210 cm<\/p>\n<p>Muud suurused eritellimusel.<\/p>\n<h2>MATERJAL<\/h2>\n<p>70% UUS-MEREMAA MERIINOVILL<\/p>\n<p>30% VISKOOS<\/p>\n<h2><\/h2>\n<hr \/>\n","protected":false},"excerpt":{"rendered":"<p>ARRAK &#8220;MOOSES K\u00d5RBES&#8221; (1990)\u00a0vaip on tuntud\u00a0\u200bE\u200besti maalikunstniku J\u00fcri Arraku loomingu tekstiiliversioon. Originaalteos: &#8220;Mooses k\u00f5rbes&#8221; (1990), siiditr\u00fckk, 37x53cm, erakogu. Eksemplar sellest teosest kingiti Rooma paavst Franciscusele tema k\u00fclask\u00e4igul Eestisse septembris 2018&hellip;<\/p>\n","protected":false},"featured_media":12103,"comment_status":"closed","ping_status":"closed","template":"","meta":{"inline_featured_image":false,"_monsterinsights_skip_tracking":false,"_monsterinsights_sitenote_active":false,"_monsterinsights_sitenote_note":"","_monsterinsights_sitenote_category":0,"_vp_format_video_url":"","_vp_image_focal_point":[]},"product_brand":[],"product_cat":[382,173,150],"product_tag":[144],"class_list":{"0":"post-12066","1":"product","2":"type-product","3":"status-publish","4":"has-post-thumbnail","6":"product_cat-juri-arraku-merch-et","7":"product_cat-vaibad","8":"product_cat-sisustustooted","9":"product_tag-kodu-dekoor","10":"product_shipping_class-vaipade-tarne","11":"pa_collection-vaibakollektsioon","13":"first","14":"instock","15":"shipping-taxable","16":"purchasable","17":"product-type-simple"},"yoast_head":"<!-- This site is optimized with the Yoast SEO plugin v27.2 - https:\/\/yoast.com\/product\/yoast-seo-wordpress\/ -->\n<title>ARRAK &quot;MOOSES K\u00d5RBES&quot; (1990) K\u00c4SIT\u00d6\u00d6VAIP - Miurio Design Studio<\/title>\n<meta name=\"robots\" content=\"index, follow, max-snippet:-1, max-image-preview:large, max-video-preview:-1\" \/>\n<link rel=\"canonical\" href=\"https:\/\/miurio.com\/et\/toode\/arrak-objekt-1966-terrakoota-maa-toonides-kasitoovaip-copy\/\" \/>\n<meta property=\"og:locale\" content=\"et_EE\" \/>\n<meta property=\"og:type\" content=\"article\" \/>\n<meta property=\"og:title\" content=\"ARRAK &quot;MOOSES K\u00d5RBES&quot; (1990) K\u00c4SIT\u00d6\u00d6VAIP - Miurio Design Studio\" \/>\n<meta property=\"og:description\" content=\"ARRAK &#8220;MOOSES K\u00d5RBES&#8221; (1990)\u00a0vaip on tuntud\u00a0\u200bE\u200besti maalikunstniku J\u00fcri Arraku loomingu tekstiiliversioon. Originaalteos: &#8220;Mooses k\u00f5rbes&#8221; (1990), siiditr\u00fckk, 37x53cm, erakogu. Eksemplar sellest teosest kingiti Rooma paavst Franciscusele tema k\u00fclask\u00e4igul Eestisse septembris 2018&hellip;\" \/>\n<meta property=\"og:url\" content=\"https:\/\/miurio.com\/et\/toode\/arrak-objekt-1966-terrakoota-maa-toonides-kasitoovaip-copy\/\" \/>\n<meta property=\"og:site_name\" content=\"Miurio Design Studio\" \/>\n<meta property=\"article:publisher\" content=\"http:\/\/www.facebook.com\/miuriodecor\" \/>\n<meta property=\"article:modified_time\" content=\"2024-01-17T15:29:54+00:00\" \/>\n<meta property=\"og:image\" content=\"https:\/\/miurio.com\/wp-content\/uploads\/2023\/10\/ARRAK-_Mooses-Korbes_-1990-1024x732.png\" \/>\n\t<meta property=\"og:image:width\" content=\"1024\" \/>\n\t<meta property=\"og:image:height\" content=\"732\" \/>\n\t<meta property=\"og:image:type\" content=\"image\/png\" \/>\n<meta name=\"twitter:card\" content=\"summary_large_image\" \/>\n<meta name=\"twitter:label1\" content=\"Est. reading time\" \/>\n\t<meta name=\"twitter:data1\" content=\"1 minut\" \/>\n<script type=\"application\/ld+json\" class=\"yoast-schema-graph\">{\"@context\":\"https:\/\/schema.org\",\"@graph\":[{\"@type\":\"WebPage\",\"@id\":\"https:\/\/miurio.com\/et\/toode\/arrak-objekt-1966-terrakoota-maa-toonides-kasitoovaip-copy\/\",\"url\":\"https:\/\/miurio.com\/et\/toode\/arrak-objekt-1966-terrakoota-maa-toonides-kasitoovaip-copy\/\",\"name\":\"ARRAK \\\"MOOSES K\u00d5RBES\\\" (1990) K\u00c4SIT\u00d6\u00d6VAIP - Miurio Design Studio\",\"isPartOf\":{\"@id\":\"https:\/\/miurio.com\/et\/#website\"},\"primaryImageOfPage\":{\"@id\":\"https:\/\/miurio.com\/et\/toode\/arrak-objekt-1966-terrakoota-maa-toonides-kasitoovaip-copy\/#primaryimage\"},\"image\":{\"@id\":\"https:\/\/miurio.com\/et\/toode\/arrak-objekt-1966-terrakoota-maa-toonides-kasitoovaip-copy\/#primaryimage\"},\"thumbnailUrl\":\"https:\/\/miurio.com\/wp-content\/uploads\/2024\/01\/055A4052-scaled.jpg\",\"datePublished\":\"2024-01-17T14:30:44+00:00\",\"dateModified\":\"2024-01-17T15:29:54+00:00\",\"breadcrumb\":{\"@id\":\"https:\/\/miurio.com\/et\/toode\/arrak-objekt-1966-terrakoota-maa-toonides-kasitoovaip-copy\/#breadcrumb\"},\"inLanguage\":\"et\",\"potentialAction\":[{\"@type\":\"ReadAction\",\"target\":[\"https:\/\/miurio.com\/et\/toode\/arrak-objekt-1966-terrakoota-maa-toonides-kasitoovaip-copy\/\"]}]},{\"@type\":\"ImageObject\",\"inLanguage\":\"et\",\"@id\":\"https:\/\/miurio.com\/et\/toode\/arrak-objekt-1966-terrakoota-maa-toonides-kasitoovaip-copy\/#primaryimage\",\"url\":\"https:\/\/miurio.com\/wp-content\/uploads\/2024\/01\/055A4052-scaled.jpg\",\"contentUrl\":\"https:\/\/miurio.com\/wp-content\/uploads\/2024\/01\/055A4052-scaled.jpg\",\"width\":2560,\"height\":3840},{\"@type\":\"BreadcrumbList\",\"@id\":\"https:\/\/miurio.com\/et\/toode\/arrak-objekt-1966-terrakoota-maa-toonides-kasitoovaip-copy\/#breadcrumb\",\"itemListElement\":[{\"@type\":\"ListItem\",\"position\":1,\"name\":\"Home\",\"item\":\"https:\/\/miurio.com\/et\/\"},{\"@type\":\"ListItem\",\"position\":2,\"name\":\"Pood\",\"item\":\"https:\/\/miurio.com\/et\/pood\/\"},{\"@type\":\"ListItem\",\"position\":3,\"name\":\"ARRAK &#8220;MOOSES K\u00d5RBES&#8221; (1990) K\u00c4SIT\u00d6\u00d6VAIP\"}]},{\"@type\":\"WebSite\",\"@id\":\"https:\/\/miurio.com\/et\/#website\",\"url\":\"https:\/\/miurio.com\/et\/\",\"name\":\"Miurio Design Studio\",\"description\":\"MIURIO design studio website and e-shop\",\"publisher\":{\"@id\":\"https:\/\/miurio.com\/et\/#organization\"},\"potentialAction\":[{\"@type\":\"SearchAction\",\"target\":{\"@type\":\"EntryPoint\",\"urlTemplate\":\"https:\/\/miurio.com\/et\/?s={search_term_string}\"},\"query-input\":{\"@type\":\"PropertyValueSpecification\",\"valueRequired\":true,\"valueName\":\"search_term_string\"}}],\"inLanguage\":\"et\"},{\"@type\":\"Organization\",\"@id\":\"https:\/\/miurio.com\/et\/#organization\",\"name\":\"MIURIO DECOR O\u00dc\",\"url\":\"https:\/\/miurio.com\/et\/\",\"logo\":{\"@type\":\"ImageObject\",\"inLanguage\":\"et\",\"@id\":\"https:\/\/miurio.com\/et\/#\/schema\/logo\/image\/\",\"url\":\"https:\/\/miurio.com\/wp-content\/uploads\/2021\/08\/MIURIO-new-logo-3.png\",\"contentUrl\":\"https:\/\/miurio.com\/wp-content\/uploads\/2021\/08\/MIURIO-new-logo-3.png\",\"width\":1500,\"height\":1500,\"caption\":\"MIURIO DECOR O\u00dc\"},\"image\":{\"@id\":\"https:\/\/miurio.com\/et\/#\/schema\/logo\/image\/\"},\"sameAs\":[\"http:\/\/www.facebook.com\/miuriodecor\",\"https:\/\/instagram.com\/miurio_textiles\",\"https:\/\/www.pinterest.com\/miuriodecor\"]}]}<\/script>\n<!-- \/ Yoast SEO plugin. -->","yoast_head_json":{"title":"ARRAK \"MOOSES K\u00d5RBES\" (1990) K\u00c4SIT\u00d6\u00d6VAIP - Miurio Design Studio","robots":{"index":"index","follow":"follow","max-snippet":"max-snippet:-1","max-image-preview":"max-image-preview:large","max-video-preview":"max-video-preview:-1"},"canonical":"https:\/\/miurio.com\/et\/toode\/arrak-objekt-1966-terrakoota-maa-toonides-kasitoovaip-copy\/","og_locale":"et_EE","og_type":"article","og_title":"ARRAK \"MOOSES K\u00d5RBES\" (1990) K\u00c4SIT\u00d6\u00d6VAIP - Miurio Design Studio","og_description":"ARRAK &#8220;MOOSES K\u00d5RBES&#8221; (1990)\u00a0vaip on tuntud\u00a0\u200bE\u200besti maalikunstniku J\u00fcri Arraku loomingu tekstiiliversioon. Originaalteos: &#8220;Mooses k\u00f5rbes&#8221; (1990), siiditr\u00fckk, 37x53cm, erakogu. Eksemplar sellest teosest kingiti Rooma paavst Franciscusele tema k\u00fclask\u00e4igul Eestisse septembris 2018&hellip;","og_url":"https:\/\/miurio.com\/et\/toode\/arrak-objekt-1966-terrakoota-maa-toonides-kasitoovaip-copy\/","og_site_name":"Miurio Design Studio","article_publisher":"http:\/\/www.facebook.com\/miuriodecor","article_modified_time":"2024-01-17T15:29:54+00:00","og_image":[{"width":1024,"height":732,"url":"https:\/\/miurio.com\/wp-content\/uploads\/2023\/10\/ARRAK-_Mooses-Korbes_-1990-1024x732.png","type":"image\/png"}],"twitter_card":"summary_large_image","twitter_misc":{"Est. reading time":"1 minut"},"schema":{"@context":"https:\/\/schema.org","@graph":[{"@type":"WebPage","@id":"https:\/\/miurio.com\/et\/toode\/arrak-objekt-1966-terrakoota-maa-toonides-kasitoovaip-copy\/","url":"https:\/\/miurio.com\/et\/toode\/arrak-objekt-1966-terrakoota-maa-toonides-kasitoovaip-copy\/","name":"ARRAK \"MOOSES K\u00d5RBES\" (1990) K\u00c4SIT\u00d6\u00d6VAIP - Miurio Design Studio","isPartOf":{"@id":"https:\/\/miurio.com\/et\/#website"},"primaryImageOfPage":{"@id":"https:\/\/miurio.com\/et\/toode\/arrak-objekt-1966-terrakoota-maa-toonides-kasitoovaip-copy\/#primaryimage"},"image":{"@id":"https:\/\/miurio.com\/et\/toode\/arrak-objekt-1966-terrakoota-maa-toonides-kasitoovaip-copy\/#primaryimage"},"thumbnailUrl":"https:\/\/miurio.com\/wp-content\/uploads\/2024\/01\/055A4052-scaled.jpg","datePublished":"2024-01-17T14:30:44+00:00","dateModified":"2024-01-17T15:29:54+00:00","breadcrumb":{"@id":"https:\/\/miurio.com\/et\/toode\/arrak-objekt-1966-terrakoota-maa-toonides-kasitoovaip-copy\/#breadcrumb"},"inLanguage":"et","potentialAction":[{"@type":"ReadAction","target":["https:\/\/miurio.com\/et\/toode\/arrak-objekt-1966-terrakoota-maa-toonides-kasitoovaip-copy\/"]}]},{"@type":"ImageObject","inLanguage":"et","@id":"https:\/\/miurio.com\/et\/toode\/arrak-objekt-1966-terrakoota-maa-toonides-kasitoovaip-copy\/#primaryimage","url":"https:\/\/miurio.com\/wp-content\/uploads\/2024\/01\/055A4052-scaled.jpg","contentUrl":"https:\/\/miurio.com\/wp-content\/uploads\/2024\/01\/055A4052-scaled.jpg","width":2560,"height":3840},{"@type":"BreadcrumbList","@id":"https:\/\/miurio.com\/et\/toode\/arrak-objekt-1966-terrakoota-maa-toonides-kasitoovaip-copy\/#breadcrumb","itemListElement":[{"@type":"ListItem","position":1,"name":"Home","item":"https:\/\/miurio.com\/et\/"},{"@type":"ListItem","position":2,"name":"Pood","item":"https:\/\/miurio.com\/et\/pood\/"},{"@type":"ListItem","position":3,"name":"ARRAK &#8220;MOOSES K\u00d5RBES&#8221; (1990) K\u00c4SIT\u00d6\u00d6VAIP"}]},{"@type":"WebSite","@id":"https:\/\/miurio.com\/et\/#website","url":"https:\/\/miurio.com\/et\/","name":"Miurio Design Studio","description":"MIURIO design studio website and e-shop","publisher":{"@id":"https:\/\/miurio.com\/et\/#organization"},"potentialAction":[{"@type":"SearchAction","target":{"@type":"EntryPoint","urlTemplate":"https:\/\/miurio.com\/et\/?s={search_term_string}"},"query-input":{"@type":"PropertyValueSpecification","valueRequired":true,"valueName":"search_term_string"}}],"inLanguage":"et"},{"@type":"Organization","@id":"https:\/\/miurio.com\/et\/#organization","name":"MIURIO DECOR O\u00dc","url":"https:\/\/miurio.com\/et\/","logo":{"@type":"ImageObject","inLanguage":"et","@id":"https:\/\/miurio.com\/et\/#\/schema\/logo\/image\/","url":"https:\/\/miurio.com\/wp-content\/uploads\/2021\/08\/MIURIO-new-logo-3.png","contentUrl":"https:\/\/miurio.com\/wp-content\/uploads\/2021\/08\/MIURIO-new-logo-3.png","width":1500,"height":1500,"caption":"MIURIO DECOR O\u00dc"},"image":{"@id":"https:\/\/miurio.com\/et\/#\/schema\/logo\/image\/"},"sameAs":["http:\/\/www.facebook.com\/miuriodecor","https:\/\/instagram.com\/miurio_textiles","https:\/\/www.pinterest.com\/miuriodecor"]}]}},"_links":{"self":[{"href":"https:\/\/miurio.com\/et\/wp-json\/wp\/v2\/product\/12066","targetHints":{"allow":["GET"]}}],"collection":[{"href":"https:\/\/miurio.com\/et\/wp-json\/wp\/v2\/product"}],"about":[{"href":"https:\/\/miurio.com\/et\/wp-json\/wp\/v2\/types\/product"}],"replies":[{"embeddable":true,"href":"https:\/\/miurio.com\/et\/wp-json\/wp\/v2\/comments?post=12066"}],"wp:featuredmedia":[{"embeddable":true,"href":"https:\/\/miurio.com\/et\/wp-json\/wp\/v2\/media\/12103"}],"wp:attachment":[{"href":"https:\/\/miurio.com\/et\/wp-json\/wp\/v2\/media?parent=12066"}],"wp:term":[{"taxonomy":"product_brand","embeddable":true,"href":"https:\/\/miurio.com\/et\/wp-json\/wp\/v2\/product_brand?post=12066"},{"taxonomy":"product_cat","embeddable":true,"href":"https:\/\/miurio.com\/et\/wp-json\/wp\/v2\/product_cat?post=12066"},{"taxonomy":"product_tag","embeddable":true,"href":"https:\/\/miurio.com\/et\/wp-json\/wp\/v2\/product_tag?post=12066"}],"curies":[{"name":"wp","href":"https:\/\/api.w.org\/{rel}","templated":true}]}}