{"id":12046,"date":"2024-01-02T19:04:07","date_gmt":"2024-01-02T19:04:07","guid":{"rendered":"https:\/\/miurio.com\/?post_type=product&#038;p=12046"},"modified":"2024-03-21T15:22:02","modified_gmt":"2024-03-21T15:22:02","slug":"arrak-inimesed-1970-iluratik","status":"publish","type":"product","link":"https:\/\/miurio.com\/et\/toode\/arrak-inimesed-1970-iluratik\/","title":{"rendered":"ARRAK INIMESED 1966 UNISEX ILUR\u00c4TIK"},"content":{"rendered":"<p>ARRAK INIMESED 1966 meeste ilur\u00e4tik on tuntud Eesti kunstniku J\u00fcri Arraku \u00f5limaal.<\/p>\n<p>Originaalmaal: \u00f5li l\u00f5uendil, 76x61cm, erakogu.<\/p>\n<p>\u201e<em>Minu t\u00f6\u00f6des on inimesed oma tegemistes ja vaidlemistes, k\u00f5ik mu t\u00f6\u00f6d on seotud inimfiguuriga, see k\u00f5ik on minu ettekujutus ja fantaasia, ma maalin oma terve olemuse ja s\u00fcdamega, mitte moe j\u00e4rgi, minu inimfiguur on 1970. aastatest muutunud m\u00e4rks\u00fcsteemiks, see on \u00e4ratuntav bioloogilise voolava vormi poolest, see on minu arusaam maailmast ja inim\u00fchiskonna korraldusest. Minu t\u00f6\u00f6d tegelevad inimestega, nendevaheliste sebimistega. Tegu on modernistliku vormide deformatsiooniga, figuuride taga on tegevus<\/em>,\u201d selgitab Arrak.<\/p>\n<p>R\u00e4tiku muster: J. Arrak &#8211; Inimesed (1966).<\/p>\n<p>Meie tr\u00fckiv\u00e4rvidel on OEKO-TEX sertifikaat.<\/p>\n<p>M\u00fc\u00fcakse piiratud kollektsioonina. Digitr\u00fckk. K\u00e4sitsi palistatud.<br \/>\nPakendatud kinkekarpi.<\/p>\n<hr \/>\n<h2>SUURUS<\/h2>\n<p>40X40CM<\/p>\n<h2>MATERJAL<\/h2>\n<p>100% \u00a0SIIDSATIIN<\/p>\n<h2>HOOLDUS<\/h2>\n<p>KEEMILINE PUHASTUS<\/p>\n<hr \/>\n","protected":false},"excerpt":{"rendered":"<p>ARRAK INIMESED 1966 meeste ilur\u00e4tik on tuntud Eesti kunstniku J\u00fcri Arraku \u00f5limaal. Originaalmaal: \u00f5li l\u00f5uendil, 76x61cm, erakogu. \u201eMinu t\u00f6\u00f6des on inimesed oma tegemistes ja vaidlemistes, k\u00f5ik mu t\u00f6\u00f6d on seotud&hellip;<\/p>\n","protected":false},"featured_media":12025,"comment_status":"closed","ping_status":"closed","template":"","meta":{"inline_featured_image":false,"_monsterinsights_skip_tracking":false,"_monsterinsights_sitenote_active":false,"_monsterinsights_sitenote_note":"","_monsterinsights_sitenote_category":0,"_vp_format_video_url":"","_vp_image_focal_point":[]},"product_brand":[],"product_cat":[175,382,176],"product_tag":[],"class_list":{"0":"post-12046","1":"product","2":"type-product","3":"status-publish","4":"has-post-thumbnail","6":"product_cat-iluratikud","7":"product_cat-juri-arraku-merch-et","8":"product_cat-siidist-ja-villased-aksessuaarid","9":"pa_collection-uus-kollektsioon","11":"first","12":"instock","13":"shipping-taxable","14":"purchasable","15":"product-type-simple"},"yoast_head":"<!-- This site is optimized with the Yoast SEO plugin v27.2 - https:\/\/yoast.com\/product\/yoast-seo-wordpress\/ -->\n<title>ARRAK INIMESED 1966 UNISEX ILUR\u00c4TIK - Miurio Design Studio<\/title>\n<meta name=\"robots\" content=\"index, follow, max-snippet:-1, max-image-preview:large, max-video-preview:-1\" \/>\n<link rel=\"canonical\" href=\"https:\/\/miurio.com\/et\/toode\/arrak-inimesed-1970-iluratik\/\" \/>\n<meta property=\"og:locale\" content=\"et_EE\" \/>\n<meta property=\"og:type\" content=\"article\" \/>\n<meta property=\"og:title\" content=\"ARRAK INIMESED 1966 UNISEX ILUR\u00c4TIK - Miurio Design Studio\" \/>\n<meta property=\"og:description\" content=\"ARRAK INIMESED 1966 meeste ilur\u00e4tik on tuntud Eesti kunstniku J\u00fcri Arraku \u00f5limaal. Originaalmaal: \u00f5li l\u00f5uendil, 76x61cm, erakogu. \u201eMinu t\u00f6\u00f6des on inimesed oma tegemistes ja vaidlemistes, k\u00f5ik mu t\u00f6\u00f6d on seotud&hellip;\" \/>\n<meta property=\"og:url\" content=\"https:\/\/miurio.com\/et\/toode\/arrak-inimesed-1970-iluratik\/\" \/>\n<meta property=\"og:site_name\" content=\"Miurio Design Studio\" \/>\n<meta property=\"article:publisher\" content=\"http:\/\/www.facebook.com\/miuriodecor\" \/>\n<meta property=\"article:modified_time\" content=\"2024-03-21T15:22:02+00:00\" \/>\n<meta property=\"og:image\" content=\"https:\/\/miurio.com\/wp-content\/uploads\/2024\/01\/Screenshot-2024-01-02-at-20.41.02.png\" \/>\n\t<meta property=\"og:image:width\" content=\"1120\" \/>\n\t<meta property=\"og:image:height\" content=\"1116\" \/>\n\t<meta property=\"og:image:type\" content=\"image\/png\" \/>\n<meta name=\"twitter:card\" content=\"summary_large_image\" \/>\n<meta name=\"twitter:label1\" content=\"Est. reading time\" \/>\n\t<meta name=\"twitter:data1\" content=\"1 minut\" \/>\n<script type=\"application\/ld+json\" class=\"yoast-schema-graph\">{\"@context\":\"https:\/\/schema.org\",\"@graph\":[{\"@type\":\"WebPage\",\"@id\":\"https:\/\/miurio.com\/et\/toode\/arrak-inimesed-1970-iluratik\/\",\"url\":\"https:\/\/miurio.com\/et\/toode\/arrak-inimesed-1970-iluratik\/\",\"name\":\"ARRAK INIMESED 1966 UNISEX ILUR\u00c4TIK - Miurio Design Studio\",\"isPartOf\":{\"@id\":\"https:\/\/miurio.com\/et\/#website\"},\"primaryImageOfPage\":{\"@id\":\"https:\/\/miurio.com\/et\/toode\/arrak-inimesed-1970-iluratik\/#primaryimage\"},\"image\":{\"@id\":\"https:\/\/miurio.com\/et\/toode\/arrak-inimesed-1970-iluratik\/#primaryimage\"},\"thumbnailUrl\":\"https:\/\/miurio.com\/wp-content\/uploads\/2024\/01\/Screenshot-2024-01-02-at-20.41.02.png\",\"datePublished\":\"2024-01-02T19:04:07+00:00\",\"dateModified\":\"2024-03-21T15:22:02+00:00\",\"breadcrumb\":{\"@id\":\"https:\/\/miurio.com\/et\/toode\/arrak-inimesed-1970-iluratik\/#breadcrumb\"},\"inLanguage\":\"et\",\"potentialAction\":[{\"@type\":\"ReadAction\",\"target\":[\"https:\/\/miurio.com\/et\/toode\/arrak-inimesed-1970-iluratik\/\"]}]},{\"@type\":\"ImageObject\",\"inLanguage\":\"et\",\"@id\":\"https:\/\/miurio.com\/et\/toode\/arrak-inimesed-1970-iluratik\/#primaryimage\",\"url\":\"https:\/\/miurio.com\/wp-content\/uploads\/2024\/01\/Screenshot-2024-01-02-at-20.41.02.png\",\"contentUrl\":\"https:\/\/miurio.com\/wp-content\/uploads\/2024\/01\/Screenshot-2024-01-02-at-20.41.02.png\",\"width\":1120,\"height\":1116},{\"@type\":\"BreadcrumbList\",\"@id\":\"https:\/\/miurio.com\/et\/toode\/arrak-inimesed-1970-iluratik\/#breadcrumb\",\"itemListElement\":[{\"@type\":\"ListItem\",\"position\":1,\"name\":\"Home\",\"item\":\"https:\/\/miurio.com\/et\/\"},{\"@type\":\"ListItem\",\"position\":2,\"name\":\"Pood\",\"item\":\"https:\/\/miurio.com\/et\/pood\/\"},{\"@type\":\"ListItem\",\"position\":3,\"name\":\"ARRAK INIMESED 1966 UNISEX ILUR\u00c4TIK\"}]},{\"@type\":\"WebSite\",\"@id\":\"https:\/\/miurio.com\/et\/#website\",\"url\":\"https:\/\/miurio.com\/et\/\",\"name\":\"Miurio Design Studio\",\"description\":\"MIURIO design studio website and e-shop\",\"publisher\":{\"@id\":\"https:\/\/miurio.com\/et\/#organization\"},\"potentialAction\":[{\"@type\":\"SearchAction\",\"target\":{\"@type\":\"EntryPoint\",\"urlTemplate\":\"https:\/\/miurio.com\/et\/?s={search_term_string}\"},\"query-input\":{\"@type\":\"PropertyValueSpecification\",\"valueRequired\":true,\"valueName\":\"search_term_string\"}}],\"inLanguage\":\"et\"},{\"@type\":\"Organization\",\"@id\":\"https:\/\/miurio.com\/et\/#organization\",\"name\":\"MIURIO DECOR O\u00dc\",\"url\":\"https:\/\/miurio.com\/et\/\",\"logo\":{\"@type\":\"ImageObject\",\"inLanguage\":\"et\",\"@id\":\"https:\/\/miurio.com\/et\/#\/schema\/logo\/image\/\",\"url\":\"https:\/\/miurio.com\/wp-content\/uploads\/2021\/08\/MIURIO-new-logo-3.png\",\"contentUrl\":\"https:\/\/miurio.com\/wp-content\/uploads\/2021\/08\/MIURIO-new-logo-3.png\",\"width\":1500,\"height\":1500,\"caption\":\"MIURIO DECOR O\u00dc\"},\"image\":{\"@id\":\"https:\/\/miurio.com\/et\/#\/schema\/logo\/image\/\"},\"sameAs\":[\"http:\/\/www.facebook.com\/miuriodecor\",\"https:\/\/instagram.com\/miurio_textiles\",\"https:\/\/www.pinterest.com\/miuriodecor\"]}]}<\/script>\n<!-- \/ Yoast SEO plugin. -->","yoast_head_json":{"title":"ARRAK INIMESED 1966 UNISEX ILUR\u00c4TIK - Miurio Design Studio","robots":{"index":"index","follow":"follow","max-snippet":"max-snippet:-1","max-image-preview":"max-image-preview:large","max-video-preview":"max-video-preview:-1"},"canonical":"https:\/\/miurio.com\/et\/toode\/arrak-inimesed-1970-iluratik\/","og_locale":"et_EE","og_type":"article","og_title":"ARRAK INIMESED 1966 UNISEX ILUR\u00c4TIK - Miurio Design Studio","og_description":"ARRAK INIMESED 1966 meeste ilur\u00e4tik on tuntud Eesti kunstniku J\u00fcri Arraku \u00f5limaal. Originaalmaal: \u00f5li l\u00f5uendil, 76x61cm, erakogu. \u201eMinu t\u00f6\u00f6des on inimesed oma tegemistes ja vaidlemistes, k\u00f5ik mu t\u00f6\u00f6d on seotud&hellip;","og_url":"https:\/\/miurio.com\/et\/toode\/arrak-inimesed-1970-iluratik\/","og_site_name":"Miurio Design Studio","article_publisher":"http:\/\/www.facebook.com\/miuriodecor","article_modified_time":"2024-03-21T15:22:02+00:00","og_image":[{"width":1120,"height":1116,"url":"https:\/\/miurio.com\/wp-content\/uploads\/2024\/01\/Screenshot-2024-01-02-at-20.41.02.png","type":"image\/png"}],"twitter_card":"summary_large_image","twitter_misc":{"Est. reading time":"1 minut"},"schema":{"@context":"https:\/\/schema.org","@graph":[{"@type":"WebPage","@id":"https:\/\/miurio.com\/et\/toode\/arrak-inimesed-1970-iluratik\/","url":"https:\/\/miurio.com\/et\/toode\/arrak-inimesed-1970-iluratik\/","name":"ARRAK INIMESED 1966 UNISEX ILUR\u00c4TIK - Miurio Design Studio","isPartOf":{"@id":"https:\/\/miurio.com\/et\/#website"},"primaryImageOfPage":{"@id":"https:\/\/miurio.com\/et\/toode\/arrak-inimesed-1970-iluratik\/#primaryimage"},"image":{"@id":"https:\/\/miurio.com\/et\/toode\/arrak-inimesed-1970-iluratik\/#primaryimage"},"thumbnailUrl":"https:\/\/miurio.com\/wp-content\/uploads\/2024\/01\/Screenshot-2024-01-02-at-20.41.02.png","datePublished":"2024-01-02T19:04:07+00:00","dateModified":"2024-03-21T15:22:02+00:00","breadcrumb":{"@id":"https:\/\/miurio.com\/et\/toode\/arrak-inimesed-1970-iluratik\/#breadcrumb"},"inLanguage":"et","potentialAction":[{"@type":"ReadAction","target":["https:\/\/miurio.com\/et\/toode\/arrak-inimesed-1970-iluratik\/"]}]},{"@type":"ImageObject","inLanguage":"et","@id":"https:\/\/miurio.com\/et\/toode\/arrak-inimesed-1970-iluratik\/#primaryimage","url":"https:\/\/miurio.com\/wp-content\/uploads\/2024\/01\/Screenshot-2024-01-02-at-20.41.02.png","contentUrl":"https:\/\/miurio.com\/wp-content\/uploads\/2024\/01\/Screenshot-2024-01-02-at-20.41.02.png","width":1120,"height":1116},{"@type":"BreadcrumbList","@id":"https:\/\/miurio.com\/et\/toode\/arrak-inimesed-1970-iluratik\/#breadcrumb","itemListElement":[{"@type":"ListItem","position":1,"name":"Home","item":"https:\/\/miurio.com\/et\/"},{"@type":"ListItem","position":2,"name":"Pood","item":"https:\/\/miurio.com\/et\/pood\/"},{"@type":"ListItem","position":3,"name":"ARRAK INIMESED 1966 UNISEX ILUR\u00c4TIK"}]},{"@type":"WebSite","@id":"https:\/\/miurio.com\/et\/#website","url":"https:\/\/miurio.com\/et\/","name":"Miurio Design Studio","description":"MIURIO design studio website and e-shop","publisher":{"@id":"https:\/\/miurio.com\/et\/#organization"},"potentialAction":[{"@type":"SearchAction","target":{"@type":"EntryPoint","urlTemplate":"https:\/\/miurio.com\/et\/?s={search_term_string}"},"query-input":{"@type":"PropertyValueSpecification","valueRequired":true,"valueName":"search_term_string"}}],"inLanguage":"et"},{"@type":"Organization","@id":"https:\/\/miurio.com\/et\/#organization","name":"MIURIO DECOR O\u00dc","url":"https:\/\/miurio.com\/et\/","logo":{"@type":"ImageObject","inLanguage":"et","@id":"https:\/\/miurio.com\/et\/#\/schema\/logo\/image\/","url":"https:\/\/miurio.com\/wp-content\/uploads\/2021\/08\/MIURIO-new-logo-3.png","contentUrl":"https:\/\/miurio.com\/wp-content\/uploads\/2021\/08\/MIURIO-new-logo-3.png","width":1500,"height":1500,"caption":"MIURIO DECOR O\u00dc"},"image":{"@id":"https:\/\/miurio.com\/et\/#\/schema\/logo\/image\/"},"sameAs":["http:\/\/www.facebook.com\/miuriodecor","https:\/\/instagram.com\/miurio_textiles","https:\/\/www.pinterest.com\/miuriodecor"]}]}},"_links":{"self":[{"href":"https:\/\/miurio.com\/et\/wp-json\/wp\/v2\/product\/12046","targetHints":{"allow":["GET"]}}],"collection":[{"href":"https:\/\/miurio.com\/et\/wp-json\/wp\/v2\/product"}],"about":[{"href":"https:\/\/miurio.com\/et\/wp-json\/wp\/v2\/types\/product"}],"replies":[{"embeddable":true,"href":"https:\/\/miurio.com\/et\/wp-json\/wp\/v2\/comments?post=12046"}],"wp:featuredmedia":[{"embeddable":true,"href":"https:\/\/miurio.com\/et\/wp-json\/wp\/v2\/media\/12025"}],"wp:attachment":[{"href":"https:\/\/miurio.com\/et\/wp-json\/wp\/v2\/media?parent=12046"}],"wp:term":[{"taxonomy":"product_brand","embeddable":true,"href":"https:\/\/miurio.com\/et\/wp-json\/wp\/v2\/product_brand?post=12046"},{"taxonomy":"product_cat","embeddable":true,"href":"https:\/\/miurio.com\/et\/wp-json\/wp\/v2\/product_cat?post=12046"},{"taxonomy":"product_tag","embeddable":true,"href":"https:\/\/miurio.com\/et\/wp-json\/wp\/v2\/product_tag?post=12046"}],"curies":[{"name":"wp","href":"https:\/\/api.w.org\/{rel}","templated":true}]}}