{"id":11257,"date":"2023-10-16T15:30:07","date_gmt":"2023-10-16T15:30:07","guid":{"rendered":"https:\/\/miurio.com\/?post_type=product&#038;p=11257"},"modified":"2024-02-29T13:39:54","modified_gmt":"2024-02-29T13:39:54","slug":"arrak-humans-blue-red-graphite-sall","status":"publish","type":"product","link":"https:\/\/miurio.com\/et\/toode\/arrak-humans-blue-red-graphite-sall\/","title":{"rendered":"ARRAK &#8220;HUMANS&#8221; (1966) IN RED GRAPHITE VILLANE SALL"},"content":{"rendered":"<p>ARRAK &#8220;INIMESED&#8221; (1966) IN RED GRAPHITE on kahepoolne s\u00fcgis-talvine villane sall. Salli muster p\u00f5hineb tuntud Eesti maalikunstniku J\u00fcri Arraku teosel \u2013 Inimesed (1966). Originaalmaal: \u00f5li l\u00f5uendil, 76x61cm, erakogu.<\/p>\n<p>J\u00fcri<span class=\"gmail_default\">\u200b\u00a0<\/span>Arrak oli tollal koos k\u00fcmne teise noorkunstnikuga \u00fchenduse ANK64 liige, mille eesotsas oli kunstnik T\u00f5nis Vint. Need noored soovisid t\u00e4ita omaalgatuslikult l\u00fcnka n\u00f5ukogudeaegses kunstihariduses, kus puudus L\u00e4\u00e4ne-Euroopas levinud s\u00fcrrealistliku, abstraktse ja metaf\u00fc\u00fcsilise kunsti \u00f5petus.<br \/>\n\u201e<em>Minu t\u00f6\u00f6des on inimesed oma tegemistes ja vaidlemistes, k\u00f5ik mu t\u00f6\u00f6d on seotud inimfiguuriga, see k\u00f5ik on minu ettekujutus ja fantaasia, ma maalin oma terve olemuse ja s\u00fcdamega, mitte moe j\u00e4rgi, minu inimfiguur on 1970. aastatest muutunud m\u00e4rks\u00fcsteemiks, see on \u00e4ratuntav bioloogilise voolava vormi poolest, see on minu arusaam maailmast ja inim\u00fchiskonna korraldusest. Minu t\u00f6\u00f6d tegelevad inimestega, nendevaheliste sebimistega. Tegu on modernistliku vormide deformatsiooniga, figuuride taga on tegevus<\/em>,\u201d selgitab Arrak.<\/p>\n<p>Hoiab soojas ja paitab pehmelt sinu kaela. Kootud pehmeimast neitsivilla ja puuvilla segust ning lisapehmuse saavutamiseks harjatud.<\/p>\n<p>Kogu tootmisprotsess alates l\u00f5nga ketramisest, kanga keetmisest v\u00f5i v\u00e4rvimisest, kudumisest kuni \u00e4\u00e4riste \u00f5mblemiseni toimub Itaalias v\u00e4ikeses pereettev\u00f5ttes.<\/p>\n<p>M\u00fc\u00fcakse piiratud kollektsioonina. Masinkootud Itaalias.<\/p>\n<hr \/>\n<h2>SUURUS<\/h2>\n<p>65X190CM,<\/p>\n<p>32x190CM<span style=\"font-size: 1.125rem;\"> KOKKU VOLDITUNA<\/span><\/p>\n<h2>MATERJAL<\/h2>\n<p>65% \u00a0NEITSIVILL<\/p>\n<p>35% PUUVILL<\/p>\n<p>\u017dAKAARKANGAS<\/p>\n<p>HARJATUD VIIMISTLUSEGA<\/p>\n<h2>HOOLDUS<\/h2>\n<p>KEEMILINE PUHASTUS,<\/p>\n<p>TRIIKIMINE KESKMISEL TEMPERATUURIL<\/p>\n<hr \/>\n","protected":false},"excerpt":{"rendered":"<p>ARRAK &#8220;INIMESED&#8221; (1966) IN RED GRAPHITE on kahepoolne s\u00fcgis-talvine villane sall. Salli muster p\u00f5hineb tuntud Eesti maalikunstniku J\u00fcri Arraku teosel \u2013 Inimesed (1966). Originaalmaal: \u00f5li l\u00f5uendil, 76x61cm, erakogu. J\u00fcri\u200b\u00a0Arrak oli&hellip;<\/p>\n","protected":false},"featured_media":11227,"comment_status":"closed","ping_status":"closed","template":"","meta":{"inline_featured_image":false,"_monsterinsights_skip_tracking":false,"_monsterinsights_sitenote_active":false,"_monsterinsights_sitenote_note":"","_monsterinsights_sitenote_category":0,"_vp_format_video_url":"","_vp_image_focal_point":[]},"product_brand":[],"product_cat":[382,486,176,185],"product_tag":[153],"class_list":{"0":"post-11257","1":"product","2":"type-product","3":"status-publish","4":"has-post-thumbnail","6":"product_cat-juri-arraku-merch-et","7":"product_cat-kingiideed","8":"product_cat-siidist-ja-villased-aksessuaarid","9":"product_cat-villased-sallid","10":"product_tag-miurio-aksessuaarid","11":"pa_collection-uus-kollektsioon","13":"first","14":"instock","15":"shipping-taxable","16":"purchasable","17":"product-type-simple"},"yoast_head":"<!-- This site is optimized with the Yoast SEO plugin v27.2 - https:\/\/yoast.com\/product\/yoast-seo-wordpress\/ -->\n<title>ARRAK &quot;HUMANS&quot; (1966) IN RED GRAPHITE VILLANE SALL - Miurio Design Studio<\/title>\n<meta name=\"robots\" content=\"index, follow, max-snippet:-1, max-image-preview:large, max-video-preview:-1\" \/>\n<link rel=\"canonical\" href=\"https:\/\/miurio.com\/et\/toode\/arrak-humans-blue-red-graphite-sall\/\" \/>\n<meta property=\"og:locale\" content=\"et_EE\" \/>\n<meta property=\"og:type\" content=\"article\" \/>\n<meta property=\"og:title\" content=\"ARRAK &quot;HUMANS&quot; (1966) IN RED GRAPHITE VILLANE SALL - Miurio Design Studio\" \/>\n<meta property=\"og:description\" content=\"ARRAK &#8220;INIMESED&#8221; (1966) IN RED GRAPHITE on kahepoolne s\u00fcgis-talvine villane sall. Salli muster p\u00f5hineb tuntud Eesti maalikunstniku J\u00fcri Arraku teosel \u2013 Inimesed (1966). Originaalmaal: \u00f5li l\u00f5uendil, 76x61cm, erakogu. J\u00fcri\u200b\u00a0Arrak oli&hellip;\" \/>\n<meta property=\"og:url\" content=\"https:\/\/miurio.com\/et\/toode\/arrak-humans-blue-red-graphite-sall\/\" \/>\n<meta property=\"og:site_name\" content=\"Miurio Design Studio\" \/>\n<meta property=\"article:publisher\" content=\"http:\/\/www.facebook.com\/miuriodecor\" \/>\n<meta property=\"article:modified_time\" content=\"2024-02-29T13:39:54+00:00\" \/>\n<meta property=\"og:image\" content=\"https:\/\/miurio.com\/wp-content\/uploads\/2021\/08\/3-1024x1024.png\" \/>\n\t<meta property=\"og:image:width\" content=\"1024\" \/>\n\t<meta property=\"og:image:height\" content=\"1024\" \/>\n\t<meta property=\"og:image:type\" content=\"image\/png\" \/>\n<meta name=\"twitter:card\" content=\"summary_large_image\" \/>\n<meta name=\"twitter:label1\" content=\"Est. reading time\" \/>\n\t<meta name=\"twitter:data1\" content=\"1 minut\" \/>\n<script type=\"application\/ld+json\" class=\"yoast-schema-graph\">{\"@context\":\"https:\/\/schema.org\",\"@graph\":[{\"@type\":\"WebPage\",\"@id\":\"https:\/\/miurio.com\/et\/toode\/arrak-humans-blue-red-graphite-sall\/\",\"url\":\"https:\/\/miurio.com\/et\/toode\/arrak-humans-blue-red-graphite-sall\/\",\"name\":\"ARRAK \\\"HUMANS\\\" (1966) IN RED GRAPHITE VILLANE SALL - Miurio Design Studio\",\"isPartOf\":{\"@id\":\"https:\/\/miurio.com\/et\/#website\"},\"primaryImageOfPage\":{\"@id\":\"https:\/\/miurio.com\/et\/toode\/arrak-humans-blue-red-graphite-sall\/#primaryimage\"},\"image\":{\"@id\":\"https:\/\/miurio.com\/et\/toode\/arrak-humans-blue-red-graphite-sall\/#primaryimage\"},\"thumbnailUrl\":\"https:\/\/miurio.com\/wp-content\/uploads\/2021\/08\/3.png\",\"datePublished\":\"2023-10-16T15:30:07+00:00\",\"dateModified\":\"2024-02-29T13:39:54+00:00\",\"breadcrumb\":{\"@id\":\"https:\/\/miurio.com\/et\/toode\/arrak-humans-blue-red-graphite-sall\/#breadcrumb\"},\"inLanguage\":\"et\",\"potentialAction\":[{\"@type\":\"ReadAction\",\"target\":[\"https:\/\/miurio.com\/et\/toode\/arrak-humans-blue-red-graphite-sall\/\"]}]},{\"@type\":\"ImageObject\",\"inLanguage\":\"et\",\"@id\":\"https:\/\/miurio.com\/et\/toode\/arrak-humans-blue-red-graphite-sall\/#primaryimage\",\"url\":\"https:\/\/miurio.com\/wp-content\/uploads\/2021\/08\/3.png\",\"contentUrl\":\"https:\/\/miurio.com\/wp-content\/uploads\/2021\/08\/3.png\",\"width\":1563,\"height\":1563},{\"@type\":\"BreadcrumbList\",\"@id\":\"https:\/\/miurio.com\/et\/toode\/arrak-humans-blue-red-graphite-sall\/#breadcrumb\",\"itemListElement\":[{\"@type\":\"ListItem\",\"position\":1,\"name\":\"Home\",\"item\":\"https:\/\/miurio.com\/et\/\"},{\"@type\":\"ListItem\",\"position\":2,\"name\":\"Pood\",\"item\":\"https:\/\/miurio.com\/et\/pood\/\"},{\"@type\":\"ListItem\",\"position\":3,\"name\":\"ARRAK &#8220;HUMANS&#8221; (1966) IN RED GRAPHITE VILLANE SALL\"}]},{\"@type\":\"WebSite\",\"@id\":\"https:\/\/miurio.com\/et\/#website\",\"url\":\"https:\/\/miurio.com\/et\/\",\"name\":\"Miurio Design Studio\",\"description\":\"MIURIO design studio website and e-shop\",\"publisher\":{\"@id\":\"https:\/\/miurio.com\/et\/#organization\"},\"potentialAction\":[{\"@type\":\"SearchAction\",\"target\":{\"@type\":\"EntryPoint\",\"urlTemplate\":\"https:\/\/miurio.com\/et\/?s={search_term_string}\"},\"query-input\":{\"@type\":\"PropertyValueSpecification\",\"valueRequired\":true,\"valueName\":\"search_term_string\"}}],\"inLanguage\":\"et\"},{\"@type\":\"Organization\",\"@id\":\"https:\/\/miurio.com\/et\/#organization\",\"name\":\"MIURIO DECOR O\u00dc\",\"url\":\"https:\/\/miurio.com\/et\/\",\"logo\":{\"@type\":\"ImageObject\",\"inLanguage\":\"et\",\"@id\":\"https:\/\/miurio.com\/et\/#\/schema\/logo\/image\/\",\"url\":\"https:\/\/miurio.com\/wp-content\/uploads\/2021\/08\/MIURIO-new-logo-3.png\",\"contentUrl\":\"https:\/\/miurio.com\/wp-content\/uploads\/2021\/08\/MIURIO-new-logo-3.png\",\"width\":1500,\"height\":1500,\"caption\":\"MIURIO DECOR O\u00dc\"},\"image\":{\"@id\":\"https:\/\/miurio.com\/et\/#\/schema\/logo\/image\/\"},\"sameAs\":[\"http:\/\/www.facebook.com\/miuriodecor\",\"https:\/\/instagram.com\/miurio_textiles\",\"https:\/\/www.pinterest.com\/miuriodecor\"]}]}<\/script>\n<!-- \/ Yoast SEO plugin. -->","yoast_head_json":{"title":"ARRAK \"HUMANS\" (1966) IN RED GRAPHITE VILLANE SALL - Miurio Design Studio","robots":{"index":"index","follow":"follow","max-snippet":"max-snippet:-1","max-image-preview":"max-image-preview:large","max-video-preview":"max-video-preview:-1"},"canonical":"https:\/\/miurio.com\/et\/toode\/arrak-humans-blue-red-graphite-sall\/","og_locale":"et_EE","og_type":"article","og_title":"ARRAK \"HUMANS\" (1966) IN RED GRAPHITE VILLANE SALL - Miurio Design Studio","og_description":"ARRAK &#8220;INIMESED&#8221; (1966) IN RED GRAPHITE on kahepoolne s\u00fcgis-talvine villane sall. Salli muster p\u00f5hineb tuntud Eesti maalikunstniku J\u00fcri Arraku teosel \u2013 Inimesed (1966). Originaalmaal: \u00f5li l\u00f5uendil, 76x61cm, erakogu. J\u00fcri\u200b\u00a0Arrak oli&hellip;","og_url":"https:\/\/miurio.com\/et\/toode\/arrak-humans-blue-red-graphite-sall\/","og_site_name":"Miurio Design Studio","article_publisher":"http:\/\/www.facebook.com\/miuriodecor","article_modified_time":"2024-02-29T13:39:54+00:00","og_image":[{"width":1024,"height":1024,"url":"https:\/\/miurio.com\/wp-content\/uploads\/2021\/08\/3-1024x1024.png","type":"image\/png"}],"twitter_card":"summary_large_image","twitter_misc":{"Est. reading time":"1 minut"},"schema":{"@context":"https:\/\/schema.org","@graph":[{"@type":"WebPage","@id":"https:\/\/miurio.com\/et\/toode\/arrak-humans-blue-red-graphite-sall\/","url":"https:\/\/miurio.com\/et\/toode\/arrak-humans-blue-red-graphite-sall\/","name":"ARRAK \"HUMANS\" (1966) IN RED GRAPHITE VILLANE SALL - Miurio Design Studio","isPartOf":{"@id":"https:\/\/miurio.com\/et\/#website"},"primaryImageOfPage":{"@id":"https:\/\/miurio.com\/et\/toode\/arrak-humans-blue-red-graphite-sall\/#primaryimage"},"image":{"@id":"https:\/\/miurio.com\/et\/toode\/arrak-humans-blue-red-graphite-sall\/#primaryimage"},"thumbnailUrl":"https:\/\/miurio.com\/wp-content\/uploads\/2021\/08\/3.png","datePublished":"2023-10-16T15:30:07+00:00","dateModified":"2024-02-29T13:39:54+00:00","breadcrumb":{"@id":"https:\/\/miurio.com\/et\/toode\/arrak-humans-blue-red-graphite-sall\/#breadcrumb"},"inLanguage":"et","potentialAction":[{"@type":"ReadAction","target":["https:\/\/miurio.com\/et\/toode\/arrak-humans-blue-red-graphite-sall\/"]}]},{"@type":"ImageObject","inLanguage":"et","@id":"https:\/\/miurio.com\/et\/toode\/arrak-humans-blue-red-graphite-sall\/#primaryimage","url":"https:\/\/miurio.com\/wp-content\/uploads\/2021\/08\/3.png","contentUrl":"https:\/\/miurio.com\/wp-content\/uploads\/2021\/08\/3.png","width":1563,"height":1563},{"@type":"BreadcrumbList","@id":"https:\/\/miurio.com\/et\/toode\/arrak-humans-blue-red-graphite-sall\/#breadcrumb","itemListElement":[{"@type":"ListItem","position":1,"name":"Home","item":"https:\/\/miurio.com\/et\/"},{"@type":"ListItem","position":2,"name":"Pood","item":"https:\/\/miurio.com\/et\/pood\/"},{"@type":"ListItem","position":3,"name":"ARRAK &#8220;HUMANS&#8221; (1966) IN RED GRAPHITE VILLANE SALL"}]},{"@type":"WebSite","@id":"https:\/\/miurio.com\/et\/#website","url":"https:\/\/miurio.com\/et\/","name":"Miurio Design Studio","description":"MIURIO design studio website and e-shop","publisher":{"@id":"https:\/\/miurio.com\/et\/#organization"},"potentialAction":[{"@type":"SearchAction","target":{"@type":"EntryPoint","urlTemplate":"https:\/\/miurio.com\/et\/?s={search_term_string}"},"query-input":{"@type":"PropertyValueSpecification","valueRequired":true,"valueName":"search_term_string"}}],"inLanguage":"et"},{"@type":"Organization","@id":"https:\/\/miurio.com\/et\/#organization","name":"MIURIO DECOR O\u00dc","url":"https:\/\/miurio.com\/et\/","logo":{"@type":"ImageObject","inLanguage":"et","@id":"https:\/\/miurio.com\/et\/#\/schema\/logo\/image\/","url":"https:\/\/miurio.com\/wp-content\/uploads\/2021\/08\/MIURIO-new-logo-3.png","contentUrl":"https:\/\/miurio.com\/wp-content\/uploads\/2021\/08\/MIURIO-new-logo-3.png","width":1500,"height":1500,"caption":"MIURIO DECOR O\u00dc"},"image":{"@id":"https:\/\/miurio.com\/et\/#\/schema\/logo\/image\/"},"sameAs":["http:\/\/www.facebook.com\/miuriodecor","https:\/\/instagram.com\/miurio_textiles","https:\/\/www.pinterest.com\/miuriodecor"]}]}},"_links":{"self":[{"href":"https:\/\/miurio.com\/et\/wp-json\/wp\/v2\/product\/11257","targetHints":{"allow":["GET"]}}],"collection":[{"href":"https:\/\/miurio.com\/et\/wp-json\/wp\/v2\/product"}],"about":[{"href":"https:\/\/miurio.com\/et\/wp-json\/wp\/v2\/types\/product"}],"replies":[{"embeddable":true,"href":"https:\/\/miurio.com\/et\/wp-json\/wp\/v2\/comments?post=11257"}],"wp:featuredmedia":[{"embeddable":true,"href":"https:\/\/miurio.com\/et\/wp-json\/wp\/v2\/media\/11227"}],"wp:attachment":[{"href":"https:\/\/miurio.com\/et\/wp-json\/wp\/v2\/media?parent=11257"}],"wp:term":[{"taxonomy":"product_brand","embeddable":true,"href":"https:\/\/miurio.com\/et\/wp-json\/wp\/v2\/product_brand?post=11257"},{"taxonomy":"product_cat","embeddable":true,"href":"https:\/\/miurio.com\/et\/wp-json\/wp\/v2\/product_cat?post=11257"},{"taxonomy":"product_tag","embeddable":true,"href":"https:\/\/miurio.com\/et\/wp-json\/wp\/v2\/product_tag?post=11257"}],"curies":[{"name":"wp","href":"https:\/\/api.w.org\/{rel}","templated":true}]}}