{"id":10814,"date":"2024-06-01T15:28:31","date_gmt":"2024-06-01T15:28:31","guid":{"rendered":"https:\/\/miurio.com\/?post_type=product&#038;p=10814"},"modified":"2024-06-03T10:10:15","modified_gmt":"2024-06-03T10:10:15","slug":"peony-shawllia-siidisall","status":"publish","type":"product","link":"https:\/\/miurio.com\/et\/toode\/peony-shawllia-siidisall\/","title":{"rendered":"PEONY SHAWLLIA SIIDISALL"},"content":{"rendered":"<p><strong>PEONY SHAWLLIA<\/strong> siidisalli disainis MIURIO stuudio spetsiaalselt <a href=\"https:\/\/alexanderling.ee\">ALEXANDERLING<\/a> moemaja 2023. aasta kevad-suve kollektsiooni \u201cSoft breeze\u201d jaoks. Valged \u00f5itsevad pojengid on suve s\u00fcmbolid. Pidulik sall elegantsete pojengidega bee\u017ei-fuksia taustal. Midagi \u00fclinaiselikku ja romantilist.<\/p>\n<p>See sobib suurep\u00e4raselt kaela, v\u00f6\u00f6 \u00fcmber, kotirihma k\u00fclge sidumiseks v\u00f5i elegantselt pea \u00fcmber kandmiseks.<\/p>\n<p>Mustri dsainis Rita Assor.<\/p>\n<p>Siidisall on tr\u00fckitud siidsatiin kangale.<br \/>\nMeie tr\u00fckkimistintidel on OEKO-TEX sertifikaat.<br \/>\nM\u00fc\u00fcgil v\u00e4ikse kollektsioonina.<br \/>\nDigitr\u00fckk. K\u00e4sitsi palistatud.<br \/>\nPakendatud kinkekarpi.<\/p>\n<hr \/>\n<h2>SUURUS<\/h2>\n<p>40X180CM<\/p>\n<h2>MATERJAL<\/h2>\n<p>100% SIIDTWILL<\/p>\n<h2>HOOLDUS<\/h2>\n<p>KEEMILINE PUHASTUS<\/p>\n<hr \/>\n","protected":false},"excerpt":{"rendered":"<p>PEONY SHAWLLIA siidisalli disainis MIURIO stuudio spetsiaalselt ALEXANDERLING moemaja 2023. aasta kevad-suve kollektsiooni \u201cSoft breeze\u201d jaoks. Valged \u00f5itsevad pojengid on suve s\u00fcmbolid. Pidulik sall elegantsete pojengidega bee\u017ei-fuksia taustal. Midagi \u00fclinaiselikku&hellip;<\/p>\n","protected":false},"featured_media":12800,"comment_status":"closed","ping_status":"closed","template":"","meta":{"inline_featured_image":false,"_monsterinsights_skip_tracking":false,"_monsterinsights_sitenote_active":false,"_monsterinsights_sitenote_note":"","_monsterinsights_sitenote_category":0,"_vp_format_video_url":"","_vp_image_focal_point":[]},"product_brand":[],"product_cat":[177,176],"product_tag":[153],"class_list":{"0":"post-10814","1":"product","2":"type-product","3":"status-publish","4":"has-post-thumbnail","6":"product_cat-siidiratikud","7":"product_cat-siidist-ja-villased-aksessuaarid","8":"product_tag-miurio-aksessuaarid","9":"pa_collection-naiste-siidiratikud","11":"first","12":"instock","13":"shipping-taxable","14":"purchasable","15":"product-type-simple"},"yoast_head":"<!-- This site is optimized with the Yoast SEO plugin v27.2 - https:\/\/yoast.com\/product\/yoast-seo-wordpress\/ -->\n<title>PEONY SHAWLLIA SIIDISALL - Miurio Design Studio<\/title>\n<meta name=\"robots\" content=\"index, follow, max-snippet:-1, max-image-preview:large, max-video-preview:-1\" \/>\n<link rel=\"canonical\" href=\"https:\/\/miurio.com\/et\/toode\/peony-shawllia-siidisall\/\" \/>\n<meta property=\"og:locale\" content=\"et_EE\" \/>\n<meta property=\"og:type\" content=\"article\" \/>\n<meta property=\"og:title\" content=\"PEONY SHAWLLIA SIIDISALL - Miurio Design Studio\" \/>\n<meta property=\"og:description\" content=\"PEONY SHAWLLIA siidisalli disainis MIURIO stuudio spetsiaalselt ALEXANDERLING moemaja 2023. aasta kevad-suve kollektsiooni \u201cSoft breeze\u201d jaoks. Valged \u00f5itsevad pojengid on suve s\u00fcmbolid. Pidulik sall elegantsete pojengidega bee\u017ei-fuksia taustal. Midagi \u00fclinaiselikku&hellip;\" \/>\n<meta property=\"og:url\" content=\"https:\/\/miurio.com\/et\/toode\/peony-shawllia-siidisall\/\" \/>\n<meta property=\"og:site_name\" content=\"Miurio Design Studio\" \/>\n<meta property=\"article:publisher\" content=\"http:\/\/www.facebook.com\/miuriodecor\" \/>\n<meta property=\"article:modified_time\" content=\"2024-06-03T10:10:15+00:00\" \/>\n<meta property=\"og:image\" content=\"https:\/\/miurio.com\/wp-content\/uploads\/2024\/06\/PURPLE-UNIVERSE-68X68CM-SILK-SATIN_2-4.png\" \/>\n\t<meta property=\"og:image:width\" content=\"1563\" \/>\n\t<meta property=\"og:image:height\" content=\"1563\" \/>\n\t<meta property=\"og:image:type\" content=\"image\/png\" \/>\n<meta name=\"twitter:card\" content=\"summary_large_image\" \/>\n<script type=\"application\/ld+json\" class=\"yoast-schema-graph\">{\"@context\":\"https:\/\/schema.org\",\"@graph\":[{\"@type\":\"WebPage\",\"@id\":\"https:\/\/miurio.com\/et\/toode\/peony-shawllia-siidisall\/\",\"url\":\"https:\/\/miurio.com\/et\/toode\/peony-shawllia-siidisall\/\",\"name\":\"PEONY SHAWLLIA SIIDISALL - Miurio Design Studio\",\"isPartOf\":{\"@id\":\"https:\/\/miurio.com\/et\/#website\"},\"primaryImageOfPage\":{\"@id\":\"https:\/\/miurio.com\/et\/toode\/peony-shawllia-siidisall\/#primaryimage\"},\"image\":{\"@id\":\"https:\/\/miurio.com\/et\/toode\/peony-shawllia-siidisall\/#primaryimage\"},\"thumbnailUrl\":\"https:\/\/miurio.com\/wp-content\/uploads\/2024\/06\/PURPLE-UNIVERSE-68X68CM-SILK-SATIN_2-4.png\",\"datePublished\":\"2024-06-01T15:28:31+00:00\",\"dateModified\":\"2024-06-03T10:10:15+00:00\",\"breadcrumb\":{\"@id\":\"https:\/\/miurio.com\/et\/toode\/peony-shawllia-siidisall\/#breadcrumb\"},\"inLanguage\":\"et\",\"potentialAction\":[{\"@type\":\"ReadAction\",\"target\":[\"https:\/\/miurio.com\/et\/toode\/peony-shawllia-siidisall\/\"]}]},{\"@type\":\"ImageObject\",\"inLanguage\":\"et\",\"@id\":\"https:\/\/miurio.com\/et\/toode\/peony-shawllia-siidisall\/#primaryimage\",\"url\":\"https:\/\/miurio.com\/wp-content\/uploads\/2024\/06\/PURPLE-UNIVERSE-68X68CM-SILK-SATIN_2-4.png\",\"contentUrl\":\"https:\/\/miurio.com\/wp-content\/uploads\/2024\/06\/PURPLE-UNIVERSE-68X68CM-SILK-SATIN_2-4.png\",\"width\":1563,\"height\":1563},{\"@type\":\"BreadcrumbList\",\"@id\":\"https:\/\/miurio.com\/et\/toode\/peony-shawllia-siidisall\/#breadcrumb\",\"itemListElement\":[{\"@type\":\"ListItem\",\"position\":1,\"name\":\"Home\",\"item\":\"https:\/\/miurio.com\/et\/\"},{\"@type\":\"ListItem\",\"position\":2,\"name\":\"Pood\",\"item\":\"https:\/\/miurio.com\/et\/pood\/\"},{\"@type\":\"ListItem\",\"position\":3,\"name\":\"PEONY SHAWLLIA SIIDISALL\"}]},{\"@type\":\"WebSite\",\"@id\":\"https:\/\/miurio.com\/et\/#website\",\"url\":\"https:\/\/miurio.com\/et\/\",\"name\":\"Miurio Design Studio\",\"description\":\"MIURIO design studio website and e-shop\",\"publisher\":{\"@id\":\"https:\/\/miurio.com\/et\/#organization\"},\"potentialAction\":[{\"@type\":\"SearchAction\",\"target\":{\"@type\":\"EntryPoint\",\"urlTemplate\":\"https:\/\/miurio.com\/et\/?s={search_term_string}\"},\"query-input\":{\"@type\":\"PropertyValueSpecification\",\"valueRequired\":true,\"valueName\":\"search_term_string\"}}],\"inLanguage\":\"et\"},{\"@type\":\"Organization\",\"@id\":\"https:\/\/miurio.com\/et\/#organization\",\"name\":\"MIURIO DECOR O\u00dc\",\"url\":\"https:\/\/miurio.com\/et\/\",\"logo\":{\"@type\":\"ImageObject\",\"inLanguage\":\"et\",\"@id\":\"https:\/\/miurio.com\/et\/#\/schema\/logo\/image\/\",\"url\":\"https:\/\/miurio.com\/wp-content\/uploads\/2021\/08\/MIURIO-new-logo-3.png\",\"contentUrl\":\"https:\/\/miurio.com\/wp-content\/uploads\/2021\/08\/MIURIO-new-logo-3.png\",\"width\":1500,\"height\":1500,\"caption\":\"MIURIO DECOR O\u00dc\"},\"image\":{\"@id\":\"https:\/\/miurio.com\/et\/#\/schema\/logo\/image\/\"},\"sameAs\":[\"http:\/\/www.facebook.com\/miuriodecor\",\"https:\/\/instagram.com\/miurio_textiles\",\"https:\/\/www.pinterest.com\/miuriodecor\"]}]}<\/script>\n<!-- \/ Yoast SEO plugin. -->","yoast_head_json":{"title":"PEONY SHAWLLIA SIIDISALL - Miurio Design Studio","robots":{"index":"index","follow":"follow","max-snippet":"max-snippet:-1","max-image-preview":"max-image-preview:large","max-video-preview":"max-video-preview:-1"},"canonical":"https:\/\/miurio.com\/et\/toode\/peony-shawllia-siidisall\/","og_locale":"et_EE","og_type":"article","og_title":"PEONY SHAWLLIA SIIDISALL - Miurio Design Studio","og_description":"PEONY SHAWLLIA siidisalli disainis MIURIO stuudio spetsiaalselt ALEXANDERLING moemaja 2023. aasta kevad-suve kollektsiooni \u201cSoft breeze\u201d jaoks. Valged \u00f5itsevad pojengid on suve s\u00fcmbolid. Pidulik sall elegantsete pojengidega bee\u017ei-fuksia taustal. Midagi \u00fclinaiselikku&hellip;","og_url":"https:\/\/miurio.com\/et\/toode\/peony-shawllia-siidisall\/","og_site_name":"Miurio Design Studio","article_publisher":"http:\/\/www.facebook.com\/miuriodecor","article_modified_time":"2024-06-03T10:10:15+00:00","og_image":[{"width":1563,"height":1563,"url":"https:\/\/miurio.com\/wp-content\/uploads\/2024\/06\/PURPLE-UNIVERSE-68X68CM-SILK-SATIN_2-4.png","type":"image\/png"}],"twitter_card":"summary_large_image","schema":{"@context":"https:\/\/schema.org","@graph":[{"@type":"WebPage","@id":"https:\/\/miurio.com\/et\/toode\/peony-shawllia-siidisall\/","url":"https:\/\/miurio.com\/et\/toode\/peony-shawllia-siidisall\/","name":"PEONY SHAWLLIA SIIDISALL - Miurio Design Studio","isPartOf":{"@id":"https:\/\/miurio.com\/et\/#website"},"primaryImageOfPage":{"@id":"https:\/\/miurio.com\/et\/toode\/peony-shawllia-siidisall\/#primaryimage"},"image":{"@id":"https:\/\/miurio.com\/et\/toode\/peony-shawllia-siidisall\/#primaryimage"},"thumbnailUrl":"https:\/\/miurio.com\/wp-content\/uploads\/2024\/06\/PURPLE-UNIVERSE-68X68CM-SILK-SATIN_2-4.png","datePublished":"2024-06-01T15:28:31+00:00","dateModified":"2024-06-03T10:10:15+00:00","breadcrumb":{"@id":"https:\/\/miurio.com\/et\/toode\/peony-shawllia-siidisall\/#breadcrumb"},"inLanguage":"et","potentialAction":[{"@type":"ReadAction","target":["https:\/\/miurio.com\/et\/toode\/peony-shawllia-siidisall\/"]}]},{"@type":"ImageObject","inLanguage":"et","@id":"https:\/\/miurio.com\/et\/toode\/peony-shawllia-siidisall\/#primaryimage","url":"https:\/\/miurio.com\/wp-content\/uploads\/2024\/06\/PURPLE-UNIVERSE-68X68CM-SILK-SATIN_2-4.png","contentUrl":"https:\/\/miurio.com\/wp-content\/uploads\/2024\/06\/PURPLE-UNIVERSE-68X68CM-SILK-SATIN_2-4.png","width":1563,"height":1563},{"@type":"BreadcrumbList","@id":"https:\/\/miurio.com\/et\/toode\/peony-shawllia-siidisall\/#breadcrumb","itemListElement":[{"@type":"ListItem","position":1,"name":"Home","item":"https:\/\/miurio.com\/et\/"},{"@type":"ListItem","position":2,"name":"Pood","item":"https:\/\/miurio.com\/et\/pood\/"},{"@type":"ListItem","position":3,"name":"PEONY SHAWLLIA SIIDISALL"}]},{"@type":"WebSite","@id":"https:\/\/miurio.com\/et\/#website","url":"https:\/\/miurio.com\/et\/","name":"Miurio Design Studio","description":"MIURIO design studio website and e-shop","publisher":{"@id":"https:\/\/miurio.com\/et\/#organization"},"potentialAction":[{"@type":"SearchAction","target":{"@type":"EntryPoint","urlTemplate":"https:\/\/miurio.com\/et\/?s={search_term_string}"},"query-input":{"@type":"PropertyValueSpecification","valueRequired":true,"valueName":"search_term_string"}}],"inLanguage":"et"},{"@type":"Organization","@id":"https:\/\/miurio.com\/et\/#organization","name":"MIURIO DECOR O\u00dc","url":"https:\/\/miurio.com\/et\/","logo":{"@type":"ImageObject","inLanguage":"et","@id":"https:\/\/miurio.com\/et\/#\/schema\/logo\/image\/","url":"https:\/\/miurio.com\/wp-content\/uploads\/2021\/08\/MIURIO-new-logo-3.png","contentUrl":"https:\/\/miurio.com\/wp-content\/uploads\/2021\/08\/MIURIO-new-logo-3.png","width":1500,"height":1500,"caption":"MIURIO DECOR O\u00dc"},"image":{"@id":"https:\/\/miurio.com\/et\/#\/schema\/logo\/image\/"},"sameAs":["http:\/\/www.facebook.com\/miuriodecor","https:\/\/instagram.com\/miurio_textiles","https:\/\/www.pinterest.com\/miuriodecor"]}]}},"_links":{"self":[{"href":"https:\/\/miurio.com\/et\/wp-json\/wp\/v2\/product\/10814","targetHints":{"allow":["GET"]}}],"collection":[{"href":"https:\/\/miurio.com\/et\/wp-json\/wp\/v2\/product"}],"about":[{"href":"https:\/\/miurio.com\/et\/wp-json\/wp\/v2\/types\/product"}],"replies":[{"embeddable":true,"href":"https:\/\/miurio.com\/et\/wp-json\/wp\/v2\/comments?post=10814"}],"wp:featuredmedia":[{"embeddable":true,"href":"https:\/\/miurio.com\/et\/wp-json\/wp\/v2\/media\/12800"}],"wp:attachment":[{"href":"https:\/\/miurio.com\/et\/wp-json\/wp\/v2\/media?parent=10814"}],"wp:term":[{"taxonomy":"product_brand","embeddable":true,"href":"https:\/\/miurio.com\/et\/wp-json\/wp\/v2\/product_brand?post=10814"},{"taxonomy":"product_cat","embeddable":true,"href":"https:\/\/miurio.com\/et\/wp-json\/wp\/v2\/product_cat?post=10814"},{"taxonomy":"product_tag","embeddable":true,"href":"https:\/\/miurio.com\/et\/wp-json\/wp\/v2\/product_tag?post=10814"}],"curies":[{"name":"wp","href":"https:\/\/api.w.org\/{rel}","templated":true}]}}