{"id":10759,"date":"2024-06-01T14:54:43","date_gmt":"2024-06-01T14:54:43","guid":{"rendered":"https:\/\/miurio.com\/?post_type=product&#038;p=10759"},"modified":"2026-05-06T06:32:08","modified_gmt":"2026-05-06T06:32:08","slug":"dive-into-deep-blue-siidiratik","status":"publish","type":"product","link":"https:\/\/miurio.com\/et\/toode\/dive-into-deep-blue-siidiratik\/","title":{"rendered":"DIVE INTO DEEP BLUE SIIDIR\u00c4TIK"},"content":{"rendered":"<p><strong>DIVE INTO DEEP BLUE<\/strong> siidir\u00e4tiku disainis MIURIO stuudio spetsiaalselt moebr\u00e4ndi <a href=\"https:\/\/www.siret.design\">Siret Design<\/a> \u201cCruise to Capri\u201d 2023.a. kevad-suvise kollektsiooni jaoks. Kristallselge merevesi on kombineeritud salli k\u00fclgedel \u00fcksikasjalike k\u00e4sitsi maalitud mereelukatega. Siidir\u00e4tik sobib suurep\u00e4raselt sinu j\u00e4rgmiseks suvepuhkuseks sidumiseks pea \u00fcmber Audrey Hepburni stiilis, elegantselt kaela \u00fcmber v\u00f5i v\u00f6\u00f6kohale, samuti n\u00e4iteks kotirihmale voldituna.<\/p>\n<p>Rita Assori originaalmuster, Designwork maalitud elemendid.<\/p>\n<p>Meie printimistintidel on OEKO-TEX sertifikaat.<\/p>\n<p>M\u00fc\u00fcakse piiratud kollektsioonina.<br \/>\nDigitr\u00fckk. K\u00e4sitsi palistatud.<br \/>\nPakendatud kinkekarpi.<\/p>\n<hr \/>\n<h2>SUURUS<\/h2>\n<p>87X87CM<\/p>\n<h2>MATERJAL<\/h2>\n<p>100% \u00a0SIIDTWILL<\/p>\n<h2>HOOLDUS<\/h2>\n<p>KEEMILINE PUHASTUS<\/p>\n<hr \/>\n","protected":false},"excerpt":{"rendered":"<p>DIVE INTO DEEP BLUE siidir\u00e4tiku disainis MIURIO stuudio spetsiaalselt moebr\u00e4ndi Siret Design \u201cCruise to Capri\u201d 2023.a. kevad-suvise kollektsiooni jaoks. Kristallselge merevesi on kombineeritud salli k\u00fclgedel \u00fcksikasjalike k\u00e4sitsi maalitud mereelukatega. Siidir\u00e4tik&hellip;<\/p>\n","protected":false},"featured_media":12775,"comment_status":"closed","ping_status":"closed","template":"","meta":{"inline_featured_image":false,"_monsterinsights_skip_tracking":false,"_monsterinsights_sitenote_active":false,"_monsterinsights_sitenote_note":"","_monsterinsights_sitenote_category":0,"_vp_format_video_url":"","_vp_image_focal_point":[]},"product_brand":[],"product_cat":[177,176],"product_tag":[153],"class_list":{"0":"post-10759","1":"product","2":"type-product","3":"status-publish","4":"has-post-thumbnail","6":"product_cat-siidiratikud","7":"product_cat-siidist-ja-villased-aksessuaarid","8":"product_tag-miurio-aksessuaarid","9":"pa_collection-naiste-siidiratikud","11":"first","12":"instock","13":"shipping-taxable","14":"purchasable","15":"product-type-simple"},"yoast_head":"<!-- This site is optimized with the Yoast SEO plugin v27.5 - https:\/\/yoast.com\/product\/yoast-seo-wordpress\/ -->\n<title>DIVE INTO DEEP BLUE SIIDIR\u00c4TIK - Miurio Design Studio<\/title>\n<meta name=\"robots\" content=\"index, follow, max-snippet:-1, max-image-preview:large, max-video-preview:-1\" \/>\n<link rel=\"canonical\" href=\"https:\/\/miurio.com\/et\/toode\/dive-into-deep-blue-siidiratik\/\" \/>\n<meta property=\"og:locale\" content=\"et_EE\" \/>\n<meta property=\"og:type\" content=\"article\" \/>\n<meta property=\"og:title\" content=\"DIVE INTO DEEP BLUE SIIDIR\u00c4TIK - Miurio Design Studio\" \/>\n<meta property=\"og:description\" content=\"DIVE INTO DEEP BLUE siidir\u00e4tiku disainis MIURIO stuudio spetsiaalselt moebr\u00e4ndi Siret Design \u201cCruise to Capri\u201d 2023.a. kevad-suvise kollektsiooni jaoks. Kristallselge merevesi on kombineeritud salli k\u00fclgedel \u00fcksikasjalike k\u00e4sitsi maalitud mereelukatega. Siidir\u00e4tik&hellip;\" \/>\n<meta property=\"og:url\" content=\"https:\/\/miurio.com\/et\/toode\/dive-into-deep-blue-siidiratik\/\" \/>\n<meta property=\"og:site_name\" content=\"Miurio Design Studio\" \/>\n<meta property=\"article:publisher\" content=\"http:\/\/www.facebook.com\/miuriodecor\" \/>\n<meta property=\"article:modified_time\" content=\"2026-05-06T06:32:08+00:00\" \/>\n<meta property=\"og:image\" content=\"https:\/\/miurio.com\/wp-content\/uploads\/2024\/06\/PURPLE-UNIVERSE-68X68CM-SILK-SATIN_2-1024x1024.png\" \/>\n\t<meta property=\"og:image:width\" content=\"1024\" \/>\n\t<meta property=\"og:image:height\" content=\"1024\" \/>\n\t<meta property=\"og:image:type\" content=\"image\/png\" \/>\n<meta name=\"twitter:card\" content=\"summary_large_image\" \/>\n<meta name=\"twitter:label1\" content=\"Est. reading time\" \/>\n\t<meta name=\"twitter:data1\" content=\"1 minut\" \/>\n<script type=\"application\/ld+json\" class=\"yoast-schema-graph\">{\"@context\":\"https:\\\/\\\/schema.org\",\"@graph\":[{\"@type\":\"WebPage\",\"@id\":\"https:\\\/\\\/miurio.com\\\/et\\\/toode\\\/dive-into-deep-blue-siidiratik\\\/\",\"url\":\"https:\\\/\\\/miurio.com\\\/et\\\/toode\\\/dive-into-deep-blue-siidiratik\\\/\",\"name\":\"DIVE INTO DEEP BLUE SIIDIR\u00c4TIK - Miurio Design Studio\",\"isPartOf\":{\"@id\":\"https:\\\/\\\/miurio.com\\\/et\\\/#website\"},\"primaryImageOfPage\":{\"@id\":\"https:\\\/\\\/miurio.com\\\/et\\\/toode\\\/dive-into-deep-blue-siidiratik\\\/#primaryimage\"},\"image\":{\"@id\":\"https:\\\/\\\/miurio.com\\\/et\\\/toode\\\/dive-into-deep-blue-siidiratik\\\/#primaryimage\"},\"thumbnailUrl\":\"https:\\\/\\\/miurio.com\\\/wp-content\\\/uploads\\\/2024\\\/06\\\/PURPLE-UNIVERSE-68X68CM-SILK-SATIN_2.png\",\"datePublished\":\"2024-06-01T14:54:43+00:00\",\"dateModified\":\"2026-05-06T06:32:08+00:00\",\"breadcrumb\":{\"@id\":\"https:\\\/\\\/miurio.com\\\/et\\\/toode\\\/dive-into-deep-blue-siidiratik\\\/#breadcrumb\"},\"inLanguage\":\"et\",\"potentialAction\":[{\"@type\":\"ReadAction\",\"target\":[\"https:\\\/\\\/miurio.com\\\/et\\\/toode\\\/dive-into-deep-blue-siidiratik\\\/\"]}]},{\"@type\":\"ImageObject\",\"inLanguage\":\"et\",\"@id\":\"https:\\\/\\\/miurio.com\\\/et\\\/toode\\\/dive-into-deep-blue-siidiratik\\\/#primaryimage\",\"url\":\"https:\\\/\\\/miurio.com\\\/wp-content\\\/uploads\\\/2024\\\/06\\\/PURPLE-UNIVERSE-68X68CM-SILK-SATIN_2.png\",\"contentUrl\":\"https:\\\/\\\/miurio.com\\\/wp-content\\\/uploads\\\/2024\\\/06\\\/PURPLE-UNIVERSE-68X68CM-SILK-SATIN_2.png\",\"width\":2500,\"height\":2500},{\"@type\":\"BreadcrumbList\",\"@id\":\"https:\\\/\\\/miurio.com\\\/et\\\/toode\\\/dive-into-deep-blue-siidiratik\\\/#breadcrumb\",\"itemListElement\":[{\"@type\":\"ListItem\",\"position\":1,\"name\":\"Home\",\"item\":\"https:\\\/\\\/miurio.com\\\/et\\\/\"},{\"@type\":\"ListItem\",\"position\":2,\"name\":\"Pood\",\"item\":\"https:\\\/\\\/miurio.com\\\/et\\\/pood\\\/\"},{\"@type\":\"ListItem\",\"position\":3,\"name\":\"DIVE INTO DEEP BLUE SIIDIR\u00c4TIK\"}]},{\"@type\":\"WebSite\",\"@id\":\"https:\\\/\\\/miurio.com\\\/et\\\/#website\",\"url\":\"https:\\\/\\\/miurio.com\\\/et\\\/\",\"name\":\"Miurio Design Studio\",\"description\":\"MIURIO design studio website and e-shop\",\"publisher\":{\"@id\":\"https:\\\/\\\/miurio.com\\\/et\\\/#organization\"},\"potentialAction\":[{\"@type\":\"SearchAction\",\"target\":{\"@type\":\"EntryPoint\",\"urlTemplate\":\"https:\\\/\\\/miurio.com\\\/et\\\/?s={search_term_string}\"},\"query-input\":{\"@type\":\"PropertyValueSpecification\",\"valueRequired\":true,\"valueName\":\"search_term_string\"}}],\"inLanguage\":\"et\"},{\"@type\":\"Organization\",\"@id\":\"https:\\\/\\\/miurio.com\\\/et\\\/#organization\",\"name\":\"MIURIO DECOR O\u00dc\",\"url\":\"https:\\\/\\\/miurio.com\\\/et\\\/\",\"logo\":{\"@type\":\"ImageObject\",\"inLanguage\":\"et\",\"@id\":\"https:\\\/\\\/miurio.com\\\/et\\\/#\\\/schema\\\/logo\\\/image\\\/\",\"url\":\"https:\\\/\\\/miurio.com\\\/wp-content\\\/uploads\\\/2021\\\/08\\\/MIURIO-new-logo-3.png\",\"contentUrl\":\"https:\\\/\\\/miurio.com\\\/wp-content\\\/uploads\\\/2021\\\/08\\\/MIURIO-new-logo-3.png\",\"width\":1500,\"height\":1500,\"caption\":\"MIURIO DECOR O\u00dc\"},\"image\":{\"@id\":\"https:\\\/\\\/miurio.com\\\/et\\\/#\\\/schema\\\/logo\\\/image\\\/\"},\"sameAs\":[\"http:\\\/\\\/www.facebook.com\\\/miuriodecor\",\"https:\\\/\\\/instagram.com\\\/miurio_textiles\",\"https:\\\/\\\/www.pinterest.com\\\/miuriodecor\"]}]}<\/script>\n<!-- \/ Yoast SEO plugin. -->","yoast_head_json":{"title":"DIVE INTO DEEP BLUE SIIDIR\u00c4TIK - Miurio Design Studio","robots":{"index":"index","follow":"follow","max-snippet":"max-snippet:-1","max-image-preview":"max-image-preview:large","max-video-preview":"max-video-preview:-1"},"canonical":"https:\/\/miurio.com\/et\/toode\/dive-into-deep-blue-siidiratik\/","og_locale":"et_EE","og_type":"article","og_title":"DIVE INTO DEEP BLUE SIIDIR\u00c4TIK - Miurio Design Studio","og_description":"DIVE INTO DEEP BLUE siidir\u00e4tiku disainis MIURIO stuudio spetsiaalselt moebr\u00e4ndi Siret Design \u201cCruise to Capri\u201d 2023.a. kevad-suvise kollektsiooni jaoks. Kristallselge merevesi on kombineeritud salli k\u00fclgedel \u00fcksikasjalike k\u00e4sitsi maalitud mereelukatega. Siidir\u00e4tik&hellip;","og_url":"https:\/\/miurio.com\/et\/toode\/dive-into-deep-blue-siidiratik\/","og_site_name":"Miurio Design Studio","article_publisher":"http:\/\/www.facebook.com\/miuriodecor","article_modified_time":"2026-05-06T06:32:08+00:00","og_image":[{"width":1024,"height":1024,"url":"https:\/\/miurio.com\/wp-content\/uploads\/2024\/06\/PURPLE-UNIVERSE-68X68CM-SILK-SATIN_2-1024x1024.png","type":"image\/png"}],"twitter_card":"summary_large_image","twitter_misc":{"Est. reading time":"1 minut"},"schema":{"@context":"https:\/\/schema.org","@graph":[{"@type":"WebPage","@id":"https:\/\/miurio.com\/et\/toode\/dive-into-deep-blue-siidiratik\/","url":"https:\/\/miurio.com\/et\/toode\/dive-into-deep-blue-siidiratik\/","name":"DIVE INTO DEEP BLUE SIIDIR\u00c4TIK - Miurio Design Studio","isPartOf":{"@id":"https:\/\/miurio.com\/et\/#website"},"primaryImageOfPage":{"@id":"https:\/\/miurio.com\/et\/toode\/dive-into-deep-blue-siidiratik\/#primaryimage"},"image":{"@id":"https:\/\/miurio.com\/et\/toode\/dive-into-deep-blue-siidiratik\/#primaryimage"},"thumbnailUrl":"https:\/\/miurio.com\/wp-content\/uploads\/2024\/06\/PURPLE-UNIVERSE-68X68CM-SILK-SATIN_2.png","datePublished":"2024-06-01T14:54:43+00:00","dateModified":"2026-05-06T06:32:08+00:00","breadcrumb":{"@id":"https:\/\/miurio.com\/et\/toode\/dive-into-deep-blue-siidiratik\/#breadcrumb"},"inLanguage":"et","potentialAction":[{"@type":"ReadAction","target":["https:\/\/miurio.com\/et\/toode\/dive-into-deep-blue-siidiratik\/"]}]},{"@type":"ImageObject","inLanguage":"et","@id":"https:\/\/miurio.com\/et\/toode\/dive-into-deep-blue-siidiratik\/#primaryimage","url":"https:\/\/miurio.com\/wp-content\/uploads\/2024\/06\/PURPLE-UNIVERSE-68X68CM-SILK-SATIN_2.png","contentUrl":"https:\/\/miurio.com\/wp-content\/uploads\/2024\/06\/PURPLE-UNIVERSE-68X68CM-SILK-SATIN_2.png","width":2500,"height":2500},{"@type":"BreadcrumbList","@id":"https:\/\/miurio.com\/et\/toode\/dive-into-deep-blue-siidiratik\/#breadcrumb","itemListElement":[{"@type":"ListItem","position":1,"name":"Home","item":"https:\/\/miurio.com\/et\/"},{"@type":"ListItem","position":2,"name":"Pood","item":"https:\/\/miurio.com\/et\/pood\/"},{"@type":"ListItem","position":3,"name":"DIVE INTO DEEP BLUE SIIDIR\u00c4TIK"}]},{"@type":"WebSite","@id":"https:\/\/miurio.com\/et\/#website","url":"https:\/\/miurio.com\/et\/","name":"Miurio Design Studio","description":"MIURIO design studio website and e-shop","publisher":{"@id":"https:\/\/miurio.com\/et\/#organization"},"potentialAction":[{"@type":"SearchAction","target":{"@type":"EntryPoint","urlTemplate":"https:\/\/miurio.com\/et\/?s={search_term_string}"},"query-input":{"@type":"PropertyValueSpecification","valueRequired":true,"valueName":"search_term_string"}}],"inLanguage":"et"},{"@type":"Organization","@id":"https:\/\/miurio.com\/et\/#organization","name":"MIURIO DECOR O\u00dc","url":"https:\/\/miurio.com\/et\/","logo":{"@type":"ImageObject","inLanguage":"et","@id":"https:\/\/miurio.com\/et\/#\/schema\/logo\/image\/","url":"https:\/\/miurio.com\/wp-content\/uploads\/2021\/08\/MIURIO-new-logo-3.png","contentUrl":"https:\/\/miurio.com\/wp-content\/uploads\/2021\/08\/MIURIO-new-logo-3.png","width":1500,"height":1500,"caption":"MIURIO DECOR O\u00dc"},"image":{"@id":"https:\/\/miurio.com\/et\/#\/schema\/logo\/image\/"},"sameAs":["http:\/\/www.facebook.com\/miuriodecor","https:\/\/instagram.com\/miurio_textiles","https:\/\/www.pinterest.com\/miuriodecor"]}]}},"_links":{"self":[{"href":"https:\/\/miurio.com\/et\/wp-json\/wp\/v2\/product\/10759","targetHints":{"allow":["GET"]}}],"collection":[{"href":"https:\/\/miurio.com\/et\/wp-json\/wp\/v2\/product"}],"about":[{"href":"https:\/\/miurio.com\/et\/wp-json\/wp\/v2\/types\/product"}],"replies":[{"embeddable":true,"href":"https:\/\/miurio.com\/et\/wp-json\/wp\/v2\/comments?post=10759"}],"wp:featuredmedia":[{"embeddable":true,"href":"https:\/\/miurio.com\/et\/wp-json\/wp\/v2\/media\/12775"}],"wp:attachment":[{"href":"https:\/\/miurio.com\/et\/wp-json\/wp\/v2\/media?parent=10759"}],"wp:term":[{"taxonomy":"product_brand","embeddable":true,"href":"https:\/\/miurio.com\/et\/wp-json\/wp\/v2\/product_brand?post=10759"},{"taxonomy":"product_cat","embeddable":true,"href":"https:\/\/miurio.com\/et\/wp-json\/wp\/v2\/product_cat?post=10759"},{"taxonomy":"product_tag","embeddable":true,"href":"https:\/\/miurio.com\/et\/wp-json\/wp\/v2\/product_tag?post=10759"}],"curies":[{"name":"wp","href":"https:\/\/api.w.org\/{rel}","templated":true}]}}