{"id":10211,"date":"2022-09-23T15:07:46","date_gmt":"2022-09-23T15:07:46","guid":{"rendered":"https:\/\/miurio.com\/?post_type=product&#038;p=10211"},"modified":"2023-10-23T10:10:40","modified_gmt":"2023-10-23T10:10:40","slug":"arrak-kohtumine-galaktikas-1977-siidiratik","status":"publish","type":"product","link":"https:\/\/miurio.com\/et\/toode\/arrak-kohtumine-galaktikas-1977-siidiratik\/","title":{"rendered":"ARRAK KOH\u0422UMINE GALAKTIKAS 1977 SIIDIR\u00c4TIK"},"content":{"rendered":"<p>ARRAK KOHTUMINE SINISES GALAKTIKAS 1977 siidir\u00e4tik on tuntud Eesti kunstniku J\u00fcri Arraku \u00f5limaal.<\/p>\n<p>Originaalne maal: \u00f5li, l\u00f5uend. 125\u00d7150,2cm. Eesti Kunstimuuseumi kogu.<\/p>\n<p>\u201c<em>M\u00e4rkan pisimaidki detaile. Mul on assotsiatsioone loov m\u00f5tlemine. Iga asi v\u00f5i inimene annab mulle t\u00f5uke, et v\u00f5in sealt \u00fcksk\u00f5ik kuhu v\u00e4lja m\u00f5elda. Ma ei tea, mis t\u00e4hendab, et on vaja otsida inspiratsiooni. Ma ei j\u00f5ua k\u00f5ike \u00e4ra teha, mida tahaks<\/em>,\u201d \u00fctleb kunstnik.<\/p>\n<p>R\u00e4tiku muster: J. Arrak \u2013 Kohtumine sinises galaktikas (1977).<\/p>\n<p>Meie tr\u00fckiv\u00e4rvidel on OEKO-TEX sertifikaat.<\/p>\n<p>M\u00fc\u00fcakse piiratud kollektsioonina. Digitr\u00fckk. K\u00e4sitsi palistatud.<br \/>\nPakendatud kinkekarpi.<\/p>\n<hr \/>\n<h2>SUURUS<\/h2>\n<p>65x65CM<\/p>\n<h2>MATERJAL<\/h2>\n<p>100% SIIDSATIIN<\/p>\n<h2>HOOLDUS<\/h2>\n<p>KEEMILINE PUHASTUS<\/p>\n<hr \/>\n","protected":false},"excerpt":{"rendered":"<p>ARRAK KOHTUMINE SINISES GALAKTIKAS 1977 siidir\u00e4tik on tuntud Eesti kunstniku J\u00fcri Arraku \u00f5limaal. Originaalne maal: \u00f5li, l\u00f5uend. 125\u00d7150,2cm. Eesti Kunstimuuseumi kogu. \u201cM\u00e4rkan pisimaidki detaile. Mul on assotsiatsioone loov m\u00f5tlemine. Iga&hellip;<\/p>\n","protected":false},"featured_media":10214,"comment_status":"closed","ping_status":"closed","template":"","meta":{"inline_featured_image":false,"_monsterinsights_skip_tracking":false,"_monsterinsights_sitenote_active":false,"_monsterinsights_sitenote_note":"","_monsterinsights_sitenote_category":0,"_vp_format_video_url":"","_vp_image_focal_point":[]},"product_brand":[],"product_cat":[382,177,176],"product_tag":[],"class_list":{"0":"post-10211","1":"product","2":"type-product","3":"status-publish","4":"has-post-thumbnail","6":"product_cat-juri-arraku-merch-et","7":"product_cat-siidiratikud","8":"product_cat-siidist-ja-villased-aksessuaarid","9":"pa_collection-uus-kollektsioon","11":"first","12":"instock","13":"shipping-taxable","14":"purchasable","15":"product-type-simple"},"yoast_head":"<!-- This site is optimized with the Yoast SEO plugin v27.2 - https:\/\/yoast.com\/product\/yoast-seo-wordpress\/ -->\n<title>ARRAK KOH\u0422UMINE GALAKTIKAS 1977 SIIDIR\u00c4TIK - Miurio Design Studio<\/title>\n<meta name=\"robots\" content=\"index, follow, max-snippet:-1, max-image-preview:large, max-video-preview:-1\" \/>\n<link rel=\"canonical\" href=\"https:\/\/miurio.com\/et\/toode\/arrak-kohtumine-galaktikas-1977-siidiratik\/\" \/>\n<meta property=\"og:locale\" content=\"et_EE\" \/>\n<meta property=\"og:type\" content=\"article\" \/>\n<meta property=\"og:title\" content=\"ARRAK KOH\u0422UMINE GALAKTIKAS 1977 SIIDIR\u00c4TIK - Miurio Design Studio\" \/>\n<meta property=\"og:description\" content=\"ARRAK KOHTUMINE SINISES GALAKTIKAS 1977 siidir\u00e4tik on tuntud Eesti kunstniku J\u00fcri Arraku \u00f5limaal. Originaalne maal: \u00f5li, l\u00f5uend. 125\u00d7150,2cm. Eesti Kunstimuuseumi kogu. \u201cM\u00e4rkan pisimaidki detaile. Mul on assotsiatsioone loov m\u00f5tlemine. Iga&hellip;\" \/>\n<meta property=\"og:url\" content=\"https:\/\/miurio.com\/et\/toode\/arrak-kohtumine-galaktikas-1977-siidiratik\/\" \/>\n<meta property=\"og:site_name\" content=\"Miurio Design Studio\" \/>\n<meta property=\"article:publisher\" content=\"http:\/\/www.facebook.com\/miuriodecor\" \/>\n<meta property=\"article:modified_time\" content=\"2023-10-23T10:10:40+00:00\" \/>\n<meta property=\"og:image\" content=\"https:\/\/miurio.com\/wp-content\/uploads\/2022\/09\/Sinine-galaktika1.png\" \/>\n\t<meta property=\"og:image:width\" content=\"1602\" \/>\n\t<meta property=\"og:image:height\" content=\"1602\" \/>\n\t<meta property=\"og:image:type\" content=\"image\/png\" \/>\n<meta name=\"twitter:card\" content=\"summary_large_image\" \/>\n<meta name=\"twitter:label1\" content=\"Est. reading time\" \/>\n\t<meta name=\"twitter:data1\" content=\"1 minut\" \/>\n<script type=\"application\/ld+json\" class=\"yoast-schema-graph\">{\"@context\":\"https:\/\/schema.org\",\"@graph\":[{\"@type\":\"WebPage\",\"@id\":\"https:\/\/miurio.com\/et\/toode\/arrak-kohtumine-galaktikas-1977-siidiratik\/\",\"url\":\"https:\/\/miurio.com\/et\/toode\/arrak-kohtumine-galaktikas-1977-siidiratik\/\",\"name\":\"ARRAK KOH\u0422UMINE GALAKTIKAS 1977 SIIDIR\u00c4TIK - Miurio Design Studio\",\"isPartOf\":{\"@id\":\"https:\/\/miurio.com\/et\/#website\"},\"primaryImageOfPage\":{\"@id\":\"https:\/\/miurio.com\/et\/toode\/arrak-kohtumine-galaktikas-1977-siidiratik\/#primaryimage\"},\"image\":{\"@id\":\"https:\/\/miurio.com\/et\/toode\/arrak-kohtumine-galaktikas-1977-siidiratik\/#primaryimage\"},\"thumbnailUrl\":\"https:\/\/miurio.com\/wp-content\/uploads\/2022\/09\/Sinine-galaktika1.png\",\"datePublished\":\"2022-09-23T15:07:46+00:00\",\"dateModified\":\"2023-10-23T10:10:40+00:00\",\"breadcrumb\":{\"@id\":\"https:\/\/miurio.com\/et\/toode\/arrak-kohtumine-galaktikas-1977-siidiratik\/#breadcrumb\"},\"inLanguage\":\"et\",\"potentialAction\":[{\"@type\":\"ReadAction\",\"target\":[\"https:\/\/miurio.com\/et\/toode\/arrak-kohtumine-galaktikas-1977-siidiratik\/\"]}]},{\"@type\":\"ImageObject\",\"inLanguage\":\"et\",\"@id\":\"https:\/\/miurio.com\/et\/toode\/arrak-kohtumine-galaktikas-1977-siidiratik\/#primaryimage\",\"url\":\"https:\/\/miurio.com\/wp-content\/uploads\/2022\/09\/Sinine-galaktika1.png\",\"contentUrl\":\"https:\/\/miurio.com\/wp-content\/uploads\/2022\/09\/Sinine-galaktika1.png\",\"width\":1602,\"height\":1602},{\"@type\":\"BreadcrumbList\",\"@id\":\"https:\/\/miurio.com\/et\/toode\/arrak-kohtumine-galaktikas-1977-siidiratik\/#breadcrumb\",\"itemListElement\":[{\"@type\":\"ListItem\",\"position\":1,\"name\":\"Home\",\"item\":\"https:\/\/miurio.com\/et\/\"},{\"@type\":\"ListItem\",\"position\":2,\"name\":\"Pood\",\"item\":\"https:\/\/miurio.com\/et\/pood\/\"},{\"@type\":\"ListItem\",\"position\":3,\"name\":\"ARRAK KOH\u0422UMINE GALAKTIKAS 1977 SIIDIR\u00c4TIK\"}]},{\"@type\":\"WebSite\",\"@id\":\"https:\/\/miurio.com\/et\/#website\",\"url\":\"https:\/\/miurio.com\/et\/\",\"name\":\"Miurio Design Studio\",\"description\":\"MIURIO design studio website and e-shop\",\"publisher\":{\"@id\":\"https:\/\/miurio.com\/et\/#organization\"},\"potentialAction\":[{\"@type\":\"SearchAction\",\"target\":{\"@type\":\"EntryPoint\",\"urlTemplate\":\"https:\/\/miurio.com\/et\/?s={search_term_string}\"},\"query-input\":{\"@type\":\"PropertyValueSpecification\",\"valueRequired\":true,\"valueName\":\"search_term_string\"}}],\"inLanguage\":\"et\"},{\"@type\":\"Organization\",\"@id\":\"https:\/\/miurio.com\/et\/#organization\",\"name\":\"MIURIO DECOR O\u00dc\",\"url\":\"https:\/\/miurio.com\/et\/\",\"logo\":{\"@type\":\"ImageObject\",\"inLanguage\":\"et\",\"@id\":\"https:\/\/miurio.com\/et\/#\/schema\/logo\/image\/\",\"url\":\"https:\/\/miurio.com\/wp-content\/uploads\/2021\/08\/MIURIO-new-logo-3.png\",\"contentUrl\":\"https:\/\/miurio.com\/wp-content\/uploads\/2021\/08\/MIURIO-new-logo-3.png\",\"width\":1500,\"height\":1500,\"caption\":\"MIURIO DECOR O\u00dc\"},\"image\":{\"@id\":\"https:\/\/miurio.com\/et\/#\/schema\/logo\/image\/\"},\"sameAs\":[\"http:\/\/www.facebook.com\/miuriodecor\",\"https:\/\/instagram.com\/miurio_textiles\",\"https:\/\/www.pinterest.com\/miuriodecor\"]}]}<\/script>\n<!-- \/ Yoast SEO plugin. -->","yoast_head_json":{"title":"ARRAK KOH\u0422UMINE GALAKTIKAS 1977 SIIDIR\u00c4TIK - Miurio Design Studio","robots":{"index":"index","follow":"follow","max-snippet":"max-snippet:-1","max-image-preview":"max-image-preview:large","max-video-preview":"max-video-preview:-1"},"canonical":"https:\/\/miurio.com\/et\/toode\/arrak-kohtumine-galaktikas-1977-siidiratik\/","og_locale":"et_EE","og_type":"article","og_title":"ARRAK KOH\u0422UMINE GALAKTIKAS 1977 SIIDIR\u00c4TIK - Miurio Design Studio","og_description":"ARRAK KOHTUMINE SINISES GALAKTIKAS 1977 siidir\u00e4tik on tuntud Eesti kunstniku J\u00fcri Arraku \u00f5limaal. Originaalne maal: \u00f5li, l\u00f5uend. 125\u00d7150,2cm. Eesti Kunstimuuseumi kogu. \u201cM\u00e4rkan pisimaidki detaile. Mul on assotsiatsioone loov m\u00f5tlemine. Iga&hellip;","og_url":"https:\/\/miurio.com\/et\/toode\/arrak-kohtumine-galaktikas-1977-siidiratik\/","og_site_name":"Miurio Design Studio","article_publisher":"http:\/\/www.facebook.com\/miuriodecor","article_modified_time":"2023-10-23T10:10:40+00:00","og_image":[{"width":1602,"height":1602,"url":"https:\/\/miurio.com\/wp-content\/uploads\/2022\/09\/Sinine-galaktika1.png","type":"image\/png"}],"twitter_card":"summary_large_image","twitter_misc":{"Est. reading time":"1 minut"},"schema":{"@context":"https:\/\/schema.org","@graph":[{"@type":"WebPage","@id":"https:\/\/miurio.com\/et\/toode\/arrak-kohtumine-galaktikas-1977-siidiratik\/","url":"https:\/\/miurio.com\/et\/toode\/arrak-kohtumine-galaktikas-1977-siidiratik\/","name":"ARRAK KOH\u0422UMINE GALAKTIKAS 1977 SIIDIR\u00c4TIK - Miurio Design Studio","isPartOf":{"@id":"https:\/\/miurio.com\/et\/#website"},"primaryImageOfPage":{"@id":"https:\/\/miurio.com\/et\/toode\/arrak-kohtumine-galaktikas-1977-siidiratik\/#primaryimage"},"image":{"@id":"https:\/\/miurio.com\/et\/toode\/arrak-kohtumine-galaktikas-1977-siidiratik\/#primaryimage"},"thumbnailUrl":"https:\/\/miurio.com\/wp-content\/uploads\/2022\/09\/Sinine-galaktika1.png","datePublished":"2022-09-23T15:07:46+00:00","dateModified":"2023-10-23T10:10:40+00:00","breadcrumb":{"@id":"https:\/\/miurio.com\/et\/toode\/arrak-kohtumine-galaktikas-1977-siidiratik\/#breadcrumb"},"inLanguage":"et","potentialAction":[{"@type":"ReadAction","target":["https:\/\/miurio.com\/et\/toode\/arrak-kohtumine-galaktikas-1977-siidiratik\/"]}]},{"@type":"ImageObject","inLanguage":"et","@id":"https:\/\/miurio.com\/et\/toode\/arrak-kohtumine-galaktikas-1977-siidiratik\/#primaryimage","url":"https:\/\/miurio.com\/wp-content\/uploads\/2022\/09\/Sinine-galaktika1.png","contentUrl":"https:\/\/miurio.com\/wp-content\/uploads\/2022\/09\/Sinine-galaktika1.png","width":1602,"height":1602},{"@type":"BreadcrumbList","@id":"https:\/\/miurio.com\/et\/toode\/arrak-kohtumine-galaktikas-1977-siidiratik\/#breadcrumb","itemListElement":[{"@type":"ListItem","position":1,"name":"Home","item":"https:\/\/miurio.com\/et\/"},{"@type":"ListItem","position":2,"name":"Pood","item":"https:\/\/miurio.com\/et\/pood\/"},{"@type":"ListItem","position":3,"name":"ARRAK KOH\u0422UMINE GALAKTIKAS 1977 SIIDIR\u00c4TIK"}]},{"@type":"WebSite","@id":"https:\/\/miurio.com\/et\/#website","url":"https:\/\/miurio.com\/et\/","name":"Miurio Design Studio","description":"MIURIO design studio website and e-shop","publisher":{"@id":"https:\/\/miurio.com\/et\/#organization"},"potentialAction":[{"@type":"SearchAction","target":{"@type":"EntryPoint","urlTemplate":"https:\/\/miurio.com\/et\/?s={search_term_string}"},"query-input":{"@type":"PropertyValueSpecification","valueRequired":true,"valueName":"search_term_string"}}],"inLanguage":"et"},{"@type":"Organization","@id":"https:\/\/miurio.com\/et\/#organization","name":"MIURIO DECOR O\u00dc","url":"https:\/\/miurio.com\/et\/","logo":{"@type":"ImageObject","inLanguage":"et","@id":"https:\/\/miurio.com\/et\/#\/schema\/logo\/image\/","url":"https:\/\/miurio.com\/wp-content\/uploads\/2021\/08\/MIURIO-new-logo-3.png","contentUrl":"https:\/\/miurio.com\/wp-content\/uploads\/2021\/08\/MIURIO-new-logo-3.png","width":1500,"height":1500,"caption":"MIURIO DECOR O\u00dc"},"image":{"@id":"https:\/\/miurio.com\/et\/#\/schema\/logo\/image\/"},"sameAs":["http:\/\/www.facebook.com\/miuriodecor","https:\/\/instagram.com\/miurio_textiles","https:\/\/www.pinterest.com\/miuriodecor"]}]}},"_links":{"self":[{"href":"https:\/\/miurio.com\/et\/wp-json\/wp\/v2\/product\/10211","targetHints":{"allow":["GET"]}}],"collection":[{"href":"https:\/\/miurio.com\/et\/wp-json\/wp\/v2\/product"}],"about":[{"href":"https:\/\/miurio.com\/et\/wp-json\/wp\/v2\/types\/product"}],"replies":[{"embeddable":true,"href":"https:\/\/miurio.com\/et\/wp-json\/wp\/v2\/comments?post=10211"}],"wp:featuredmedia":[{"embeddable":true,"href":"https:\/\/miurio.com\/et\/wp-json\/wp\/v2\/media\/10214"}],"wp:attachment":[{"href":"https:\/\/miurio.com\/et\/wp-json\/wp\/v2\/media?parent=10211"}],"wp:term":[{"taxonomy":"product_brand","embeddable":true,"href":"https:\/\/miurio.com\/et\/wp-json\/wp\/v2\/product_brand?post=10211"},{"taxonomy":"product_cat","embeddable":true,"href":"https:\/\/miurio.com\/et\/wp-json\/wp\/v2\/product_cat?post=10211"},{"taxonomy":"product_tag","embeddable":true,"href":"https:\/\/miurio.com\/et\/wp-json\/wp\/v2\/product_tag?post=10211"}],"curies":[{"name":"wp","href":"https:\/\/api.w.org\/{rel}","templated":true}]}}