{"id":10087,"date":"2022-09-18T13:39:29","date_gmt":"2022-09-18T13:39:30","guid":{"rendered":"https:\/\/miurio.com\/?post_type=product&#038;p=10087"},"modified":"2023-09-17T16:23:37","modified_gmt":"2023-09-17T16:23:37","slug":"arrak-vaatajad-1970-hall-beez-varvides-kasitoovaip","status":"publish","type":"product","link":"https:\/\/miurio.com\/et\/toode\/arrak-vaatajad-1970-hall-beez-varvides-kasitoovaip\/","title":{"rendered":"ARRAK &#8220;VAATAJAD&#8221; (1970) HALLIKAS-BEE\u017dIDES TOONIDES K\u00c4SIT\u00d6\u00d6VAIP"},"content":{"rendered":"<p>ARRAK &#8220;<span class=\"gmail_default\">\u200bVAATAJAD<\/span>&#8221; (1970) vaip on tuntud\u00a0<span class=\"gmail_default\">\u200bE\u200b<\/span>esti maalikunstniku J\u00fcri Arraku loomingu tekstiiliversioon hallikas-bee\u017eides toonides. Originaalmaal: \u00f5li l\u00f5uendil. 50&#215;70 cm. A. Eilarti kogu.<\/p>\n<p>&#8220;<em>Maalikunst ei vaja mingit uut \u00f5igustust ega kaitset, sest temas peituvad piiramatud v\u00f5imalused v\u00e4ljendada erinevates vormis\u00fcsteemides \u00fcksk\u00f5ik milliseid teemasid. Loomulikult eeldab see head kooli, andekust ja normaalset kultuurikeskkonda. Viimase all m\u00f5tlen tasakaalustatud elu\u00f5igust k\u00f5igile kunstin\u00e4htustele. Kunstniku areng s\u00f5ltub tema vaimsest t\u00e4iustumisest ja tehnoloogiad on teisej\u00e4rgulised<\/em>,&#8221; \u00fctleb J\u00fcri Arrak.<\/p>\n<p>Valmistatud Tiibeti k\u00e4sitsis\u00f5lmitud-tehnikas India vaibakudujate poolt. Tootmisaeg 8-10 n\u00e4dalat peale tellimuse l\u00f5plikku kinnitamist.<br \/>\nPeale seda 3-5 p\u00e4eva jooksul k\u00e4ttetoimetamiseks valmis.<\/p>\n<p>Tutvuge vaiban\u00e4idistega meie salongis.<br \/>\n*** Eritellimuse korral v\u00f5ib vaibamuster olla teises v\u00e4rvipalletis.<br \/>\nSamuti on teised suurused saadaval eritellimuse korral. Palun v\u00f5tke meiega \u00fchendust aadressil: info@miurio.com.***<\/p>\n<hr \/>\n<h2>TOOTEKIRJELDUS<\/h2>\n<p>W: 140 cm\u00a0x H: 190 cm<\/p>\n<p>W: 210 cm\u00a0x H: 285 cm<\/p>\n<h2>MATERJAL<\/h2>\n<p>70% UUS-MEREMAA MERIINOVILL<\/p>\n<p>30% VISKOOS<\/p>\n<h2><\/h2>\n<hr \/>\n","protected":false},"excerpt":{"rendered":"<p>ARRAK &#8220;\u200bVAATAJAD&#8221; (1970) vaip on tuntud\u00a0\u200bE\u200besti maalikunstniku J\u00fcri Arraku loomingu tekstiiliversioon hallikas-bee\u017eides toonides. Originaalmaal: \u00f5li l\u00f5uendil. 50&#215;70 cm. A. Eilarti kogu. &#8220;Maalikunst ei vaja mingit uut \u00f5igustust ega kaitset, sest&hellip;<\/p>\n","protected":false},"featured_media":10094,"comment_status":"closed","ping_status":"closed","template":"","meta":{"inline_featured_image":false,"_monsterinsights_skip_tracking":false,"_monsterinsights_sitenote_active":false,"_monsterinsights_sitenote_note":"","_monsterinsights_sitenote_category":0,"_vp_format_video_url":"","_vp_image_focal_point":[]},"product_brand":[],"product_cat":[382,173,150],"product_tag":[144],"class_list":{"0":"post-10087","1":"product","2":"type-product","3":"status-publish","4":"has-post-thumbnail","6":"product_cat-juri-arraku-merch-et","7":"product_cat-vaibad","8":"product_cat-sisustustooted","9":"product_tag-kodu-dekoor","10":"product_shipping_class-vaipade-tarne","11":"pa_collection-vaibakollektsioon","12":"pa_other-sizes-140cmx190cm-et","13":"pa_other-sizes-210cmx285cm-et","15":"first","16":"instock","17":"shipping-taxable","18":"purchasable","19":"product-type-variable"},"yoast_head":"<!-- This site is optimized with the Yoast SEO plugin v27.2 - https:\/\/yoast.com\/product\/yoast-seo-wordpress\/ -->\n<title>ARRAK &quot;VAATAJAD&quot; (1970) HALLIKAS-BEE\u017dIDES TOONIDES K\u00c4SIT\u00d6\u00d6VAIP - Miurio Design Studio<\/title>\n<meta name=\"robots\" content=\"index, follow, max-snippet:-1, max-image-preview:large, max-video-preview:-1\" \/>\n<link rel=\"canonical\" href=\"https:\/\/miurio.com\/et\/toode\/arrak-vaatajad-1970-hall-beez-varvides-kasitoovaip\/\" \/>\n<meta property=\"og:locale\" content=\"et_EE\" \/>\n<meta property=\"og:type\" content=\"article\" \/>\n<meta property=\"og:title\" content=\"ARRAK &quot;VAATAJAD&quot; (1970) HALLIKAS-BEE\u017dIDES TOONIDES K\u00c4SIT\u00d6\u00d6VAIP - Miurio Design Studio\" \/>\n<meta property=\"og:description\" content=\"ARRAK &#8220;\u200bVAATAJAD&#8221; (1970) vaip on tuntud\u00a0\u200bE\u200besti maalikunstniku J\u00fcri Arraku loomingu tekstiiliversioon hallikas-bee\u017eides toonides. Originaalmaal: \u00f5li l\u00f5uendil. 50&#215;70 cm. A. Eilarti kogu. &#8220;Maalikunst ei vaja mingit uut \u00f5igustust ega kaitset, sest&hellip;\" \/>\n<meta property=\"og:url\" content=\"https:\/\/miurio.com\/et\/toode\/arrak-vaatajad-1970-hall-beez-varvides-kasitoovaip\/\" \/>\n<meta property=\"og:site_name\" content=\"Miurio Design Studio\" \/>\n<meta property=\"article:publisher\" content=\"http:\/\/www.facebook.com\/miuriodecor\" \/>\n<meta property=\"article:modified_time\" content=\"2023-09-17T16:23:37+00:00\" \/>\n<meta property=\"og:image\" content=\"https:\/\/miurio.com\/wp-content\/uploads\/2022\/09\/VAATAJAD-grey-beige-rug.png\" \/>\n\t<meta property=\"og:image:width\" content=\"2580\" \/>\n\t<meta property=\"og:image:height\" content=\"2489\" \/>\n\t<meta property=\"og:image:type\" content=\"image\/png\" \/>\n<meta name=\"twitter:card\" content=\"summary_large_image\" \/>\n<meta name=\"twitter:label1\" content=\"Est. reading time\" \/>\n\t<meta name=\"twitter:data1\" content=\"1 minut\" \/>\n<script type=\"application\/ld+json\" class=\"yoast-schema-graph\">{\"@context\":\"https:\/\/schema.org\",\"@graph\":[{\"@type\":\"WebPage\",\"@id\":\"https:\/\/miurio.com\/et\/toode\/arrak-vaatajad-1970-hall-beez-varvides-kasitoovaip\/\",\"url\":\"https:\/\/miurio.com\/et\/toode\/arrak-vaatajad-1970-hall-beez-varvides-kasitoovaip\/\",\"name\":\"ARRAK \\\"VAATAJAD\\\" (1970) HALLIKAS-BEE\u017dIDES TOONIDES K\u00c4SIT\u00d6\u00d6VAIP - Miurio Design Studio\",\"isPartOf\":{\"@id\":\"https:\/\/miurio.com\/et\/#website\"},\"primaryImageOfPage\":{\"@id\":\"https:\/\/miurio.com\/et\/toode\/arrak-vaatajad-1970-hall-beez-varvides-kasitoovaip\/#primaryimage\"},\"image\":{\"@id\":\"https:\/\/miurio.com\/et\/toode\/arrak-vaatajad-1970-hall-beez-varvides-kasitoovaip\/#primaryimage\"},\"thumbnailUrl\":\"https:\/\/miurio.com\/wp-content\/uploads\/2022\/09\/VAATAJAD-grey-beige-rug.png\",\"datePublished\":\"2022-09-18T13:39:30+00:00\",\"dateModified\":\"2023-09-17T16:23:37+00:00\",\"breadcrumb\":{\"@id\":\"https:\/\/miurio.com\/et\/toode\/arrak-vaatajad-1970-hall-beez-varvides-kasitoovaip\/#breadcrumb\"},\"inLanguage\":\"et\",\"potentialAction\":[{\"@type\":\"ReadAction\",\"target\":[\"https:\/\/miurio.com\/et\/toode\/arrak-vaatajad-1970-hall-beez-varvides-kasitoovaip\/\"]}]},{\"@type\":\"ImageObject\",\"inLanguage\":\"et\",\"@id\":\"https:\/\/miurio.com\/et\/toode\/arrak-vaatajad-1970-hall-beez-varvides-kasitoovaip\/#primaryimage\",\"url\":\"https:\/\/miurio.com\/wp-content\/uploads\/2022\/09\/VAATAJAD-grey-beige-rug.png\",\"contentUrl\":\"https:\/\/miurio.com\/wp-content\/uploads\/2022\/09\/VAATAJAD-grey-beige-rug.png\",\"width\":2580,\"height\":2489},{\"@type\":\"BreadcrumbList\",\"@id\":\"https:\/\/miurio.com\/et\/toode\/arrak-vaatajad-1970-hall-beez-varvides-kasitoovaip\/#breadcrumb\",\"itemListElement\":[{\"@type\":\"ListItem\",\"position\":1,\"name\":\"Home\",\"item\":\"https:\/\/miurio.com\/et\/\"},{\"@type\":\"ListItem\",\"position\":2,\"name\":\"Pood\",\"item\":\"https:\/\/miurio.com\/et\/pood\/\"},{\"@type\":\"ListItem\",\"position\":3,\"name\":\"ARRAK &#8220;VAATAJAD&#8221; (1970) HALLIKAS-BEE\u017dIDES TOONIDES K\u00c4SIT\u00d6\u00d6VAIP\"}]},{\"@type\":\"WebSite\",\"@id\":\"https:\/\/miurio.com\/et\/#website\",\"url\":\"https:\/\/miurio.com\/et\/\",\"name\":\"Miurio Design Studio\",\"description\":\"MIURIO design studio website and e-shop\",\"publisher\":{\"@id\":\"https:\/\/miurio.com\/et\/#organization\"},\"potentialAction\":[{\"@type\":\"SearchAction\",\"target\":{\"@type\":\"EntryPoint\",\"urlTemplate\":\"https:\/\/miurio.com\/et\/?s={search_term_string}\"},\"query-input\":{\"@type\":\"PropertyValueSpecification\",\"valueRequired\":true,\"valueName\":\"search_term_string\"}}],\"inLanguage\":\"et\"},{\"@type\":\"Organization\",\"@id\":\"https:\/\/miurio.com\/et\/#organization\",\"name\":\"MIURIO DECOR O\u00dc\",\"url\":\"https:\/\/miurio.com\/et\/\",\"logo\":{\"@type\":\"ImageObject\",\"inLanguage\":\"et\",\"@id\":\"https:\/\/miurio.com\/et\/#\/schema\/logo\/image\/\",\"url\":\"https:\/\/miurio.com\/wp-content\/uploads\/2021\/08\/MIURIO-new-logo-3.png\",\"contentUrl\":\"https:\/\/miurio.com\/wp-content\/uploads\/2021\/08\/MIURIO-new-logo-3.png\",\"width\":1500,\"height\":1500,\"caption\":\"MIURIO DECOR O\u00dc\"},\"image\":{\"@id\":\"https:\/\/miurio.com\/et\/#\/schema\/logo\/image\/\"},\"sameAs\":[\"http:\/\/www.facebook.com\/miuriodecor\",\"https:\/\/instagram.com\/miurio_textiles\",\"https:\/\/www.pinterest.com\/miuriodecor\"]}]}<\/script>\n<!-- \/ Yoast SEO plugin. -->","yoast_head_json":{"title":"ARRAK \"VAATAJAD\" (1970) HALLIKAS-BEE\u017dIDES TOONIDES K\u00c4SIT\u00d6\u00d6VAIP - Miurio Design Studio","robots":{"index":"index","follow":"follow","max-snippet":"max-snippet:-1","max-image-preview":"max-image-preview:large","max-video-preview":"max-video-preview:-1"},"canonical":"https:\/\/miurio.com\/et\/toode\/arrak-vaatajad-1970-hall-beez-varvides-kasitoovaip\/","og_locale":"et_EE","og_type":"article","og_title":"ARRAK \"VAATAJAD\" (1970) HALLIKAS-BEE\u017dIDES TOONIDES K\u00c4SIT\u00d6\u00d6VAIP - Miurio Design Studio","og_description":"ARRAK &#8220;\u200bVAATAJAD&#8221; (1970) vaip on tuntud\u00a0\u200bE\u200besti maalikunstniku J\u00fcri Arraku loomingu tekstiiliversioon hallikas-bee\u017eides toonides. Originaalmaal: \u00f5li l\u00f5uendil. 50&#215;70 cm. A. Eilarti kogu. &#8220;Maalikunst ei vaja mingit uut \u00f5igustust ega kaitset, sest&hellip;","og_url":"https:\/\/miurio.com\/et\/toode\/arrak-vaatajad-1970-hall-beez-varvides-kasitoovaip\/","og_site_name":"Miurio Design Studio","article_publisher":"http:\/\/www.facebook.com\/miuriodecor","article_modified_time":"2023-09-17T16:23:37+00:00","og_image":[{"width":2580,"height":2489,"url":"https:\/\/miurio.com\/wp-content\/uploads\/2022\/09\/VAATAJAD-grey-beige-rug.png","type":"image\/png"}],"twitter_card":"summary_large_image","twitter_misc":{"Est. reading time":"1 minut"},"schema":{"@context":"https:\/\/schema.org","@graph":[{"@type":"WebPage","@id":"https:\/\/miurio.com\/et\/toode\/arrak-vaatajad-1970-hall-beez-varvides-kasitoovaip\/","url":"https:\/\/miurio.com\/et\/toode\/arrak-vaatajad-1970-hall-beez-varvides-kasitoovaip\/","name":"ARRAK \"VAATAJAD\" (1970) HALLIKAS-BEE\u017dIDES TOONIDES K\u00c4SIT\u00d6\u00d6VAIP - Miurio Design Studio","isPartOf":{"@id":"https:\/\/miurio.com\/et\/#website"},"primaryImageOfPage":{"@id":"https:\/\/miurio.com\/et\/toode\/arrak-vaatajad-1970-hall-beez-varvides-kasitoovaip\/#primaryimage"},"image":{"@id":"https:\/\/miurio.com\/et\/toode\/arrak-vaatajad-1970-hall-beez-varvides-kasitoovaip\/#primaryimage"},"thumbnailUrl":"https:\/\/miurio.com\/wp-content\/uploads\/2022\/09\/VAATAJAD-grey-beige-rug.png","datePublished":"2022-09-18T13:39:30+00:00","dateModified":"2023-09-17T16:23:37+00:00","breadcrumb":{"@id":"https:\/\/miurio.com\/et\/toode\/arrak-vaatajad-1970-hall-beez-varvides-kasitoovaip\/#breadcrumb"},"inLanguage":"et","potentialAction":[{"@type":"ReadAction","target":["https:\/\/miurio.com\/et\/toode\/arrak-vaatajad-1970-hall-beez-varvides-kasitoovaip\/"]}]},{"@type":"ImageObject","inLanguage":"et","@id":"https:\/\/miurio.com\/et\/toode\/arrak-vaatajad-1970-hall-beez-varvides-kasitoovaip\/#primaryimage","url":"https:\/\/miurio.com\/wp-content\/uploads\/2022\/09\/VAATAJAD-grey-beige-rug.png","contentUrl":"https:\/\/miurio.com\/wp-content\/uploads\/2022\/09\/VAATAJAD-grey-beige-rug.png","width":2580,"height":2489},{"@type":"BreadcrumbList","@id":"https:\/\/miurio.com\/et\/toode\/arrak-vaatajad-1970-hall-beez-varvides-kasitoovaip\/#breadcrumb","itemListElement":[{"@type":"ListItem","position":1,"name":"Home","item":"https:\/\/miurio.com\/et\/"},{"@type":"ListItem","position":2,"name":"Pood","item":"https:\/\/miurio.com\/et\/pood\/"},{"@type":"ListItem","position":3,"name":"ARRAK &#8220;VAATAJAD&#8221; (1970) HALLIKAS-BEE\u017dIDES TOONIDES K\u00c4SIT\u00d6\u00d6VAIP"}]},{"@type":"WebSite","@id":"https:\/\/miurio.com\/et\/#website","url":"https:\/\/miurio.com\/et\/","name":"Miurio Design Studio","description":"MIURIO design studio website and e-shop","publisher":{"@id":"https:\/\/miurio.com\/et\/#organization"},"potentialAction":[{"@type":"SearchAction","target":{"@type":"EntryPoint","urlTemplate":"https:\/\/miurio.com\/et\/?s={search_term_string}"},"query-input":{"@type":"PropertyValueSpecification","valueRequired":true,"valueName":"search_term_string"}}],"inLanguage":"et"},{"@type":"Organization","@id":"https:\/\/miurio.com\/et\/#organization","name":"MIURIO DECOR O\u00dc","url":"https:\/\/miurio.com\/et\/","logo":{"@type":"ImageObject","inLanguage":"et","@id":"https:\/\/miurio.com\/et\/#\/schema\/logo\/image\/","url":"https:\/\/miurio.com\/wp-content\/uploads\/2021\/08\/MIURIO-new-logo-3.png","contentUrl":"https:\/\/miurio.com\/wp-content\/uploads\/2021\/08\/MIURIO-new-logo-3.png","width":1500,"height":1500,"caption":"MIURIO DECOR O\u00dc"},"image":{"@id":"https:\/\/miurio.com\/et\/#\/schema\/logo\/image\/"},"sameAs":["http:\/\/www.facebook.com\/miuriodecor","https:\/\/instagram.com\/miurio_textiles","https:\/\/www.pinterest.com\/miuriodecor"]}]}},"_links":{"self":[{"href":"https:\/\/miurio.com\/et\/wp-json\/wp\/v2\/product\/10087","targetHints":{"allow":["GET"]}}],"collection":[{"href":"https:\/\/miurio.com\/et\/wp-json\/wp\/v2\/product"}],"about":[{"href":"https:\/\/miurio.com\/et\/wp-json\/wp\/v2\/types\/product"}],"replies":[{"embeddable":true,"href":"https:\/\/miurio.com\/et\/wp-json\/wp\/v2\/comments?post=10087"}],"wp:featuredmedia":[{"embeddable":true,"href":"https:\/\/miurio.com\/et\/wp-json\/wp\/v2\/media\/10094"}],"wp:attachment":[{"href":"https:\/\/miurio.com\/et\/wp-json\/wp\/v2\/media?parent=10087"}],"wp:term":[{"taxonomy":"product_brand","embeddable":true,"href":"https:\/\/miurio.com\/et\/wp-json\/wp\/v2\/product_brand?post=10087"},{"taxonomy":"product_cat","embeddable":true,"href":"https:\/\/miurio.com\/et\/wp-json\/wp\/v2\/product_cat?post=10087"},{"taxonomy":"product_tag","embeddable":true,"href":"https:\/\/miurio.com\/et\/wp-json\/wp\/v2\/product_tag?post=10087"}],"curies":[{"name":"wp","href":"https:\/\/api.w.org\/{rel}","templated":true}]}}