{"id":9895,"date":"2022-07-18T11:07:28","date_gmt":"2022-07-18T11:07:28","guid":{"rendered":"https:\/\/miurio.com\/?page_id=9895"},"modified":"2022-07-18T12:13:38","modified_gmt":"2022-07-18T12:13:38","slug":"arrak-x-miurio-koostoo","status":"publish","type":"page","link":"https:\/\/miurio.com\/et\/arrak-x-miurio-koostoo\/","title":{"rendered":"ARRAK x MIURIO KOOST\u00d6\u00d6"},"content":{"rendered":"<div class=\"wpb-content-wrapper\"><p>[vc_row][vc_column][vc_column_text]<\/p>\n<h2 class=\"font_8\" style=\"text-align: center;\"><span class=\"color_30\">ARRAK x MIURIO koost\u00f6\u00f6<\/span><\/h2>\n<div class=\"gmail_default\">\n<div class=\"gmail_default\"><span style=\"font-size: 14px;\">MIURIO disainistuudio alustab sel suvel tulemuslikku koost\u00f6\u00f6d Eesti \u00fche tuntuima maalikunstniku J\u00fcri Arrakuga. See on t\u00f5eline au t\u00f6\u00f6tada k\u00f5rvuti nii andeka ja produktiivse maalikunstnikuga, kellel on tohutu loome- ja elukogemus.<\/span><br \/>\n<span style=\"font-size: 14px;\">\u00a0<\/span><br \/>\n<span style=\"font-size: 14px;\">P\u00fc\u00fcame oma showroomi ja veebipoe kaudu tutvustada kodumaisetele ja rahvusvahelistele klientidele erineva mastaabiga p\u00f5nevaid kunsti- ja moebr\u00e4nde. See on meie viis kunsti ja disaini kokku viimiseks ning ka noorte disainerite toetamiseks, luues \u00e4ri- ja s\u00f5prussuhete v\u00f5rgustikku loomevaldkonnas.<\/span><\/div>\n<\/div>\n<h3 style=\"text-align: center;\"><span style=\"color: #b0a171;\"><span style=\"caret-color: #b0a171;\"><i>J\u00fcri Arrak<\/i><\/span><\/span><\/h3>\n<p><span style=\"font-size: 14px;\">J\u00fcri Arrak (s. 1936 Tallinnas) on Eesti kaasaegse kunsti suurkuju ja elav legend, \u00fcks hinnatumaid ning armastatumaid Eesti kunstnikke. Arrak on mitmek\u00fclgne looja, kes teinud nii metall-ehist\u00f6\u00f6d, vaipu, kunstnikut\u00f6\u00f6d joonisfilmile, happening\u2019e, installatsioone, olles peamiselt keskendunud siiski maalile ning graafikale.<\/span><\/p>\n<p><span style=\"font-size: 14px;\">Arrak tuli kunstiareenile 1960. aastatel ning temast kujunes kiiresti \u00fcks Eesti j\u00f5ulisemaid kunstnikunatuure. Tema loomingu algusperioodi kuuluvad Salvador Dali ja Pablo Picasso t\u00f6\u00f6dest,inspireeritud s\u00fcrrealistlikud katsetused, milles ilmnesid samas ka kunstniku hilisema stiili p\u00f5hialged: kontrastsed v\u00e4rvid, figuuri ja ruumi deformeerimine, huumor, sotsiaalne tundlikkus.<\/span><\/p>\n<p><span style=\"font-size: 14px;\">Arraku jutustav maailm sisaldab suure sisendusj\u00f5uga ootamatuid n\u00e4gemusi, paradokse ja metafoore, milles on \u201elahutamatult koos maskeraad ning pihtimus\u201c (Boris Bernstein). Tema \u00e4ratuntavaimaks kangelaseks on maalist maali korduv masktegelaskuju \u2013 paljudele eestlastele tuntud muuhulgas joonisfilmist \u201eSuur T\u00f5ll\u201c ja ansambli \u201eMetsat\u00f6ll\u201c albumikaanelt.<\/span><\/p>\n<p><span style=\"font-size: 14px;\">Teoseid kogudes: kodumaal Eesti Kunstimuuseum, Tartu Kunstimuuseum, Tallinna Kunstihoone; Ameerika \u00dchendriikides Moodsa Kunsti Muuseum (New York); \u00a0New Yorgi Avalik Raamatukogu; Zimmerli Kunstimuuseum; Rutgersi \u00dclikool, (New Jersey); Mint\u2019i Kunstimuuseum (Charlotte, P\u00f5hja-Carolina); New Orleansi Kunstimuuseum; Valge Maja (Washington D. C.); Cremona Fond, (Mechanicsville); Grinnell College (Iowa); mujal: Krakovi Rahvusmuuseum (Poola); Tretjakovi Galerii, (Moskva, Venemaa); Ludwigi Muuseum (K\u00f6ln, Saksamaa); paljud erakogud.<\/span>[\/vc_column_text]<p class=\"konte-button-wrapper text-center\"><a href=\"https:\/\/miurio.com\/et\/juri-arraku-merch-et\/\" class=\"konte-button button-normal text-default align-center normal   button square\">Ostle J\u00fcri Arraku kunstitooteid<\/a><\/p>[\/vc_column][\/vc_row][vc_row][vc_column width=&#8221;1\/2&#8243;]<div class=\"konte-team-member  \">\n\t\t\t\t<img loading=\"lazy\" decoding=\"async\" width=\"1920\" height=\"1440\" src=\"https:\/\/miurio.com\/wp-content\/uploads\/2022\/07\/1012780h3f18t47.jpg\" class=\"attachment-full\" alt=\"\" title=\"1012780h3f18t47\" srcset=\"https:\/\/miurio.com\/wp-content\/uploads\/2022\/07\/1012780h3f18t47.jpg 1920w, https:\/\/miurio.com\/wp-content\/uploads\/2022\/07\/1012780h3f18t47-300x225.jpg 300w, https:\/\/miurio.com\/wp-content\/uploads\/2022\/07\/1012780h3f18t47-1024x768.jpg 1024w, https:\/\/miurio.com\/wp-content\/uploads\/2022\/07\/1012780h3f18t47-768x576.jpg 768w, https:\/\/miurio.com\/wp-content\/uploads\/2022\/07\/1012780h3f18t47-1536x1152.jpg 1536w, https:\/\/miurio.com\/wp-content\/uploads\/2022\/07\/1012780h3f18t47-500x375.jpg 500w, https:\/\/miurio.com\/wp-content\/uploads\/2022\/07\/1012780h3f18t47-800x600.jpg 800w, https:\/\/miurio.com\/wp-content\/uploads\/2022\/07\/1012780h3f18t47-1280x960.jpg 1280w, https:\/\/miurio.com\/wp-content\/uploads\/2022\/07\/1012780h3f18t47-600x450.jpg 600w\" sizes=\"auto, (max-width: 1920px) 100vw, 1920px\" \/>\n\t\t\t\t<div class=\"konte-team-member__info\">\n\t\t\t\t\t<h5 class=\"konte-team-member__name\">J\u00fcri Arrak<\/h5>\n\t\t\t\t\t<span class=\"konte-team-member__job\">Eesti maalikunsti grand old man<\/span>\n\t\t\t\t\t<span class=\"konte-team-member__socials\"><\/span>\n\t\t\t\t<\/div>\n\t\t\t<\/div><div class=\"konte-team-member  \">\n\t\t\t\t<img loading=\"lazy\" decoding=\"async\" width=\"892\" height=\"1200\" src=\"https:\/\/miurio.com\/wp-content\/uploads\/2022\/07\/Screenshot-2022-07-13-at-15.35.20.png\" class=\"attachment-full\" alt=\"\" title=\"Screenshot 2022-07-13 at 15.35.20\" srcset=\"https:\/\/miurio.com\/wp-content\/uploads\/2022\/07\/Screenshot-2022-07-13-at-15.35.20.png 892w, https:\/\/miurio.com\/wp-content\/uploads\/2022\/07\/Screenshot-2022-07-13-at-15.35.20-223x300.png 223w, https:\/\/miurio.com\/wp-content\/uploads\/2022\/07\/Screenshot-2022-07-13-at-15.35.20-761x1024.png 761w, https:\/\/miurio.com\/wp-content\/uploads\/2022\/07\/Screenshot-2022-07-13-at-15.35.20-768x1033.png 768w, https:\/\/miurio.com\/wp-content\/uploads\/2022\/07\/Screenshot-2022-07-13-at-15.35.20-500x673.png 500w, https:\/\/miurio.com\/wp-content\/uploads\/2022\/07\/Screenshot-2022-07-13-at-15.35.20-800x1076.png 800w, https:\/\/miurio.com\/wp-content\/uploads\/2022\/07\/Screenshot-2022-07-13-at-15.35.20-600x807.png 600w\" sizes=\"auto, (max-width: 892px) 100vw, 892px\" \/>\n\t\t\t\t<div class=\"konte-team-member__info\">\n\t\t\t\t\t<h5 class=\"konte-team-member__name\">Kompositsioon figuuridega (1967). 80x60cm.<\/h5>\n\t\t\t\t\t<span class=\"konte-team-member__job\">\u00d5li, l\u00f5uend, erakogu.<\/span>\n\t\t\t\t\t<span class=\"konte-team-member__socials\"><\/span>\n\t\t\t\t<\/div>\n\t\t\t<\/div>[\/vc_column][vc_column width=&#8221;1\/2&#8243;][vc_column_text]<\/p>\n<h2 class=\"font_8\">J\u00fcri Arrak<\/h2>\n<p><span style=\"font-size: 14px;\"><strong>BIOGRAAFIA ARVUDES<\/strong><\/span><\/p>\n<p><span style=\"font-size: 14px;\">24. 10. 1936 \u00a0 &#8211; \u00a0 s\u00fcndis Tallinnas.<\/span><br \/>\n<span style=\"font-size: 14px;\">1944 \u2013 1951 \u00a0 &#8211; \u00a0 \u00f5ppis mitmes erinevas koolis \u00fcle Eesti s\u00f5jaj\u00e4rgse keerulise olukorra t\u00f5ttu.<\/span><br \/>\n<span style=\"font-size: 14px;\">1951 \u2013 1955 \u00a0 &#8211; \u00a0 Tallinna M\u00e4etehnikum. M\u00e4eelektromehhaaniku kutse.<\/span><br \/>\n<span style=\"font-size: 14px;\">1955 \u2013 1958 \u00a0 &#8211; \u00a0 Teenistus N\u00f5ukogude armees. Autojuht Leningradis.<\/span><br \/>\n<span style=\"font-size: 14px;\">1958 \u2013 1960 \u00a0 &#8211; \u00a0 Elas ja t\u00f6\u00f6tas Leningradis \u00a0 joonestaja-konstruktorina ning taksojuhina.<\/span><br \/>\n<span style=\"font-size: 14px;\">Astus Leningradi M\u00e4einstituuti, kuid ei \u00f5ppinud seal.<\/span><br \/>\n<span style=\"font-size: 14px;\"><span class=\"gmail_default\">\u200b1\u200b<\/span>961 \u2013 1966 \u00a0 &#8211; \u00a0 \u00f5ppis Eesti Riiklikus Kunstiinstituudis metallehist\u00f6\u00f6 erialal.<\/span><br \/>\n<span style=\"font-size: 14px;\">1967 \u2013 1968 \u00a0 &#8211; \u00a0 Tallinna Metallitoodete tehas. T\u00f6\u00f6tas kunstnikuna.<\/span><br \/>\n<span style=\"font-size: 14px;\">1969 \u00a0 &#8211; \u00a0 v\u00f5eti vastu ENSV Kunstnike Liitu, sellest alates vabakutseline kunstnik.<\/span><br \/>\n<span style=\"font-size: 14px;\">1972 \u2013 1973 \u00a0 &#8211; \u00a0 Kunstnike Liidu Graafikasektsiooni esimees<\/span><br \/>\n<span style=\"font-size: 14px;\">1982 \u2013 1987 \u00a0 &#8211; \u00a0 Kunstnike Liidu Maalisektsiooni esimees<\/span><br \/>\n<span style=\"font-size: 14px;\">1992 \u00a0 &#8211; \u00a0 Eesti Maalijate Liidu liige<\/span><br \/>\n<span style=\"font-size: 14px;\">1996 \u2013 1997 \u00a0 &#8211; \u00a0 Tartu \u00dclikooli kaunite kunstide kutsutud professor<\/span><br \/>\n<span style=\"font-size: 14px;\">2003 \u00a0 &#8211; \u00a0 Euroopa Teaduste ja Kunstide Akadeemia liige<\/span><\/p>\n<p><span style=\"font-size: 14px;\"><strong>OLULISEMAD T\u00d6\u00d6D<\/strong><\/span><\/p>\n<p><span style=\"font-size: 14px;\">Halliste kiriku altarimaal 1990<\/span><br \/>\n<span style=\"font-size: 14px;\">Maalid Estonia Kontserdisaalile 1998<\/span><br \/>\n<span style=\"font-size: 14px;\">Eesti Usuteaduste Instituudi P\u00fcha Risti kabeli kujundus 2000<\/span><br \/>\n<span style=\"font-size: 14px;\">Eesti Teatri-ja Muusikaakadeemia oreli tiibade maalid 2001<\/span><\/p>\n<p><strong style=\"font-size: 14px;\">PORTREEMAALID<\/strong><\/p>\n<p><span style=\"font-size: 14px;\">\u201eProfessor Juri Lotman\u201d 1994; \u201eRektor Peeter Tulviste\u201d 1995; \u201eKompositsioon Neeme J\u00e4rviga\u201d 1998; \u201e Andrus Ansip\u201d 2004; \u201ePresident Lennart Meri\u201d 2007; \u201eMikk Mikiver\u201d 2007; \u201eRiigikohtu esimees M\u00e4rt Rask\u201d 2013; \u201eRiigikogu esimees Eiki Nestor\u201d 2014.<\/span><\/p>\n<p><span style=\"font-size: 14px;\">Graafikamapid: \u00a0\u201eEesti Rahvam\u00e4ngud\u201d 1979; \u00a0 &#8220;Kalevala\u201d 1985<\/span><\/p>\n<p><strong style=\"font-size: 14px;\">TEATRI- JA FILMIKUJUNDUSED<\/strong><\/p>\n<p><span style=\"font-size: 14px;\">V. Vahing \u201eMees, kes ei mahu kivile\u201d 1975, teater Vanemuine, Tartu<\/span><br \/>\n<span style=\"font-size: 14px;\">Moliere \u201eTartuffe\u201d 1975, teater Endla, P\u00e4rnu<\/span><br \/>\n<span style=\"font-size: 14px;\">Joonisfilmi \u201eSuur T\u00f5ll\u201d peakunstnik, 1980<\/span><br \/>\n<span style=\"font-size: 14px;\">M\u00e4ngufilmide \u201eGladiaator\u201d 1969 ja \u201eKihnu J\u00f5nn\u201d 1971 kunstnik-lavastaja stuudios \u201eTallinnfilm\u201d<\/span><br \/>\n<span style=\"font-size: 14px;\">M\u00e4ngufilmis \u201eJ\u00f5ulud Vigalas\u201d 1980 \u00a0Ants Laikmaa osat\u00e4itja.<\/span><br \/>\n<span style=\"font-size: 14px;\">J.Arraku kavandite j\u00e4rgi on kootud 19 gobel\u00e4\u00e4nvaipa (teostaja Olga Dimitrijeva Arhangelskis).<\/span><br \/>\n<span style=\"font-size: 14px;\">Lasteraamatu \u201ePanga-Rehe jutud\u201d 1975 autor ja illustraator.<\/span><br \/>\n<span style=\"font-size: 14px;\">Artiklikogumiku \u201eV\u00f5sa,aas ja m\u00e4gi\u201d 2003 autor ja illustraator.<\/span><br \/>\n<span style=\"font-size: 14px;\">Ilmunud on raamatud J.Arraku kirjavahetus Ilmar Venega \u201eIlma naljata\u201d 2016, \u201eKiri ei peta\u201c 2017 ja \u201e\u00d5htumaiselt\u201c 2018<\/span><br \/>\n<span style=\"font-size: 14px;\">V\u00e4lja andnud bibliograafilise teose \u201eJ\u00fcri Arraku Kunstiaed\u201c.<\/span><br \/>\n<span style=\"font-size: 14px;\">Plaadikujundused ansamblile Metsat\u00f6ll.<span style=\"color: #000000;\">\u00a0<\/span><\/span><\/p>\n<p><strong><span style=\"font-size: 14px;\">T\u00c4HTSAMAD AUTASUD<\/span><\/strong><\/p>\n<p><span style=\"font-size: 14px;\">1977 \u00a0 ENSV Kunstnike Liidu Maalikunsti Aastapreemia<\/span><br \/>\n<span style=\"font-size: 14px;\">1985 \u00a0 Kreutzwaldi M\u00e4lestusmedal<\/span><br \/>\n<span style=\"font-size: 14px;\">1986 \u00a0 ENSV Kunstnike Liidu Maalikunsti Aastapreemia<\/span><br \/>\n<span style=\"font-size: 14px;\">1988 \u00a0 ENSV Teeneline kunstnik<\/span><br \/>\n<span style=\"font-size: 14px;\">1990 \u00a0 Kristjan Raua nimeline Aastapreemia<\/span><br \/>\n<span style=\"font-size: 14px;\">1996 \u00a0 Eesti Rahvuskultuuri Fondi Aastapreemia<\/span><br \/>\n<span style=\"font-size: 14px;\">1997 \u00a0 Konrad M\u00e4e nimeline medal<\/span><br \/>\n<span style=\"font-size: 14px;\">1999 \u00a0 Sajandi sada suurkuju, valitud k\u00fcmne kunstniku hulka<\/span><br \/>\n<span style=\"font-size: 14px;\">2000 \u00a0 Valget\u00e4he teenetem\u00e4rk,II klass<\/span><br \/>\n<span style=\"font-size: 14px;\">2006 \u00a0 Eesti Kultuuriministeeriumi preemia<\/span><br \/>\n<span style=\"font-size: 14px;\">2007 \u00a0 Eesti Kunstnike Liidu auliige<\/span><br \/>\n<span style=\"font-size: 14px;\">2007 \u00a0 Eesti Rahvuskultuuri Fondi Elut\u00f6\u00f6preemia<\/span><br \/>\n<span style=\"font-size: 14px;\">2007 \u00a0 EELK Teeneteristi III j\u00e4rk<\/span><br \/>\n<span style=\"font-size: 14px;\">2008 \u00a0 Isamaa ja Respublica Liidu Rahvuskultuuri \u00dchenduse Aastapreemia<\/span><br \/>\n<span style=\"font-size: 14px;\">2009 \u00a0 Kaitseministeeriumi Kuldrinnam\u00e4rk<\/span><br \/>\n<span style=\"font-size: 14px;\">2015 \u00a0 EELK Toomkoguduse Maarja Medal ja Kultuuripreemia<\/span>[\/vc_column_text][\/vc_column][\/vc_row]<\/p>\n<\/div>","protected":false},"excerpt":{"rendered":"<p>[vc_row][vc_column][vc_column_text] ARRAK x MIURIO koost\u00f6\u00f6 MIURIO disainistuudio alustab sel suvel tulemuslikku koost\u00f6\u00f6d Eesti \u00fche tuntuima maalikunstniku J\u00fcri Arrakuga. See on t\u00f5eline au t\u00f6\u00f6tada k\u00f5rvuti nii andeka ja produktiivse maalikunstnikuga, kellel&hellip;<\/p>\n","protected":false},"author":2,"featured_media":9852,"parent":0,"menu_order":0,"comment_status":"closed","ping_status":"closed","template":"","meta":{"inline_featured_image":false,"_monsterinsights_skip_tracking":false,"_monsterinsights_sitenote_active":false,"_monsterinsights_sitenote_note":"","_monsterinsights_sitenote_category":0,"_vp_format_video_url":"","_vp_image_focal_point":[],"footnotes":""},"class_list":["post-9895","page","type-page","status-publish","has-post-thumbnail","hentry"],"yoast_head":"<!-- This site is optimized with the Yoast SEO plugin v27.2 - https:\/\/yoast.com\/product\/yoast-seo-wordpress\/ -->\n<title>ARRAK x MIURIO KOOST\u00d6\u00d6 - Miurio Design Studio<\/title>\n<meta name=\"robots\" content=\"index, follow, max-snippet:-1, max-image-preview:large, max-video-preview:-1\" \/>\n<link rel=\"canonical\" href=\"https:\/\/miurio.com\/et\/arrak-x-miurio-koostoo\/\" \/>\n<meta property=\"og:locale\" content=\"et_EE\" \/>\n<meta property=\"og:type\" content=\"article\" \/>\n<meta property=\"og:title\" content=\"ARRAK x MIURIO KOOST\u00d6\u00d6 - Miurio Design Studio\" \/>\n<meta property=\"og:description\" content=\"[vc_row][vc_column][vc_column_text] ARRAK x MIURIO koost\u00f6\u00f6 MIURIO disainistuudio alustab sel suvel tulemuslikku koost\u00f6\u00f6d Eesti \u00fche tuntuima maalikunstniku J\u00fcri Arrakuga. See on t\u00f5eline au t\u00f6\u00f6tada k\u00f5rvuti nii andeka ja produktiivse maalikunstnikuga, kellel&hellip;\" \/>\n<meta property=\"og:url\" content=\"https:\/\/miurio.com\/et\/arrak-x-miurio-koostoo\/\" \/>\n<meta property=\"og:site_name\" content=\"Miurio Design Studio\" \/>\n<meta property=\"article:publisher\" content=\"http:\/\/www.facebook.com\/miuriodecor\" \/>\n<meta property=\"article:modified_time\" content=\"2022-07-18T12:13:38+00:00\" \/>\n<meta property=\"og:image\" content=\"https:\/\/miurio.com\/wp-content\/uploads\/2022\/07\/Screenshot-2022-07-15-at-13.22.31.png\" \/>\n\t<meta property=\"og:image:width\" content=\"1116\" \/>\n\t<meta property=\"og:image:height\" content=\"922\" \/>\n\t<meta property=\"og:image:type\" content=\"image\/png\" \/>\n<meta name=\"twitter:card\" content=\"summary_large_image\" \/>\n<meta name=\"twitter:label1\" content=\"Est. reading time\" \/>\n\t<meta name=\"twitter:data1\" content=\"3 minutit\" \/>\n<script type=\"application\/ld+json\" class=\"yoast-schema-graph\">{\"@context\":\"https:\/\/schema.org\",\"@graph\":[{\"@type\":\"WebPage\",\"@id\":\"https:\/\/miurio.com\/et\/arrak-x-miurio-koostoo\/\",\"url\":\"https:\/\/miurio.com\/et\/arrak-x-miurio-koostoo\/\",\"name\":\"ARRAK x MIURIO KOOST\u00d6\u00d6 - Miurio Design Studio\",\"isPartOf\":{\"@id\":\"https:\/\/miurio.com\/et\/#website\"},\"primaryImageOfPage\":{\"@id\":\"https:\/\/miurio.com\/et\/arrak-x-miurio-koostoo\/#primaryimage\"},\"image\":{\"@id\":\"https:\/\/miurio.com\/et\/arrak-x-miurio-koostoo\/#primaryimage\"},\"thumbnailUrl\":\"https:\/\/miurio.com\/wp-content\/uploads\/2022\/07\/Screenshot-2022-07-15-at-13.22.31.png\",\"datePublished\":\"2022-07-18T11:07:28+00:00\",\"dateModified\":\"2022-07-18T12:13:38+00:00\",\"breadcrumb\":{\"@id\":\"https:\/\/miurio.com\/et\/arrak-x-miurio-koostoo\/#breadcrumb\"},\"inLanguage\":\"et\",\"potentialAction\":[{\"@type\":\"ReadAction\",\"target\":[\"https:\/\/miurio.com\/et\/arrak-x-miurio-koostoo\/\"]}]},{\"@type\":\"ImageObject\",\"inLanguage\":\"et\",\"@id\":\"https:\/\/miurio.com\/et\/arrak-x-miurio-koostoo\/#primaryimage\",\"url\":\"https:\/\/miurio.com\/wp-content\/uploads\/2022\/07\/Screenshot-2022-07-15-at-13.22.31.png\",\"contentUrl\":\"https:\/\/miurio.com\/wp-content\/uploads\/2022\/07\/Screenshot-2022-07-15-at-13.22.31.png\",\"width\":1116,\"height\":922},{\"@type\":\"BreadcrumbList\",\"@id\":\"https:\/\/miurio.com\/et\/arrak-x-miurio-koostoo\/#breadcrumb\",\"itemListElement\":[{\"@type\":\"ListItem\",\"position\":1,\"name\":\"Home\",\"item\":\"https:\/\/miurio.com\/et\/\"},{\"@type\":\"ListItem\",\"position\":2,\"name\":\"ARRAK x MIURIO KOOST\u00d6\u00d6\"}]},{\"@type\":\"WebSite\",\"@id\":\"https:\/\/miurio.com\/et\/#website\",\"url\":\"https:\/\/miurio.com\/et\/\",\"name\":\"Miurio Design Studio\",\"description\":\"MIURIO design studio website and e-shop\",\"publisher\":{\"@id\":\"https:\/\/miurio.com\/et\/#organization\"},\"potentialAction\":[{\"@type\":\"SearchAction\",\"target\":{\"@type\":\"EntryPoint\",\"urlTemplate\":\"https:\/\/miurio.com\/et\/?s={search_term_string}\"},\"query-input\":{\"@type\":\"PropertyValueSpecification\",\"valueRequired\":true,\"valueName\":\"search_term_string\"}}],\"inLanguage\":\"et\"},{\"@type\":\"Organization\",\"@id\":\"https:\/\/miurio.com\/et\/#organization\",\"name\":\"MIURIO DECOR O\u00dc\",\"url\":\"https:\/\/miurio.com\/et\/\",\"logo\":{\"@type\":\"ImageObject\",\"inLanguage\":\"et\",\"@id\":\"https:\/\/miurio.com\/et\/#\/schema\/logo\/image\/\",\"url\":\"https:\/\/miurio.com\/wp-content\/uploads\/2021\/08\/MIURIO-new-logo-3.png\",\"contentUrl\":\"https:\/\/miurio.com\/wp-content\/uploads\/2021\/08\/MIURIO-new-logo-3.png\",\"width\":1500,\"height\":1500,\"caption\":\"MIURIO DECOR O\u00dc\"},\"image\":{\"@id\":\"https:\/\/miurio.com\/et\/#\/schema\/logo\/image\/\"},\"sameAs\":[\"http:\/\/www.facebook.com\/miuriodecor\",\"https:\/\/instagram.com\/miurio_textiles\",\"https:\/\/www.pinterest.com\/miuriodecor\"]}]}<\/script>\n<!-- \/ Yoast SEO plugin. -->","yoast_head_json":{"title":"ARRAK x MIURIO KOOST\u00d6\u00d6 - Miurio Design Studio","robots":{"index":"index","follow":"follow","max-snippet":"max-snippet:-1","max-image-preview":"max-image-preview:large","max-video-preview":"max-video-preview:-1"},"canonical":"https:\/\/miurio.com\/et\/arrak-x-miurio-koostoo\/","og_locale":"et_EE","og_type":"article","og_title":"ARRAK x MIURIO KOOST\u00d6\u00d6 - Miurio Design Studio","og_description":"[vc_row][vc_column][vc_column_text] ARRAK x MIURIO koost\u00f6\u00f6 MIURIO disainistuudio alustab sel suvel tulemuslikku koost\u00f6\u00f6d Eesti \u00fche tuntuima maalikunstniku J\u00fcri Arrakuga. See on t\u00f5eline au t\u00f6\u00f6tada k\u00f5rvuti nii andeka ja produktiivse maalikunstnikuga, kellel&hellip;","og_url":"https:\/\/miurio.com\/et\/arrak-x-miurio-koostoo\/","og_site_name":"Miurio Design Studio","article_publisher":"http:\/\/www.facebook.com\/miuriodecor","article_modified_time":"2022-07-18T12:13:38+00:00","og_image":[{"width":1116,"height":922,"url":"https:\/\/miurio.com\/wp-content\/uploads\/2022\/07\/Screenshot-2022-07-15-at-13.22.31.png","type":"image\/png"}],"twitter_card":"summary_large_image","twitter_misc":{"Est. reading time":"3 minutit"},"schema":{"@context":"https:\/\/schema.org","@graph":[{"@type":"WebPage","@id":"https:\/\/miurio.com\/et\/arrak-x-miurio-koostoo\/","url":"https:\/\/miurio.com\/et\/arrak-x-miurio-koostoo\/","name":"ARRAK x MIURIO KOOST\u00d6\u00d6 - Miurio Design Studio","isPartOf":{"@id":"https:\/\/miurio.com\/et\/#website"},"primaryImageOfPage":{"@id":"https:\/\/miurio.com\/et\/arrak-x-miurio-koostoo\/#primaryimage"},"image":{"@id":"https:\/\/miurio.com\/et\/arrak-x-miurio-koostoo\/#primaryimage"},"thumbnailUrl":"https:\/\/miurio.com\/wp-content\/uploads\/2022\/07\/Screenshot-2022-07-15-at-13.22.31.png","datePublished":"2022-07-18T11:07:28+00:00","dateModified":"2022-07-18T12:13:38+00:00","breadcrumb":{"@id":"https:\/\/miurio.com\/et\/arrak-x-miurio-koostoo\/#breadcrumb"},"inLanguage":"et","potentialAction":[{"@type":"ReadAction","target":["https:\/\/miurio.com\/et\/arrak-x-miurio-koostoo\/"]}]},{"@type":"ImageObject","inLanguage":"et","@id":"https:\/\/miurio.com\/et\/arrak-x-miurio-koostoo\/#primaryimage","url":"https:\/\/miurio.com\/wp-content\/uploads\/2022\/07\/Screenshot-2022-07-15-at-13.22.31.png","contentUrl":"https:\/\/miurio.com\/wp-content\/uploads\/2022\/07\/Screenshot-2022-07-15-at-13.22.31.png","width":1116,"height":922},{"@type":"BreadcrumbList","@id":"https:\/\/miurio.com\/et\/arrak-x-miurio-koostoo\/#breadcrumb","itemListElement":[{"@type":"ListItem","position":1,"name":"Home","item":"https:\/\/miurio.com\/et\/"},{"@type":"ListItem","position":2,"name":"ARRAK x MIURIO KOOST\u00d6\u00d6"}]},{"@type":"WebSite","@id":"https:\/\/miurio.com\/et\/#website","url":"https:\/\/miurio.com\/et\/","name":"Miurio Design Studio","description":"MIURIO design studio website and e-shop","publisher":{"@id":"https:\/\/miurio.com\/et\/#organization"},"potentialAction":[{"@type":"SearchAction","target":{"@type":"EntryPoint","urlTemplate":"https:\/\/miurio.com\/et\/?s={search_term_string}"},"query-input":{"@type":"PropertyValueSpecification","valueRequired":true,"valueName":"search_term_string"}}],"inLanguage":"et"},{"@type":"Organization","@id":"https:\/\/miurio.com\/et\/#organization","name":"MIURIO DECOR O\u00dc","url":"https:\/\/miurio.com\/et\/","logo":{"@type":"ImageObject","inLanguage":"et","@id":"https:\/\/miurio.com\/et\/#\/schema\/logo\/image\/","url":"https:\/\/miurio.com\/wp-content\/uploads\/2021\/08\/MIURIO-new-logo-3.png","contentUrl":"https:\/\/miurio.com\/wp-content\/uploads\/2021\/08\/MIURIO-new-logo-3.png","width":1500,"height":1500,"caption":"MIURIO DECOR O\u00dc"},"image":{"@id":"https:\/\/miurio.com\/et\/#\/schema\/logo\/image\/"},"sameAs":["http:\/\/www.facebook.com\/miuriodecor","https:\/\/instagram.com\/miurio_textiles","https:\/\/www.pinterest.com\/miuriodecor"]}]}},"_links":{"self":[{"href":"https:\/\/miurio.com\/et\/wp-json\/wp\/v2\/pages\/9895","targetHints":{"allow":["GET"]}}],"collection":[{"href":"https:\/\/miurio.com\/et\/wp-json\/wp\/v2\/pages"}],"about":[{"href":"https:\/\/miurio.com\/et\/wp-json\/wp\/v2\/types\/page"}],"author":[{"embeddable":true,"href":"https:\/\/miurio.com\/et\/wp-json\/wp\/v2\/users\/2"}],"replies":[{"embeddable":true,"href":"https:\/\/miurio.com\/et\/wp-json\/wp\/v2\/comments?post=9895"}],"version-history":[{"count":13,"href":"https:\/\/miurio.com\/et\/wp-json\/wp\/v2\/pages\/9895\/revisions"}],"predecessor-version":[{"id":9909,"href":"https:\/\/miurio.com\/et\/wp-json\/wp\/v2\/pages\/9895\/revisions\/9909"}],"wp:featuredmedia":[{"embeddable":true,"href":"https:\/\/miurio.com\/et\/wp-json\/wp\/v2\/media\/9852"}],"wp:attachment":[{"href":"https:\/\/miurio.com\/et\/wp-json\/wp\/v2\/media?parent=9895"}],"curies":[{"name":"wp","href":"https:\/\/api.w.org\/{rel}","templated":true}]}}