{"id":3611,"date":"2020-09-07T14:10:11","date_gmt":"2020-09-07T14:10:11","guid":{"rendered":"https:\/\/miurio.com\/?page_id=3611"},"modified":"2020-10-01T15:04:00","modified_gmt":"2020-10-01T15:04:00","slug":"about-mamma-jelena","status":"publish","type":"page","link":"https:\/\/miurio.com\/et\/about-mamma-jelena\/","title":{"rendered":"&#8220;MAMMA JELENA&#8221; BR\u00c4NDIST"},"content":{"rendered":"<div class=\"wpb-content-wrapper\"><p>[vc_row][vc_column][vc_column_text]<\/p>\n<h2 class=\"font_8\" style=\"text-align: center;\"><span class=\"color_30\">\u00a0Uus MIURIO POP-UP pood<\/span><\/h2>\n<p>T\u00e4navu septembris alustab MIURIO disainistuudio oma stuudioruumis Tallinnas (Veerenni 24C, 2.korrus) uut POP-up poe kontseptsiooni.<\/p>\n<p>Igal hooajal tutvustame oma m\u00fc\u00fcgisalongi ja e-poe kaudu oma kohalikele ja rahvusvahelistele klientidele v\u00e4ikseid ja p\u00f5nevaid moe-ja aksessuaaribr\u00e4nde. See on meie viis toetada arenevaid disainereid nagu me ise, luues \u00e4risuhete ja s\u00f5prussuhete v\u00f5rgustiku kogu valdkonnas.<\/p>\n<p>Meie esimene disainer, kelle t\u00f6id esitletakse MIURIO POP-up poes, on Marina Aittalat. Marinal on \u00fcle 20-aastane tekstiilidisaineri ja kunstnikuna t\u00f6\u00f6tamise kogemus. Tema suur kirg on t\u00f6\u00f6tamine villase l\u00f5ngaga. Ta loob suuremahulisi seinavaipu nii avalikus ruumis kui ka klientide kodudes. \u00dcht tema kunstilist seinavaipa v\u00f5ib avalikult n\u00e4ha Eric Ericsonhallis Stockholmis. Ta on aktiivne tekstiilidisainer, kes osaleb pesonaal &#8211; ja grupin\u00e4itustel Rootsis (loe tema kunstniku CV-d allpool).<\/p>\n<h3 style=\"text-align: center;\"><span style=\"color: #b0a171;\"><em>Eksklusiivne kootud villase mantli kollektsioon &#8220;Mamma Jelena&#8221;.<\/em><\/span><br \/>\n<span style=\"color: #b0a171;\"><em>Kujundanud tekstiilikunstnik ja kunstnik Marina Aittalat (Rootsi)<\/em><\/span><\/h3>\n<p>Disainer Marina Aittalat on Eestis s\u00fcndinud tekstiilidisainer ja kunstnik, kes elab ja t\u00f6\u00f6tab Rootsis. Ta on Rootsi Kunstnike Liidu aktiivne liige ning Rootsi Kunsti &#8211; ja K\u00e4sit\u00f6\u00f6keskuse liige.<\/p>\n<p>Luksuslik tunne P\u00f5hjamaade stiilis, mis on m\u00f5eldud naistele, kes armastavad klassikalisi, mugavaid siluette. Tootmisprotsess on tehnoloogiliselt unikaalselt loodud, mis muudab iga r\u00f5iva eksklusiivseks.<\/p>\n<p>Kaunid v\u00e4rvikombinatsioonid, mustrid ja pisidetailid p\u00e4rinevad k\u00f5ik P\u00f5hjamaade maastike inspiratsioonist. &#8220;Mamma Jelena&#8221; villaste mantlite ja jakkide kollektsioon on valmistatud Oeko-TEX \u00ae sertifitseeritud meriinovillast.<\/p>\n<p>R\u00f5ivad on hoolikalt meisterdatud, kasutades k\u00e4sitsi juhitavat masinkudumismeetodit. Iga jakk ja mantel on kokku \u00f5mmeldud. R\u00f5iva viltimisprotsess annab eriti pehme viimistluse. &#8220;Mamma Jelena&#8221; br\u00e4nd kasutab ainult eksklusiivseid k\u00e4sitsi valmistatud keraamilisi nuppe, et lisada igale kantavale r\u00f5ivaesemele ilus ja ainulaadne puudutus.<\/p>\n<p>&#8220;Mamma Jelena&#8221; mantleid m\u00fc\u00fcakse eranditult Rootsis ja Jaapanis.[\/vc_column_text]<div class=\"konte-empty-space \" aria-hidden=\"true\"><div class=\"konte-empty-space__xs visible-xs\" style=\"height:30px\"><\/div><div class=\"konte-empty-space__sm visible-sm\" style=\"height:60px\"><\/div><div class=\"konte-empty-space__md visible-md\" style=\"height:30px\"><\/div><div class=\"konte-empty-space__lg visible-lg\" style=\"height:60px\"><\/div><\/div>[\/vc_column][\/vc_row][vc_row][vc_column width=&#8221;1\/2&#8243;]<div class=\"konte-team-member  \">\n\t\t\t\t<img loading=\"lazy\" decoding=\"async\" width=\"596\" height=\"762\" src=\"https:\/\/miurio.com\/wp-content\/uploads\/2020\/09\/Marina-Aittalat-designer_JPG.jpg\" class=\"attachment-full\" alt=\"\" title=\"Marina Aittalat designer_JPG\" srcset=\"https:\/\/miurio.com\/wp-content\/uploads\/2020\/09\/Marina-Aittalat-designer_JPG.jpg 596w, https:\/\/miurio.com\/wp-content\/uploads\/2020\/09\/Marina-Aittalat-designer_JPG-235x300.jpg 235w, https:\/\/miurio.com\/wp-content\/uploads\/2020\/09\/Marina-Aittalat-designer_JPG-500x639.jpg 500w\" sizes=\"auto, (max-width: 596px) 100vw, 596px\" \/>\n\t\t\t\t<div class=\"konte-team-member__info\">\n\t\t\t\t\t<h5 class=\"konte-team-member__name\">Marina Aittalat (vasakul)<\/h5>\n\t\t\t\t\t<span class=\"konte-team-member__job\">``MAMMA JELENA`` br\u00e4ndi tekstiilidisainer<\/span>\n\t\t\t\t\t<span class=\"konte-team-member__socials\"><\/span>\n\t\t\t\t<\/div>\n\t\t\t<\/div>[\/vc_column][vc_column width=&#8221;1\/2&#8243;][vc_column_text]<\/p>\n<h2 class=\"font_8\">Marina Aittalat (artist CV)<\/h2>\n<h3>Art exhibitions:<\/h3>\n<p>Art Woven &#8220;Window&#8221;<br \/>\ndecoration project 2017<br \/>\nto Masonry Embetet.<br \/>\n&#8220;The Song of the Sea&#8221;<br \/>\nSculptural art fabric for<br \/>\nEric Ericsonshallen.<br \/>\nSkeppsholm Church 2015.<br \/>\n(in collaboration with Anita Graffman)<br \/>\n&#8220;In the eye of the beholder&#8221;<br \/>\nArt Tissue<br \/>\nto Masonry Embetet 2013.<br \/>\n(in collaboration with Anita Graffman)<\/p>\n<h3>Fairs in Sweden:<\/h3>\n<p>FORMEX August 2017<br \/>\nFORMEX August 2016<br \/>\nArt lounge &#8220;Lag\u00e5rn i Ullsta&#8221; 2016.<br \/>\nFORMEX avg. 2015<br \/>\nLiving room chamber Stockholm Dec 2014-2015 &#8220;Chim\u00e4r&#8221; (separate exhibition)<br \/>\nAlmgren&#8217;s Silk Fabric &amp; Museum, Stockholm March-May 2014 (separate exhibition)<br \/>\nFolkets Hus, Hallunda 2012. (separate exhibition)<br \/>\nTextile meetings Slottsgalleriet Ekebyhov, Eker\u00f6 2012.<br \/>\nStockholm Furniture Fair, \u00c4lvsj\u00f6 2012.<br \/>\nSk\u00f6vde Stadsmuseum November 2011-2012.<br \/>\nUnion Union Congress Oct. 2011.<br \/>\nEdsvik Art Hall, Autumn salon oct. 2011.<br \/>\nSlow Craft, Rejmyre Christmas Sep 2011.<br \/>\nAlmgren&#8217;s Silk Fabric &amp; Museum, Stockholm, May 2011.<br \/>\nFormex, \u00c4lvsj\u00f6 Jan 2011.<br \/>\nBerg\u00f6\u00f6ska House Art Hall, Hallsberg Jun-Aug 2010.[\/vc_column_text][\/vc_column][\/vc_row]<\/p>\n<\/div>","protected":false},"excerpt":{"rendered":"<p>[vc_row][vc_column][vc_column_text] \u00a0Uus MIURIO POP-UP pood T\u00e4navu septembris alustab MIURIO disainistuudio oma stuudioruumis Tallinnas (Veerenni 24C, 2.korrus) uut POP-up poe kontseptsiooni. Igal hooajal tutvustame oma m\u00fc\u00fcgisalongi ja e-poe kaudu oma kohalikele&hellip;<\/p>\n","protected":false},"author":2,"featured_media":3612,"parent":0,"menu_order":0,"comment_status":"closed","ping_status":"closed","template":"","meta":{"inline_featured_image":false,"_monsterinsights_skip_tracking":false,"_monsterinsights_sitenote_active":false,"_monsterinsights_sitenote_note":"","_monsterinsights_sitenote_category":0,"_vp_format_video_url":"","_vp_image_focal_point":[],"footnotes":""},"class_list":["post-3611","page","type-page","status-publish","has-post-thumbnail","hentry"],"yoast_head":"<!-- This site is optimized with the Yoast SEO plugin v27.2 - https:\/\/yoast.com\/product\/yoast-seo-wordpress\/ -->\n<title>&quot;MAMMA JELENA&quot; BR\u00c4NDIST - Miurio Design Studio<\/title>\n<meta name=\"robots\" content=\"index, follow, max-snippet:-1, max-image-preview:large, max-video-preview:-1\" \/>\n<link rel=\"canonical\" href=\"https:\/\/miurio.com\/et\/about-mamma-jelena\/\" \/>\n<meta property=\"og:locale\" content=\"et_EE\" \/>\n<meta property=\"og:type\" content=\"article\" \/>\n<meta property=\"og:title\" content=\"&quot;MAMMA JELENA&quot; BR\u00c4NDIST - Miurio Design Studio\" \/>\n<meta property=\"og:description\" content=\"[vc_row][vc_column][vc_column_text] \u00a0Uus MIURIO POP-UP pood T\u00e4navu septembris alustab MIURIO disainistuudio oma stuudioruumis Tallinnas (Veerenni 24C, 2.korrus) uut POP-up poe kontseptsiooni. Igal hooajal tutvustame oma m\u00fc\u00fcgisalongi ja e-poe kaudu oma kohalikele&hellip;\" \/>\n<meta property=\"og:url\" content=\"https:\/\/miurio.com\/et\/about-mamma-jelena\/\" \/>\n<meta property=\"og:site_name\" content=\"Miurio Design Studio\" \/>\n<meta property=\"article:publisher\" content=\"http:\/\/www.facebook.com\/miuriodecor\" \/>\n<meta property=\"article:modified_time\" content=\"2020-10-01T15:04:00+00:00\" \/>\n<meta property=\"og:image\" content=\"https:\/\/miurio.com\/wp-content\/uploads\/2020\/09\/mamma.jpg\" \/>\n\t<meta property=\"og:image:width\" content=\"3840\" \/>\n\t<meta property=\"og:image:height\" content=\"1500\" \/>\n\t<meta property=\"og:image:type\" content=\"image\/jpeg\" \/>\n<meta name=\"twitter:card\" content=\"summary_large_image\" \/>\n<meta name=\"twitter:label1\" content=\"Est. reading time\" \/>\n\t<meta name=\"twitter:data1\" content=\"2 minutit\" \/>\n<script type=\"application\/ld+json\" class=\"yoast-schema-graph\">{\"@context\":\"https:\/\/schema.org\",\"@graph\":[{\"@type\":\"WebPage\",\"@id\":\"https:\/\/miurio.com\/et\/about-mamma-jelena\/\",\"url\":\"https:\/\/miurio.com\/et\/about-mamma-jelena\/\",\"name\":\"\\\"MAMMA JELENA\\\" BR\u00c4NDIST - Miurio Design Studio\",\"isPartOf\":{\"@id\":\"https:\/\/miurio.com\/et\/#website\"},\"primaryImageOfPage\":{\"@id\":\"https:\/\/miurio.com\/et\/about-mamma-jelena\/#primaryimage\"},\"image\":{\"@id\":\"https:\/\/miurio.com\/et\/about-mamma-jelena\/#primaryimage\"},\"thumbnailUrl\":\"https:\/\/miurio.com\/wp-content\/uploads\/2020\/09\/mamma.jpg\",\"datePublished\":\"2020-09-07T14:10:11+00:00\",\"dateModified\":\"2020-10-01T15:04:00+00:00\",\"breadcrumb\":{\"@id\":\"https:\/\/miurio.com\/et\/about-mamma-jelena\/#breadcrumb\"},\"inLanguage\":\"et\",\"potentialAction\":[{\"@type\":\"ReadAction\",\"target\":[\"https:\/\/miurio.com\/et\/about-mamma-jelena\/\"]}]},{\"@type\":\"ImageObject\",\"inLanguage\":\"et\",\"@id\":\"https:\/\/miurio.com\/et\/about-mamma-jelena\/#primaryimage\",\"url\":\"https:\/\/miurio.com\/wp-content\/uploads\/2020\/09\/mamma.jpg\",\"contentUrl\":\"https:\/\/miurio.com\/wp-content\/uploads\/2020\/09\/mamma.jpg\",\"width\":3840,\"height\":1500},{\"@type\":\"BreadcrumbList\",\"@id\":\"https:\/\/miurio.com\/et\/about-mamma-jelena\/#breadcrumb\",\"itemListElement\":[{\"@type\":\"ListItem\",\"position\":1,\"name\":\"Home\",\"item\":\"https:\/\/miurio.com\/et\/\"},{\"@type\":\"ListItem\",\"position\":2,\"name\":\"&#8220;MAMMA JELENA&#8221; BR\u00c4NDIST\"}]},{\"@type\":\"WebSite\",\"@id\":\"https:\/\/miurio.com\/et\/#website\",\"url\":\"https:\/\/miurio.com\/et\/\",\"name\":\"Miurio Design Studio\",\"description\":\"MIURIO design studio website and e-shop\",\"publisher\":{\"@id\":\"https:\/\/miurio.com\/et\/#organization\"},\"potentialAction\":[{\"@type\":\"SearchAction\",\"target\":{\"@type\":\"EntryPoint\",\"urlTemplate\":\"https:\/\/miurio.com\/et\/?s={search_term_string}\"},\"query-input\":{\"@type\":\"PropertyValueSpecification\",\"valueRequired\":true,\"valueName\":\"search_term_string\"}}],\"inLanguage\":\"et\"},{\"@type\":\"Organization\",\"@id\":\"https:\/\/miurio.com\/et\/#organization\",\"name\":\"MIURIO DECOR O\u00dc\",\"url\":\"https:\/\/miurio.com\/et\/\",\"logo\":{\"@type\":\"ImageObject\",\"inLanguage\":\"et\",\"@id\":\"https:\/\/miurio.com\/et\/#\/schema\/logo\/image\/\",\"url\":\"https:\/\/miurio.com\/wp-content\/uploads\/2021\/08\/MIURIO-new-logo-3.png\",\"contentUrl\":\"https:\/\/miurio.com\/wp-content\/uploads\/2021\/08\/MIURIO-new-logo-3.png\",\"width\":1500,\"height\":1500,\"caption\":\"MIURIO DECOR O\u00dc\"},\"image\":{\"@id\":\"https:\/\/miurio.com\/et\/#\/schema\/logo\/image\/\"},\"sameAs\":[\"http:\/\/www.facebook.com\/miuriodecor\",\"https:\/\/instagram.com\/miurio_textiles\",\"https:\/\/www.pinterest.com\/miuriodecor\"]}]}<\/script>\n<!-- \/ Yoast SEO plugin. -->","yoast_head_json":{"title":"\"MAMMA JELENA\" BR\u00c4NDIST - Miurio Design Studio","robots":{"index":"index","follow":"follow","max-snippet":"max-snippet:-1","max-image-preview":"max-image-preview:large","max-video-preview":"max-video-preview:-1"},"canonical":"https:\/\/miurio.com\/et\/about-mamma-jelena\/","og_locale":"et_EE","og_type":"article","og_title":"\"MAMMA JELENA\" BR\u00c4NDIST - Miurio Design Studio","og_description":"[vc_row][vc_column][vc_column_text] \u00a0Uus MIURIO POP-UP pood T\u00e4navu septembris alustab MIURIO disainistuudio oma stuudioruumis Tallinnas (Veerenni 24C, 2.korrus) uut POP-up poe kontseptsiooni. Igal hooajal tutvustame oma m\u00fc\u00fcgisalongi ja e-poe kaudu oma kohalikele&hellip;","og_url":"https:\/\/miurio.com\/et\/about-mamma-jelena\/","og_site_name":"Miurio Design Studio","article_publisher":"http:\/\/www.facebook.com\/miuriodecor","article_modified_time":"2020-10-01T15:04:00+00:00","og_image":[{"width":3840,"height":1500,"url":"https:\/\/miurio.com\/wp-content\/uploads\/2020\/09\/mamma.jpg","type":"image\/jpeg"}],"twitter_card":"summary_large_image","twitter_misc":{"Est. reading time":"2 minutit"},"schema":{"@context":"https:\/\/schema.org","@graph":[{"@type":"WebPage","@id":"https:\/\/miurio.com\/et\/about-mamma-jelena\/","url":"https:\/\/miurio.com\/et\/about-mamma-jelena\/","name":"\"MAMMA JELENA\" BR\u00c4NDIST - Miurio Design Studio","isPartOf":{"@id":"https:\/\/miurio.com\/et\/#website"},"primaryImageOfPage":{"@id":"https:\/\/miurio.com\/et\/about-mamma-jelena\/#primaryimage"},"image":{"@id":"https:\/\/miurio.com\/et\/about-mamma-jelena\/#primaryimage"},"thumbnailUrl":"https:\/\/miurio.com\/wp-content\/uploads\/2020\/09\/mamma.jpg","datePublished":"2020-09-07T14:10:11+00:00","dateModified":"2020-10-01T15:04:00+00:00","breadcrumb":{"@id":"https:\/\/miurio.com\/et\/about-mamma-jelena\/#breadcrumb"},"inLanguage":"et","potentialAction":[{"@type":"ReadAction","target":["https:\/\/miurio.com\/et\/about-mamma-jelena\/"]}]},{"@type":"ImageObject","inLanguage":"et","@id":"https:\/\/miurio.com\/et\/about-mamma-jelena\/#primaryimage","url":"https:\/\/miurio.com\/wp-content\/uploads\/2020\/09\/mamma.jpg","contentUrl":"https:\/\/miurio.com\/wp-content\/uploads\/2020\/09\/mamma.jpg","width":3840,"height":1500},{"@type":"BreadcrumbList","@id":"https:\/\/miurio.com\/et\/about-mamma-jelena\/#breadcrumb","itemListElement":[{"@type":"ListItem","position":1,"name":"Home","item":"https:\/\/miurio.com\/et\/"},{"@type":"ListItem","position":2,"name":"&#8220;MAMMA JELENA&#8221; BR\u00c4NDIST"}]},{"@type":"WebSite","@id":"https:\/\/miurio.com\/et\/#website","url":"https:\/\/miurio.com\/et\/","name":"Miurio Design Studio","description":"MIURIO design studio website and e-shop","publisher":{"@id":"https:\/\/miurio.com\/et\/#organization"},"potentialAction":[{"@type":"SearchAction","target":{"@type":"EntryPoint","urlTemplate":"https:\/\/miurio.com\/et\/?s={search_term_string}"},"query-input":{"@type":"PropertyValueSpecification","valueRequired":true,"valueName":"search_term_string"}}],"inLanguage":"et"},{"@type":"Organization","@id":"https:\/\/miurio.com\/et\/#organization","name":"MIURIO DECOR O\u00dc","url":"https:\/\/miurio.com\/et\/","logo":{"@type":"ImageObject","inLanguage":"et","@id":"https:\/\/miurio.com\/et\/#\/schema\/logo\/image\/","url":"https:\/\/miurio.com\/wp-content\/uploads\/2021\/08\/MIURIO-new-logo-3.png","contentUrl":"https:\/\/miurio.com\/wp-content\/uploads\/2021\/08\/MIURIO-new-logo-3.png","width":1500,"height":1500,"caption":"MIURIO DECOR O\u00dc"},"image":{"@id":"https:\/\/miurio.com\/et\/#\/schema\/logo\/image\/"},"sameAs":["http:\/\/www.facebook.com\/miuriodecor","https:\/\/instagram.com\/miurio_textiles","https:\/\/www.pinterest.com\/miuriodecor"]}]}},"_links":{"self":[{"href":"https:\/\/miurio.com\/et\/wp-json\/wp\/v2\/pages\/3611","targetHints":{"allow":["GET"]}}],"collection":[{"href":"https:\/\/miurio.com\/et\/wp-json\/wp\/v2\/pages"}],"about":[{"href":"https:\/\/miurio.com\/et\/wp-json\/wp\/v2\/types\/page"}],"author":[{"embeddable":true,"href":"https:\/\/miurio.com\/et\/wp-json\/wp\/v2\/users\/2"}],"replies":[{"embeddable":true,"href":"https:\/\/miurio.com\/et\/wp-json\/wp\/v2\/comments?post=3611"}],"version-history":[{"count":11,"href":"https:\/\/miurio.com\/et\/wp-json\/wp\/v2\/pages\/3611\/revisions"}],"predecessor-version":[{"id":6403,"href":"https:\/\/miurio.com\/et\/wp-json\/wp\/v2\/pages\/3611\/revisions\/6403"}],"wp:featuredmedia":[{"embeddable":true,"href":"https:\/\/miurio.com\/et\/wp-json\/wp\/v2\/media\/3612"}],"wp:attachment":[{"href":"https:\/\/miurio.com\/et\/wp-json\/wp\/v2\/media?parent=3611"}],"curies":[{"name":"wp","href":"https:\/\/api.w.org\/{rel}","templated":true}]}}