{"id":3432,"date":"2020-09-04T07:47:11","date_gmt":"2020-09-04T07:47:11","guid":{"rendered":"https:\/\/miurio.com\/edasimuujad\/"},"modified":"2025-03-17T14:30:56","modified_gmt":"2025-03-17T14:30:56","slug":"edasimuujad","status":"publish","type":"page","link":"https:\/\/miurio.com\/et\/edasimuujad\/","title":{"rendered":"Edasim\u00fc\u00fcjad"},"content":{"rendered":"<div class=\"wpb-content-wrapper\"><p>[vc_row][vc_column][vc_column_text]<\/p>\n<h2 style=\"text-align: center;\">Edasim\u00fc\u00fcjad<\/h2>\n<p>[\/vc_column_text]<div class=\"konte-empty-space \" aria-hidden=\"true\"><div class=\"konte-empty-space__xs visible-xs\" style=\"height:15px\"><\/div><div class=\"konte-empty-space__sm visible-sm\" style=\"height:30px\"><\/div><div class=\"konte-empty-space__md visible-md\" style=\"height:30px\"><\/div><div class=\"konte-empty-space__lg visible-lg\" style=\"height:30px\"><\/div><\/div>[\/vc_column][\/vc_row][vc_row][vc_column width=&#8221;1\/3&#8243; el_class=&#8221;right-border&#8221;][vc_column_text]<\/p>\n<h5 style=\"text-align: center;\">TALLINN DESIGN HOUSE<\/h5>\n<p style=\"text-align: center;\"><a href=\"https:\/\/www.tallinndesignhouse.com\" target=\"_blank\" rel=\"noopener\">www.tallinndesignhouse.com<\/a><br \/>\nRotermanni 14<br \/>\nTallinn, ESTONIA<\/p>\n<h5 style=\"text-align: center;\">ESTONIAN DESIGN HOUSE<\/h5>\n<p style=\"text-align: center;\"><a href=\"http:\/\/www.estoniandesignhouse.ee\" target=\"_blank\" rel=\"noopener\">www.estoniandesignhouse.ee<\/a><br \/>\nSolaris Keskus (Estonia pst 9, Tallinn)<br \/>\nTallinn, ESTONIA<\/p>\n<h5 style=\"text-align: center;\">TALLINNA KAUBAMAJA<\/h5>\n<p style=\"text-align: center;\">Disainilabor, NAISTEMAAILM<br \/>\nGonsiori 2, VIRU KESKUS<br \/>\nTallinn, Estonia<\/p>\n<h5 style=\"text-align: center;\">TAPEEDISTUUDIO<\/h5>\n<p style=\"text-align: center;\"><a href=\"https:\/\/www.tapeedid.ee\" target=\"_blank\" rel=\"noopener\">www.tapeedid.ee<\/a><br \/>\nTehase 16<br \/>\nTartu, ESTONIA<\/p>\n<p>[\/vc_column_text][\/vc_column][vc_column width=&#8221;1\/3&#8243; el_class=&#8221;right-border&#8221;][vc_column_text]<\/p>\n<h5 style=\"text-align: center;\">EHESTU<\/h5>\n<p style=\"text-align: center;\">Estonian design online store<br \/>\n<a href=\"https:\/\/ehestu.ee\/collections\/miurio\" target=\"_blank\" rel=\"noopener\">https:\/\/ehestu.ee\/collections\/miurio<\/a><\/p>\n<h5 style=\"text-align: center;\">MUSTER interior design store<\/h5>\n<p style=\"text-align: center;\"><a href=\"https:\/\/www.muster.ee\" target=\"_blank\" rel=\"noopener\">www.muster.ee<\/a><br \/>\nP\u00e4rnu mnt. 139A<br \/>\nTallinn, ESTONIA<\/p>\n<h5 style=\"text-align: center;\">HOPP Estonian design store<\/h5>\n<p style=\"text-align: center;\"><a href=\"https:\/\/hoppdisain.ee\" target=\"_blank\" rel=\"noopener\">https:\/\/hoppdisain.ee\/<\/a><br \/>\nK\u00fc\u00fcni 4<br \/>\nTartu, ESTONIA<\/p>\n<h5 style=\"text-align: center;\">AMEE Estonian design store<\/h5>\n<p style=\"text-align: center;\"><a href=\"https:\/\/www.facebook.com\/ameeshop.ee\/?profile_tab_item_selected=about&amp;_rdr\" target=\"_blank\" rel=\"noopener\">AMEE FB page<\/a><br \/>\nLaada 5<br \/>\nRakvere, ESTONIA<\/p>\n<p>[\/vc_column_text][\/vc_column][vc_column width=&#8221;1\/3&#8243;][vc_column_text]<\/p>\n<h5 style=\"text-align: center;\">SILUETT Eesti moe pood<\/h5>\n<p style=\"text-align: center;\"><a href=\"https:\/\/www.facebook.com\/siluetteestimoepood\/\" target=\"_blank\" rel=\"noopener\">www.facebook.com\/siluetteestimoepood\/<\/a><br \/>\nR\u00fc\u00fctli 28<br \/>\nP\u00e4rnu, ESTONIA<\/p>\n<h5 style=\"text-align: center;\">LEVI DESIGN &amp; HOME<\/h5>\n<p style=\"text-align: center;\"><a href=\"https:\/\/levi.design\" target=\"_blank\" rel=\"noopener\">https:\/\/levi.design\/<\/a><br \/>\nSolarise keskus, Estonia pst. 9<br \/>\nTallinn, ESTONIA<\/p>\n<h5 style=\"text-align: center;\">LEVI TARTU<\/h5>\n<p style=\"text-align: center;\"><a href=\"https:\/\/www.facebook.com\/LEVIDESIGNSHOP\/\" target=\"_blank\" rel=\"noopener\">www.facebook.com\/LEVIDESIGNSHOP\/<\/a><br \/>\nTartu Kaubamaja, Riia 1<br \/>\nTartu, ESTONIA<\/p>\n<h5 style=\"text-align: center;\">PALLOPSONI DESIGN STORE<\/h5>\n<p style=\"text-align: center;\"><a href=\"https:\/\/www.pallopsoni.com\" target=\"_blank\" rel=\"noopener\">https:\/\/www.pallopsoni.com\/<\/a><br \/>\nKauba 1<br \/>\nKuressaare, ESTONIA<\/p>\n<p>[\/vc_column_text][\/vc_column][\/vc_row]<\/p>\n<\/div>","protected":false},"excerpt":{"rendered":"<p>[vc_row][vc_column][vc_column_text] Edasim\u00fc\u00fcjad [\/vc_column_text][\/vc_column][\/vc_row][vc_row][vc_column width=&#8221;1\/3&#8243; el_class=&#8221;right-border&#8221;][vc_column_text] TALLINN DESIGN HOUSE www.tallinndesignhouse.com Rotermanni 14 Tallinn, ESTONIA ESTONIAN DESIGN HOUSE www.estoniandesignhouse.ee Solaris Keskus (Estonia pst 9, Tallinn) Tallinn, ESTONIA TALLINNA KAUBAMAJA Disainilabor, NAISTEMAAILM Gonsiori&hellip;<\/p>\n","protected":false},"author":2,"featured_media":392,"parent":0,"menu_order":0,"comment_status":"closed","ping_status":"closed","template":"","meta":{"inline_featured_image":false,"_monsterinsights_skip_tracking":false,"_monsterinsights_sitenote_active":false,"_monsterinsights_sitenote_note":"","_monsterinsights_sitenote_category":0,"_vp_format_video_url":"","_vp_image_focal_point":[],"footnotes":""},"class_list":["post-3432","page","type-page","status-publish","has-post-thumbnail","hentry"],"yoast_head":"<!-- This site is optimized with the Yoast SEO plugin v27.2 - https:\/\/yoast.com\/product\/yoast-seo-wordpress\/ -->\n<title>Edasim\u00fc\u00fcjad - Miurio Design Studio<\/title>\n<meta name=\"robots\" content=\"index, follow, max-snippet:-1, max-image-preview:large, max-video-preview:-1\" \/>\n<link rel=\"canonical\" href=\"https:\/\/miurio.com\/et\/edasimuujad\/\" \/>\n<meta property=\"og:locale\" content=\"et_EE\" \/>\n<meta property=\"og:type\" content=\"article\" \/>\n<meta property=\"og:title\" content=\"Edasim\u00fc\u00fcjad - Miurio Design Studio\" \/>\n<meta property=\"og:description\" content=\"[vc_row][vc_column][vc_column_text] Edasim\u00fc\u00fcjad [\/vc_column_text][\/vc_column][\/vc_row][vc_row][vc_column width=&#8221;1\/3&#8243; el_class=&#8221;right-border&#8221;][vc_column_text] TALLINN DESIGN HOUSE www.tallinndesignhouse.com Rotermanni 14 Tallinn, ESTONIA ESTONIAN DESIGN HOUSE www.estoniandesignhouse.ee Solaris Keskus (Estonia pst 9, Tallinn) Tallinn, ESTONIA TALLINNA KAUBAMAJA Disainilabor, NAISTEMAAILM Gonsiori&hellip;\" \/>\n<meta property=\"og:url\" content=\"https:\/\/miurio.com\/et\/edasimuujad\/\" \/>\n<meta property=\"og:site_name\" content=\"Miurio Design Studio\" \/>\n<meta property=\"article:publisher\" content=\"http:\/\/www.facebook.com\/miuriodecor\" \/>\n<meta property=\"article:modified_time\" content=\"2025-03-17T14:30:56+00:00\" \/>\n<meta property=\"og:image\" content=\"https:\/\/miurio.com\/wp-content\/uploads\/2020\/08\/ressellers2-2.jpg\" \/>\n\t<meta property=\"og:image:width\" content=\"3840\" \/>\n\t<meta property=\"og:image:height\" content=\"1500\" \/>\n\t<meta property=\"og:image:type\" content=\"image\/jpeg\" \/>\n<meta name=\"twitter:card\" content=\"summary_large_image\" \/>\n<meta name=\"twitter:label1\" content=\"Est. reading time\" \/>\n\t<meta name=\"twitter:data1\" content=\"1 minut\" \/>\n<script type=\"application\/ld+json\" class=\"yoast-schema-graph\">{\"@context\":\"https:\/\/schema.org\",\"@graph\":[{\"@type\":\"WebPage\",\"@id\":\"https:\/\/miurio.com\/et\/edasimuujad\/\",\"url\":\"https:\/\/miurio.com\/et\/edasimuujad\/\",\"name\":\"Edasim\u00fc\u00fcjad - Miurio Design Studio\",\"isPartOf\":{\"@id\":\"https:\/\/miurio.com\/et\/#website\"},\"primaryImageOfPage\":{\"@id\":\"https:\/\/miurio.com\/et\/edasimuujad\/#primaryimage\"},\"image\":{\"@id\":\"https:\/\/miurio.com\/et\/edasimuujad\/#primaryimage\"},\"thumbnailUrl\":\"https:\/\/miurio.com\/wp-content\/uploads\/2020\/08\/ressellers2-2.jpg\",\"datePublished\":\"2020-09-04T07:47:11+00:00\",\"dateModified\":\"2025-03-17T14:30:56+00:00\",\"breadcrumb\":{\"@id\":\"https:\/\/miurio.com\/et\/edasimuujad\/#breadcrumb\"},\"inLanguage\":\"et\",\"potentialAction\":[{\"@type\":\"ReadAction\",\"target\":[\"https:\/\/miurio.com\/et\/edasimuujad\/\"]}]},{\"@type\":\"ImageObject\",\"inLanguage\":\"et\",\"@id\":\"https:\/\/miurio.com\/et\/edasimuujad\/#primaryimage\",\"url\":\"https:\/\/miurio.com\/wp-content\/uploads\/2020\/08\/ressellers2-2.jpg\",\"contentUrl\":\"https:\/\/miurio.com\/wp-content\/uploads\/2020\/08\/ressellers2-2.jpg\",\"width\":3840,\"height\":1500},{\"@type\":\"BreadcrumbList\",\"@id\":\"https:\/\/miurio.com\/et\/edasimuujad\/#breadcrumb\",\"itemListElement\":[{\"@type\":\"ListItem\",\"position\":1,\"name\":\"Home\",\"item\":\"https:\/\/miurio.com\/et\/\"},{\"@type\":\"ListItem\",\"position\":2,\"name\":\"Edasim\u00fc\u00fcjad\"}]},{\"@type\":\"WebSite\",\"@id\":\"https:\/\/miurio.com\/et\/#website\",\"url\":\"https:\/\/miurio.com\/et\/\",\"name\":\"Miurio Design Studio\",\"description\":\"MIURIO design studio website and e-shop\",\"publisher\":{\"@id\":\"https:\/\/miurio.com\/et\/#organization\"},\"potentialAction\":[{\"@type\":\"SearchAction\",\"target\":{\"@type\":\"EntryPoint\",\"urlTemplate\":\"https:\/\/miurio.com\/et\/?s={search_term_string}\"},\"query-input\":{\"@type\":\"PropertyValueSpecification\",\"valueRequired\":true,\"valueName\":\"search_term_string\"}}],\"inLanguage\":\"et\"},{\"@type\":\"Organization\",\"@id\":\"https:\/\/miurio.com\/et\/#organization\",\"name\":\"MIURIO DECOR O\u00dc\",\"url\":\"https:\/\/miurio.com\/et\/\",\"logo\":{\"@type\":\"ImageObject\",\"inLanguage\":\"et\",\"@id\":\"https:\/\/miurio.com\/et\/#\/schema\/logo\/image\/\",\"url\":\"https:\/\/miurio.com\/wp-content\/uploads\/2021\/08\/MIURIO-new-logo-3.png\",\"contentUrl\":\"https:\/\/miurio.com\/wp-content\/uploads\/2021\/08\/MIURIO-new-logo-3.png\",\"width\":1500,\"height\":1500,\"caption\":\"MIURIO DECOR O\u00dc\"},\"image\":{\"@id\":\"https:\/\/miurio.com\/et\/#\/schema\/logo\/image\/\"},\"sameAs\":[\"http:\/\/www.facebook.com\/miuriodecor\",\"https:\/\/instagram.com\/miurio_textiles\",\"https:\/\/www.pinterest.com\/miuriodecor\"]}]}<\/script>\n<!-- \/ Yoast SEO plugin. -->","yoast_head_json":{"title":"Edasim\u00fc\u00fcjad - Miurio Design Studio","robots":{"index":"index","follow":"follow","max-snippet":"max-snippet:-1","max-image-preview":"max-image-preview:large","max-video-preview":"max-video-preview:-1"},"canonical":"https:\/\/miurio.com\/et\/edasimuujad\/","og_locale":"et_EE","og_type":"article","og_title":"Edasim\u00fc\u00fcjad - Miurio Design Studio","og_description":"[vc_row][vc_column][vc_column_text] Edasim\u00fc\u00fcjad [\/vc_column_text][\/vc_column][\/vc_row][vc_row][vc_column width=&#8221;1\/3&#8243; el_class=&#8221;right-border&#8221;][vc_column_text] TALLINN DESIGN HOUSE www.tallinndesignhouse.com Rotermanni 14 Tallinn, ESTONIA ESTONIAN DESIGN HOUSE www.estoniandesignhouse.ee Solaris Keskus (Estonia pst 9, Tallinn) Tallinn, ESTONIA TALLINNA KAUBAMAJA Disainilabor, NAISTEMAAILM Gonsiori&hellip;","og_url":"https:\/\/miurio.com\/et\/edasimuujad\/","og_site_name":"Miurio Design Studio","article_publisher":"http:\/\/www.facebook.com\/miuriodecor","article_modified_time":"2025-03-17T14:30:56+00:00","og_image":[{"width":3840,"height":1500,"url":"https:\/\/miurio.com\/wp-content\/uploads\/2020\/08\/ressellers2-2.jpg","type":"image\/jpeg"}],"twitter_card":"summary_large_image","twitter_misc":{"Est. reading time":"1 minut"},"schema":{"@context":"https:\/\/schema.org","@graph":[{"@type":"WebPage","@id":"https:\/\/miurio.com\/et\/edasimuujad\/","url":"https:\/\/miurio.com\/et\/edasimuujad\/","name":"Edasim\u00fc\u00fcjad - Miurio Design Studio","isPartOf":{"@id":"https:\/\/miurio.com\/et\/#website"},"primaryImageOfPage":{"@id":"https:\/\/miurio.com\/et\/edasimuujad\/#primaryimage"},"image":{"@id":"https:\/\/miurio.com\/et\/edasimuujad\/#primaryimage"},"thumbnailUrl":"https:\/\/miurio.com\/wp-content\/uploads\/2020\/08\/ressellers2-2.jpg","datePublished":"2020-09-04T07:47:11+00:00","dateModified":"2025-03-17T14:30:56+00:00","breadcrumb":{"@id":"https:\/\/miurio.com\/et\/edasimuujad\/#breadcrumb"},"inLanguage":"et","potentialAction":[{"@type":"ReadAction","target":["https:\/\/miurio.com\/et\/edasimuujad\/"]}]},{"@type":"ImageObject","inLanguage":"et","@id":"https:\/\/miurio.com\/et\/edasimuujad\/#primaryimage","url":"https:\/\/miurio.com\/wp-content\/uploads\/2020\/08\/ressellers2-2.jpg","contentUrl":"https:\/\/miurio.com\/wp-content\/uploads\/2020\/08\/ressellers2-2.jpg","width":3840,"height":1500},{"@type":"BreadcrumbList","@id":"https:\/\/miurio.com\/et\/edasimuujad\/#breadcrumb","itemListElement":[{"@type":"ListItem","position":1,"name":"Home","item":"https:\/\/miurio.com\/et\/"},{"@type":"ListItem","position":2,"name":"Edasim\u00fc\u00fcjad"}]},{"@type":"WebSite","@id":"https:\/\/miurio.com\/et\/#website","url":"https:\/\/miurio.com\/et\/","name":"Miurio Design Studio","description":"MIURIO design studio website and e-shop","publisher":{"@id":"https:\/\/miurio.com\/et\/#organization"},"potentialAction":[{"@type":"SearchAction","target":{"@type":"EntryPoint","urlTemplate":"https:\/\/miurio.com\/et\/?s={search_term_string}"},"query-input":{"@type":"PropertyValueSpecification","valueRequired":true,"valueName":"search_term_string"}}],"inLanguage":"et"},{"@type":"Organization","@id":"https:\/\/miurio.com\/et\/#organization","name":"MIURIO DECOR O\u00dc","url":"https:\/\/miurio.com\/et\/","logo":{"@type":"ImageObject","inLanguage":"et","@id":"https:\/\/miurio.com\/et\/#\/schema\/logo\/image\/","url":"https:\/\/miurio.com\/wp-content\/uploads\/2021\/08\/MIURIO-new-logo-3.png","contentUrl":"https:\/\/miurio.com\/wp-content\/uploads\/2021\/08\/MIURIO-new-logo-3.png","width":1500,"height":1500,"caption":"MIURIO DECOR O\u00dc"},"image":{"@id":"https:\/\/miurio.com\/et\/#\/schema\/logo\/image\/"},"sameAs":["http:\/\/www.facebook.com\/miuriodecor","https:\/\/instagram.com\/miurio_textiles","https:\/\/www.pinterest.com\/miuriodecor"]}]}},"_links":{"self":[{"href":"https:\/\/miurio.com\/et\/wp-json\/wp\/v2\/pages\/3432","targetHints":{"allow":["GET"]}}],"collection":[{"href":"https:\/\/miurio.com\/et\/wp-json\/wp\/v2\/pages"}],"about":[{"href":"https:\/\/miurio.com\/et\/wp-json\/wp\/v2\/types\/page"}],"author":[{"embeddable":true,"href":"https:\/\/miurio.com\/et\/wp-json\/wp\/v2\/users\/2"}],"replies":[{"embeddable":true,"href":"https:\/\/miurio.com\/et\/wp-json\/wp\/v2\/comments?post=3432"}],"version-history":[{"count":15,"href":"https:\/\/miurio.com\/et\/wp-json\/wp\/v2\/pages\/3432\/revisions"}],"predecessor-version":[{"id":14415,"href":"https:\/\/miurio.com\/et\/wp-json\/wp\/v2\/pages\/3432\/revisions\/14415"}],"wp:featuredmedia":[{"embeddable":true,"href":"https:\/\/miurio.com\/et\/wp-json\/wp\/v2\/media\/392"}],"wp:attachment":[{"href":"https:\/\/miurio.com\/et\/wp-json\/wp\/v2\/media?parent=3432"}],"curies":[{"name":"wp","href":"https:\/\/api.w.org\/{rel}","templated":true}]}}