{"id":3407,"date":"2020-09-03T17:05:14","date_gmt":"2020-09-03T17:05:14","guid":{"rendered":"https:\/\/miurio.com\/tarne\/"},"modified":"2020-10-17T09:42:15","modified_gmt":"2020-10-17T09:42:15","slug":"tarne","status":"publish","type":"page","link":"https:\/\/miurio.com\/et\/tarne\/","title":{"rendered":"Tarne"},"content":{"rendered":"<div class=\"wpb-content-wrapper\"><p>[vc_row][vc_column][vc_column_text]<\/p>\n<h3 class=\"p1\"><span class=\"s1\">TARNEKULUD<\/span><\/h3>\n<p class=\"p1\">Eesti \u2013 3.90 eurot (v.a. padjad, \u00f6kotapeedid ja vaibad), Eesti\u00a0&#8211; vaipade kohaletoimetamine 20\u20ac, Eesti &#8211; patjade ja \u00f6kotapeetide kohaletoimetamine 6\u20ac<\/p>\n<p class=\"p1\">Euroopa &#8211; 12 eurot (v.a. vaibad), Euroopa &#8211; vaipade kohaletoimetamine noteeringu alusel<\/p>\n<p class=\"p1\">Muu maailm &#8211; 20 eurot (v.a. vaibad), Muu maailm &#8211; vaipade kohaletoimetamine noteeringu alusel<\/p>\n<p class=\"p1\">Tasuta tarne igasse riiki \u00fcle maailma 300 eurot \u00fcletavate tellimuste korral (v.a. vaibad).<\/p>\n<h3 class=\"p1\"><span class=\"s1\">T\u00c4IENDAVAD TOLLIMAKSUD JA L\u00d5IVUD<\/span><\/h3>\n<p class=\"p1\">K\u00f5ik tollimaksude ja l\u00f5ivudega seotud kulud tasub ostja kohe p\u00e4rast paki j\u00f5udmist sihtkohta. Saadame k\u00f5ik tellitud kaubad Eestist. Teatavates Euroopa Liidu v\u00e4listes piirkondades tuleb postisaadetiste eest maksta tollimakse.<\/p>\n<h3 class=\"p1\"><span class=\"s1\">TARNE<\/span><\/h3>\n<table class=\"t1\" cellspacing=\"0\" cellpadding=\"0\">\n<tbody>\n<tr>\n<td class=\"td1\" valign=\"middle\">\n<p class=\"p1\"><b>Piirkond<\/b><\/p>\n<\/td>\n<td class=\"td2\" valign=\"middle\">\n<p class=\"p1\"><b>Tellimuse t\u00f6\u00f6tlemise aeg<\/b><\/p>\n<\/td>\n<td class=\"td3\" valign=\"middle\">\n<p class=\"p1\"><b>Tarneaeg<\/b><\/p>\n<\/td>\n<\/tr>\n<tr>\n<td class=\"td4\" valign=\"middle\">\n<p class=\"p1\">Eesti<\/p>\n<\/td>\n<td class=\"td5\" valign=\"middle\">\n<p class=\"p1\">1-5 t\u00f6\u00f6p\u00e4eva<\/p>\n<\/td>\n<td class=\"td6\" valign=\"middle\">\n<p class=\"p1\">2-3 p\u00e4eva<\/p>\n<\/td>\n<\/tr>\n<tr>\n<td class=\"td4\" valign=\"middle\">\n<p class=\"p1\">Euroopa<\/p>\n<\/td>\n<td class=\"td5\" valign=\"middle\">\n<p class=\"p1\">1-5 t\u00f6\u00f6p\u00e4eva<\/p>\n<\/td>\n<td class=\"td6\" valign=\"middle\">\n<p class=\"p1\">5-14 p\u00e4eva<\/p>\n<\/td>\n<\/tr>\n<tr>\n<td class=\"td4\" valign=\"middle\">\n<p class=\"p1\">\u00fclej\u00e4\u00e4nud maailm<\/p>\n<\/td>\n<td class=\"td5\" valign=\"middle\">\n<p class=\"p1\">1-5 t\u00f6\u00f6p\u00e4eva<\/p>\n<\/td>\n<td class=\"td6\" valign=\"middle\">\n<p class=\"p1\">7-28 p\u00e4eva<\/p>\n<\/td>\n<\/tr>\n<\/tbody>\n<\/table>\n<p>[\/vc_column_text][\/vc_column][\/vc_row]<\/p>\n<\/div>","protected":false},"excerpt":{"rendered":"<p>[vc_row][vc_column][vc_column_text] TARNEKULUD Eesti \u2013 3.90 eurot (v.a. padjad, \u00f6kotapeedid ja vaibad), Eesti\u00a0&#8211; vaipade kohaletoimetamine 20\u20ac, Eesti &#8211; patjade ja \u00f6kotapeetide kohaletoimetamine 6\u20ac Euroopa &#8211; 12 eurot (v.a. vaibad), Euroopa &#8211;&hellip;<\/p>\n","protected":false},"author":2,"featured_media":0,"parent":0,"menu_order":0,"comment_status":"closed","ping_status":"closed","template":"","meta":{"inline_featured_image":false,"_monsterinsights_skip_tracking":false,"_monsterinsights_sitenote_active":false,"_monsterinsights_sitenote_note":"","_monsterinsights_sitenote_category":0,"_vp_format_video_url":"","_vp_image_focal_point":[],"footnotes":""},"class_list":["post-3407","page","type-page","status-publish","hentry"],"yoast_head":"<!-- This site is optimized with the Yoast SEO plugin v27.2 - https:\/\/yoast.com\/product\/yoast-seo-wordpress\/ -->\n<title>Tarne - Miurio Design Studio<\/title>\n<meta name=\"robots\" content=\"index, follow, max-snippet:-1, max-image-preview:large, max-video-preview:-1\" \/>\n<link rel=\"canonical\" href=\"https:\/\/miurio.com\/et\/tarne\/\" \/>\n<meta property=\"og:locale\" content=\"et_EE\" \/>\n<meta property=\"og:type\" content=\"article\" \/>\n<meta property=\"og:title\" content=\"Tarne - Miurio Design Studio\" \/>\n<meta property=\"og:description\" content=\"[vc_row][vc_column][vc_column_text] TARNEKULUD Eesti \u2013 3.90 eurot (v.a. padjad, \u00f6kotapeedid ja vaibad), Eesti\u00a0&#8211; vaipade kohaletoimetamine 20\u20ac, Eesti &#8211; patjade ja \u00f6kotapeetide kohaletoimetamine 6\u20ac Euroopa &#8211; 12 eurot (v.a. vaibad), Euroopa &#8211;&hellip;\" \/>\n<meta property=\"og:url\" content=\"https:\/\/miurio.com\/et\/tarne\/\" \/>\n<meta property=\"og:site_name\" content=\"Miurio Design Studio\" \/>\n<meta property=\"article:publisher\" content=\"http:\/\/www.facebook.com\/miuriodecor\" \/>\n<meta property=\"article:modified_time\" content=\"2020-10-17T09:42:15+00:00\" \/>\n<meta property=\"og:image\" content=\"https:\/\/miurio.com\/wp-content\/uploads\/2020\/10\/IMG_4170-scaled.jpg\" \/>\n\t<meta property=\"og:image:width\" content=\"1920\" \/>\n\t<meta property=\"og:image:height\" content=\"1280\" \/>\n\t<meta property=\"og:image:type\" content=\"image\/jpeg\" \/>\n<meta name=\"twitter:card\" content=\"summary_large_image\" \/>\n<meta name=\"twitter:label1\" content=\"Est. reading time\" \/>\n\t<meta name=\"twitter:data1\" content=\"1 minut\" \/>\n<script type=\"application\/ld+json\" class=\"yoast-schema-graph\">{\"@context\":\"https:\/\/schema.org\",\"@graph\":[{\"@type\":\"WebPage\",\"@id\":\"https:\/\/miurio.com\/et\/tarne\/\",\"url\":\"https:\/\/miurio.com\/et\/tarne\/\",\"name\":\"Tarne - Miurio Design Studio\",\"isPartOf\":{\"@id\":\"https:\/\/miurio.com\/et\/#website\"},\"datePublished\":\"2020-09-03T17:05:14+00:00\",\"dateModified\":\"2020-10-17T09:42:15+00:00\",\"breadcrumb\":{\"@id\":\"https:\/\/miurio.com\/et\/tarne\/#breadcrumb\"},\"inLanguage\":\"et\",\"potentialAction\":[{\"@type\":\"ReadAction\",\"target\":[\"https:\/\/miurio.com\/et\/tarne\/\"]}]},{\"@type\":\"BreadcrumbList\",\"@id\":\"https:\/\/miurio.com\/et\/tarne\/#breadcrumb\",\"itemListElement\":[{\"@type\":\"ListItem\",\"position\":1,\"name\":\"Home\",\"item\":\"https:\/\/miurio.com\/et\/\"},{\"@type\":\"ListItem\",\"position\":2,\"name\":\"Tarne\"}]},{\"@type\":\"WebSite\",\"@id\":\"https:\/\/miurio.com\/et\/#website\",\"url\":\"https:\/\/miurio.com\/et\/\",\"name\":\"Miurio Design Studio\",\"description\":\"MIURIO design studio website and e-shop\",\"publisher\":{\"@id\":\"https:\/\/miurio.com\/et\/#organization\"},\"potentialAction\":[{\"@type\":\"SearchAction\",\"target\":{\"@type\":\"EntryPoint\",\"urlTemplate\":\"https:\/\/miurio.com\/et\/?s={search_term_string}\"},\"query-input\":{\"@type\":\"PropertyValueSpecification\",\"valueRequired\":true,\"valueName\":\"search_term_string\"}}],\"inLanguage\":\"et\"},{\"@type\":\"Organization\",\"@id\":\"https:\/\/miurio.com\/et\/#organization\",\"name\":\"MIURIO DECOR O\u00dc\",\"url\":\"https:\/\/miurio.com\/et\/\",\"logo\":{\"@type\":\"ImageObject\",\"inLanguage\":\"et\",\"@id\":\"https:\/\/miurio.com\/et\/#\/schema\/logo\/image\/\",\"url\":\"https:\/\/miurio.com\/wp-content\/uploads\/2021\/08\/MIURIO-new-logo-3.png\",\"contentUrl\":\"https:\/\/miurio.com\/wp-content\/uploads\/2021\/08\/MIURIO-new-logo-3.png\",\"width\":1500,\"height\":1500,\"caption\":\"MIURIO DECOR O\u00dc\"},\"image\":{\"@id\":\"https:\/\/miurio.com\/et\/#\/schema\/logo\/image\/\"},\"sameAs\":[\"http:\/\/www.facebook.com\/miuriodecor\",\"https:\/\/instagram.com\/miurio_textiles\",\"https:\/\/www.pinterest.com\/miuriodecor\"]}]}<\/script>\n<!-- \/ Yoast SEO plugin. -->","yoast_head_json":{"title":"Tarne - Miurio Design Studio","robots":{"index":"index","follow":"follow","max-snippet":"max-snippet:-1","max-image-preview":"max-image-preview:large","max-video-preview":"max-video-preview:-1"},"canonical":"https:\/\/miurio.com\/et\/tarne\/","og_locale":"et_EE","og_type":"article","og_title":"Tarne - Miurio Design Studio","og_description":"[vc_row][vc_column][vc_column_text] TARNEKULUD Eesti \u2013 3.90 eurot (v.a. padjad, \u00f6kotapeedid ja vaibad), Eesti\u00a0&#8211; vaipade kohaletoimetamine 20\u20ac, Eesti &#8211; patjade ja \u00f6kotapeetide kohaletoimetamine 6\u20ac Euroopa &#8211; 12 eurot (v.a. vaibad), Euroopa &#8211;&hellip;","og_url":"https:\/\/miurio.com\/et\/tarne\/","og_site_name":"Miurio Design Studio","article_publisher":"http:\/\/www.facebook.com\/miuriodecor","article_modified_time":"2020-10-17T09:42:15+00:00","og_image":[{"width":1920,"height":1280,"url":"https:\/\/miurio.com\/wp-content\/uploads\/2020\/10\/IMG_4170-scaled.jpg","type":"image\/jpeg"}],"twitter_card":"summary_large_image","twitter_misc":{"Est. reading time":"1 minut"},"schema":{"@context":"https:\/\/schema.org","@graph":[{"@type":"WebPage","@id":"https:\/\/miurio.com\/et\/tarne\/","url":"https:\/\/miurio.com\/et\/tarne\/","name":"Tarne - Miurio Design Studio","isPartOf":{"@id":"https:\/\/miurio.com\/et\/#website"},"datePublished":"2020-09-03T17:05:14+00:00","dateModified":"2020-10-17T09:42:15+00:00","breadcrumb":{"@id":"https:\/\/miurio.com\/et\/tarne\/#breadcrumb"},"inLanguage":"et","potentialAction":[{"@type":"ReadAction","target":["https:\/\/miurio.com\/et\/tarne\/"]}]},{"@type":"BreadcrumbList","@id":"https:\/\/miurio.com\/et\/tarne\/#breadcrumb","itemListElement":[{"@type":"ListItem","position":1,"name":"Home","item":"https:\/\/miurio.com\/et\/"},{"@type":"ListItem","position":2,"name":"Tarne"}]},{"@type":"WebSite","@id":"https:\/\/miurio.com\/et\/#website","url":"https:\/\/miurio.com\/et\/","name":"Miurio Design Studio","description":"MIURIO design studio website and e-shop","publisher":{"@id":"https:\/\/miurio.com\/et\/#organization"},"potentialAction":[{"@type":"SearchAction","target":{"@type":"EntryPoint","urlTemplate":"https:\/\/miurio.com\/et\/?s={search_term_string}"},"query-input":{"@type":"PropertyValueSpecification","valueRequired":true,"valueName":"search_term_string"}}],"inLanguage":"et"},{"@type":"Organization","@id":"https:\/\/miurio.com\/et\/#organization","name":"MIURIO DECOR O\u00dc","url":"https:\/\/miurio.com\/et\/","logo":{"@type":"ImageObject","inLanguage":"et","@id":"https:\/\/miurio.com\/et\/#\/schema\/logo\/image\/","url":"https:\/\/miurio.com\/wp-content\/uploads\/2021\/08\/MIURIO-new-logo-3.png","contentUrl":"https:\/\/miurio.com\/wp-content\/uploads\/2021\/08\/MIURIO-new-logo-3.png","width":1500,"height":1500,"caption":"MIURIO DECOR O\u00dc"},"image":{"@id":"https:\/\/miurio.com\/et\/#\/schema\/logo\/image\/"},"sameAs":["http:\/\/www.facebook.com\/miuriodecor","https:\/\/instagram.com\/miurio_textiles","https:\/\/www.pinterest.com\/miuriodecor"]}]}},"_links":{"self":[{"href":"https:\/\/miurio.com\/et\/wp-json\/wp\/v2\/pages\/3407","targetHints":{"allow":["GET"]}}],"collection":[{"href":"https:\/\/miurio.com\/et\/wp-json\/wp\/v2\/pages"}],"about":[{"href":"https:\/\/miurio.com\/et\/wp-json\/wp\/v2\/types\/page"}],"author":[{"embeddable":true,"href":"https:\/\/miurio.com\/et\/wp-json\/wp\/v2\/users\/2"}],"replies":[{"embeddable":true,"href":"https:\/\/miurio.com\/et\/wp-json\/wp\/v2\/comments?post=3407"}],"version-history":[{"count":4,"href":"https:\/\/miurio.com\/et\/wp-json\/wp\/v2\/pages\/3407\/revisions"}],"predecessor-version":[{"id":7958,"href":"https:\/\/miurio.com\/et\/wp-json\/wp\/v2\/pages\/3407\/revisions\/7958"}],"wp:attachment":[{"href":"https:\/\/miurio.com\/et\/wp-json\/wp\/v2\/media?parent=3407"}],"curies":[{"name":"wp","href":"https:\/\/api.w.org\/{rel}","templated":true}]}}