{"id":3405,"date":"2020-09-03T17:01:50","date_gmt":"2020-09-03T17:01:50","guid":{"rendered":"https:\/\/miurio.com\/%d0%bceepipoe-muugitingimused\/"},"modified":"2026-01-05T09:10:58","modified_gmt":"2026-01-05T09:10:58","slug":"%d0%bceepipoe-muugitingimused","status":"publish","type":"page","link":"https:\/\/miurio.com\/et\/%d0%bceepipoe-muugitingimused\/","title":{"rendered":"Veepipoe M\u00fc\u00fcgitingimused"},"content":{"rendered":"<div class=\"wpb-content-wrapper\"><p>[vc_row][vc_column][vc_column_text css=&#8221;&#8221;]<\/p>\n<p class=\"p1\">Veebipoe MIURIO (edaspidi Veebipood) omanik on MIURIO DECOR O\u00dc (registrikood 12327441), asukohaga Veerenni 24C, 2. korrus, ruum 213, Tallinn 10135 .<\/p>\n<h3 class=\"p1\"><span class=\"s1\">M\u00fc\u00fcgilepingu kehtivus, kauba- ja hinnainfo<\/span><\/h3>\n<p class=\"p1\">M\u00fc\u00fcgitingimused kehtivad Veebipoest kaupade ostmisel.<\/p>\n<p>MIURIO DECOR O\u00dc (MIURIO disainistuudio) m\u00fc\u00fcb siidist aksessuaare (siidisalle, -r\u00e4tikuid ja meeste ilur\u00e4tikuid), villaseid salle ja kodutekstiiltooteid (s.o \u00f6kotapeet, padjad, k\u00e4sitsi valmistatud vaibad jne), mis on valmistatud oma originaalmustrite j\u00e4rgi.<\/p>\n<p>Veebipoes\u00a0m\u00fc\u00fcdavate toodete hinnad on m\u00e4rgitud toodete juurde. Hinnale lisandub tasu kauba k\u00e4ttetoimetamise eest.<\/p>\n<p>Kauba k\u00e4ttetoimetamise tasu s\u00f5ltub ostja asukohast ning k\u00e4ttetoimetamise viisist. K\u00e4ttetoimetamise tasu kuvatakse ostjale tellimuse vormistamisel.<\/p>\n<p>Teave kauba kohta on esitatud Veebipoes vahetult kauba juures.<\/p>\n<h3 class=\"p1\"><span class=\"s1\">Makseviiside kirjeldus ja valuuta<\/span><\/h3>\n<p class=\"p2\">E-poes toimub tasumine l\u00e4bi turvalise maksekeskuse k\u00f5ikide rahvusvahelise pangakaartide (VISA ja MasterCard) ja Eesti, L\u00e4ti, Leedu ja Soome maksekaartide ja pangalinkidega.<\/p>\n<ul>\n<li>Eesti pangalingid: Swedbank, SEB, Luminor, LHV, Coop Pank, Pocopay<\/li>\n<li>Soome pangalingid: Aktia, \u00c5landsbanken, Danske, Handelsbanken, Nordea, Oma S\u00e4\u00e4stopankki, Pohjola, POP Pankki, S-Pankki, S\u00e4\u00e4stopankki<\/li>\n<li>L\u00e4ti pangalingid: Swedbank, SEB, Citadele ja Luminor<\/li>\n<li>Leedu pangalingid: Swedbank, SEB ja Luminor<\/li>\n<\/ul>\n<p>NB! Pangalingiga tasumisel vajutada kindlasti panga lehel nupule \u201eTagasi kaupmehe juurde\u201c.<\/p>\n<p class=\"p2\">Arveldamise valuutaks on EURO. E-poes pakutavad kaubad sisaldavad k\u00e4ibemaksu (MIURIO DECOR O\u00dc on k\u00e4ibemaksukohuslane).<\/p>\n<p class=\"p2\">MIURIO DECOR O\u00dc on isikuandmete vastutav t\u00f6\u00f6tleja, MIURIO DECOR O\u00dc edastab maksete teostamiseks vajalikud isikuandmed volitatud t\u00f6\u00f6tleja Maksekeskus AS-le.<\/p>\n<h3 class=\"p1\"><span class=\"s1\">Tellimuse vormistamine<\/span><\/h3>\n<p class=\"p1\">Kauba tellimiseks tuleb lisada soovitud tooted ostukorvi. Tellimuse vormistamiseks tuleb t\u00e4ita n\u00f5utud andmev\u00e4ljad ning valida sobiv toodete kohaletoimetamise viis. Seej\u00e4rel kuvatakse ekraanile tasu suurus, mille saab tasuda pangalingi kaudu v\u00f5i muu makselahenduse abil.<\/p>\n<p>Leping j\u00f5ustub alates tasumisele kuuluva summa laekumisest Veebipoe arvelduskontole.<\/p>\n<p>Kui tellitud kaupa ei ole v\u00f5imalik tarnida seoses kauba l\u00f5ppemisega v\u00f5i muul p\u00f5hjusel, teavitatakse sellest ostjat esimesel v\u00f5imalusel ning tagastatakse tasutud raha (sh kauba k\u00e4ttetoimetamise kulud) viivitamata, kuid mitte hiljem kui 14 p\u00e4eva jooksul teate saatmisest.<\/p>\n<h3 class=\"p1\"><span class=\"s1\">Kohaletoimetamine<\/span><\/h3>\n<p class=\"p1\">Kaupu saadetakse j\u00e4rgmistesse riikidesse: Eesti Vabariik, EL riigid ja USA.<\/p>\n<p>Kaup saadetakse L\u00e4tti ja Leetu Omniva pakiautomaadi ning kullerteenuse vahendusel. Teistesse EL riikidesse Omniva pakiteenuse teel postkontorisse.<br \/>\nKauba saatmiskulud kannab ostja ning vastav hinnainfo on kuvatud saatmisviisi juures.<\/p>\n<p>Eestisisesed saadetised j\u00f5uavad \u00fcldjuhul ostja m\u00e4\u00e4ratud sihtpunkti 3-5 t\u00f6\u00f6p\u00e4eva jooksul alates m\u00fc\u00fcgilepingu j\u00f5ustumist.<\/p>\n<h3 class=\"p1\"><span class=\"s1\">Taganemis\u00f5igus<\/span><\/h3>\n<p class=\"p2\">P\u00e4rast tellimuse k\u00e4ttesaamist on ostjal \u00f5igus e-poes s\u00f5lmitud lepingust taganeda 14 p\u00e4eva jooksul [olenevalt toodetest ei pruugi ostjal taganemise \u00f5igust olla, vastavad tooted ja teenused tuleb sellisel juhul loetleda ning need peavad vastama\u00a0<a href=\"https:\/\/www.riigiteataja.ee\/akt\/961235?leiaKehtiv\"><span class=\"s2\">v\u00f5la\u00f5igusseaduse<\/span><\/a>\u00a0\u00a7 53 lg-s 4 loetletud tingimustele].<\/p>\n<p>Taganemis\u00f5igus ei kohaldu, kui ostjaks on juriidiline isik.<\/p>\n<p>14-p\u00e4evase tagastamis\u00f5iguse kasutamiseks ei tohi tellitud kaupa kasutada muul viisil kui on vajalik kauba olemuses, omadustes ja toimimises veendumiseks viisil nagu see on lubatud kauba testimiseks f\u00fc\u00fcsilises poes (stuudios).<\/p>\n<p>Tagastatav kaup peab olema samasuguses seisundis nagu see oli kliendile k\u00e4ttetoimetamise hetkel. Tagastataval kaubal peavad puuduma kasutamise j\u00e4ljed, vastasel juhul ei kuulu kaup tagastamisele. Tagastatav toode v\u00f5i tooted peavad postitamisel olema pakendatud originaalpakendis.<\/p>\n<p class=\"p4\">Tapeete ja pilttapeete ei saa tagastada, v.a. juhul, kui tegemist on praaktootega, mida tuleb t\u00f5estada fotode alusel. Sellisel juhul praaktoode asendatakse samasuguse kvaliteetse tootega.<\/p>\n<p>Kui kaupa on kasutatud muuks otstarbeks kui on vajalik kauba olemuses, omadustes ja toimimises veendumiseks v\u00f5i sellel on kasutamise v\u00f5i kulumise m\u00e4rke, on Veebipoel \u00f5igus alandada tagastatavat tasu vastavalt kauba v\u00e4\u00e4rtuse v\u00e4henemisele.<\/p>\n<p>Kauba tagastamiseks tuleb esitada kauba ostmisest taganemise avaldus, mille vormi leiab siit:\u00a0<a href=\"https:\/\/cdn.prod.website-files.com\/606d887c84f615f26e673155\/609e7331448746e9bbfb7e0d_JM_m41_lisa1.pdf\"><span class=\"s2\">taganemisavaldus<\/span><\/a>\u00a0ning saata see e-posti aadressile info@miurio.com hiljemalt 14 p\u00e4eva jooksul kauba k\u00e4ttesaamisest.<\/p>\n<p>Kauba tagastamise kulud kannab ostja. Toote tagastamiseks peate selle saatma aadressile:<br \/>\nMIURIO DECOR O\u00dc, Veerenni 24C, Tallinn 10135, Eesti<\/p>\n<p class=\"p4\">Ostja vastutab ise oma kauba tagastamisega seotud saatekulude tasumise eest. Saatmiskulud ei kuulu h\u00fcvitamisele. Kui Ostja saab tagasimakse, arvestatakse tagasisaatmisekulud Ostja tagasimaksest maha.<\/p>\n<p class=\"p4\">Ostja peab kauba tagastama avalduse esitamisele j\u00e4rgneva 14 p\u00e4eva jooksul v\u00f5i esitama t\u00f5endi, et ta on eelnimetatud perioodi jooksul kauba \u00fcle andnud kauba vedajale.<\/p>\n<p>Veebipood tagastab tagastatava kauba k\u00e4ttesaamisel ostjale viivitamata, kuid mitte hiljem kui 14 p\u00e4eva m\u00f6\u00f6dumisel arvates taganemisavalduse saamisest, k\u00f5ik ostjalt lepingu alusel saadud tasud.<\/p>\n<p>Veebipood v\u00f5ib keelduda tagasimaksete tegemisest seni, kuni on lepingu esemeks oleva asja tagasi saanud v\u00f5i kuni ostja on esitanud t\u00f5endid, et on asja tagasi saatnud, s\u00f5ltuvalt sellest, kumb toimub varem.<\/p>\n<p>Kui ostja on s\u00f5naselgelt valinud Veebipoe pakutud k\u00f5ige odavamast tavap\u00e4rasest asja k\u00e4ttetoimetamise viisist erineva k\u00e4ttetoimetamise viisi, ei pea Veebipood tarbijale tagastama kulu, mis \u00fcletab tavap\u00e4rase k\u00e4ttetoimetamise viisiga seotud kulu.<\/p>\n<p>Veebipoel on \u00f5igus taganeda m\u00fc\u00fcgitehingust ning n\u00f5uda ostjalt tagasi kaup, kui kauba hind veebipoes on eksituse t\u00f5ttu m\u00e4rgitud oluliselt alla kauba turuhinna.<\/p>\n<h3 class=\"p1\"><span class=\"s1\">Pretensiooni esitamise kord<\/span><\/h3>\n<ol class=\"ol1\">\n<li class=\"li2\">Veebipoes m\u00fc\u00fcdud Toodetele kehtib 2-aastane pretensioonide esitamise t\u00e4htaeg.<\/li>\n<li class=\"li2\">Puuduse ilmnemisel tuleb M\u00fc\u00fcjat puudustest teavitada hiljemalt kahe kuu jooksul alates puuduse avastamisest, saates e-kirja aadressile info@miurio.com.<\/li>\n<li class=\"li2\">Kui selgub, et Veebipoest ostetud Tootel on tootmisdefekt, on M\u00fc\u00fcja kohustatud Toote asendama v\u00f5i parandama. Kui Toodet ei ole v\u00f5imalik asendada ega parandada, tagastab M\u00fc\u00fcja ostjale k\u00f5ik m\u00fc\u00fcgilepinguga kaasnenud tasud.<\/li>\n<li class=\"li2\">Toote lepingutingimustele mittevastavuse korral kannab Toote parandamisega v\u00f5i Toote asendamisega seotud kulud, eelk\u00f5ige veo-, posti-, t\u00f6\u00f6-, reisi- ja materjalikulud, M\u00fc\u00fcja.<\/li>\n<li class=\"li2\">Kui M\u00fc\u00fcjal on p\u00f5hjust kahelda, kas Tootel ilmnenud puudus on tingitud tootmispraagist v\u00f5i on selle p\u00f5hjustanud Klient, t\u00f5endavad vea tekkep\u00f5hjuseid asjatundjad.<\/li>\n<\/ol>\n<p class=\"p1\">Veebipood vastab tarbija esitatud kaebusele kirjalikult v\u00f5i kirjalikku taasesitamist v\u00f5imaldavas vormis 15 p\u00e4eva jooksul.<\/p>\n<h3 class=\"p1\"><span class=\"s1\">Otseturustus ja isikuandmete t\u00f6\u00f6tlemine<\/span><\/h3>\n<p class=\"p1\">Veebipood kasutab ostja poolt sisestatud isikuandmeid (sh nimi, telefoninumber, aadress, e-maili aadress) ainult tellimuse t\u00f6\u00f6tlemiseks ning kauba ostjale saatmiseks. Veebipood edastab isikuandmeid veoteenust pakkuvale ettev\u00f5tetele selleks, et kohale toimetada kaupa.<\/p>\n<p>Veebipood saadab ostjale uudiskirju ning pakkumisi ostja e-maili aadressile ainult juhul, kui ostja on selleks avaldanud soovi sisestades veebilehel e-kirja aadressi ning andnud teada oma soovist otsepostituse teadete saamiseks.<\/p>\n<p>Ostjal on igal ajal v\u00f5imalik loobuda e-postile saadetavatest pakkumistest ja uudiskirjadest andes sellest meile teada e-kirja teel v\u00f5i j\u00e4rgides pakkumisi sisaldava e-kirjas toodud juhiseid.<\/p>\n<h3 class=\"p1\"><span class=\"s1\">Vaidluste lahendamine<\/span><\/h3>\n<p class=\"p2\">Kui ostjal on Veebipoe osas pretensioone, tuleb need saata e-kirja aadressile\u00a0<a href=\"mailto:info@miurio.com\"><span class=\"s2\"><b>info@miurio.com<\/b><\/span><\/a><b> <\/b>v\u00f5i helistada telefonil:\u00a0<b>+372 58162073<\/b><\/p>\n<p>Kui ostja ja Veebipood ei suuda lahenda vaidlust kokkuleppe teel, siis on ostjal v\u00f5imalik p\u00f6\u00f6rduda Tarbijavaidluste komisjoni poole. Menetlustingimustega saab tutvuda ning avaldust esitada\u00a0<a href=\"https:\/\/komisjon.ee\/et\"><span class=\"s2\">siin<\/span><\/a>. Tarbijavaidluste komisjoni p\u00e4devuses on lahendada ostja ja Veebipoe vahel s\u00f5lmitud lepingust tulenevaid vaidlusi. Ostja kaebuse l\u00e4bivaatamine komisjonis on tasuta.<\/p>\n<p>Ostja v\u00f5ib p\u00f6\u00f6rduda Euroopa Liidu tarbijavaidlusi lahendava platvormi<b>\u00a0<\/b><a href=\"https:\/\/ec.europa.eu\/consumers\/odr\/main\/index.cfm?event=main.home.chooseLanguage\"><span class=\"s2\"><b>poole<\/b><\/span><\/a><b>.<\/b>[\/vc_column_text][\/vc_column][\/vc_row]<\/p>\n<\/div>","protected":false},"excerpt":{"rendered":"<p>[vc_row][vc_column][vc_column_text css=&#8221;&#8221;] Veebipoe MIURIO (edaspidi Veebipood) omanik on MIURIO DECOR O\u00dc (registrikood 12327441), asukohaga Veerenni 24C, 2. korrus, ruum 213, Tallinn 10135 . M\u00fc\u00fcgilepingu kehtivus, kauba- ja hinnainfo M\u00fc\u00fcgitingimused kehtivad&hellip;<\/p>\n","protected":false},"author":2,"featured_media":0,"parent":0,"menu_order":0,"comment_status":"closed","ping_status":"closed","template":"","meta":{"inline_featured_image":false,"_monsterinsights_skip_tracking":false,"_monsterinsights_sitenote_active":false,"_monsterinsights_sitenote_note":"","_monsterinsights_sitenote_category":0,"_vp_format_video_url":"","_vp_image_focal_point":[],"footnotes":""},"class_list":["post-3405","page","type-page","status-publish","hentry"],"yoast_head":"<!-- This site is optimized with the Yoast SEO plugin v27.2 - https:\/\/yoast.com\/product\/yoast-seo-wordpress\/ -->\n<title>Veepipoe M\u00fc\u00fcgitingimused - Miurio Design Studio<\/title>\n<meta name=\"robots\" content=\"index, follow, max-snippet:-1, max-image-preview:large, max-video-preview:-1\" \/>\n<link rel=\"canonical\" href=\"https:\/\/miurio.com\/et\/%d0%bceepipoe-muugitingimused\/\" \/>\n<meta property=\"og:locale\" content=\"et_EE\" \/>\n<meta property=\"og:type\" content=\"article\" \/>\n<meta property=\"og:title\" content=\"Veepipoe M\u00fc\u00fcgitingimused - Miurio Design Studio\" \/>\n<meta property=\"og:description\" content=\"[vc_row][vc_column][vc_column_text css=&#8221;&#8221;] Veebipoe MIURIO (edaspidi Veebipood) omanik on MIURIO DECOR O\u00dc (registrikood 12327441), asukohaga Veerenni 24C, 2. korrus, ruum 213, Tallinn 10135 . M\u00fc\u00fcgilepingu kehtivus, kauba- ja hinnainfo M\u00fc\u00fcgitingimused kehtivad&hellip;\" \/>\n<meta property=\"og:url\" content=\"https:\/\/miurio.com\/et\/%d0%bceepipoe-muugitingimused\/\" \/>\n<meta property=\"og:site_name\" content=\"Miurio Design Studio\" \/>\n<meta property=\"article:publisher\" content=\"http:\/\/www.facebook.com\/miuriodecor\" \/>\n<meta property=\"article:modified_time\" content=\"2026-01-05T09:10:58+00:00\" \/>\n<meta property=\"og:image\" content=\"https:\/\/miurio.com\/wp-content\/uploads\/2020\/10\/IMG_4170-scaled.jpg\" \/>\n\t<meta property=\"og:image:width\" content=\"1920\" \/>\n\t<meta property=\"og:image:height\" content=\"1280\" \/>\n\t<meta property=\"og:image:type\" content=\"image\/jpeg\" \/>\n<meta name=\"twitter:card\" content=\"summary_large_image\" \/>\n<meta name=\"twitter:label1\" content=\"Est. reading time\" \/>\n\t<meta name=\"twitter:data1\" content=\"5 minutit\" \/>\n<script type=\"application\/ld+json\" class=\"yoast-schema-graph\">{\"@context\":\"https:\/\/schema.org\",\"@graph\":[{\"@type\":\"WebPage\",\"@id\":\"https:\/\/miurio.com\/et\/%d0%bceepipoe-muugitingimused\/\",\"url\":\"https:\/\/miurio.com\/et\/%d0%bceepipoe-muugitingimused\/\",\"name\":\"Veepipoe M\u00fc\u00fcgitingimused - Miurio Design Studio\",\"isPartOf\":{\"@id\":\"https:\/\/miurio.com\/et\/#website\"},\"datePublished\":\"2020-09-03T17:01:50+00:00\",\"dateModified\":\"2026-01-05T09:10:58+00:00\",\"breadcrumb\":{\"@id\":\"https:\/\/miurio.com\/et\/%d0%bceepipoe-muugitingimused\/#breadcrumb\"},\"inLanguage\":\"et\",\"potentialAction\":[{\"@type\":\"ReadAction\",\"target\":[\"https:\/\/miurio.com\/et\/%d0%bceepipoe-muugitingimused\/\"]}]},{\"@type\":\"BreadcrumbList\",\"@id\":\"https:\/\/miurio.com\/et\/%d0%bceepipoe-muugitingimused\/#breadcrumb\",\"itemListElement\":[{\"@type\":\"ListItem\",\"position\":1,\"name\":\"Home\",\"item\":\"https:\/\/miurio.com\/et\/\"},{\"@type\":\"ListItem\",\"position\":2,\"name\":\"Veepipoe M\u00fc\u00fcgitingimused\"}]},{\"@type\":\"WebSite\",\"@id\":\"https:\/\/miurio.com\/et\/#website\",\"url\":\"https:\/\/miurio.com\/et\/\",\"name\":\"Miurio Design Studio\",\"description\":\"MIURIO design studio website and e-shop\",\"publisher\":{\"@id\":\"https:\/\/miurio.com\/et\/#organization\"},\"potentialAction\":[{\"@type\":\"SearchAction\",\"target\":{\"@type\":\"EntryPoint\",\"urlTemplate\":\"https:\/\/miurio.com\/et\/?s={search_term_string}\"},\"query-input\":{\"@type\":\"PropertyValueSpecification\",\"valueRequired\":true,\"valueName\":\"search_term_string\"}}],\"inLanguage\":\"et\"},{\"@type\":\"Organization\",\"@id\":\"https:\/\/miurio.com\/et\/#organization\",\"name\":\"MIURIO DECOR O\u00dc\",\"url\":\"https:\/\/miurio.com\/et\/\",\"logo\":{\"@type\":\"ImageObject\",\"inLanguage\":\"et\",\"@id\":\"https:\/\/miurio.com\/et\/#\/schema\/logo\/image\/\",\"url\":\"https:\/\/miurio.com\/wp-content\/uploads\/2021\/08\/MIURIO-new-logo-3.png\",\"contentUrl\":\"https:\/\/miurio.com\/wp-content\/uploads\/2021\/08\/MIURIO-new-logo-3.png\",\"width\":1500,\"height\":1500,\"caption\":\"MIURIO DECOR O\u00dc\"},\"image\":{\"@id\":\"https:\/\/miurio.com\/et\/#\/schema\/logo\/image\/\"},\"sameAs\":[\"http:\/\/www.facebook.com\/miuriodecor\",\"https:\/\/instagram.com\/miurio_textiles\",\"https:\/\/www.pinterest.com\/miuriodecor\"]}]}<\/script>\n<!-- \/ Yoast SEO plugin. -->","yoast_head_json":{"title":"Veepipoe M\u00fc\u00fcgitingimused - Miurio Design Studio","robots":{"index":"index","follow":"follow","max-snippet":"max-snippet:-1","max-image-preview":"max-image-preview:large","max-video-preview":"max-video-preview:-1"},"canonical":"https:\/\/miurio.com\/et\/%d0%bceepipoe-muugitingimused\/","og_locale":"et_EE","og_type":"article","og_title":"Veepipoe M\u00fc\u00fcgitingimused - Miurio Design Studio","og_description":"[vc_row][vc_column][vc_column_text css=&#8221;&#8221;] Veebipoe MIURIO (edaspidi Veebipood) omanik on MIURIO DECOR O\u00dc (registrikood 12327441), asukohaga Veerenni 24C, 2. korrus, ruum 213, Tallinn 10135 . M\u00fc\u00fcgilepingu kehtivus, kauba- ja hinnainfo M\u00fc\u00fcgitingimused kehtivad&hellip;","og_url":"https:\/\/miurio.com\/et\/%d0%bceepipoe-muugitingimused\/","og_site_name":"Miurio Design Studio","article_publisher":"http:\/\/www.facebook.com\/miuriodecor","article_modified_time":"2026-01-05T09:10:58+00:00","og_image":[{"width":1920,"height":1280,"url":"https:\/\/miurio.com\/wp-content\/uploads\/2020\/10\/IMG_4170-scaled.jpg","type":"image\/jpeg"}],"twitter_card":"summary_large_image","twitter_misc":{"Est. reading time":"5 minutit"},"schema":{"@context":"https:\/\/schema.org","@graph":[{"@type":"WebPage","@id":"https:\/\/miurio.com\/et\/%d0%bceepipoe-muugitingimused\/","url":"https:\/\/miurio.com\/et\/%d0%bceepipoe-muugitingimused\/","name":"Veepipoe M\u00fc\u00fcgitingimused - Miurio Design Studio","isPartOf":{"@id":"https:\/\/miurio.com\/et\/#website"},"datePublished":"2020-09-03T17:01:50+00:00","dateModified":"2026-01-05T09:10:58+00:00","breadcrumb":{"@id":"https:\/\/miurio.com\/et\/%d0%bceepipoe-muugitingimused\/#breadcrumb"},"inLanguage":"et","potentialAction":[{"@type":"ReadAction","target":["https:\/\/miurio.com\/et\/%d0%bceepipoe-muugitingimused\/"]}]},{"@type":"BreadcrumbList","@id":"https:\/\/miurio.com\/et\/%d0%bceepipoe-muugitingimused\/#breadcrumb","itemListElement":[{"@type":"ListItem","position":1,"name":"Home","item":"https:\/\/miurio.com\/et\/"},{"@type":"ListItem","position":2,"name":"Veepipoe M\u00fc\u00fcgitingimused"}]},{"@type":"WebSite","@id":"https:\/\/miurio.com\/et\/#website","url":"https:\/\/miurio.com\/et\/","name":"Miurio Design Studio","description":"MIURIO design studio website and e-shop","publisher":{"@id":"https:\/\/miurio.com\/et\/#organization"},"potentialAction":[{"@type":"SearchAction","target":{"@type":"EntryPoint","urlTemplate":"https:\/\/miurio.com\/et\/?s={search_term_string}"},"query-input":{"@type":"PropertyValueSpecification","valueRequired":true,"valueName":"search_term_string"}}],"inLanguage":"et"},{"@type":"Organization","@id":"https:\/\/miurio.com\/et\/#organization","name":"MIURIO DECOR O\u00dc","url":"https:\/\/miurio.com\/et\/","logo":{"@type":"ImageObject","inLanguage":"et","@id":"https:\/\/miurio.com\/et\/#\/schema\/logo\/image\/","url":"https:\/\/miurio.com\/wp-content\/uploads\/2021\/08\/MIURIO-new-logo-3.png","contentUrl":"https:\/\/miurio.com\/wp-content\/uploads\/2021\/08\/MIURIO-new-logo-3.png","width":1500,"height":1500,"caption":"MIURIO DECOR O\u00dc"},"image":{"@id":"https:\/\/miurio.com\/et\/#\/schema\/logo\/image\/"},"sameAs":["http:\/\/www.facebook.com\/miuriodecor","https:\/\/instagram.com\/miurio_textiles","https:\/\/www.pinterest.com\/miuriodecor"]}]}},"_links":{"self":[{"href":"https:\/\/miurio.com\/et\/wp-json\/wp\/v2\/pages\/3405","targetHints":{"allow":["GET"]}}],"collection":[{"href":"https:\/\/miurio.com\/et\/wp-json\/wp\/v2\/pages"}],"about":[{"href":"https:\/\/miurio.com\/et\/wp-json\/wp\/v2\/types\/page"}],"author":[{"embeddable":true,"href":"https:\/\/miurio.com\/et\/wp-json\/wp\/v2\/users\/2"}],"replies":[{"embeddable":true,"href":"https:\/\/miurio.com\/et\/wp-json\/wp\/v2\/comments?post=3405"}],"version-history":[{"count":5,"href":"https:\/\/miurio.com\/et\/wp-json\/wp\/v2\/pages\/3405\/revisions"}],"predecessor-version":[{"id":15262,"href":"https:\/\/miurio.com\/et\/wp-json\/wp\/v2\/pages\/3405\/revisions\/15262"}],"wp:attachment":[{"href":"https:\/\/miurio.com\/et\/wp-json\/wp\/v2\/media?parent=3405"}],"curies":[{"name":"wp","href":"https:\/\/api.w.org\/{rel}","templated":true}]}}