{"id":3400,"date":"2020-09-03T16:51:30","date_gmt":"2020-09-03T16:51:30","guid":{"rendered":"https:\/\/miurio.com\/privacy-policy\/"},"modified":"2020-10-17T09:31:06","modified_gmt":"2020-10-17T09:31:06","slug":"isikuandmete-tootlemine","status":"publish","type":"page","link":"https:\/\/miurio.com\/et\/isikuandmete-tootlemine\/","title":{"rendered":"Isikuandmete T\u00f6\u00f6tlemine\u00a0"},"content":{"rendered":"<p>Veebipoe MIURIO isikuandmete vastutav t\u00f6\u00f6tleja on\u00a0<strong>MIURIO D\u00c9COR O\u00dc<\/strong>\u00a0(registrikood 12327441) asukohaga Veerenni 24C, 2. korrus, ruum 213, Tallinn 10135, tel +372 58 162073 e-kiri\u00a0<a href=\"mailto:info@miurio.com\">info@miurio.com<\/a>.<\/p>\n<p>Milliseid isikuandmeid t\u00f6\u00f6deldakse<br \/>\n\u2212 nimi, telefoninumber ja e-posti aadress;<br \/>\n\u2212 kauba kohaletoimetamise aadress;<br \/>\n\u2212 kaupade ja teenuste maksumus ja maksetega seotud andmed (ostuajalugu);<br \/>\n\u2212 klienditoe andmed.<\/p>\n<h3>Mis eesm\u00e4rgil isikuandmeid t\u00f6\u00f6deldakse<\/h3>\n<p>Isikuandmeid kasutatakse kliendi tellimuste haldamiseks ja kauba kohaletoimetamiseks.<\/p>\n<p>Ostuajaloo andmeid (ostu kuup\u00e4ev, kaup, kogus, kliendi andmed) kasutatakse ostetud kaupade ja teenuste \u00fclevaate koostamiseks ning kliendieelistuste anal\u00fc\u00fcsimiseks.<\/p>\n<p>Isikuandmeid nagu e-post, telefoni nr, kliendi nimi, t\u00f6\u00f6deldakse selleks, et lahendada kaupade ja teenuste osutamise seonduvaid k\u00fcsimusi (klienditugi).<\/p>\n<p>Veebipoe kasutaja IP-aadressi v\u00f5i teisi v\u00f5rguidentifikaatoreid t\u00f6\u00f6deldakse veebipoe kui info\u00fchiskonna teenuse osutamiseks ning veebikasutusstatistika tegemiseks.<\/p>\n<h3>\u00d5iguslik alus<\/h3>\n<p>Isikuandmete t\u00f6\u00f6tlemine toimub kliendiga s\u00f5lmitud lepingu t\u00e4itmise eesm\u00e4rgil.<\/p>\n<p>Isikuandmete t\u00f6\u00f6tlemine toimub juriidilise kohustuse t\u00e4itmiseks (nt raamatupidamine ja tarbijavaidluste lahendamine).<\/p>\n<h3>Vastuv\u00f5tjad, kellele isikuandmed edastatakse<\/h3>\n<p>Isikuandmed edastatakse veebipoe klienditoele ostude ja ostuajaloo haldamiseks ja kliendiprobleemide lahendamiseks.<\/p>\n<p>Nimi, telefoninumber ja e-posti aadress edastatakse kliendi poolt valitud transporditeenuse pakkujale. Kui tegemist on kulleriga kohale toimetatava kaubaga, siis edastatakse lisaks kontaktandmetele ka kliendi aadress.<\/p>\n<p>Kui veebipoe raamatupidamine toimub teenusepakkuja poolt, siis edastatakse isikuandmed teenusepakkujale raamatupidamistoimingute tegemiseks.<\/p>\n<p>Isikuandmeid v\u00f5idakse edastada infotehnoloogia teenuste pakkujatele, kui see on vajalik veebipoe funktsionaalsuse v\u00f5i andmemajutuse tagamiseks.<\/p>\n<p>MIURIO DECOR O\u00dc on isikuandmete vastutav t\u00f6\u00f6tleja, ettev\u00f5te edastab maksete teostamiseks vajalikud isikuandmed volitatud t\u00f6\u00f6tleja Maksekeskus AS-ile.<\/p>\n<h3>Turvalisus ja andmetele ligip\u00e4\u00e4s<\/h3>\n<p>Isikuandmeid hoitakse serverites, mis asuvad Euroopa Liidu liikmesriigi v\u00f5i Euroopa Liidu majanduspiirkonnaga liitunud riikide territooriumil. Andmeid v\u00f5idakse edastada riikidesse, mille andmekaitse taset on Euroopa Komisjon hinnanud piisavaks.<\/p>\n<p>Juurdep\u00e4\u00e4s isikuandmetele on veebipoe t\u00f6\u00f6tajatel, kes saavad isikuandmetega tutvuda selleks, et lahendada veebipoe kasutamisega seonduvaid tehnilisi k\u00fcsimusi ning osutada klienditoe teenust.<\/p>\n<p>Veebipood rakendab asjakohaseid f\u00fc\u00fcsilisi, organisatsioonilisi ja infotehnilisi turvameetmeid, et kaitsta isikuandmeid juhusliku v\u00f5i ebaseadusliku h\u00e4vitamise, kaotsimineku, muutmise v\u00f5i loata juurdep\u00e4\u00e4su ja avalikustamise eest.<\/p>\n<h3>Isikuandmetega tutvumine ja parandamine<\/h3>\n<p>Isikuandmetega saab tutvuda ja teha parandusi veebipoe kasutajaprofiilis. Kui ost on sooritatud ilma kasutajakontota, siis saab tutvuda isikuandmetega klinditoe vahendusel.<\/p>\n<h3>N\u00f5usoleku tagasiv\u00f5tmine<\/h3>\n<p>Kui isikundmete t\u00f6\u00f6tlemine toimub kliendi n\u00f5usoleku alusel, siis on kliendil \u00f5igus n\u00f5usolek tagasi v\u00f5tta teavitades sellest kliendituge e-posti teel.<\/p>\n<h3>S\u00e4ilitamine<\/h3>\n<p>Veebipoe kliendikonto sulgemisel kustutatakse isikuandmed, va juhul kui selliseid andmeid on vaja s\u00e4ilitada raamatupidamise jaoks v\u00f5i tarbijavaidluste lahendamiseks.<\/p>\n<p>Maksetega ja tarbijavaidlustega seotud vaidluste korral s\u00e4ilitatakse isikuandmed kuni n\u00f5ude t\u00e4itmiseni v\u00f5i aegumist\u00e4htaja l\u00f5puni.<\/p>\n<p>Raamatupidamise jaoks vajalikud isikuandmed s\u00e4ilitatakse seitse aastat.<\/p>\n<h3>Kustutamine<\/h3>\n<p>Isikuandmete kustutamiseks tuleb v\u00f5tta \u00fchendust klienditoega e-posti teel. Kustutamistaotlusele vastatakse mitte hiljem kui kuu aja jooksul ning t\u00e4psustakse andmete kustutamise perioodi.<\/p>\n<h3>\u00dclekandmine<\/h3>\n<p>E-posti teel esitatud isikuandmete \u00fclekandmise taotlusele vastatakse hiljemalt kuu aja jooksul. Klienditugi tuvastab isikusamasuse ja teavitab isikuandmetest, mis kuuluvad \u00fclekandmisele.<\/p>\n<h3>Otseturustusteated<\/h3>\n<p>E-kirja aadressi ja telefoninumbrit kasutatakse otseturundusteadete saatmiseks, kui klient on andnud vastava n\u00f5usoleku. Kui klient ei soovi saada otseturustusteateid, siis tuleb valida e-kirja jaluses vastav viide v\u00f5i v\u00f5tta \u00fchendust klienditoega.<\/p>\n<p>Kui isikuandmeid t\u00f6\u00f6deldakse otseturunduse eesm\u00e4rgil (profileerimine), on kliendil \u00f5igus oma isikuandmete nii algse kui ka edasise t\u00f6\u00f6tlemise, sealhulgas otseturundusega seotud profiilianal\u00fc\u00fcsi tegemise suhtes igal ajal vastuv\u00e4iteid esitada teavitades sellest kliendituge e-posti teel\u00a0(vastav teave tuleb esitada selgelt ja eraldi igasugusest muust teabest).<\/p>\n<h3>Muudatused<\/h3>\n<p>V\u00f5ime seda privaatsuspoliitikat aeg-ajalt ajakohastada, et kajastada n\u00e4iteks muudatusi meie tavades, v\u00f5i muudel t\u00f6\u00f6korralduslikel, \u00f5iguslikel v\u00f5i regulatiivsetel p\u00f5hjustel.<\/p>\n<h3>Vaidluste lahendamine<\/h3>\n<p>Isikuandmete t\u00f6\u00f6tlemisega seotud vaidluste lahendamine toimub klienditoe vahendusel (<a href=\"mailto:info@miurio.com\">info@miurio.com<\/a>\/ +372 58162073). J\u00e4relevalveasutus on Eesti Andmekaitse Inspektsioon (<a href=\"mailto:info@aki.ee\">info@aki.ee<\/a>).<\/p>\n","protected":false},"excerpt":{"rendered":"<p>Veebipoe MIURIO isikuandmete vastutav t\u00f6\u00f6tleja on\u00a0MIURIO D\u00c9COR O\u00dc\u00a0(registrikood 12327441) asukohaga Veerenni 24C, 2. korrus, ruum 213, Tallinn 10135, tel +372 58 162073 e-kiri\u00a0info@miurio.com. Milliseid isikuandmeid t\u00f6\u00f6deldakse \u2212 nimi, telefoninumber ja&hellip;<\/p>\n","protected":false},"author":2,"featured_media":0,"parent":0,"menu_order":0,"comment_status":"closed","ping_status":"open","template":"","meta":{"inline_featured_image":false,"_monsterinsights_skip_tracking":false,"_monsterinsights_sitenote_active":false,"_monsterinsights_sitenote_note":"","_monsterinsights_sitenote_category":0,"_vp_format_video_url":"","_vp_image_focal_point":[],"footnotes":""},"class_list":["post-3400","page","type-page","status-publish","hentry"],"yoast_head":"<!-- This site is optimized with the Yoast SEO plugin v27.2 - https:\/\/yoast.com\/product\/yoast-seo-wordpress\/ -->\n<title>Isikuandmete T\u00f6\u00f6tlemine\u00a0 - Miurio Design Studio<\/title>\n<meta name=\"robots\" content=\"index, follow, max-snippet:-1, max-image-preview:large, max-video-preview:-1\" \/>\n<link rel=\"canonical\" href=\"https:\/\/miurio.com\/et\/isikuandmete-tootlemine\/\" \/>\n<meta property=\"og:locale\" content=\"et_EE\" \/>\n<meta property=\"og:type\" content=\"article\" \/>\n<meta property=\"og:title\" content=\"Isikuandmete T\u00f6\u00f6tlemine\u00a0 - Miurio Design Studio\" \/>\n<meta property=\"og:description\" content=\"Veebipoe MIURIO isikuandmete vastutav t\u00f6\u00f6tleja on\u00a0MIURIO D\u00c9COR O\u00dc\u00a0(registrikood 12327441) asukohaga Veerenni 24C, 2. korrus, ruum 213, Tallinn 10135, tel +372 58 162073 e-kiri\u00a0info@miurio.com. Milliseid isikuandmeid t\u00f6\u00f6deldakse \u2212 nimi, telefoninumber ja&hellip;\" \/>\n<meta property=\"og:url\" content=\"https:\/\/miurio.com\/et\/isikuandmete-tootlemine\/\" \/>\n<meta property=\"og:site_name\" content=\"Miurio Design Studio\" \/>\n<meta property=\"article:publisher\" content=\"http:\/\/www.facebook.com\/miuriodecor\" \/>\n<meta property=\"article:modified_time\" content=\"2020-10-17T09:31:06+00:00\" \/>\n<meta property=\"og:image\" content=\"https:\/\/miurio.com\/wp-content\/uploads\/2020\/10\/IMG_4170-scaled.jpg\" \/>\n\t<meta property=\"og:image:width\" content=\"1920\" \/>\n\t<meta property=\"og:image:height\" content=\"1280\" \/>\n\t<meta property=\"og:image:type\" content=\"image\/jpeg\" \/>\n<meta name=\"twitter:card\" content=\"summary_large_image\" \/>\n<meta name=\"twitter:label1\" content=\"Est. reading time\" \/>\n\t<meta name=\"twitter:data1\" content=\"3 minutit\" \/>\n<script type=\"application\/ld+json\" class=\"yoast-schema-graph\">{\"@context\":\"https:\/\/schema.org\",\"@graph\":[{\"@type\":\"WebPage\",\"@id\":\"https:\/\/miurio.com\/et\/isikuandmete-tootlemine\/\",\"url\":\"https:\/\/miurio.com\/et\/isikuandmete-tootlemine\/\",\"name\":\"Isikuandmete T\u00f6\u00f6tlemine\u00a0 - Miurio Design Studio\",\"isPartOf\":{\"@id\":\"https:\/\/miurio.com\/et\/#website\"},\"datePublished\":\"2020-09-03T16:51:30+00:00\",\"dateModified\":\"2020-10-17T09:31:06+00:00\",\"breadcrumb\":{\"@id\":\"https:\/\/miurio.com\/et\/isikuandmete-tootlemine\/#breadcrumb\"},\"inLanguage\":\"et\",\"potentialAction\":[{\"@type\":\"ReadAction\",\"target\":[\"https:\/\/miurio.com\/et\/isikuandmete-tootlemine\/\"]}]},{\"@type\":\"BreadcrumbList\",\"@id\":\"https:\/\/miurio.com\/et\/isikuandmete-tootlemine\/#breadcrumb\",\"itemListElement\":[{\"@type\":\"ListItem\",\"position\":1,\"name\":\"Home\",\"item\":\"https:\/\/miurio.com\/et\/\"},{\"@type\":\"ListItem\",\"position\":2,\"name\":\"Isikuandmete T\u00f6\u00f6tlemine\u00a0\"}]},{\"@type\":\"WebSite\",\"@id\":\"https:\/\/miurio.com\/et\/#website\",\"url\":\"https:\/\/miurio.com\/et\/\",\"name\":\"Miurio Design Studio\",\"description\":\"MIURIO design studio website and e-shop\",\"publisher\":{\"@id\":\"https:\/\/miurio.com\/et\/#organization\"},\"potentialAction\":[{\"@type\":\"SearchAction\",\"target\":{\"@type\":\"EntryPoint\",\"urlTemplate\":\"https:\/\/miurio.com\/et\/?s={search_term_string}\"},\"query-input\":{\"@type\":\"PropertyValueSpecification\",\"valueRequired\":true,\"valueName\":\"search_term_string\"}}],\"inLanguage\":\"et\"},{\"@type\":\"Organization\",\"@id\":\"https:\/\/miurio.com\/et\/#organization\",\"name\":\"MIURIO DECOR O\u00dc\",\"url\":\"https:\/\/miurio.com\/et\/\",\"logo\":{\"@type\":\"ImageObject\",\"inLanguage\":\"et\",\"@id\":\"https:\/\/miurio.com\/et\/#\/schema\/logo\/image\/\",\"url\":\"https:\/\/miurio.com\/wp-content\/uploads\/2021\/08\/MIURIO-new-logo-3.png\",\"contentUrl\":\"https:\/\/miurio.com\/wp-content\/uploads\/2021\/08\/MIURIO-new-logo-3.png\",\"width\":1500,\"height\":1500,\"caption\":\"MIURIO DECOR O\u00dc\"},\"image\":{\"@id\":\"https:\/\/miurio.com\/et\/#\/schema\/logo\/image\/\"},\"sameAs\":[\"http:\/\/www.facebook.com\/miuriodecor\",\"https:\/\/instagram.com\/miurio_textiles\",\"https:\/\/www.pinterest.com\/miuriodecor\"]}]}<\/script>\n<!-- \/ Yoast SEO plugin. -->","yoast_head_json":{"title":"Isikuandmete T\u00f6\u00f6tlemine\u00a0 - Miurio Design Studio","robots":{"index":"index","follow":"follow","max-snippet":"max-snippet:-1","max-image-preview":"max-image-preview:large","max-video-preview":"max-video-preview:-1"},"canonical":"https:\/\/miurio.com\/et\/isikuandmete-tootlemine\/","og_locale":"et_EE","og_type":"article","og_title":"Isikuandmete T\u00f6\u00f6tlemine\u00a0 - Miurio Design Studio","og_description":"Veebipoe MIURIO isikuandmete vastutav t\u00f6\u00f6tleja on\u00a0MIURIO D\u00c9COR O\u00dc\u00a0(registrikood 12327441) asukohaga Veerenni 24C, 2. korrus, ruum 213, Tallinn 10135, tel +372 58 162073 e-kiri\u00a0info@miurio.com. Milliseid isikuandmeid t\u00f6\u00f6deldakse \u2212 nimi, telefoninumber ja&hellip;","og_url":"https:\/\/miurio.com\/et\/isikuandmete-tootlemine\/","og_site_name":"Miurio Design Studio","article_publisher":"http:\/\/www.facebook.com\/miuriodecor","article_modified_time":"2020-10-17T09:31:06+00:00","og_image":[{"width":1920,"height":1280,"url":"https:\/\/miurio.com\/wp-content\/uploads\/2020\/10\/IMG_4170-scaled.jpg","type":"image\/jpeg"}],"twitter_card":"summary_large_image","twitter_misc":{"Est. reading time":"3 minutit"},"schema":{"@context":"https:\/\/schema.org","@graph":[{"@type":"WebPage","@id":"https:\/\/miurio.com\/et\/isikuandmete-tootlemine\/","url":"https:\/\/miurio.com\/et\/isikuandmete-tootlemine\/","name":"Isikuandmete T\u00f6\u00f6tlemine\u00a0 - Miurio Design Studio","isPartOf":{"@id":"https:\/\/miurio.com\/et\/#website"},"datePublished":"2020-09-03T16:51:30+00:00","dateModified":"2020-10-17T09:31:06+00:00","breadcrumb":{"@id":"https:\/\/miurio.com\/et\/isikuandmete-tootlemine\/#breadcrumb"},"inLanguage":"et","potentialAction":[{"@type":"ReadAction","target":["https:\/\/miurio.com\/et\/isikuandmete-tootlemine\/"]}]},{"@type":"BreadcrumbList","@id":"https:\/\/miurio.com\/et\/isikuandmete-tootlemine\/#breadcrumb","itemListElement":[{"@type":"ListItem","position":1,"name":"Home","item":"https:\/\/miurio.com\/et\/"},{"@type":"ListItem","position":2,"name":"Isikuandmete T\u00f6\u00f6tlemine\u00a0"}]},{"@type":"WebSite","@id":"https:\/\/miurio.com\/et\/#website","url":"https:\/\/miurio.com\/et\/","name":"Miurio Design Studio","description":"MIURIO design studio website and e-shop","publisher":{"@id":"https:\/\/miurio.com\/et\/#organization"},"potentialAction":[{"@type":"SearchAction","target":{"@type":"EntryPoint","urlTemplate":"https:\/\/miurio.com\/et\/?s={search_term_string}"},"query-input":{"@type":"PropertyValueSpecification","valueRequired":true,"valueName":"search_term_string"}}],"inLanguage":"et"},{"@type":"Organization","@id":"https:\/\/miurio.com\/et\/#organization","name":"MIURIO DECOR O\u00dc","url":"https:\/\/miurio.com\/et\/","logo":{"@type":"ImageObject","inLanguage":"et","@id":"https:\/\/miurio.com\/et\/#\/schema\/logo\/image\/","url":"https:\/\/miurio.com\/wp-content\/uploads\/2021\/08\/MIURIO-new-logo-3.png","contentUrl":"https:\/\/miurio.com\/wp-content\/uploads\/2021\/08\/MIURIO-new-logo-3.png","width":1500,"height":1500,"caption":"MIURIO DECOR O\u00dc"},"image":{"@id":"https:\/\/miurio.com\/et\/#\/schema\/logo\/image\/"},"sameAs":["http:\/\/www.facebook.com\/miuriodecor","https:\/\/instagram.com\/miurio_textiles","https:\/\/www.pinterest.com\/miuriodecor"]}]}},"_links":{"self":[{"href":"https:\/\/miurio.com\/et\/wp-json\/wp\/v2\/pages\/3400","targetHints":{"allow":["GET"]}}],"collection":[{"href":"https:\/\/miurio.com\/et\/wp-json\/wp\/v2\/pages"}],"about":[{"href":"https:\/\/miurio.com\/et\/wp-json\/wp\/v2\/types\/page"}],"author":[{"embeddable":true,"href":"https:\/\/miurio.com\/et\/wp-json\/wp\/v2\/users\/2"}],"replies":[{"embeddable":true,"href":"https:\/\/miurio.com\/et\/wp-json\/wp\/v2\/comments?post=3400"}],"version-history":[{"count":5,"href":"https:\/\/miurio.com\/et\/wp-json\/wp\/v2\/pages\/3400\/revisions"}],"predecessor-version":[{"id":7955,"href":"https:\/\/miurio.com\/et\/wp-json\/wp\/v2\/pages\/3400\/revisions\/7955"}],"wp:attachment":[{"href":"https:\/\/miurio.com\/et\/wp-json\/wp\/v2\/media?parent=3400"}],"curies":[{"name":"wp","href":"https:\/\/api.w.org\/{rel}","templated":true}]}}