{"id":13098,"date":"2024-08-15T12:29:39","date_gmt":"2024-08-15T12:29:39","guid":{"rendered":"https:\/\/miurio.com\/?page_id=13098"},"modified":"2024-09-06T13:17:43","modified_gmt":"2024-09-06T13:17:43","slug":"jatkusuutlikkus","status":"publish","type":"page","link":"https:\/\/miurio.com\/et\/jatkusuutlikkus\/","title":{"rendered":"J\u00e4tkusuutlikkus"},"content":{"rendered":"<div class=\"wpb-content-wrapper\"><p>[vc_row][vc_column][vc_column_text]<\/p>\n<h2 style=\"text-align: center;\">J\u00e4tkusuutlikkus<\/h2>\n<p style=\"text-align: center;\"><strong>J\u00e4tkusuutlikkus on meie tekstiilidisaini stuudios disaini- ja tootmisprotsesside \u00fcks alusprintsiipe. Oleme p\u00fchendunud disainilahenduste loomisele, mis peegeldavad meie v\u00e4\u00e4rtusi, nagu keskkonnahoid, sotsiaalne ja eetiline vastutus. Meie l\u00e4henemisviis v\u00e4\u00e4rtustab keskkonnas\u00f5bralike materjalide kasutamist, minimeerides j\u00e4\u00e4tmeid, luues aeglasemas tempos ja v\u00e4iksemates kogustes (v\u00f5i pigem tootes n\u00f5udluse alusel) ning kasutades kus v\u00f5imalik, traditsioonilist k\u00e4sit\u00f6\u00f6d. Usume, et t\u00f5eline j\u00e4tkusuutlikkus ulatub tootest kaugemale; see laieneb meie meeskonna heaolule, tagades turvalised t\u00f6\u00f6tingimused ja kasvuv\u00f5imalused meie tiimile. Neid p\u00f5him\u00f5tteid omaks v\u00f5ttes hoolime me nii planeedist, kuid ka nendest loovatest k\u00e4test, mis meie disainilahendusi ellu viivad, luues koos meie partnerettev\u00f5tetega tekstiile, mis on ilusad, vastutustundlikud ja kestvad.<\/strong><\/p>\n<p>MIURIO disainistuudio on p\u00fchendunud kantavatele aksessuaaridele ja kodutekstiilidele iseloomulike mustrite loomisele meie in-house disainerite poolt. Meie ampluaa ulatub koost\u00f6\u00f6projektideni tunnustatud Eesti kunstnike ja maalikunstnikega, muutes nende originaalsed kunstiteosed kauniteks tekstiilitoodeteks. Lisaks disainiteenustele pakume moe- ja tekstiilidisainerite ning kaasaegsetele kunstnike vajadustele kohandatud tr\u00fckiagendi teenuseid. Lisaks tegutseb meie tekstiilistuudio siidisallide tr\u00fckiagendina, mis on valmistatud eksklusiivselt kunstimuuseumidele.<\/p>\n<p>Meie koost\u00f6\u00f6 h\u00f5lmab tootmispartnerlust tekstiiliettev\u00f5tete ja kvalifitseeritud k\u00e4sit\u00f6\u00f6listega, kellest paljudel on \u00fcle 30-aastane (t\u00f6\u00f6stus)kogemus. Siidist ja villast aksessuaaride ni\u0161is t\u00f6\u00f6tame koost\u00f6\u00f6s pereettev\u00f5tetega, kes on tuntud oma p\u00fchendumuse poolest kvaliteedile ja meisterlikkusele.<\/p>\n<p>Kangatr\u00fcki vahendajana pakume oma klientidele j\u00e4tkusuutlikku tekstiilitr\u00fckki, mida tagavad meie tootja sertifikaadid. Need sertifikaadid on olulised kangatootmise keskkonna-, sotsiaalsete ja majanduslike m\u00f5jude hindamiseks, tagades, et tekstiil vastab k\u00f5rgetele kvaliteedi-, j\u00e4tkusuutlikkuse ja eetiliste tavade standarditele. M\u00f5ned peamised sertifikaadid h\u00f5lmavad j\u00e4rgmist:<\/p>\n<p><strong>OEKO-TEX\u00ae STeP<\/strong>: aitab k\u00f5igil tootmisprotsessis osalevatel ettev\u00f5tetel tegutseda keskkonnas\u00f5bralikult, sotsiaalselt vastuv\u00f5etavalt ja j\u00e4tkusuutlikult. Sertifikaat v\u00f5imaldab n\u00e4idata tarbijatele, et meie tootja j\u00e4rgib kogu tarneahelas k\u00f5rgeimaid sotsiaalseid ja keskkonnastandardeid.<\/p>\n<p><strong>OEKO-TEX 100<\/strong> on m\u00e4rgis tekstiilidele, mida on testitud kahjulike ainete suhtes. See seab tekstiiliohutuse etaloni, alates l\u00f5ngast kuni valmistooteni. K\u00f5ik STANDARD 100 m\u00e4rgisega esemed on sertifitseeritud kui kahjulike ainete sisalduse l\u00e4binud ohutustestide osas. Rohkem infot <a href=\"https:\/\/www.oeko-tex.com\/en\/our-standards\/oeko-tex-standard-100\">siit<\/a>.<\/p>\n<p><strong>GRS (Global Recycle Standard)<\/strong> n\u00e4eb ette kolmanda osapoole kontrollitud keskkonnaaruande v\u00e4ljastamise, mis t\u00f5endab: nende toodete (nii vahe- kui ka valmistoodete) ringlussev\u00f5etud materjalide sisaldust, vastavust keskkonna- ja sotsiaalsetele kriteeriumidele kogu tootmisahelas.<\/p>\n<p><strong>Organic Content Standard (OCS)<\/strong> kehtib k\u00f5igi toiduks mittekasutatavate toodete kohta, mis sisaldavad 95\u2013100 protsenti orgaanilist materjali. Sertifikaat reguleerib orgaanilise materjali (l\u00f5nga) olemasolu ja kogust l\u00f5pptootes ning j\u00e4lgib tooraine liikumist selle allikast l\u00f5pptooteni.<\/p>\n<p>Need sertifikaadid t\u00f5estavad meie p\u00fchendumust j\u00e4tkusuutlikule ja vastutustundlikule tootmisele. Need suunavad meie kangatootjaid seadma oma tootmisprotsessides esikohale keskkonna-, sotsiaalseid ja majanduslikke kaalutlusi. Veelgi enam, need sertifikaadid kinnitavad tarbijatele, et nende valitud kangad pole mitte ainult kvaliteetsed, vaid on toodetud ka planeedi ja selle inimeste heaoluks.<\/p>\n<p>Meie siidisallide tootjal ja kangatr\u00fckitehasel on oma v\u00e4rvikoda. Alates kudumisest kuni viimistluspunktini tehakse k\u00f5ik protsessid ettev\u00f5ttesiseselt. Tootmisel rakendatakse rangeid kvaliteedikontrolli standardeid. \u00dchte toodet kontrollitakse kahes erinevas punktis.[\/vc_column_text][\/vc_column][\/vc_row][vc_row equal_height=&#8221;yes&#8221; content_placement=&#8221;middle&#8221;][vc_column width=&#8221;1\/2&#8243;]<div class=\"konte-empty-space \" aria-hidden=\"true\"><div class=\"konte-empty-space__xs visible-xs\" style=\"height:10px\"><\/div><div class=\"konte-empty-space__sm visible-sm\" style=\"height:30px\"><\/div><div class=\"konte-empty-space__md visible-md\" style=\"height:10px\"><\/div><div class=\"konte-empty-space__lg visible-lg\" style=\"height:30px\"><\/div><\/div>[vc_single_image image=&#8221;13119&#8243; img_size=&#8221;medium&#8221; alignment=&#8221;center&#8221;][vc_single_image image=&#8221;13103&#8243; img_size=&#8221;medium&#8221; alignment=&#8221;center&#8221;][\/vc_column][vc_column width=&#8221;1\/2&#8243;]<div class=\"konte-empty-space \" style=\"height: 30px\"><\/div>[vc_single_image image=&#8221;11310&#8243; img_size=&#8221;medium&#8221; alignment=&#8221;center&#8221;][vc_single_image image=&#8221;13106&#8243; img_size=&#8221;medium&#8221; alignment=&#8221;center&#8221;][\/vc_column][\/vc_row][vc_row equal_height=&#8221;yes&#8221; content_placement=&#8221;middle&#8221;][vc_column][vc_separator]\n<div class=\"wpcf7 no-js\" id=\"wpcf7-f3395-o1\" lang=\"et\" dir=\"ltr\" data-wpcf7-id=\"3395\">\n<div class=\"screen-reader-response\"><p role=\"status\" aria-live=\"polite\" aria-atomic=\"true\"><\/p> <ul><\/ul><\/div>\n<form action=\"\/et\/wp-json\/wp\/v2\/pages\/13098#wpcf7-f3395-o1\" method=\"post\" class=\"wpcf7-form init\" aria-label=\"Contact form\" novalidate=\"novalidate\" data-status=\"init\">\n<fieldset class=\"hidden-fields-container\"><input type=\"hidden\" name=\"_wpcf7\" value=\"3395\" \/><input type=\"hidden\" name=\"_wpcf7_version\" value=\"6.1.5\" \/><input type=\"hidden\" name=\"_wpcf7_locale\" value=\"et\" \/><input type=\"hidden\" name=\"_wpcf7_unit_tag\" value=\"wpcf7-f3395-o1\" \/><input type=\"hidden\" name=\"_wpcf7_container_post\" value=\"0\" \/><input type=\"hidden\" name=\"_wpcf7_posted_data_hash\" value=\"\" \/><input type=\"hidden\" name=\"_wpcf7_recaptcha_response\" value=\"\" \/>\n<\/fieldset>\n<p><label> Nimi (n\u00f5utav)<br \/>\n<span class=\"wpcf7-form-control-wrap\" data-name=\"your-name\"><input size=\"40\" maxlength=\"400\" class=\"wpcf7-form-control wpcf7-text wpcf7-validates-as-required\" aria-required=\"true\" aria-invalid=\"false\" value=\"\" type=\"text\" name=\"your-name\" \/><\/span> <\/label>\n<\/p>\n<p><label> Email (n\u00f5utav)<br \/>\n<span class=\"wpcf7-form-control-wrap\" data-name=\"your-email\"><input size=\"40\" maxlength=\"400\" class=\"wpcf7-form-control wpcf7-email wpcf7-validates-as-required wpcf7-text wpcf7-validates-as-email\" aria-required=\"true\" aria-invalid=\"false\" value=\"\" type=\"email\" name=\"your-email\" \/><\/span> <\/label>\n<\/p>\n<p><label> Teema<br \/>\n<span class=\"wpcf7-form-control-wrap\" data-name=\"your-subject\"><input size=\"40\" maxlength=\"400\" class=\"wpcf7-form-control wpcf7-text\" aria-invalid=\"false\" value=\"\" type=\"text\" name=\"your-subject\" \/><\/span> <\/label>\n<\/p>\n<p><label> Teade<br \/>\n<span class=\"wpcf7-form-control-wrap\" data-name=\"your-message\"><textarea cols=\"40\" rows=\"10\" maxlength=\"2000\" class=\"wpcf7-form-control wpcf7-textarea\" aria-invalid=\"false\" name=\"your-message\"><\/textarea><\/span> <\/label><br \/>\n<span id=\"wpcf7-69db582cc6be7-wrapper\" class=\"wpcf7-form-control-wrap honeypot-208-wrap\" style=\"display:none !important; visibility:hidden !important;\"><label for=\"wpcf7-69db582cc6be7-field\" class=\"hp-message\">Please leave this field empty.<\/label><input id=\"wpcf7-69db582cc6be7-field\"  class=\"wpcf7-form-control wpcf7-text\" type=\"text\" name=\"honeypot-208\" value=\"\" size=\"40\" tabindex=\"-1\" autocomplete=\"new-password\" \/><\/span><br \/>\n<input class=\"wpcf7-form-control wpcf7-submit has-spinner\" type=\"submit\" value=\"Saada\" \/>\n<\/p><div class=\"wpcf7-response-output\" aria-hidden=\"true\"><\/div>\n<\/form>\n<\/div>\n[vc_separator]<div class=\"konte-empty-space \" aria-hidden=\"true\"><div class=\"konte-empty-space__xs visible-xs\" style=\"height:10px\"><\/div><div class=\"konte-empty-space__sm visible-sm\" style=\"height:30px\"><\/div><div class=\"konte-empty-space__md visible-md\" style=\"height:10px\"><\/div><div class=\"konte-empty-space__lg visible-lg\" style=\"height:30px\"><\/div><\/div>[\/vc_column][\/vc_row][vc_row][vc_column][vc_column_text css=&#8221;.vc_custom_1723724976468{margin-top: 35px !important;}&#8221;]<\/p>\n<h2>Teie disainiga siidisallide tootmine<\/h2>\n<p>Tegeleme siidir\u00e4tikute ja siidisallide tootmisega \u00fcle 6 aasta ning meie digitr\u00fcki partneri tehnoloogiad ja tootmiskvaliteet v\u00f5imaldavad meie klientidel realiseerida oma ideid ja luua ainulaadseid k\u00f5rgekvaliteetseid tooteid vastavalt oma sihtr\u00fchmale. Oleme tootnud ligi 2000 siidiaksessuaari. Meie klientide hulka kuuluvad mitmed ministeeriumid, kunstimuuseumid ning suurfirmad.<\/p>\n<p>Hoolikalt valitud toonid ja kvaliteetne tr\u00fckk kangale muudavad toote ainulaadseks ning eriliseks. Saame pakkuda digitr\u00fcki teenust ka suurematele sallide kogustele (300tk+) soodama hinnaga. Meie partneri tootmisv\u00f5imsus on 60 000 siidiaksessuaari kuus.<\/p>\n<p>V\u00f5imalik on disainida \u00e4rikingitused oma koost\u00f6\u00f6partneritele, oma br\u00e4ndi identiteediga vormiriiete aksessuaare v\u00f5i tellida kapsel-kollektsioone oma klientidele. Eritellimuse raames on v\u00f5imalik leida lahendusi ka teistele toodetele. Kui teie sooviks on n\u00e4iteks unikaalse mustriga siidist kleit, siis saame tr\u00fckkida kanga selle tarbeks.<\/p>\n<p>Tutvu ka <a href=\"https:\/\/miurio.com\/et\/meist\/\">Eestis disainitud<\/a> toodetega meie e-poes \u2013 <a href=\"https:\/\/miurio.com\/et\/teenus-digitrukk-siidile\/\">digir\u00fcki tehnoloogias<\/a> valmistatud <a href=\"https:\/\/miurio.com\/et\/siidiratikud\/\">siidisallide<\/a> ja <a href=\"https:\/\/miurio.com\/et\/siidist-ja-villased-aksessuaarid\/\">siidiaksessuaaride<\/a> valikuga ning <a href=\"https:\/\/miurio.com\/et\/villased-sallid\/\">villaste sallidega<\/a>. Meie <a href=\"https:\/\/miurio.com\/et\/vaibad\/\">k\u00e4sit\u00f6\u00f6vaipade<\/a> valikuga sobivad ideaalselt kokku ka sama kollektsiooni <a href=\"https:\/\/miurio.com\/et\/okotapeet\/\">\u00f6kotapeedid<\/a> ja <a href=\"https:\/\/miurio.com\/et\/sisustuspadjad-ja-tumbad\/\">sisustuspadjad<\/a>.<\/p>\n<h2>Digitr\u00fckk kangale<\/h2>\n<p>2021. aastal n\u00f5udlus digitr\u00fckitud tekstiilide j\u00e4rele on j\u00f5udsalt taastumas: digitr\u00fckitud tekstiilide turuv\u00e4\u00e4rtus 2021.a. on hinnatud 3,82 miljardi eurole, mis on 20%-line kasv v\u00f5rreldes eelneva aastaga. Selline tendents on tulevikus kindlasti j\u00e4tkumas.<\/p>\n<p>Digitr\u00fckk kangale sobib ideaalselt v\u00e4iketiraa\u017eilise tootmise ja kollektsioonide puhul. Hoolikalt valitud materjalid ja teie enda disain koos kvaliteetse kanga tr\u00fckiga loovad tulemuse, mille \u00fcle v\u00f5ib uhke olla.<\/p>\n<p>Digir\u00fckk kangale on \u00fcks levinumaid ja soodsamaid viise tr\u00fckkida v\u00e4iketiraa\u017eilisi kanga tellimusi. Digitr\u00fckil on t\u00e4nap\u00e4eva maailmas mitmeid eeliseid teiste tr\u00fckitehnoloogiate ees: k\u00f5rge resolutsioon, paindlikkus mustrite v\u00e4rvilahenduste osas; energias\u00e4\u00e4stlik tootmisviis; madal tootmishind v\u00e4iketiraa\u017eilise tootmise puhul; madalad n\u00e4idise tootmise kulud; kiire n\u00e4idiste valmimise aeg ning kohaletoimetamine; v\u00e4ike vajadus varude j\u00e4rele; v\u00e4ikesed kangaj\u00e4\u00e4tme kulud ning niklivaba tootmine.<\/p>\n<p>Digitr\u00fckk on oma olemuselt hea v\u00f5imalus enda tundeid ja emotsioone v\u00e4ljendada. Teie poolt valitud mustrid ja disainid on v\u00f5imalik kvaliteetse OEKO-TEX sertifitseeritud tindi abil kanda kangale. Enda toodetes kasutame vaid k\u00f5ige paremaid materjale ning innovatiivsemaid lahendusi. K\u00f5ige selle eesm\u00e4rgiks on tagada klientidele maksimaalselt hea kogemus. Meie stuudios on v\u00f5imalik tutvuda erinevate n\u00e4idistega ning leida endale inspiratsiooni. Toimetame teie digitr\u00fckitud kanga (sh siidir\u00e4tikud ja -sallid) tellimused\u00a0 Eestis, L\u00e4tis, Leedus v\u00f5i Soomes\u00a0 pakiautomaadi v\u00f5i kulleri abil kohale. Enne toodete tellimist on m\u00f5istlik n\u00f5u k\u00fcsida meie spetsialistide k\u00e4est, kes oskavad teid kindlasti aidata ning suunata \u00f5igele rajale parima toote disainimiseks. Kui soovid digitr\u00fckki kangale siis v\u00f5ta meiega \u00fchendust \u00fclaloleva vormi kaudu.[\/vc_column_text][\/vc_column][\/vc_row]<\/p>\n<\/div>","protected":false},"excerpt":{"rendered":"<p>[vc_row][vc_column][vc_column_text] J\u00e4tkusuutlikkus J\u00e4tkusuutlikkus on meie tekstiilidisaini stuudios disaini- ja tootmisprotsesside \u00fcks alusprintsiipe. Oleme p\u00fchendunud disainilahenduste loomisele, mis peegeldavad meie v\u00e4\u00e4rtusi, nagu keskkonnahoid, sotsiaalne ja eetiline vastutus. Meie l\u00e4henemisviis v\u00e4\u00e4rtustab keskkonnas\u00f5bralike&hellip;<\/p>\n","protected":false},"author":2,"featured_media":13115,"parent":0,"menu_order":0,"comment_status":"closed","ping_status":"closed","template":"","meta":{"inline_featured_image":false,"_monsterinsights_skip_tracking":false,"_monsterinsights_sitenote_active":false,"_monsterinsights_sitenote_note":"","_monsterinsights_sitenote_category":0,"_vp_format_video_url":"","_vp_image_focal_point":[],"footnotes":""},"class_list":["post-13098","page","type-page","status-publish","has-post-thumbnail","hentry"],"yoast_head":"<!-- This site is optimized with the Yoast SEO plugin v27.2 - https:\/\/yoast.com\/product\/yoast-seo-wordpress\/ -->\n<title>J\u00e4tkusuutlikkus - Miurio Design Studio<\/title>\n<meta name=\"robots\" content=\"index, follow, max-snippet:-1, max-image-preview:large, max-video-preview:-1\" \/>\n<link rel=\"canonical\" href=\"https:\/\/miurio.com\/et\/jatkusuutlikkus\/\" \/>\n<meta property=\"og:locale\" content=\"et_EE\" \/>\n<meta property=\"og:type\" content=\"article\" \/>\n<meta property=\"og:title\" content=\"J\u00e4tkusuutlikkus - Miurio Design Studio\" \/>\n<meta property=\"og:description\" content=\"[vc_row][vc_column][vc_column_text] J\u00e4tkusuutlikkus J\u00e4tkusuutlikkus on meie tekstiilidisaini stuudios disaini- ja tootmisprotsesside \u00fcks alusprintsiipe. Oleme p\u00fchendunud disainilahenduste loomisele, mis peegeldavad meie v\u00e4\u00e4rtusi, nagu keskkonnahoid, sotsiaalne ja eetiline vastutus. Meie l\u00e4henemisviis v\u00e4\u00e4rtustab keskkonnas\u00f5bralike&hellip;\" \/>\n<meta property=\"og:url\" content=\"https:\/\/miurio.com\/et\/jatkusuutlikkus\/\" \/>\n<meta property=\"og:site_name\" content=\"Miurio Design Studio\" \/>\n<meta property=\"article:publisher\" content=\"http:\/\/www.facebook.com\/miuriodecor\" \/>\n<meta property=\"article:modified_time\" content=\"2024-09-06T13:17:43+00:00\" \/>\n<meta property=\"og:image\" content=\"https:\/\/miurio.com\/wp-content\/uploads\/2024\/08\/6.png\" \/>\n\t<meta property=\"og:image:width\" content=\"970\" \/>\n\t<meta property=\"og:image:height\" content=\"250\" \/>\n\t<meta property=\"og:image:type\" content=\"image\/png\" \/>\n<meta name=\"twitter:card\" content=\"summary_large_image\" \/>\n<meta name=\"twitter:label1\" content=\"Est. reading time\" \/>\n\t<meta name=\"twitter:data1\" content=\"5 minutit\" \/>\n<script type=\"application\/ld+json\" class=\"yoast-schema-graph\">{\"@context\":\"https:\/\/schema.org\",\"@graph\":[{\"@type\":\"WebPage\",\"@id\":\"https:\/\/miurio.com\/et\/jatkusuutlikkus\/\",\"url\":\"https:\/\/miurio.com\/et\/jatkusuutlikkus\/\",\"name\":\"J\u00e4tkusuutlikkus - Miurio Design Studio\",\"isPartOf\":{\"@id\":\"https:\/\/miurio.com\/et\/#website\"},\"primaryImageOfPage\":{\"@id\":\"https:\/\/miurio.com\/et\/jatkusuutlikkus\/#primaryimage\"},\"image\":{\"@id\":\"https:\/\/miurio.com\/et\/jatkusuutlikkus\/#primaryimage\"},\"thumbnailUrl\":\"https:\/\/miurio.com\/wp-content\/uploads\/2024\/08\/6.png\",\"datePublished\":\"2024-08-15T12:29:39+00:00\",\"dateModified\":\"2024-09-06T13:17:43+00:00\",\"breadcrumb\":{\"@id\":\"https:\/\/miurio.com\/et\/jatkusuutlikkus\/#breadcrumb\"},\"inLanguage\":\"et\",\"potentialAction\":[{\"@type\":\"ReadAction\",\"target\":[\"https:\/\/miurio.com\/et\/jatkusuutlikkus\/\"]}]},{\"@type\":\"ImageObject\",\"inLanguage\":\"et\",\"@id\":\"https:\/\/miurio.com\/et\/jatkusuutlikkus\/#primaryimage\",\"url\":\"https:\/\/miurio.com\/wp-content\/uploads\/2024\/08\/6.png\",\"contentUrl\":\"https:\/\/miurio.com\/wp-content\/uploads\/2024\/08\/6.png\",\"width\":970,\"height\":250},{\"@type\":\"BreadcrumbList\",\"@id\":\"https:\/\/miurio.com\/et\/jatkusuutlikkus\/#breadcrumb\",\"itemListElement\":[{\"@type\":\"ListItem\",\"position\":1,\"name\":\"Home\",\"item\":\"https:\/\/miurio.com\/et\/\"},{\"@type\":\"ListItem\",\"position\":2,\"name\":\"J\u00e4tkusuutlikkus\"}]},{\"@type\":\"WebSite\",\"@id\":\"https:\/\/miurio.com\/et\/#website\",\"url\":\"https:\/\/miurio.com\/et\/\",\"name\":\"Miurio Design Studio\",\"description\":\"MIURIO design studio website and e-shop\",\"publisher\":{\"@id\":\"https:\/\/miurio.com\/et\/#organization\"},\"potentialAction\":[{\"@type\":\"SearchAction\",\"target\":{\"@type\":\"EntryPoint\",\"urlTemplate\":\"https:\/\/miurio.com\/et\/?s={search_term_string}\"},\"query-input\":{\"@type\":\"PropertyValueSpecification\",\"valueRequired\":true,\"valueName\":\"search_term_string\"}}],\"inLanguage\":\"et\"},{\"@type\":\"Organization\",\"@id\":\"https:\/\/miurio.com\/et\/#organization\",\"name\":\"MIURIO DECOR O\u00dc\",\"url\":\"https:\/\/miurio.com\/et\/\",\"logo\":{\"@type\":\"ImageObject\",\"inLanguage\":\"et\",\"@id\":\"https:\/\/miurio.com\/et\/#\/schema\/logo\/image\/\",\"url\":\"https:\/\/miurio.com\/wp-content\/uploads\/2021\/08\/MIURIO-new-logo-3.png\",\"contentUrl\":\"https:\/\/miurio.com\/wp-content\/uploads\/2021\/08\/MIURIO-new-logo-3.png\",\"width\":1500,\"height\":1500,\"caption\":\"MIURIO DECOR O\u00dc\"},\"image\":{\"@id\":\"https:\/\/miurio.com\/et\/#\/schema\/logo\/image\/\"},\"sameAs\":[\"http:\/\/www.facebook.com\/miuriodecor\",\"https:\/\/instagram.com\/miurio_textiles\",\"https:\/\/www.pinterest.com\/miuriodecor\"]}]}<\/script>\n<!-- \/ Yoast SEO plugin. -->","yoast_head_json":{"title":"J\u00e4tkusuutlikkus - Miurio Design Studio","robots":{"index":"index","follow":"follow","max-snippet":"max-snippet:-1","max-image-preview":"max-image-preview:large","max-video-preview":"max-video-preview:-1"},"canonical":"https:\/\/miurio.com\/et\/jatkusuutlikkus\/","og_locale":"et_EE","og_type":"article","og_title":"J\u00e4tkusuutlikkus - Miurio Design Studio","og_description":"[vc_row][vc_column][vc_column_text] J\u00e4tkusuutlikkus J\u00e4tkusuutlikkus on meie tekstiilidisaini stuudios disaini- ja tootmisprotsesside \u00fcks alusprintsiipe. Oleme p\u00fchendunud disainilahenduste loomisele, mis peegeldavad meie v\u00e4\u00e4rtusi, nagu keskkonnahoid, sotsiaalne ja eetiline vastutus. Meie l\u00e4henemisviis v\u00e4\u00e4rtustab keskkonnas\u00f5bralike&hellip;","og_url":"https:\/\/miurio.com\/et\/jatkusuutlikkus\/","og_site_name":"Miurio Design Studio","article_publisher":"http:\/\/www.facebook.com\/miuriodecor","article_modified_time":"2024-09-06T13:17:43+00:00","og_image":[{"width":970,"height":250,"url":"https:\/\/miurio.com\/wp-content\/uploads\/2024\/08\/6.png","type":"image\/png"}],"twitter_card":"summary_large_image","twitter_misc":{"Est. reading time":"5 minutit"},"schema":{"@context":"https:\/\/schema.org","@graph":[{"@type":"WebPage","@id":"https:\/\/miurio.com\/et\/jatkusuutlikkus\/","url":"https:\/\/miurio.com\/et\/jatkusuutlikkus\/","name":"J\u00e4tkusuutlikkus - Miurio Design Studio","isPartOf":{"@id":"https:\/\/miurio.com\/et\/#website"},"primaryImageOfPage":{"@id":"https:\/\/miurio.com\/et\/jatkusuutlikkus\/#primaryimage"},"image":{"@id":"https:\/\/miurio.com\/et\/jatkusuutlikkus\/#primaryimage"},"thumbnailUrl":"https:\/\/miurio.com\/wp-content\/uploads\/2024\/08\/6.png","datePublished":"2024-08-15T12:29:39+00:00","dateModified":"2024-09-06T13:17:43+00:00","breadcrumb":{"@id":"https:\/\/miurio.com\/et\/jatkusuutlikkus\/#breadcrumb"},"inLanguage":"et","potentialAction":[{"@type":"ReadAction","target":["https:\/\/miurio.com\/et\/jatkusuutlikkus\/"]}]},{"@type":"ImageObject","inLanguage":"et","@id":"https:\/\/miurio.com\/et\/jatkusuutlikkus\/#primaryimage","url":"https:\/\/miurio.com\/wp-content\/uploads\/2024\/08\/6.png","contentUrl":"https:\/\/miurio.com\/wp-content\/uploads\/2024\/08\/6.png","width":970,"height":250},{"@type":"BreadcrumbList","@id":"https:\/\/miurio.com\/et\/jatkusuutlikkus\/#breadcrumb","itemListElement":[{"@type":"ListItem","position":1,"name":"Home","item":"https:\/\/miurio.com\/et\/"},{"@type":"ListItem","position":2,"name":"J\u00e4tkusuutlikkus"}]},{"@type":"WebSite","@id":"https:\/\/miurio.com\/et\/#website","url":"https:\/\/miurio.com\/et\/","name":"Miurio Design Studio","description":"MIURIO design studio website and e-shop","publisher":{"@id":"https:\/\/miurio.com\/et\/#organization"},"potentialAction":[{"@type":"SearchAction","target":{"@type":"EntryPoint","urlTemplate":"https:\/\/miurio.com\/et\/?s={search_term_string}"},"query-input":{"@type":"PropertyValueSpecification","valueRequired":true,"valueName":"search_term_string"}}],"inLanguage":"et"},{"@type":"Organization","@id":"https:\/\/miurio.com\/et\/#organization","name":"MIURIO DECOR O\u00dc","url":"https:\/\/miurio.com\/et\/","logo":{"@type":"ImageObject","inLanguage":"et","@id":"https:\/\/miurio.com\/et\/#\/schema\/logo\/image\/","url":"https:\/\/miurio.com\/wp-content\/uploads\/2021\/08\/MIURIO-new-logo-3.png","contentUrl":"https:\/\/miurio.com\/wp-content\/uploads\/2021\/08\/MIURIO-new-logo-3.png","width":1500,"height":1500,"caption":"MIURIO DECOR O\u00dc"},"image":{"@id":"https:\/\/miurio.com\/et\/#\/schema\/logo\/image\/"},"sameAs":["http:\/\/www.facebook.com\/miuriodecor","https:\/\/instagram.com\/miurio_textiles","https:\/\/www.pinterest.com\/miuriodecor"]}]}},"_links":{"self":[{"href":"https:\/\/miurio.com\/et\/wp-json\/wp\/v2\/pages\/13098","targetHints":{"allow":["GET"]}}],"collection":[{"href":"https:\/\/miurio.com\/et\/wp-json\/wp\/v2\/pages"}],"about":[{"href":"https:\/\/miurio.com\/et\/wp-json\/wp\/v2\/types\/page"}],"author":[{"embeddable":true,"href":"https:\/\/miurio.com\/et\/wp-json\/wp\/v2\/users\/2"}],"replies":[{"embeddable":true,"href":"https:\/\/miurio.com\/et\/wp-json\/wp\/v2\/comments?post=13098"}],"version-history":[{"count":7,"href":"https:\/\/miurio.com\/et\/wp-json\/wp\/v2\/pages\/13098\/revisions"}],"predecessor-version":[{"id":13170,"href":"https:\/\/miurio.com\/et\/wp-json\/wp\/v2\/pages\/13098\/revisions\/13170"}],"wp:featuredmedia":[{"embeddable":true,"href":"https:\/\/miurio.com\/et\/wp-json\/wp\/v2\/media\/13115"}],"wp:attachment":[{"href":"https:\/\/miurio.com\/et\/wp-json\/wp\/v2\/media?parent=13098"}],"curies":[{"name":"wp","href":"https:\/\/api.w.org\/{rel}","templated":true}]}}